{"id":37394,"date":"2021-12-21T16:41:14","date_gmt":"2021-12-21T15:41:14","guid":{"rendered":"https:\/\/gamesystem.com\/protection-skydome\/"},"modified":"2023-07-04T16:39:28","modified_gmt":"2023-07-04T14:39:28","slug":"proteccion-de-lucernarios","status":"publish","type":"page","link":"https:\/\/gamesystem.com\/es\/proteccion-de-lucernarios\/","title":{"rendered":"Protecci\u00f3n de lucernarios"},"content":{"rendered":"\n\n\t\t\t<h1>Protecci\u00f3n de lucernarios<\/h1>\t\t\t\n\t\t\t\t\t\t\t\t\t<img decoding=\"async\" loading=\"lazy\" src=\"https:\/\/gamesystem.com\/wp-content\/uploads\/2021\/12\/portection-skydome.jpg\" alt=\"portection-skydome\" itemprop=\"image\" height=\"451\" width=\"1100\" srcset=\"https:\/\/gamesystem.com\/wp-content\/uploads\/2021\/12\/portection-skydome.jpg 1100w, https:\/\/gamesystem.com\/wp-content\/uploads\/2021\/12\/portection-skydome-300x123.jpg 300w, https:\/\/gamesystem.com\/wp-content\/uploads\/2021\/12\/portection-skydome-1024x420.jpg 1024w, https:\/\/gamesystem.com\/wp-content\/uploads\/2021\/12\/portection-skydome-768x315.jpg 768w\" sizes=\"(max-width: 1100px) 100vw, 1100px\" title=\"portection-skydome\" onerror=\"this.style.display='none'\"  \/>\n\t\t\t\t<p>Como empresa, es esencial disponer de todo el equipo necesario para optimizar la protecci\u00f3n de los empleados. El riesgo de ca\u00eddas y accidentes es una realidad para la que hay que estar preparado en cada intervenci\u00f3n, especialmente en los trabajos en altura. Por ello, es necesario disponer de dispositivos de protecci\u00f3n para acceso a las cubiertas que cumplan las normas. De este modo, se garantiza la seguridad de todos los que trabajan en la obra.<\/p>\n\t\t\t<h2>DESCRIPCI\u00d3N<\/h2>\t\t\t\n\t\t\t\t\t\t\t\t\t<img decoding=\"async\" loading=\"lazy\" src=\"https:\/\/gamesystem.com\/wp-content\/uploads\/2021\/12\/poretction-skydome4.jpg\" alt=\"poretction-skydome4\" itemprop=\"image\" height=\"270\" width=\"918\" srcset=\"https:\/\/gamesystem.com\/wp-content\/uploads\/2021\/12\/poretction-skydome4.jpg 918w, https:\/\/gamesystem.com\/wp-content\/uploads\/2021\/12\/poretction-skydome4-300x88.jpg 300w, https:\/\/gamesystem.com\/wp-content\/uploads\/2021\/12\/poretction-skydome4-768x226.jpg 768w\" sizes=\"(max-width: 918px) 100vw, 918px\" title=\"poretction-skydome4\" onerror=\"this.style.display='none'\"  \/>\n\t\t\t\t\t\t\t\t\t<img decoding=\"async\" loading=\"lazy\" src=\"https:\/\/gamesystem.com\/wp-content\/uploads\/2021\/12\/poretction-skydome25.jpg\" alt=\"poretction-skydome25\" itemprop=\"image\" height=\"270\" width=\"918\" srcset=\"https:\/\/gamesystem.com\/wp-content\/uploads\/2021\/12\/poretction-skydome25.jpg 918w, https:\/\/gamesystem.com\/wp-content\/uploads\/2021\/12\/poretction-skydome25-300x88.jpg 300w, https:\/\/gamesystem.com\/wp-content\/uploads\/2021\/12\/poretction-skydome25-768x226.jpg 768w\" sizes=\"(max-width: 918px) 100vw, 918px\" title=\"poretction-skydome25\" onerror=\"this.style.display='none'\"  \/>\n\t\t\t\t\t\t\t\t\t<img decoding=\"async\" loading=\"lazy\" src=\"https:\/\/gamesystem.com\/wp-content\/uploads\/2021\/12\/poretction-skydome4.jpg\" alt=\"poretction-skydome4\" itemprop=\"image\" height=\"270\" width=\"918\" srcset=\"https:\/\/gamesystem.com\/wp-content\/uploads\/2021\/12\/poretction-skydome4.jpg 918w, https:\/\/gamesystem.com\/wp-content\/uploads\/2021\/12\/poretction-skydome4-300x88.jpg 300w, https:\/\/gamesystem.com\/wp-content\/uploads\/2021\/12\/poretction-skydome4-768x226.jpg 768w\" sizes=\"(max-width: 918px) 100vw, 918px\" title=\"poretction-skydome4\" onerror=\"this.style.display='none'\"  \/>\n\t\t\t\t<p>Es importante prever el riesgo de ca\u00eddas y no tom\u00e1rselo a la ligera. \u00bfSab\u00eda que una simple claraboya puede causar lesiones graves si se deja sin protecci\u00f3n? De hecho, puede ser incluso mortal para un trabajador desafortunado. Para evitar estos riesgos, la soluci\u00f3n m\u00e1s pr\u00e1ctica es proteger las claraboyas y lucernarios de las cubiertas. Asegurar estas claraboyas y lucernarios de su zona de trabajo es esencial para la seguridad \u00f3ptima de cada empleado. Todos los empresarios y trabajadores deben seguir y respetar las normas vigentes sobre este tipo de protecci\u00f3n.<\/p>\n<p>En lo que respecta a la protecci\u00f3n de claraboyas y lucernarios, debe saber que tiene a su disposici\u00f3n soluciones de barandillas. Adem\u00e1s, le permitir\u00e1n disfrutar de una protecci\u00f3n \u00f3ptima sin da\u00f1ar su cubierta. Es importante saber que las \u00faltimas encuestas realizadas por Organismos profesionales de la prevenci\u00f3n, demuestran que se han producido muchas muertes por una ca\u00edda desde claraboyas y lucernarios sin protecci\u00f3n. Por eso, es necesario reforzar la seguridad y la protecci\u00f3n de las claraboyas.<\/p>\n<p>Es importante asegurarse de que los paneles transl\u00facidos est\u00e9n protegidos para evitar accidentes desafortunados debidos a un descuido. Adem\u00e1s, debe saber que hasta el 22% de las ca\u00eddas mortales en el \u00e1rea de trabajo se producen porque los empleados caen accidentalmente a trav\u00e9s de las claraboyas y\/o lucernarios. \u00a1Por eso es m\u00e1s que importante utilizar equipos de protecci\u00f3n de claraboyas!<\/p>\n\t\t\t<h2>PUNTOS FUERTES<\/h2>\t\t\t\n\t\t\t\t<p>Adem\u00e1s de proteger la claraboyaa y evitar las ca\u00eddas, esta protecci\u00f3n de transl\u00facidos tiene muchos puntos fuertes. Este tipo de dispositivo tiene la ventaja de ser f\u00e1cil de instalar y duradero al mismo tiempo. Estas soluciones de barandillas est\u00e1n dise\u00f1adas con materiales de calidad para durar d\u00e9cadas. Uno de los mayores puntos fuertes de una barandilla para claraboyas es tambi\u00e9n su capacidad para no obstruir la luz.<\/p>\n\t\t\t<h2> CARACTER\u00cdSTICAS DE LA PROTECCI\u00d3N DE LUCERNARIOS<\/h2>\t\t\t\n\t\t\t\t<p>Una barandilla para claraboyas debe poder adaptarse a la configuraci\u00f3n y al tama\u00f1o de la misma. Por ello, esta protecci\u00f3n de lucernarios se caracteriza por ser ajustable y poder adaptarse a sus necesidades. Tambi\u00e9n es importante saber que sus materiales evitan la corrosi\u00f3n.<\/p>\n\n","protected":false},"excerpt":{"rendered":"<p>Protecci\u00f3n de lucernarios Como empresa, es esencial disponer de todo el equipo necesario para optimizar la protecci\u00f3n de los empleados. El riesgo de ca\u00eddas y accidentes es una realidad para&hellip;<\/p>\n","protected":false},"author":2,"featured_media":0,"parent":0,"menu_order":0,"comment_status":"closed","ping_status":"closed","template":"","meta":[],"_links":{"self":[{"href":"https:\/\/gamesystem.com\/es\/wp-json\/wp\/v2\/pages\/37394"}],"collection":[{"href":"https:\/\/gamesystem.com\/es\/wp-json\/wp\/v2\/pages"}],"about":[{"href":"https:\/\/gamesystem.com\/es\/wp-json\/wp\/v2\/types\/page"}],"author":[{"embeddable":true,"href":"https:\/\/gamesystem.com\/es\/wp-json\/wp\/v2\/users\/2"}],"replies":[{"embeddable":true,"href":"https:\/\/gamesystem.com\/es\/wp-json\/wp\/v2\/comments?post=37394"}],"version-history":[{"count":0,"href":"https:\/\/gamesystem.com\/es\/wp-json\/wp\/v2\/pages\/37394\/revisions"}],"wp:attachment":[{"href":"https:\/\/gamesystem.com\/es\/wp-json\/wp\/v2\/media?parent=37394"}],"curies":[{"name":"wp","href":"https:\/\/api.w.org\/{rel}","templated":true}]}}