{"id":37386,"date":"2021-12-21T16:30:19","date_gmt":"2021-12-21T15:30:19","guid":{"rendered":"https:\/\/gamesystem.com\/saut-de-loup\/"},"modified":"2023-07-04T16:31:40","modified_gmt":"2023-07-04T14:31:40","slug":"salto-de-lobo","status":"publish","type":"page","link":"https:\/\/gamesystem.com\/es\/salto-de-lobo\/","title":{"rendered":"Salto de lobo"},"content":{"rendered":"\n\n\t\t\t<h1>Salto de lobo<\/h1>\t\t\t\n\t\t\t\t<p>El trabajo diario en altura es peligroso, tanto en cubiertas como en zonas industriales. Por eso es necesario instalar sistemas de protecci\u00f3n antica\u00eddas fiables. Pero, \u00bfqu\u00e9 tipo de sistema garantiza su seguridad a largo plazo? Adem\u00e1s de las escaleras de aluminio y pasarelas de acero, el salto lobo de aluminio est\u00e1 dise\u00f1ado de acuerdo con las normas y tiene un acabado de alta calidad. Es la soluci\u00f3n ideal para caminar por lugares espec\u00edficos con seguridad. Para saber m\u00e1s sobre el salto del lobo, descubra sus caracter\u00edsticas espec\u00edficas adaptadas a sus necesidades.<\/p>\n\t\t\t<h2>DESCRIPCI\u00d3N Y CARACTER\u00cdSTICAS DEL SALTO DE LOBO<\/h2>\t\t\t\n\t\t\t\t\t\t\t\t\t<img decoding=\"async\" loading=\"lazy\" src=\"https:\/\/gamesystem.com\/wp-content\/uploads\/2021\/12\/saut-de-loup-toit-1.jpg\" alt=\"saut-de-loup-toit\" itemprop=\"image\" height=\"335\" width=\"1100\" srcset=\"https:\/\/gamesystem.com\/wp-content\/uploads\/2021\/12\/saut-de-loup-toit-1.jpg 1100w, https:\/\/gamesystem.com\/wp-content\/uploads\/2021\/12\/saut-de-loup-toit-1-300x91.jpg 300w, https:\/\/gamesystem.com\/wp-content\/uploads\/2021\/12\/saut-de-loup-toit-1-1024x312.jpg 1024w, https:\/\/gamesystem.com\/wp-content\/uploads\/2021\/12\/saut-de-loup-toit-1-768x234.jpg 768w\" sizes=\"(max-width: 1100px) 100vw, 1100px\" title=\"saut-de-loup-toit\" onerror=\"this.style.display='none'\"  \/>\n\t\t\t\t\t\t\t\t\t<img decoding=\"async\" loading=\"lazy\" src=\"https:\/\/gamesystem.com\/wp-content\/uploads\/2021\/12\/saut-de-loup-tableau-2.jpg\" alt=\"saut de loup tableau\" itemprop=\"image\" height=\"503\" width=\"1507\" srcset=\"https:\/\/gamesystem.com\/wp-content\/uploads\/2021\/12\/saut-de-loup-tableau-2.jpg 1507w, https:\/\/gamesystem.com\/wp-content\/uploads\/2021\/12\/saut-de-loup-tableau-2-300x100.jpg 300w, https:\/\/gamesystem.com\/wp-content\/uploads\/2021\/12\/saut-de-loup-tableau-2-1024x342.jpg 1024w, https:\/\/gamesystem.com\/wp-content\/uploads\/2021\/12\/saut-de-loup-tableau-2-768x256.jpg 768w\" sizes=\"(max-width: 1507px) 100vw, 1507px\" title=\"saut de loup tableau\" onerror=\"this.style.display='none'\"  \/>\n\t\t\t\t<p>Un salto de lobo es una instalaci\u00f3n modular que permite superar obst\u00e1culos en altura. Facilita el paso de un lugar a otro, sobre todo para acceder a zonas dif\u00edciles. Se coloca entre pasarelas, muros cortafuegos, muros bajos y tuber\u00edas de calefacci\u00f3n. En la mayor\u00eda de los casos, se utiliza en entornos interiores, como talleres y almacenes, pero tambi\u00e9n en entornos exteriores, como cubiertas. El salto de lobo se instala con mucha frecuencia en cubiertas de f\u00e1bricas y obras de construcci\u00f3n. Las escaleras contienen de 1 a 5 pelda\u00f1os con una longitud de m\u00e1s de 2680 mm. Normalmente se pueden a\u00f1adir escalones adicionales para pasar por encima de maquinaria industrial. Esto permite delimitar las rutas de desplazamiento permitidas.<\/p>\n<p>Los saltos de lobo son utilizados por el personal de mantenimiento en un entorno industrial. Asegura el paso por encima de petos y conductos t\u00e9cnicos. El modelo a elegir depende de la altura, longitud de la pasarela y del \u00e1ngulo de la escalera. Por lo tanto, se fabrica a medida en funci\u00f3n del edificio en el que haya que instalarlo. Protege contra de las ca\u00eddas y est\u00e1 dise\u00f1ado conforme a la norma europea EN ISO 14122-2. Es posible montar el salto de lobo mediante instalaci\u00f3n fija o con contrapesos de hormig\u00f3n evitando da\u00f1ar la impermeabilizaci\u00f3n. A ambos lados de la pasarela se fija una barandilla de protecci\u00f3n. El salto del lobo puede utilizarse en diversos sectores. Entre ellos, viviendas plurifamiliares, hoteles y restaurantes, pero tambi\u00e9n proyectos urban\u00edsticos y de ingenier\u00eda civil. Es igualmente adecuado para los sectores industriales y log\u00edsticos.<\/p>\n\t\t\t<h2>PUNTOS FUERTES DEL SALTO DE LOBO<\/h2>\t\t\t\n\t\t\t\t\t\t\t\t\t<img decoding=\"async\" loading=\"lazy\" src=\"https:\/\/gamesystem.com\/wp-content\/uploads\/2021\/12\/saut-de-loup_0000_Saut-de-loup.jpg\" alt=\"saut de loup_0000_Saut de loup\" itemprop=\"image\" height=\"518\" width=\"942\" srcset=\"https:\/\/gamesystem.com\/wp-content\/uploads\/2021\/12\/saut-de-loup_0000_Saut-de-loup.jpg 942w, https:\/\/gamesystem.com\/wp-content\/uploads\/2021\/12\/saut-de-loup_0000_Saut-de-loup-300x165.jpg 300w, https:\/\/gamesystem.com\/wp-content\/uploads\/2021\/12\/saut-de-loup_0000_Saut-de-loup-768x422.jpg 768w\" sizes=\"(max-width: 942px) 100vw, 942px\" title=\"saut de loup_0000_Saut de loup\" onerror=\"this.style.display='none'\"  \/>\n\t\t\t\t<p>El salto de lobo se suministra premontado. Esto le ahorra tiempo y dinero. Se suministra un listado de piezas y unas instrucciones sencillas que simplifica el montaje. En pocos minutos<\/p>\n<p>Nuestro salto de lobo es de calidad certificada y cumple las normas de dise\u00f1o de escaleras. Estas normas EN ISO 14122-2 garantizan la seguridad y la ergonom\u00eda. Nuestros materiales se seleccionan por su alta calidad para garantizar una gran resistencia en un entorno industrial. Gracias a su atornillado, su instalaci\u00f3n es c\u00f3moda y segura. Los pelda\u00f1os, descansillos y barandillas est\u00e1n premontados. El Salto del Lobo es autoportante. No se necesitan soldaduras ni herramientas especiales para su instalaci\u00f3n. El modelo estandarizado se adapta a todos los accesos de altura y a todos los lugares de trabajo. Robusto gracias a sus pelda\u00f1os antideslizantes, garantiza seguridad y comodidad. Tambi\u00e9n es resistente a la intemperie. Nuestro salto de lobo presenta una gran estabilidad con 4 patas de goma, unidas a la escalera por \u00e1ngulos. <\/p>\n<p>Adem\u00e1s, el salto de lobo puede ajustarse y orientarse ocupando el menos espacio posible. Su estructura m\u00f3vil consta de los elementos de una barandilla con un pasamanos integrado. El sistema de patas es ajustable e inclinable. La altura de la escalera tambi\u00e9n puede ajustarse mediante escuadras. Las pruebas t\u00e9cnicas se realizan cuidadosamente antes de su uso. Recibir\u00e1 unas dimensiones precisas. En resumen, ponemos a su disposici\u00f3n nuestra experiencia y asesoramiento, paso a paso, hasta que est\u00e9 terminada. Por \u00faltimo, requiere muy poco mantenimiento. No es necesario pintarlo, basta con una ligera limpieza peri\u00f3dica. Puede optar, tambi\u00e9n, por un recubrimiento de color. Para prolongar su vida \u00fatil, conviene comprobar regularmente las fijaciones de la junta. Al tratarse de un modelo a modular, pueden utilizarse diversas combinaciones de tramos.<\/p>\n\t\t\t<h2>A SABER SOBRE EL SALTO DE LOBO<\/h2>\t\t\t\n\t\t\t\t\t\t\t\t\t<img decoding=\"async\" loading=\"lazy\" src=\"https:\/\/gamesystem.com\/wp-content\/uploads\/2021\/12\/saut-de-loup_0002_SAUT-DE-LOUP-ALU-ASSYMETRIQUE-COTE.jpg\" alt=\"saut de loup_0002_SAUT DE LOUP ALU ASSYMETRIQUE-COTE\" itemprop=\"image\" height=\"518\" width=\"942\" srcset=\"https:\/\/gamesystem.com\/wp-content\/uploads\/2021\/12\/saut-de-loup_0002_SAUT-DE-LOUP-ALU-ASSYMETRIQUE-COTE.jpg 942w, https:\/\/gamesystem.com\/wp-content\/uploads\/2021\/12\/saut-de-loup_0002_SAUT-DE-LOUP-ALU-ASSYMETRIQUE-COTE-300x165.jpg 300w, https:\/\/gamesystem.com\/wp-content\/uploads\/2021\/12\/saut-de-loup_0002_SAUT-DE-LOUP-ALU-ASSYMETRIQUE-COTE-768x422.jpg 768w\" sizes=\"(max-width: 942px) 100vw, 942px\" title=\"saut de loup_0002_SAUT DE LOUP ALU ASSYMETRIQUE-COTE\" onerror=\"this.style.display='none'\"  \/>\n\t\t\t\t<p>El salto de lobo est\u00e1 fabricado principalmente con aluminio en bruto, conocido por su composici\u00f3n robusta y s\u00f3lida. Esto significa que el sistema no est\u00e1 sujeto a la corrosi\u00f3n. Por tanto, el salto de lobo es el preferido para todo tipo de entornos. Puede soportar hasta 250 kg de carga. Permite atravesar cubiertas t\u00e9cnicas, cortafuegos, juntas de dilataci\u00f3n, plataformas de mantenimiento y cintas transportadoras. Como las piezas son intercambiables, basta con sustituir la parte da\u00f1ada de la pasarela seg\u00fan sea necesario.<\/p>\n<p>El Salto de Lobo tiene una inclinaci\u00f3n de 45\u00b0. Consta de una escalera y pelda\u00f1os antideslizante u, opcionalmente, de una chapa pisable. Para mantener la estanqueidad de la cubierta, se fija a un contrapeso o una placa de distribuci\u00f3n de cargas. Por razones de seguridad, es obligatorio disponer de barandillas en las pasarelas de m\u00e1s de 1 m de altura. Las barandillas est\u00e1n atornilladas y pueden adaptarse a las dimensiones requeridas in situ. Se distingue entre anchuras est\u00e1ndar de 0,80 m para obst\u00e1culos que requieren de un tr\u00e1nsito frecuente de trabajadores, como las cintas transportadoras. Las anchuras menores son m\u00e1s adecuadas para pasos peque\u00f1os con un n\u00famero limitado de personas y un uso limitado. Un ejemplo es el mantenimiento de sistemas de aire acondicionado en cubiertas.<\/p>\n<p>Por ejemplo, para reducir los costes de transporte, las barandillas de las pasarelas se separan del conjunto. Si las escaleras con poca inclinaci\u00f3n no son adecuadas, tambi\u00e9n es posible el acceso vertical. El salto del lobo es una soluci\u00f3n s\u00f3lida y ligera con una larga vida \u00fatil. Existe una amplia gama de modelos, personalizaciones y acabados. Sobre todo, se fabrican a precios muy atractivos con un alto nivel de comodidad para el usuario.<\/p>\n\n","protected":false},"excerpt":{"rendered":"<p>Salto de lobo El trabajo diario en altura es peligroso, tanto en cubiertas como en zonas industriales. Por eso es necesario instalar sistemas de protecci\u00f3n antica\u00eddas fiables. Pero, \u00bfqu\u00e9 tipo&hellip;<\/p>\n","protected":false},"author":2,"featured_media":0,"parent":0,"menu_order":0,"comment_status":"closed","ping_status":"closed","template":"","meta":[],"_links":{"self":[{"href":"https:\/\/gamesystem.com\/es\/wp-json\/wp\/v2\/pages\/37386"}],"collection":[{"href":"https:\/\/gamesystem.com\/es\/wp-json\/wp\/v2\/pages"}],"about":[{"href":"https:\/\/gamesystem.com\/es\/wp-json\/wp\/v2\/types\/page"}],"author":[{"embeddable":true,"href":"https:\/\/gamesystem.com\/es\/wp-json\/wp\/v2\/users\/2"}],"replies":[{"embeddable":true,"href":"https:\/\/gamesystem.com\/es\/wp-json\/wp\/v2\/comments?post=37386"}],"version-history":[{"count":0,"href":"https:\/\/gamesystem.com\/es\/wp-json\/wp\/v2\/pages\/37386\/revisions"}],"wp:attachment":[{"href":"https:\/\/gamesystem.com\/es\/wp-json\/wp\/v2\/media?parent=37386"}],"curies":[{"name":"wp","href":"https:\/\/api.w.org\/{rel}","templated":true}]}}