{"id":37385,"date":"2021-12-21T16:35:14","date_gmt":"2021-12-21T15:35:14","guid":{"rendered":"https:\/\/gamesystem.com\/echelle-crinoline\/"},"modified":"2023-07-04T16:34:52","modified_gmt":"2023-07-04T14:34:52","slug":"escalera-de-aros","status":"publish","type":"page","link":"https:\/\/gamesystem.com\/es\/escalera-de-aros\/","title":{"rendered":"Escalera de aros"},"content":{"rendered":"\n\n\t\t\t<h1>Escalera de aros<\/h1>\t\t\t\n\t\t\t\t<p>La escalera de aros es un sistema que permite acceder a zonas de trabajo en altura y est\u00e1 destinado a profesionales. La instalaci\u00f3n de este sistema tiene por objeto facilitar el acceso seguro a cubiertas, edificios, dep\u00f3sitos y maquinaria industrial. Adem\u00e1s, tambi\u00e9n puede utilizarse como salida de emergencia en caso de incendio para evacuar a las personas si no hay escaleras o pasarelas. Este sistema de acceso se fabrica en aluminio. Descubra toda la informaci\u00f3n que necesita saber sobre la escalera de aros de aluminio.<\/p>\n\t\t\t<h2> DESCRIPCI\u00d3N DE LA ESCALERA DE AROS<\/h2>\t\t\t\n\t\t\t\t<p>La escalera de aros de aluminio proporciona un acceso seguro a las cubiertas de los edificios y dep\u00f3sitos. La instalaci\u00f3n de este sistema consiste en ensamblar aros, pelda\u00f1os, tramos de escalera y salidas superiores. Este tipo de sistema de acceso en altura est\u00e1 dise\u00f1ado por el fabricante de la escalera de acuerdo con las normas. No hay l\u00edmite de altura para la escalera de aros, pero s\u00ed hay que tener en cuenta la altura para su configuraci\u00f3n.<\/p>\n<p>La escalera de aros se suministra como un kit con pocas piezas para montar y con fijaciones bastante sencillas. Tambi\u00e9n hay disponible un manual de instalaci\u00f3n para guiarle y ayudarle a instalar correctamente la escalera de aros de aluminio. Tenga en cuenta que este sistema de acceso est\u00e1 premontado en el taller para que la instalaci\u00f3n en su obra sea r\u00e1pida y sencilla.<\/p>\n\t\t\t<h2> PUNTOS FUERTES DE LA ESCALERA DE AROS<\/h2>\t\t\t\n\t\t\t\t<p><u>Prevenci\u00f3n de posibles ca\u00eddas<\/u><\/p>\n<p>La escalera se compone de aros y pletinas que forman un tubo que la rodea. La escalera de aros cumple con la normativa de seguridad relativa al riesgo de ca\u00eddas y se considera una protecci\u00f3n colectiva. Por lo tanto, garantiza una seguridad real y reduce significativamente el riesgo de accidentes para los trabajadores.<\/p>\n<p><u><br \/>Robustez y durabilidad<\/u><\/p>\n<p>En comparaci\u00f3n con las escaleras convencionales, la escalera est\u00e1 fabricada con materiales de alta calidad y, por tanto, es resistente a la intemperie. Adem\u00e1s, cuando una empresa decide optar por este tipo de escalera, se est\u00e1 refiriendo a un medio de acceso permanente y duradero. Por lo tanto, es crucial elegir un sistema que pueda utilizarse durante muchos a\u00f1os. Fabricada con aluminio, un material de primera calidad, la escalera de aros es una estructura de gran calidad, eficiente y eficaz.<\/p>\n<p><u>Un sistema antiescalo<\/u><\/p>\n<p>El acceso a una zona de riesgo debe estar estrictamente limitado a los profesionales cualificados para trabajar en ella. Por lo tanto, es indispensable instalar un sistema antiescalo para impedir la entrada de personas no autorizadas. Por ello, el sistema de bloqueo de la escalera permite controlar el acceso a la zona de trabajo.<\/p>\n<p><u>El privilegio de contar con la asistencia de un profesional durante la instalaci\u00f3n<\/u><\/p>\n<p>Si tiene alg\u00fan problema durante la instalaci\u00f3n de este tipo de escaleras, un t\u00e9cnico cualificado estar\u00e1 a su disposici\u00f3n y le ayudar\u00e1 a encontrar soluciones para la correcta instalaci\u00f3n de la escalera de aros de aluminio.<\/p>\n<p><u>Escaleras de aro de aluminio: f\u00e1ciles de montar e instalar<\/u><\/p>\n<p>Las herramientas suministradas en forma de kit para la instalaci\u00f3n de la escalera son f\u00e1ciles de instalar. Es m\u00e1s, es posible realizar un premontaje si desea que esta tarea sea menos complicada en el momento de la instalaci\u00f3n. Ya sea para una salida frontal, una salida lateral, un cambio de tramo o un antiescalo, se dispondr\u00e1 de una amplia gama de accesorios en forma de kit para la configuraci\u00f3n de su escalera de aros de aluminio.<\/p>\n\t\t\t<h2>CARACTER\u00cdSTICAS DE LA ESCALERA DE AROS<\/h2>\t\t\t\n\t\t\t\t<img decoding=\"async\" src=\"https:\/\/gamesystem.com\/wp-content\/uploads\/2021\/12\/echelle-crinoline.png\" alt=\"\u00e9chelle-crinoline\" title=\"\u00e9chelle-crinoline\" itemprop=\"image\"\/>\n\t\t\t\t<p><strong>Normas reglamentarias<\/strong><\/p>\n<p>El fabricante de escaleras de aros ha desarrollado este medio de acceso a las alturas de conformidad con la norma EN ISO 14122-4 sobre los requisitos para el dise\u00f1o, la instalaci\u00f3n y las pruebas de las escaleras.<\/p>\n<p>La EN ISO 14122-4 es una norma relativa a la escalera de aros que se utiliza para acceder a un edificio o maquinaria, en particular hasta 10 m, sin modificaci\u00f3n del tramo de escalera.<\/p>\n<p>As\u00ed pues, la escalera de aros de aluminio que se le ofrece cumple estas normas para garantizar y reforzar la seguridad del personal profesional en el desempe\u00f1o de su trabajo. Y, si lo solicita, se le proporcionar\u00e1 un certificado de conformidad en el momento de la entrega.<\/p>\n<p><strong>Equipos destinados principalmente a profesionales<\/strong><\/p>\n<p>En la mayor\u00eda de los casos, la utilizaci\u00f3n de la escalera de aros se sit\u00faa en el contexto profesional. Tenga en cuenta que para determinadas actividades que requieren constantemente trabajos en altura, disponer de este medio de acceso permanente en la obra resulta obligatorio.<\/p>\n<p><strong>\u00bfPara qu\u00e9 sirve una escalera de aros para profesionales?<\/strong><\/p>\n<p>Este medio de acceso est\u00e1 especialmente dise\u00f1ado para la protecci\u00f3n colectiva contra los riesgos de ca\u00edda en altura. En caso de incendio, este sistema de acceso permite a los bomberos evacuar lo m\u00e1s r\u00e1pidamente posible a las personas que se encuentran en el interior del edificio. La escalera de jaula de aluminio tambi\u00e9n est\u00e1 dise\u00f1ada para facilitar el mantenimiento de los edificios, especialmente tejados y cubiertas. Tambi\u00e9n permite acceder f\u00e1cilmente a pasarelas, rellanos y niveles intermedios.<\/p>\n<p>\u00a0<\/p>\n<p>\u00a0<\/p>\n<p>er et niveaux interm\u00e9diaires.<\/p>\n\n","protected":false},"excerpt":{"rendered":"<p>Escalera de aros La escalera de aros es un sistema que permite acceder a zonas de trabajo en altura y est\u00e1 destinado a profesionales. La instalaci\u00f3n de este sistema tiene&hellip;<\/p>\n","protected":false},"author":2,"featured_media":0,"parent":0,"menu_order":0,"comment_status":"closed","ping_status":"closed","template":"","meta":[],"_links":{"self":[{"href":"https:\/\/gamesystem.com\/es\/wp-json\/wp\/v2\/pages\/37385"}],"collection":[{"href":"https:\/\/gamesystem.com\/es\/wp-json\/wp\/v2\/pages"}],"about":[{"href":"https:\/\/gamesystem.com\/es\/wp-json\/wp\/v2\/types\/page"}],"author":[{"embeddable":true,"href":"https:\/\/gamesystem.com\/es\/wp-json\/wp\/v2\/users\/2"}],"replies":[{"embeddable":true,"href":"https:\/\/gamesystem.com\/es\/wp-json\/wp\/v2\/comments?post=37385"}],"version-history":[{"count":0,"href":"https:\/\/gamesystem.com\/es\/wp-json\/wp\/v2\/pages\/37385\/revisions"}],"wp:attachment":[{"href":"https:\/\/gamesystem.com\/es\/wp-json\/wp\/v2\/media?parent=37385"}],"curies":[{"name":"wp","href":"https:\/\/api.w.org\/{rel}","templated":true}]}}