{"id":37380,"date":"2021-12-21T16:25:43","date_gmt":"2021-12-21T15:25:43","guid":{"rendered":"https:\/\/gamesystem.com\/garde-corps-fixe\/"},"modified":"2023-07-04T16:43:53","modified_gmt":"2023-07-04T14:43:53","slug":"barandillas-fijas","status":"publish","type":"page","link":"https:\/\/gamesystem.com\/es\/barandillas-fijas\/","title":{"rendered":"Barandillas fijas"},"content":{"rendered":"\n\n\t\t\t<h1>Barandillas fijas<\/h1>\t\t\t\n\t\t\t\t<p>Gamesystem es especialista en el campo del dise\u00f1o y la fabricaci\u00f3n de equipos de protecci\u00f3n colectiva. Dise\u00f1amos barandillas fijas de alta calidad que se fabrican de conformidad con las normas europeas. Estas barandillas permanentes constituyen una barrera de protecci\u00f3n para plataformas o cubiertas inaccesibles al p\u00fablico y s\u00f3lo accesibles a los trabajadores que realizan tareas de mantenimiento. El objetivo de este sistema es proteger a estos trabajadores en el ejercicio de sus funciones y evitar las ca\u00eddas en altura. La gama de barandillas fijas suministrada por Gamesystem se adapta a todas las limitaciones t\u00e9cnicas y ofrece diversas ventajas.<\/p>\n\t\t\t<h2>3 TIPOS DE BARANDILLAS FIJAS<\/h2>\t\t\t\n\t\t\t\t<img decoding=\"async\" src=\"https:\/\/gamesystem.com\/wp-content\/uploads\/2021\/12\/garde-corps-fixe-2.jpg\" alt=\"garde-corps-fixe-2\" title=\"garde-corps-fixe-2\" itemprop=\"image\"\/>\n\t\t<h3>recta<\/h3>\t\t\t\n\t\t\t\t<img decoding=\"async\" src=\"https:\/\/gamesystem.com\/wp-content\/uploads\/2021\/12\/garde-corps-fixe-3.jpg\" alt=\"garde-corps-fixe-3\" title=\"garde-corps-fixe-3\" itemprop=\"image\"\/>\n\t\t<h3>inclinada<\/h3>\t\t\t\n\t\t\t\t<img decoding=\"async\" src=\"https:\/\/gamesystem.com\/wp-content\/uploads\/2021\/12\/garde-corps-fixe-1.jpg\" alt=\"garde-corps-fixe-1\" title=\"garde-corps-fixe-1\" itemprop=\"image\"\/>\n\t\t<h3>abatible<\/h3>\t\t\t\n\t\t\t\t<p>Adem\u00e1s de proporcionar seguridad en las cubiertas, las barandillas suministradas por Gamesystem est\u00e1n disponibles en versiones rectas, inclinadas o abatibles, con el objetivo de mejorar la est\u00e9tica del edificio. Independientemente del tipo de barandilla, todas cumplen plenamente las normas europeas.<\/p>\n<p><u>Barandilla recta fija<\/u><\/p>\n<p>La barandilla recta fija es ideal para su uso en cubiertas con una inclinaci\u00f3n inferior a 10\u00b0. Este modelo de barandilla fija puede instalarse con o sin rodapi\u00e9, seg\u00fan las necesidades de la obra o decisi\u00f3n del cliente.<\/p>\n<p><u>La versi\u00f3n inclinada<\/u><\/p>\n<p>La barandilla inclinada fija Gamesystem tambi\u00e9n puede ser modular. Fabricamos barandillas inclinadas que var\u00edan en funci\u00f3n de la altura a proteger. Seg\u00fan la normativa, el n\u00famero de listones horizontales de este tipo de barandilla fija depende de la altura del peto.<\/p>\n<p><u>Barandilla abatible<\/u><\/p>\n<p>La barandilla abatible es de aluminio y est\u00e1 disponible en versi\u00f3n recta o inclinada. La fijaci\u00f3n de la barandilla abatible debe tenerse en cuenta si el sistema de protecci\u00f3n impide el uso de determinados equipos t\u00e9cnicos existentes. Este tipo de barandilla es un conjunto de piezas que, al encajar entre s\u00ed, forman una estructura de protecci\u00f3n colectiva. Tambi\u00e9n presenta buena est\u00e9tica y se adapta al peto en su parte inferior. A petici\u00f3n de las empresas, el acabado de esta barandilla puede ser anodizado y los montantes curvados. Si lo desea, Gamesystem tambi\u00e9n puede encargarse del termolacado de su barandilla plegable para que conserve su brillo con el paso del tiempo.<\/p>\n<p>lat avec le temps.<\/p>\n\t\t\t<h2>PUNTOS FUERTES DE LAS BARANDILLAS FIJAS<\/h2>\t\t\t\n\t\t\t\t<img decoding=\"async\" src=\"https:\/\/gamesystem.com\/wp-content\/uploads\/2021\/12\/garde-corps-fixe-6.jpg\" alt=\"garde-corps-fixe-6\" title=\"garde-corps-fixe-6\" itemprop=\"image\"\/>\n\t\t\t\t<p><strong>F\u00e1ciles de instalar<\/strong><\/p>\n<p>Las barandillas fijas se premontan en nuestra f\u00e1brica para que las empresas puedan ahorrar tiempo a la hora de instalarlas in situ. El sistema es, por tanto, r\u00e1pido y f\u00e1cil de instalar. Adem\u00e1s, el rodapi\u00e9 tambi\u00e9n puede adaptarse f\u00e1cilmente a zonas de trabajo en las que no haya peto.<\/p>\n<p><strong>Durabilidad y resistencia<\/strong><\/p>\n<p>Al ser de aluminio, la barandilla fija tiene la cualidad de ser extremadamente resistente y duradera frente a las condiciones meteorol\u00f3gicas y la corrosi\u00f3n. Este dispositivo de seguridad de Gamesystem tambi\u00e9n est\u00e1 certificado conforme a las normas europeas vigentes. Adem\u00e1s, puede reciclarse.<\/p>\n<p><strong>Un producto con una flexibilidad notable<\/strong><\/p>\n<p>Fijas, inclinadas o abatibles, nuestras barandillas se adaptan perfectamente a todos los tipos de cubiertas y pueden integrarse en todas las configuraciones posibles. Tambi\u00e9n puede elegir la fijaci\u00f3n que necesite: soporte en Z, soporte base plana o soporte lateral. Tambi\u00e9n podemos fabricar modelos personalizados (plano de distribuci\u00f3n, dimensiones de los postes y puertas a medida) para satisfacer todas las necesidades.<\/p>\n\t\t\t<h2>NORMAS Y FIJACI\u00d3N DE LA BARANDILLA FIJA<\/h2>\t\t\t\n\t\t\t\t<img decoding=\"async\" src=\"https:\/\/gamesystem.com\/wp-content\/uploads\/2021\/12\/garde-corps-fixe-5.jpg\" alt=\"garde-corps-fixe-5\" title=\"garde-corps-fixe-5\" itemprop=\"image\"\/>\n\t\t\t\t<p>La normativa laboral (R 4323-59 del C\u00f3digo del Trabajo) exige la utilizaci\u00f3n de barandillas fijas, s\u00f3lidas y resistentes, para evitar las ca\u00eddas en altura. Las empresas que pueden realizar actividades en cubiertas est\u00e1n obligadas, por tanto, a utilizar un sistema de protecci\u00f3n colectiva fiable y permanente para garantizar la seguridad de los trabajadores.<\/p>\n<p>Gamesystem suministra barandillas fijas de aluminio que cumplen la norma EN ISO 14122 sobre la protecci\u00f3n de las instalaciones y m\u00e1quinas industriales.<\/p>\n<p>En cuanto a la instalaci\u00f3n de la barandilla permanente, puede fijarse al suelo con una base plana o sobre el peto existente. Tambi\u00e9n puede realizarse con su base lateral fijada al interior del peto o en la fachada del edificio. El modelo de barandilla en Z de Gamesystem, permite fijarla bajo el recubrimiento del peto manteniendo la estanqueidad de la cubierta.<\/p>\n\n","protected":false},"excerpt":{"rendered":"<p>Barandillas fijas Gamesystem es especialista en el campo del dise\u00f1o y la fabricaci\u00f3n de equipos de protecci\u00f3n colectiva. Dise\u00f1amos barandillas fijas de alta calidad que se fabrican de conformidad con&hellip;<\/p>\n","protected":false},"author":2,"featured_media":0,"parent":0,"menu_order":0,"comment_status":"closed","ping_status":"closed","template":"","meta":[],"_links":{"self":[{"href":"https:\/\/gamesystem.com\/es\/wp-json\/wp\/v2\/pages\/37380"}],"collection":[{"href":"https:\/\/gamesystem.com\/es\/wp-json\/wp\/v2\/pages"}],"about":[{"href":"https:\/\/gamesystem.com\/es\/wp-json\/wp\/v2\/types\/page"}],"author":[{"embeddable":true,"href":"https:\/\/gamesystem.com\/es\/wp-json\/wp\/v2\/users\/2"}],"replies":[{"embeddable":true,"href":"https:\/\/gamesystem.com\/es\/wp-json\/wp\/v2\/comments?post=37380"}],"version-history":[{"count":0,"href":"https:\/\/gamesystem.com\/es\/wp-json\/wp\/v2\/pages\/37380\/revisions"}],"wp:attachment":[{"href":"https:\/\/gamesystem.com\/es\/wp-json\/wp\/v2\/media?parent=37380"}],"curies":[{"name":"wp","href":"https:\/\/api.w.org\/{rel}","templated":true}]}}