{"id":37376,"date":"2021-12-21T16:22:26","date_gmt":"2021-12-21T15:22:26","guid":{"rendered":"https:\/\/gamesystem.com\/garde-corps-sur-mesure\/"},"modified":"2023-07-04T16:52:58","modified_gmt":"2023-07-04T14:52:58","slug":"barandillas-a-medida","status":"publish","type":"page","link":"https:\/\/gamesystem.com\/es\/barandillas-a-medida\/","title":{"rendered":"Barandillas a medida"},"content":{"rendered":"\n\n\t\t\t<h1>Barandillas a medida<\/h1>\t\t\t\n\t\t\t\t<p>La instalaci\u00f3n de una barandilla de seguridad en un entorno industrial y profesional es una obligaci\u00f3n legal y reglamentaria. La seguridad de las zonas elevadas est\u00e1 fuertemente controlada por las autoridades competentes. Sin embargo, el dise\u00f1o, el montaje y la instalaci\u00f3n de barandillas en industrias deben ser realizadas por un profesional. Recurrir a un experto evita posibles errores que podr\u00edan tener consecuencias fatales para los empleados.<\/p>\n\t\t\t<h2>TIPOS DE BARANDILLAS A MEDIDA<\/h2>\t\t\t\n\t\t\t\t<img decoding=\"async\" src=\"https:\/\/gamesystem.com\/wp-content\/uploads\/2021\/12\/garde-corps-sur-mesure-toit.jpg\" alt=\"garde corps sur mesure toit\" title=\"garde corps sur mesure toit\" itemprop=\"image\"\/>\n\t\t<h3>BARANDILLAS FIJAS<\/h3>\t\t\t\n\t\t\t<a href=\"https:\/\/gamesystem.com\/es\/barandillas-fijas\/\" target=\"_self\" role=\"button\" rel=\"noopener\">\n\t\t\t\t\t\t\tDescubrir\n\t\t\t\t\t<\/a>\n\t\t\t\t<img decoding=\"async\" src=\"https:\/\/gamesystem.com\/wp-content\/uploads\/2021\/12\/garde-corps-sur-mesure.jpg\" alt=\"garde corps sur mesure\" title=\"garde corps sur mesure\" itemprop=\"image\"\/>\n\t\t<h3>BARANDILLA AUTOPORTANTE<\/h3>\t\t\t\n\t\t\t<a href=\"https:\/\/gamesystem.com\/es\/barandilla-autoportante\/\" target=\"_self\" role=\"button\" rel=\"noopener\">\n\t\t\t\t\t\t\tDescubrir\n\t\t\t\t\t<\/a>\n\t\t\t\t<p>Las barandillas de seguridad est\u00e1n dise\u00f1adas seg\u00fan las normas espec\u00edficas para adaptarse a cualquier tipo de edificio o entorno industrial. Este grupo de protecci\u00f3n colectiva es el m\u00e1s utilizado en cubiertas y plataformas elevadas. Proporcionan una protecci\u00f3n permanente y pueden adaptarse a diferentes situaciones.<\/p>\n<p>Las barandillas a medida se dise\u00f1an y fabrican seg\u00fan las necesidades del cliente. Pueden instalarse en un entorno profesional o industrial. Siempre es importante colocar barandillas de seguridad de acero o aluminio en zonas de peligro. Este modelo de barandillas se adapta a las limitaciones estructurales de cada edificio. Su instalaci\u00f3n requiere de conocimientos t\u00e9cnicos para cumplir la normativa y los requisitos del cliente. Fijadas mediante un sistema de contrapesos, las barandillas autoportantes son la alternativa a las barandillas fijas.<\/p>\n\t\t\t<h2>A MEDIDA: OFICINA T\u00c9CNICA Y TALLER<\/h2>\t\t\t\n\t\t\t\t<img decoding=\"async\" src=\"https:\/\/gamesystem.com\/wp-content\/uploads\/2021\/12\/garde-corps-sur-mesure-1.jpg\" alt=\"garde-corps-sur-mesure\" title=\"garde-corps-sur-mesure\" itemprop=\"image\"\/>\n\t\t\t\t<p>Gamesystem es una empresa que instala y revisa sistemas de seguridad en zonas de alto riesgo. Instala diversos sistemas de protecci\u00f3n colectiva, como barandillas, escaleras, salto de lobo, etc. Tambi\u00e9n dise\u00f1a barandillas a medida para reducir el riesgo de ca\u00eddas y accidentes en situaciones espec\u00edficas. Despu\u00e9s, elabora y entrega al cliente la documentaci\u00f3n t\u00e9cnica que refleja el tipo de sistema instalado y la certificaci\u00f3n correspondiente.<\/p>\n<p>Ya se trate de cubiertas planas o inclinadas, o de barandillas fijas o autoportantes, hay que tener en cuenta varios condicionantes. Ponemos a disposici\u00f3n de nuestros clientes nuestra experiencia y nuestros conocimientos t\u00e9cnicos para instalar protecciones colectivas a medida y adaptadas. Para garantizar la seguridad de los trabajadores y cumplir las disposiciones legales y reglamentarias, siempre fabricamos nuestros productos de acuerdo con las normas europeas. Gamesystem realiza un sistema de montaje y un procedimiento de fabricaci\u00f3n conformes a las exigencias reglamentarias. Tras la instalaci\u00f3n del sistema de protecci\u00f3n antica\u00eddas, se expide un certificado de conformidad a cada cliente.<\/p>\n\n","protected":false},"excerpt":{"rendered":"<p>Barandillas a medida La instalaci\u00f3n de una barandilla de seguridad en un entorno industrial y profesional es una obligaci\u00f3n legal y reglamentaria. La seguridad de las zonas elevadas est\u00e1 fuertemente&hellip;<\/p>\n","protected":false},"author":2,"featured_media":0,"parent":0,"menu_order":0,"comment_status":"closed","ping_status":"closed","template":"","meta":[],"_links":{"self":[{"href":"https:\/\/gamesystem.com\/es\/wp-json\/wp\/v2\/pages\/37376"}],"collection":[{"href":"https:\/\/gamesystem.com\/es\/wp-json\/wp\/v2\/pages"}],"about":[{"href":"https:\/\/gamesystem.com\/es\/wp-json\/wp\/v2\/types\/page"}],"author":[{"embeddable":true,"href":"https:\/\/gamesystem.com\/es\/wp-json\/wp\/v2\/users\/2"}],"replies":[{"embeddable":true,"href":"https:\/\/gamesystem.com\/es\/wp-json\/wp\/v2\/comments?post=37376"}],"version-history":[{"count":0,"href":"https:\/\/gamesystem.com\/es\/wp-json\/wp\/v2\/pages\/37376\/revisions"}],"wp:attachment":[{"href":"https:\/\/gamesystem.com\/es\/wp-json\/wp\/v2\/media?parent=37376"}],"curies":[{"name":"wp","href":"https:\/\/api.w.org\/{rel}","templated":true}]}}