{"id":37372,"date":"2021-12-21T16:19:32","date_gmt":"2021-12-21T15:19:32","guid":{"rendered":"https:\/\/gamesystem.com\/garde-corps-toiture\/"},"modified":"2023-07-04T16:17:19","modified_gmt":"2023-07-04T14:17:19","slug":"barandilla-en-cubiertas","status":"publish","type":"page","link":"https:\/\/gamesystem.com\/es\/barandilla-en-cubiertas\/","title":{"rendered":"Barandilla en cubiertas"},"content":{"rendered":"\n\n\t\t\t<h1>Barandilla en cubiertas<\/h1>\t\t\t\n\t\t\t\t<p>La barandilla en cubierta es un sistema de protecci\u00f3n colectiva permanente. Este sistema de seguridad se compone de un conjunto de elementos que forman una barrera de protecci\u00f3n cuya funci\u00f3n principal es delimitar una zona de trabajo de riesgo. Adem\u00e1s, sirve para evitar cualquier ca\u00edda accidental en altura. Esta barandilla, suministrada por Gamesystem, se instala en el borde de las cubiertas no accesibles al p\u00fablico.<\/p>\n<p>La barandilla de seguridad en la cubierta permite proteger en su totalidad a los trabajadores habilitados para realizar operaciones de mantenimiento o revisi\u00f3n de maquinarias. Este sistema debe estar absolutamente conforme a la norma en vigor relativa a las especificaciones de este sistema de protecci\u00f3n.<\/p>\n\t\t\t<h2>DISTINTOS TIPOS DE BARANDILLAS EN CUBIERTAS<\/h2>\t\t\t\n\t\t\t\t<img decoding=\"async\" src=\"https:\/\/gamesystem.com\/wp-content\/uploads\/2021\/12\/garde-corps-toiture_0001_TOUT-ALU-APPLIQUE.jpg\" alt=\"garde corps toiture_0001_TOUT ALU APPLIQUE\" title=\"garde corps toiture_0001_TOUT ALU APPLIQUE\" itemprop=\"image\"\/>\n\t\t<h3>garde corps FIXE<\/h3>\t\t\t\n\t\t\t<a href=\"https:\/\/gamesystem.com\/garde-corps-fixe\/\" target=\"_self\" role=\"button\" rel=\"noopener\">\n\t\t\t\t\t\t\tD\u00e9couvrir \n\t\t\t\t\t<\/a>\n\t\t\t\t<img decoding=\"async\" src=\"https:\/\/gamesystem.com\/wp-content\/uploads\/2021\/12\/garde-corps-toiture_0002_autoportant-rabattue.390.jpg\" alt=\"garde corps toiture_0002_autoportant rabattue.390\" title=\"garde corps toiture_0002_autoportant rabattue.390\" itemprop=\"image\"\/>\n\t\t<h3>Garde corps Autoportant<\/h3>\t\t\t\n\t\t\t<a href=\"https:\/\/gamesystem.com\/garde-corps-autoportant\/\" target=\"_self\" role=\"button\" rel=\"noopener\">\n\t\t\t\t\t\t\tD\u00e9couvrir \n\t\t\t\t\t<\/a>\n\t\t\t\t<img decoding=\"async\" src=\"https:\/\/gamesystem.com\/wp-content\/uploads\/2021\/12\/garde-corps-toiture_0003_GC60-incline-en-applique-8.jpg\" alt=\"garde corps toiture_0003_GC60 inclin\u00e9 en applique 8\" title=\"garde corps toiture_0003_GC60 inclin\u00e9 en applique 8\" itemprop=\"image\"\/>\n\t\t<h3>garde corps SUR MESURE<\/h3>\t\t\t\n\t\t\t<a href=\"https:\/\/gamesystem.com\/garde-corps-sur-mesure\/\" target=\"_self\" role=\"button\" rel=\"noopener\">\n\t\t\t\t\t\t\tD\u00e9couvrir \n\t\t\t\t\t<\/a>\n\t\t\t\t<p>Existen varias configuraciones de barandillas en las cubiertas: autoportantes y fijas. La elecci\u00f3n de un modelo de barandilla en cubierta var\u00eda en funci\u00f3n de las limitaciones del lugar. Por tanto, antes de decidir un tipo de sistema, es importante realizar un estudio previo para averiguar cu\u00e1l es la soluci\u00f3n m\u00e1s adecuada para satisfacer las necesidades del emplazamiento.<\/p>\n<ul>\n<li>Barandillas autoportantes<\/li>\n<li>Barreras fijas<\/li>\n<\/ul>\n\t\t\t<h2>LAS VENTAJAS DE LAS BARANDILLAS EN CUBIERTAS<\/h2>\t\t\t\n\t\t\t\t<p>La barandilla de seguridad en cubierta tiene varias ventajas. Optar por este sistema beneficia a todos los trabajadores. La barandilla es un sistema de seguridad muy eficiente para asegurar a los trabajadores en su tr\u00e1nsito por la misma. Al estar fabricada en aluminio, es ligero. Adem\u00e1s, es resistente a la corrosi\u00f3n y a la intemperie. Por lo tanto, es un sistema de seguridad duradero que resistir\u00e1 al paso del tiempo.<\/p>\n<p>La instalaci\u00f3n o fijaci\u00f3n de este sistema de seguridad colectiva es bastante sencilla. Gracias al poste premontado, este equipo es f\u00e1cil y r\u00e1pido de instalar.<\/p>\n<p><u>Una soluci\u00f3n muy econ\u00f3mica.<\/u><\/p>\n<p>La barandilla fija es una soluci\u00f3n m\u00e1s econ\u00f3mica que la barandilla temporal. El modelo autoportante podr\u00eda reutilizarse en otro emplazamiento si fuese necesario. Esto supone un ahorro considerable. Adem\u00e1s, su mantenimiento no requiere ninguna inversi\u00f3n adicional.<\/p>\n<p><u>Barandillas en cubierta: mayor seguridad<\/u><\/p>\n<p>La norma actual establece la obligatoriedad de instalar un sistema de seguridad para cualquier edificio de m\u00e1s de 3 metros con una cubierta accesible. La barandilla ofrece as\u00ed la ventaja de prevenir y evitar las ca\u00eddas de altura y de garantizar la seguridad de todo el personal que tenga que acceder a la cubierta en el ejercicio de su trabajo sin necesidad de estar anclado con un EPI a un sistema fijo. Por lo tanto, es preferible una protecci\u00f3n colectiva a una protecci\u00f3n individual.<\/p>\n<p><u>Un sistema de seguridad que requiere poco mantenimiento<\/u><\/p>\n<p>La barandilla de seguridad en cubiertas no requiere ning\u00fan mantenimiento particular. Basta con comprobar la integridad de las piezas que la componen mediante una inspecci\u00f3n visual peri\u00f3dica. En caso de que alguna pieza est\u00e9 da\u00f1ada, Gamesystem puede proceder a la sustituci\u00f3n de los componentes que hayan sido objeto de deterioro.<\/p>\n<p><u>La barandilla en cubierta: est\u00e9ticamente atractiva<\/u><\/p>\n<p>Adem\u00e1s de la seguridad, muchas empresas tambi\u00e9n comprueban que las barandillas mantengan una est\u00e9tica acorde con los edificios. Tiene un aspecto moderno y sencillo. Ya se trate de una barandilla autoportante o fija, este sistema de protecci\u00f3n colectiva de aluminio puede termolacarse con alta resistencia para darle un brillo que perdure en el tiempo.<\/p>\n<p><u>\u00bfQu\u00e9 pasa con las normas de seguridad y las condiciones de uso?<\/u><\/p>\n<p>Las barandillas propuestas por Gamesystem cumplen las normas vigentes, EN 14122, para garantizar su seguridad en las cubiertas planas e inclinadas.<\/p>\n<p>Todos nuestros equipos est\u00e1n fabricados con material de alta calidad, concretamente aluminio, lo que garantiza una notable durabilidad del sistema de seguridad.<\/p>\n<p>Tenga en cuenta que, seg\u00fan la normativa, todos los responsables de la empresa est\u00e1n obligados a dotar a su personal de equipos antica\u00edda para garantizar su seguridad. De ah\u00ed la necesidad de instalar una barandilla de seguridad en sus cubiertas.<\/p>\n\t\t\t<h2>FIJACIONES DE BARANDILLAS EN CUBIERTA<\/h2>\t\t\t\n\t\t\t\t<img decoding=\"async\" src=\"https:\/\/gamesystem.com\/wp-content\/uploads\/2021\/12\/garde-corps-pour-toiture.jpg\" alt=\"garde corps pour toiture\" title=\"garde corps pour toiture\" itemprop=\"image\"\/>\n\t\t\t\t<p><strong>Opciones de fijaci\u00f3n: A suelo \/ Cubierta de chapa \/ Fachada \/ Panel s\u00e1ndwich \/ A peto<\/strong><\/p>\n\n","protected":false},"excerpt":{"rendered":"<p>Barandilla en cubiertas La barandilla en cubierta es un sistema de protecci\u00f3n colectiva permanente. Este sistema de seguridad se compone de un conjunto de elementos que forman una barrera de&hellip;<\/p>\n","protected":false},"author":2,"featured_media":0,"parent":0,"menu_order":0,"comment_status":"closed","ping_status":"closed","template":"","meta":[],"_links":{"self":[{"href":"https:\/\/gamesystem.com\/es\/wp-json\/wp\/v2\/pages\/37372"}],"collection":[{"href":"https:\/\/gamesystem.com\/es\/wp-json\/wp\/v2\/pages"}],"about":[{"href":"https:\/\/gamesystem.com\/es\/wp-json\/wp\/v2\/types\/page"}],"author":[{"embeddable":true,"href":"https:\/\/gamesystem.com\/es\/wp-json\/wp\/v2\/users\/2"}],"replies":[{"embeddable":true,"href":"https:\/\/gamesystem.com\/es\/wp-json\/wp\/v2\/comments?post=37372"}],"version-history":[{"count":0,"href":"https:\/\/gamesystem.com\/es\/wp-json\/wp\/v2\/pages\/37372\/revisions"}],"wp:attachment":[{"href":"https:\/\/gamesystem.com\/es\/wp-json\/wp\/v2\/media?parent=37372"}],"curies":[{"name":"wp","href":"https:\/\/api.w.org\/{rel}","templated":true}]}}