{"id":37367,"date":"2021-12-21T16:15:12","date_gmt":"2021-12-21T15:15:12","guid":{"rendered":"https:\/\/gamesystem.com\/garde-corps-industriel\/"},"modified":"2023-07-04T16:48:43","modified_gmt":"2023-07-04T14:48:43","slug":"barandilla-para-industrias","status":"publish","type":"page","link":"https:\/\/gamesystem.com\/es\/barandilla-para-industrias\/","title":{"rendered":"Barandilla para industrias"},"content":{"rendered":"\n\n\t\t\t<h1>Barandilla para industrias<\/h1>\t\t\t\n\t\t\t\t<p>Los trabajos en altura requieren una protecci\u00f3n individual y colectiva para evitar las ca\u00eddas. Este tipo de trabajo es peligroso por su propia naturaleza, por lo que las normas de seguridad son muy estrictas. Los sistemas de protecci\u00f3n colectiva no son s\u00f3lo para la obra, sino que deben colocarse en todas las zonas en altura donde haya tr\u00e1nsito de personas. La instalaci\u00f3n de una barandilla industrial es imperativa en las zonas elevadas, tanto en las pasarelas de las f\u00e1bricas como en las cubiertas.<\/p>\n\t\t\t<h2>TRES TIPOS DE BARANDILLA PARA INDUSTRIAS<\/h2>\t\t\t\n\t\t\t\t<img decoding=\"async\" src=\"https:\/\/gamesystem.com\/wp-content\/uploads\/2021\/12\/garde-coprs-inudstriel_0002_garde-corps_0000_MLFSGPE04-01G-59-min.jpg\" alt=\"garde coprs inudstriel_0002_garde corps_0000_MLFSGPE04 01G-59-min\" title=\"garde coprs inudstriel_0002_garde corps_0000_MLFSGPE04 01G-59-min\" itemprop=\"image\"\/>\n\t\t<h3>BARANDILLAS FIJAS<\/h3>\t\t\t\n\t\t\t<a href=\"https:\/\/gamesystem.com\/es\/barandillas-fijas\/\" target=\"_self\" role=\"button\" rel=\"noopener\">\n\t\t\t\t\t\t\tDescubrir\n\t\t\t\t\t<\/a>\n\t\t\t\t<img decoding=\"async\" src=\"https:\/\/gamesystem.com\/wp-content\/uploads\/2021\/12\/garde-coprs-inudstriel_0000_IMG_0130.jpg\" alt=\"garde coprs inudstriel_0000_IMG_0130\" title=\"garde coprs inudstriel_0000_IMG_0130\" itemprop=\"image\"\/>\n\t\t<h3>BARANDILLA AUTOPORTANTE<\/h3>\t\t\t\n\t\t\t<a href=\"https:\/\/gamesystem.com\/es\/barandilla-autoportante\/\" target=\"_self\" role=\"button\" rel=\"noopener\">\n\t\t\t\t\t\t\tDescubrir\n\t\t\t\t\t<\/a>\n\t\t\t\t<img decoding=\"async\" src=\"https:\/\/gamesystem.com\/wp-content\/uploads\/2021\/12\/garde-coprs-inudstriel_0001_garde-corps_0000_MLFSGPE04-01G-92-min.jpg\" alt=\"garde coprs inudstriel_0001_garde corps_0000_MLFSGPE04 01G-92-min\" title=\"garde coprs inudstriel_0001_garde corps_0000_MLFSGPE04 01G-92-min\" itemprop=\"image\"\/>\n\t\t<h3>BARANDILLAS A MEDIDA<\/h3>\t\t\t\n\t\t\t<a href=\"https:\/\/gamesystem.com\/es\/barandillas-a-medida\/\" target=\"_self\" role=\"button\" rel=\"noopener\">\n\t\t\t\t\t\t\tDescubrir\n\t\t\t\t\t<\/a>\n\t\t\t\t<p>En la primera categor\u00eda de barandillas para industrias se encuentran las autoportantes. Se diferencian de los otros grupos en que no est\u00e1n fijadas a la estructura y se mantienen inm\u00f3viles gracias a un contrapeso. Se utilizan principalmente en zonas altas inaccesibles al p\u00fablico, como las cubiertas. Las barandillas para industrias autoportantes suelen ser de aluminio. S\u00f3lidas y resistentes al paso del tiempo, las barandillas autoportantes figuran entre las m\u00e1s utilizadas. En Espa\u00f1a, se rigen por la norma EN ISO 14122. Adem\u00e1s, este tipo de barandillas autoportantes en su modelo abatibles son muy pr\u00e1cticas. No necesitan tocar la impermeabilizaci\u00f3n de la estructura y permiten mantener la est\u00e9tica del edificio desde el exterior.<\/p>\n<p>Las barandillas fijas son el tipo de barandilla m\u00e1s utilizado en numerosos campos de actividad. En la industria se utilizan productos agresivos, cargas pesadas e incluso m\u00e1quinas, de ah\u00ed la importancia de las protecciones colectivas fijas. Por ello, la mayor\u00eda de las veces, se utilizan las barandillas de acero y se fijan a una pasarela mediante soldadura. Este tipo de barandilla industrial es resistente a los impactos y garantiza la seguridad permanente del emplazamiento.<\/p>\n<p>Las barandillas industriales a medida proporcionan seguridad a las pasarelas, escaleras e incluso plataformas elevadas. Se dise\u00f1an y adaptan al tipo de edificio o zona de tr\u00e1nsito, su finalidad o las especificaciones del cliente. La instalaci\u00f3n de este tipo de barandilla industrial debe realizarla un profesional. La normativa obliga a las empresas a instalar un sistema de seguridad para las zonas con riesgo en altura.<\/p>\n\t\t\t<h2>GAMESYSTEM, ESPECIALISTA EN BARANDILLAS INDUSTRIALES<\/h2>\t\t\t\n\t\t\t\t\t\t\t\t\t<img decoding=\"async\" loading=\"lazy\" src=\"https:\/\/gamesystem.com\/wp-content\/uploads\/2021\/12\/garde-coprs-inudstriel_0000_IMG_013054.jpg\" alt=\"garde-coprs-inudstriel_0000_IMG_013054\" itemprop=\"image\" height=\"430\" width=\"1100\" srcset=\"https:\/\/gamesystem.com\/wp-content\/uploads\/2021\/12\/garde-coprs-inudstriel_0000_IMG_013054.jpg 1100w, https:\/\/gamesystem.com\/wp-content\/uploads\/2021\/12\/garde-coprs-inudstriel_0000_IMG_013054-300x117.jpg 300w, https:\/\/gamesystem.com\/wp-content\/uploads\/2021\/12\/garde-coprs-inudstriel_0000_IMG_013054-1024x400.jpg 1024w, https:\/\/gamesystem.com\/wp-content\/uploads\/2021\/12\/garde-coprs-inudstriel_0000_IMG_013054-768x300.jpg 768w\" sizes=\"(max-width: 1100px) 100vw, 1100px\" title=\"garde-coprs-inudstriel_0000_IMG_013054\" onerror=\"this.style.display='none'\"  \/>\n\t\t\t\t<p>Gamesystem es una empresa que trabaja para garantizar la seguridad de los trabajos en altura. Adem\u00e1s, cuenta con las certificaciones necesarias y exigidas para garantizar la seguridad de los trabajadores con este tipo de protecciones colectivas. Nuestra empresa de seguridad en altura, tambi\u00e9n le ofrece un asesoramiento permanente para la actualizaci\u00f3n continua de sus instalaciones.<\/p>\n<p>Gamesystem lleva a cabo la instalaci\u00f3n de sistemas de protecci\u00f3n colectiva, como las barandillas industriales, en una ubicaci\u00f3n espec\u00edfica. La normativa obliga a las empresas y profesionales a establecer un sistema de seguridad actualizado para los trabajos en altura.<\/p>\n\n","protected":false},"excerpt":{"rendered":"<p>Barandilla para industrias Los trabajos en altura requieren una protecci\u00f3n individual y colectiva para evitar las ca\u00eddas. Este tipo de trabajo es peligroso por su propia naturaleza, por lo que&hellip;<\/p>\n","protected":false},"author":2,"featured_media":0,"parent":0,"menu_order":0,"comment_status":"closed","ping_status":"closed","template":"","meta":[],"_links":{"self":[{"href":"https:\/\/gamesystem.com\/es\/wp-json\/wp\/v2\/pages\/37367"}],"collection":[{"href":"https:\/\/gamesystem.com\/es\/wp-json\/wp\/v2\/pages"}],"about":[{"href":"https:\/\/gamesystem.com\/es\/wp-json\/wp\/v2\/types\/page"}],"author":[{"embeddable":true,"href":"https:\/\/gamesystem.com\/es\/wp-json\/wp\/v2\/users\/2"}],"replies":[{"embeddable":true,"href":"https:\/\/gamesystem.com\/es\/wp-json\/wp\/v2\/comments?post=37367"}],"version-history":[{"count":0,"href":"https:\/\/gamesystem.com\/es\/wp-json\/wp\/v2\/pages\/37367\/revisions"}],"wp:attachment":[{"href":"https:\/\/gamesystem.com\/es\/wp-json\/wp\/v2\/media?parent=37367"}],"curies":[{"name":"wp","href":"https:\/\/api.w.org\/{rel}","templated":true}]}}