{"id":37358,"date":"2021-12-21T16:08:58","date_gmt":"2021-12-21T15:08:58","guid":{"rendered":"https:\/\/gamesystem.com\/garde-corps-leste\/"},"modified":"2023-07-04T16:08:50","modified_gmt":"2023-07-04T14:08:50","slug":"barandilla-autoportante-2","status":"publish","type":"page","link":"https:\/\/gamesystem.com\/es\/barandilla-autoportante-2\/","title":{"rendered":"Barandilla autoportante"},"content":{"rendered":"\n\n\t\t\t<h1>Barandilla autoportante<\/h1>\t\t\t\n\t\t\t\t<p>Es esencial garantizar la seguridad de los trabajadores durante las operaciones de mantenimiento. Por esta raz\u00f3n, deben estar equipados con los equipos de protecci\u00f3n colectiva y\/o individual indispensables para el buen desarrollo de su actividad. Si desea mejorar sus instalaciones para una seguridad \u00f3ptima, es absolutamente necesario que disponga de una barandilla autoportante. Descubra la normativa de este sistema, los puntos fuertes y d\u00e9biles de una barandilla de seguridad con contrapesos.<\/p>\n\t\t\t<h2>NUEVA BARANDILLA AUTOPORTANTE<\/h2>\t\t\t\n\t\t\t\t<img decoding=\"async\" src=\"https:\/\/gamesystem.com\/wp-content\/uploads\/2021\/12\/garde-coprs-leste-3.jpg\" alt=\"garde coprs lest\u00e9 (3)\" title=\"garde coprs lest\u00e9 (3)\" itemprop=\"image\"\/>\n\t\t<h3>Recta<\/h3>\t\t\t\n\t\t\t\t<img decoding=\"async\" src=\"https:\/\/gamesystem.com\/wp-content\/uploads\/2021\/12\/garde-coprs-leste-4.jpg\" alt=\"garde coprs lest\u00e9 (4)\" title=\"garde coprs lest\u00e9 (4)\" itemprop=\"image\"\/>\n\t\t<h3> Inclinada<\/h3>\t\t\t\n\t\t\t\t<img decoding=\"async\" src=\"https:\/\/gamesystem.com\/wp-content\/uploads\/2021\/12\/garde-coprs-leste-2.jpg\" alt=\"garde coprs lest\u00e9 (2)\" title=\"garde coprs lest\u00e9 (2)\" itemprop=\"image\"\/>\n\t\t<h3>Abatible<\/h3>\t\t\t\n\t\t\t\t<p>Debe saber que las normas relativas a las barandillas autoportantes han cambiado. Se han producido algunas modificaciones, sobre todo en las disposiciones adicionales para este tipo de sistemas. En efecto, la normativa especifica que la barandilla autoportante no puede utilizarse en instalaciones nuevas ni en reparaciones de impermeabilizaci\u00f3n de cubiertas. Por otra parte, s\u00f3lo es posible utilizar este tipo de material en edificios (o estructuras) existentes, siempre que la instalaci\u00f3n de una barandilla fija no sea t\u00e9cnicamente viable en la estructura. Adem\u00e1s, debe asegurarse de que la distancia m\u00e1xima entre dos postes verticales no supere los 1.500 mm. Por \u00faltimo, debe realizar una prueba de viento adicional antes de utilizar la barandilla.<\/p>\n\t\t\t<h2>VISI\u00d3N GENERAL DE LA BARANDILLA AUTOPORTANTE<\/h2>\t\t\t\n\t\t\t\t<img decoding=\"async\" src=\"https:\/\/gamesystem.com\/wp-content\/uploads\/2021\/12\/garde-coprs-leste-5.jpg\" alt=\"garde coprs lest\u00e9 (5)\" title=\"garde coprs lest\u00e9 (5)\" itemprop=\"image\"\/>\n\t\t\t\t<p>Uno de los sistemas de seguridad m\u00e1s utilizados por los trabajadores es la barandilla autoportante. Este sistema de protecci\u00f3n colectiva es un conjunto de elementos que forman una barrera protectora. Se utiliza para delimitar una zona peligrosa y evitar que el trabajador caiga accidentalmente. Se instala en edificios industriales y\/o en la periferia de cubiertas planas para reforzar la seguridad de las intervenciones. Como fabricantes de escaleras verticales y barandillas autoportantes, \u00a1somos su mejor aliado para cualquier compra de equipos de protecci\u00f3n colectiva!<\/p>\n\n","protected":false},"excerpt":{"rendered":"<p>Barandilla autoportante Es esencial garantizar la seguridad de los trabajadores durante las operaciones de mantenimiento. Por esta raz\u00f3n, deben estar equipados con los equipos de protecci\u00f3n colectiva y\/o individual indispensables&hellip;<\/p>\n","protected":false},"author":2,"featured_media":0,"parent":0,"menu_order":0,"comment_status":"closed","ping_status":"closed","template":"","meta":[],"_links":{"self":[{"href":"https:\/\/gamesystem.com\/es\/wp-json\/wp\/v2\/pages\/37358"}],"collection":[{"href":"https:\/\/gamesystem.com\/es\/wp-json\/wp\/v2\/pages"}],"about":[{"href":"https:\/\/gamesystem.com\/es\/wp-json\/wp\/v2\/types\/page"}],"author":[{"embeddable":true,"href":"https:\/\/gamesystem.com\/es\/wp-json\/wp\/v2\/users\/2"}],"replies":[{"embeddable":true,"href":"https:\/\/gamesystem.com\/es\/wp-json\/wp\/v2\/comments?post=37358"}],"version-history":[{"count":0,"href":"https:\/\/gamesystem.com\/es\/wp-json\/wp\/v2\/pages\/37358\/revisions"}],"wp:attachment":[{"href":"https:\/\/gamesystem.com\/es\/wp-json\/wp\/v2\/media?parent=37358"}],"curies":[{"name":"wp","href":"https:\/\/api.w.org\/{rel}","templated":true}]}}