{"id":37354,"date":"2021-12-21T16:04:17","date_gmt":"2021-12-21T15:04:17","guid":{"rendered":"https:\/\/gamesystem.com\/garde-corps-autoportant\/"},"modified":"2023-07-04T16:07:55","modified_gmt":"2023-07-04T14:07:55","slug":"barandilla-autoportante","status":"publish","type":"page","link":"https:\/\/gamesystem.com\/es\/barandilla-autoportante\/","title":{"rendered":"Barandilla autoportante"},"content":{"rendered":"\r\n<h1>Barandilla autoportante<\/h1>\r\n<p>Para garantizar una seguridad \u00f3ptima, nuestras barandillas autoportantes pueden asegurar la cubierta de un edificio para evitar la ca\u00edda perimetral del personal que accede a la misma. Descubra todo lo que necesita saber sobre las barandillas y las ventajas que ofrecen en materia de seguridad.<\/p>\r\n<p>Todos los edificios de empresas est\u00e1n sujetos al riesgo de ca\u00edda desde las cubiertas, independientemente de la altura. La instalaci\u00f3n de barandillas autoportantes permite evitar estos riesgos asegurando el estado de la cubierta de la mejor manera posible. Este tipo de protecci\u00f3n colectiva es la forma m\u00e1s eficaz de prevenir los riesgos. Existen diferentes tipos de barandillas, la barandilla fija recta, la barandilla fija inclinada y la barandilla plegable. Para saber cu\u00e1l elegir, primero tendr\u00e1 que hacer un estudio de su situaci\u00f3n y necesidades. En este apartado, veremos los criterios que hay que tener en cuenta a la hora de instalar una barandilla fija.<\/p>\r\n<h2>TRES TIPOS DE BARANDILLA AUTOPORTANTE<\/h2>\r\n<p><img decoding=\"async\" title=\"garde corps autoportant_0000_STABILIC ALU 3.0 DROIT\" src=\"https:\/\/gamesystem.com\/wp-content\/uploads\/2021\/12\/garde-corps-autoportant_0000_STABILIC-ALU-3.0-DROIT.jpg\" alt=\"garde corps autoportant_0000_STABILIC ALU 3.0 DROIT\" \/><\/p>\r\n<h3>Recta<\/h3>\r\n<p><img decoding=\"async\" title=\"garde corps autoportant_0001_STABILIC ALU 3.0 INCLINE\" src=\"https:\/\/gamesystem.com\/wp-content\/uploads\/2021\/12\/garde-corps-autoportant_0001_STABILIC-ALU-3.0-INCLINE.jpg\" alt=\"garde corps autoportant_0001_STABILIC ALU 3.0 INCLINE\" \/><\/p>\r\n<h3>Inclinada:<\/h3>\r\n<p><img decoding=\"async\" title=\"garde-corps-autoportant-rabattable\" src=\"https:\/\/gamesystem.com\/wp-content\/uploads\/2021\/12\/garde-corps-autoportant-rabattable.jpg\" alt=\"garde-corps-autoportant-rabattable\" \/><\/p>\r\n<h3>Abatible<\/h3>\r\n<p>Una barandilla autoportante es un sistema que ofrece protecci\u00f3n colectiva a un edificio. Se diferencian de otros modelos de barandilla en que no est\u00e1n fijadas a la estructura y se mantienen fijas mediante un contrapeso. Se utilizan principalmente en zonas altas inaccesibles al p\u00fablico, como las cubiertas. Las barandillas autoportantes suelen ser de aluminio. Una vez instalada, la barandilla autoportante permite a las personas acceder a la cubierta en seguridad. La barandilla debe colocarse directamente a la superficie de la cubierta mediante un contrapeso. Existen tres tipos de barandillas autoportantes.<\/p>\r\n<p><u>Autoportante recta:<\/u><\/p>\r\n<p>Es el m\u00e1s utilizado de los tres tipos de barandilla autoportante. La autoportante recta permanecer\u00e1 visible en todo momento desde el exterior, pudiendo retranquearse en algunas situaciones para mantener la est\u00e9tica del edificio con vistas desde la calle.<\/p>\r\n<p><u>Autoportante inclinada:<\/u><\/p>\r\n<p>Este modelo de barandilla tambi\u00e9n es autoportante, como su nombre indica, pero tiene un perfil mucho m\u00e1s inclinado. Esta inclinaci\u00f3n permite integrarla mejor en el edificio haci\u00e9ndola mucho menos visible desde el exterior. Adem\u00e1s, la inclinaci\u00f3n hacia el interior de esta barandilla aleja a los operarios del borde de la cubierta, aumentando as\u00ed el nivel de seguridad.<\/p>\r\n<p><u>Autoportante abatible:<\/u><\/p>\r\n<p>Una barandilla autoportante abatible tiene las mismas propiedades que los dos modelos anteriores, con la particularidad de poder plegarse sobre s\u00ed misma. Una vez plegadas, ya no pueden cumplir su funci\u00f3n y ya no garantizan ninguna seguridad. En cambio, hacen que la instalaci\u00f3n sea totalmente invisible, por lo que resultan muy interesantes para edificios con necesidades est\u00e9ticas espec\u00edficas. Simplemente, desplegando las barandillas, la cubierta puede volver a ser segura en pocos minutos, ideal si hay que realizar trabajos o si un empleado necesita acceder a la misma.<\/p>\r\n<h2>INSTALACI\u00d3N DE LA BARANDILLA AUTOPORTANTE<\/h2>\r\n<p><img decoding=\"async\" title=\"garde-corps-autoportant-installation\" src=\"https:\/\/gamesystem.com\/wp-content\/uploads\/2021\/12\/garde-corps-autoportant-installation.jpg\" alt=\"garde-corps-autoportant-installation\" \/><\/p>\r\n<p>La instalaci\u00f3n de una barandilla autoportante se realiza directamente sobre la cubierta. No requiere ninguna instalaci\u00f3n especial. La estabilidad del conjunto est\u00e1 garantizada por una distribuci\u00f3n del contrapeso que permite instalarla sin taladrar. Se trata de una ventaja innegable, no s\u00f3lo por la facilidad de instalaci\u00f3n, sino tambi\u00e9n porque garantiza la estanqueidad del edificio.<\/p>\r\n<p>Si la cubierta no tiene un peto suficientemente alto, es decir, de unos 10 cm, ser\u00e1 necesario un rodapi\u00e9 de protecci\u00f3n.<\/p>\r\n<p>Las barandillas autoportantes tambi\u00e9n tienen la ventaja de no necesitar revisi\u00f3n. Una vez instaladas, no habr\u00e1 costes recurrentes de mantenimiento ni de ninguna otra manipulaci\u00f3n. Por tanto, la inversi\u00f3n \u00fanica desde el inicio de la obra.<\/p>\r\n<h2>\u00bfPOR QU\u00c9 INSTALAR UNA BARANDILLA AUTOPORTANTE?<\/h2>\r\n<p><img decoding=\"async\" title=\"garde-corps-autoportant\" src=\"https:\/\/gamesystem.com\/wp-content\/uploads\/2021\/12\/garde-corps-autoportant.jpg\" alt=\"garde-corps-autoportant\" \/><\/p>\r\n<p>Una barandilla autoportante proporciona una gran seguridad en zonas donde el riesgo de ca\u00edda es elevado. Aunque hay otras soluciones igual de eficaces, no tienen todas las ventajas de una barandilla autoportante.<\/p>\r\n<p>Para empezar, la instalaci\u00f3n de una barandilla autoportante contribuye a evitar los accidentes laborales relacionados con las ca\u00eddas. Por lo tanto, se trata de una instalaci\u00f3n esencial para todas las empresas con personal que tenga que acceder a partes de un edificio con este riesgo. Una empresa que disponga de este tipo de instalaci\u00f3n tiene la ventaja de reducir considerablemente el riesgo de lesiones y de ser reconocida por sus empleados. Algunos oficios se ven m\u00e1s afectados que otros, como los carpinteros, los techadores y todos los trabajos relacionados con la construcci\u00f3n de tejados en general. Suelen trabajar en las cubiertas, por tanto, est\u00e1n expuestos al riesgo de ca\u00eddas, que pueden causar accidentes graves e incluso la muerte.<\/p>\r\n<p>Otra ventaja es su instalaci\u00f3n y su impacto en el edificio. Una barandilla autoportante no requiere ninguna instalaci\u00f3n particular, el sistema se coloca en la superficie del edificio, y su estabilidad est\u00e1 garantizada por un sistema de contrapesos para evitar que se mueva. Adem\u00e1s, es muy f\u00e1cil de montar y desmontar. Es un producto que ocupa poco espacio, est\u00e1 equipado con un perfil de uni\u00f3n que facilita su transporte, un contrapeso y postes verticales premontados que facilitan la instalaci\u00f3n. Pero cuidado, no cualquiera puede instalar este tipo de sistemas, de hecho, la persona que lo instale debe ser un profesional que conozca la normativa asociada a este tipo de actividad.<\/p>\r\n<p>Por \u00faltimo, los materiales utilizados son muy resistentes y pueden soportar cualquier condici\u00f3n meteorol\u00f3gica. No obstante, si la instalaci\u00f3n se encuentra en un lugar cercano al mar o simplemente en una zona muy contaminada, seguramente se propondr\u00e1 un tratamiento adecuado para mejorar su vida \u00fatil.<\/p>\r\n<p>Si desea m\u00e1s informaci\u00f3n sobre este tema, p\u00f3ngase en contacto con nosotros, estaremos encantados de responder a sus preguntas.<\/p>\r\n","protected":false},"excerpt":{"rendered":"<p>Barandilla autoportante Para garantizar una seguridad \u00f3ptima, nuestras barandillas autoportantes pueden asegurar la cubierta de un edificio para evitar la ca\u00edda perimetral del personal que accede a la misma. Descubra&hellip;<\/p>\n","protected":false},"author":2,"featured_media":0,"parent":0,"menu_order":0,"comment_status":"closed","ping_status":"closed","template":"","meta":[],"_links":{"self":[{"href":"https:\/\/gamesystem.com\/es\/wp-json\/wp\/v2\/pages\/37354"}],"collection":[{"href":"https:\/\/gamesystem.com\/es\/wp-json\/wp\/v2\/pages"}],"about":[{"href":"https:\/\/gamesystem.com\/es\/wp-json\/wp\/v2\/types\/page"}],"author":[{"embeddable":true,"href":"https:\/\/gamesystem.com\/es\/wp-json\/wp\/v2\/users\/2"}],"replies":[{"embeddable":true,"href":"https:\/\/gamesystem.com\/es\/wp-json\/wp\/v2\/comments?post=37354"}],"version-history":[{"count":0,"href":"https:\/\/gamesystem.com\/es\/wp-json\/wp\/v2\/pages\/37354\/revisions"}],"wp:attachment":[{"href":"https:\/\/gamesystem.com\/es\/wp-json\/wp\/v2\/media?parent=37354"}],"curies":[{"name":"wp","href":"https:\/\/api.w.org\/{rel}","templated":true}]}}