{"id":37350,"date":"2021-12-21T15:59:33","date_gmt":"2021-12-21T14:59:33","guid":{"rendered":"https:\/\/gamesystem.com\/garde-corps-rabattable\/"},"modified":"2023-07-04T16:51:19","modified_gmt":"2023-07-04T14:51:19","slug":"barandilla-abatible","status":"publish","type":"page","link":"https:\/\/gamesystem.com\/es\/barandilla-abatible\/","title":{"rendered":"Barandilla abatible"},"content":{"rendered":"\n\n\t\t\t<h1>Barandilla abatible<\/h1>\t\t\t\n\t\t\t\t<p>Una barandilla es un sistema de protecci\u00f3n colectiva que evita la ca\u00edda de personas en cubiertas transitables. Puede fijarse directamente a la estructura del edificio o ser autoportante, lo que la hace completamente segura gracias a los contrapesos, sin afectar a la impermeabilizaci\u00f3n de la cubierta. Las barandillas abatibles pueden adaptarse a los requisitos est\u00e9ticos de determinadas situaciones. Una barandilla plegable, fija o autoportante es, por tanto, una soluci\u00f3n muy vers\u00e1til en t\u00e9rminos de seguridad, est\u00e9tica y practicidad, que adem\u00e1s puede ajustarse en funci\u00f3n de los riesgos.<\/p>\n\t\t\t<h2>TRES TIPOS DE BARANDILLAS ABATIBLES<\/h2>\t\t\t\n\t\t\t<h3>BARANDILLA <br \/> AUTOPORTANTE<\/h3>\t\t\t\n\t\t\t<a href=\"https:\/\/gamesystem.com\/es\/barandilla-autoportante\/\" target=\"_self\" role=\"button\" rel=\"noopener\">\n\t\t\t\t\t\t\tDescubrir\n\t\t\t\t\t<\/a>\n\t\t\t<h3>BARANDILLAS <br \/>FIJAS<\/h3>\t\t\t\n\t\t\t<a href=\"https:\/\/gamesystem.com\/es\/barandillas-fijas\/\" target=\"_self\" role=\"button\" rel=\"noopener\">\n\t\t\t\t\t\t\tDescubrir\n\t\t\t\t\t<\/a>\n\t\t\t<h3>BARANDILLAS <br \/> A MEDIDA<\/h3>\t\t\t\n\t\t\t<a href=\"https:\/\/gamesystem.com\/es\/barandillas-a-medida\/\" target=\"_self\" role=\"button\" rel=\"noopener\">\n\t\t\t\t\t\t\tDescubrir\n\t\t\t\t\t<\/a>\n\t\t\t\t<p>En primer lugar, es importante saber qu\u00e9 tipo de barandilla se necesita. Una barandilla fija, sea abatible o no, se ancla directamente a la estructura de la cubierta. La ventaja es la extrema solidez del conjunto, que, cuando es t\u00e9cnicamente posible y no afecta a la estanqueidad de la cubierta, ofrece unas garant\u00edas de seguridad \u00f3ptimas en caso de uso intensivo de la cubierta. La desventaja es que es necesario perforar la estructura, lo que requiere una seria evaluaci\u00f3n previa y el acuerdo del propietario del edificio.<\/p>\n<p>Una alternativa a la barandilla fija es la instalaci\u00f3n de una barandilla autoportante. Se trata de un modelo completamente seguro. La barandilla se coloca en el borde de la cubierta mediante un sistema de contrapesos que pueden adaptarse con o sin peto, fijadas mediante unos tornillos a cada bloque de hormig\u00f3n. La ventaja es que la estructura es desmontable: perfecto si las limitaciones de impermeabilizaci\u00f3n lo exigen, o si no es el propietario del edificio que necesita cubrir.<\/p>\n<p>Tanto si instala una barandilla fija como autoportante, sea abatible o de otro tipo, puede tener limitaciones t\u00e9cnicas. Por ello, se deber\u00e1 realizar un estudio para adaptar la barandilla seg\u00fan sus necesidades. Los riesgos de ca\u00edda se consideran un riesgo importante, y no es aconsejable instalarla dejando espacios sin protecci\u00f3n. Para cumplir las normas de protecci\u00f3n colectiva, hay que cubrir todo el per\u00edmetro, y en algunos casos esto no puede hacerse sin un riguroso estudio e instalaci\u00f3n a medida.<\/p>\n\t\t\t<h2>CENTRARSE EN LA BARANDILLA ABATIBLE<\/h2>\t\t\t\n\t\t\t\t<p>Para una cubierta poco transitable, o en una zona con requisitos est\u00e9ticos especiales, una estructura permanente de aluminio puede no ser aceptable. Por ello, puede resultar \u00fatil instalar una estructura abatible, que s\u00f3lo se pliega cuando se hace uso de la cubierta.<\/p>\n<p>Se trata de un sistema premontado en f\u00e1brica, que consiste en un perfil de aluminio sobre un soporte deslizante que permite abatir la barandilla y volver a levantarla en un solo movimiento. De este modo, cuando la cubierta no se utiliza y los accesos est\u00e1n cerrados, la barandilla deja de ser visible desde el exterior, pero sigue siendo perfectamente segura en cuanto se permite el acceso a la cubierta.<\/p>\n\n","protected":false},"excerpt":{"rendered":"<p>Barandilla abatible Una barandilla es un sistema de protecci\u00f3n colectiva que evita la ca\u00edda de personas en cubiertas transitables. Puede fijarse directamente a la estructura del edificio o ser autoportante,&hellip;<\/p>\n","protected":false},"author":2,"featured_media":0,"parent":0,"menu_order":0,"comment_status":"closed","ping_status":"closed","template":"","meta":[],"_links":{"self":[{"href":"https:\/\/gamesystem.com\/es\/wp-json\/wp\/v2\/pages\/37350"}],"collection":[{"href":"https:\/\/gamesystem.com\/es\/wp-json\/wp\/v2\/pages"}],"about":[{"href":"https:\/\/gamesystem.com\/es\/wp-json\/wp\/v2\/types\/page"}],"author":[{"embeddable":true,"href":"https:\/\/gamesystem.com\/es\/wp-json\/wp\/v2\/users\/2"}],"replies":[{"embeddable":true,"href":"https:\/\/gamesystem.com\/es\/wp-json\/wp\/v2\/comments?post=37350"}],"version-history":[{"count":0,"href":"https:\/\/gamesystem.com\/es\/wp-json\/wp\/v2\/pages\/37350\/revisions"}],"wp:attachment":[{"href":"https:\/\/gamesystem.com\/es\/wp-json\/wp\/v2\/media?parent=37350"}],"curies":[{"name":"wp","href":"https:\/\/api.w.org\/{rel}","templated":true}]}}