{"id":37341,"date":"2021-12-21T15:29:04","date_gmt":"2021-12-21T14:29:04","guid":{"rendered":"https:\/\/gamesystem.com\/ligne-de-vie-verticale\/"},"modified":"2023-07-04T16:57:32","modified_gmt":"2023-07-04T14:57:32","slug":"linea-de-vida-vertical","status":"publish","type":"page","link":"https:\/\/gamesystem.com\/es\/linea-de-vida-vertical\/","title":{"rendered":"L\u00ednea de vida vertical"},"content":{"rendered":"\r\n<h1>L\u00ednea de vida vertical<\/h1>\r\n<p><img decoding=\"async\" src=\"https:\/\/gamesystem.com\/wp-content\/uploads\/2021\/12\/ligne-de-vie-verticale-2.jpg\" alt=\"https:\/\/gamesystem.com\/wp-content\/uploads\/2021\/12\/ligne-de-vie-verticale-2.jpg\" data-no-lazy=\"1\" \/> <img decoding=\"async\" src=\"https:\/\/gamesystem.com\/wp-content\/uploads\/2021\/12\/ligne-de-vie-verticale3.jpg\" alt=\"https:\/\/gamesystem.com\/wp-content\/uploads\/2021\/12\/ligne-de-vie-verticale3.jpg\" data-no-lazy=\"1\" \/> <img decoding=\"async\" src=\"https:\/\/gamesystem.com\/wp-content\/uploads\/2021\/12\/ligne-de-vie-verticale-skc.jpg\" alt=\"https:\/\/gamesystem.com\/wp-content\/uploads\/2021\/12\/ligne-de-vie-verticale-skc.jpg\" data-no-lazy=\"1\" \/> SOLICITA PRESUPUESTO SI TIENES ALGUNA PREGUNTA O NECESIDAD CONTACTA CON NOSOTROS<\/p>\r\n<p><strong>DESCRIPCI\u00d3N<\/strong><\/p>\r\n<p>La l\u00ednea de vida vertical es un sistema de protecci\u00f3n antica\u00eddas seguro y fiable para los trabajadores que realizan tareas en torres, escaleras o pilonas. Evita muchos accidentes mediante el uso de una l\u00ednea de vida vertical y un sistema antica\u00eddas de cable o ra\u00edl. Una l\u00ednea de vida vertical permite la movilidad hacia arriba y hacia abajo a lo largo de toda la l\u00ednea. Este sistema se utiliza en muchos campos: telecomunicaciones, energ\u00eda e\u00f3lica o cualquier otra industria que requiera trabajar en altura en un plano vertical.<\/p>\r\n<p><strong>\u00bfCU\u00c1NDO UTILIZARLO?<\/strong><\/p>\r\n<p>La l\u00ednea de vida vertical es un sistema de protecci\u00f3n individual que consiste en un cable de acero o un ra\u00edl r\u00edgido que protege al trabajador de los accidentes por ca\u00edda durante la realizaci\u00f3n de sus trabajos. Permite al operario trabajar en seguridad cuando se desplaza verticalmente, en una escalera, y le deja libre para ejecutar sus trabajos sin riesgos. Es imprescindible instalarlo cuando el operario trabaje habitualmente en altura y est\u00e9 expuesto al m\u00e1s m\u00ednimo riesgo de ca\u00edda. Se trata de un dispositivo que cumple con la norma EN 353 -1 o -2, que constituye una alternativa a la protecci\u00f3n colectiva, cuando la instalaci\u00f3n de esta \u00faltima no es posible debido a limitaciones t\u00e9cnicas o estructurales, o cuando simplemente no es \u00fatil en funci\u00f3n del contexto de trabajo.<\/p>\r\n<h2>\u00bfC\u00d3MO FUNCIONA LA L\u00cdNEA DE VIDA VERTICAL?<\/h2>\r\n<p>Este dispositivo de seguridad consta de un punto de anclaje superior al que se fija un sistema de seguridad flexible, como un cable, o r\u00edgido, como un ra\u00edl, y un sistema de absorci\u00f3n para evitar lesiones en caso de ca\u00edda. A continuaci\u00f3n, el operario se conecta al dispositivo de seguridad mediante un dispositivo de traslaci\u00f3n que le permitir\u00e1 desplazarse por toda la longitud de la l\u00ednea con seguridad y que puede bloquearse autom\u00e1ticamente en caso de ca\u00edda.<\/p>\r\n<h2>LAS VENTAJAS DE LA L\u00cdNEA DE VIDA VERTICAL<\/h2>\r\n<p><strong>Pr\u00e1ctico<\/strong><\/p>\r\n<p>Una vez instalada, la l\u00ednea de vida vertical no requiere ninguna manipulaci\u00f3n adicional para asegurar a los trabajadores, y les permitir\u00e1 trabajar sin impedimentos.<\/p>\r\n<p><strong>F\u00e1cil de instalar<\/strong><\/p>\r\n<p>La instalaci\u00f3n del dispositivo es muy sencilla y no requiere conocimientos especiales.<\/p>\r\n<p><strong>Seguridad<\/strong><br \/>La l\u00ednea vertical y su dispositivo de bloqueo permiten a los operarios desplazarse libremente por la l\u00ednea y s\u00f3lo se activa en caso de ca\u00edda.<\/p>\r\n<p><strong><br \/>Resistente<\/strong><br \/>Se trata de un sistema que cumple las normas de seguridad europeas, est\u00e1 fabricado en acero inoxidable y puede soportar la carga del trabajador y sus movimientos, adem\u00e1s de evitar da\u00f1os en el cable u otros soportes de seguridad.<\/p>\r\n<p>La l\u00ednea de vida vertical es una soluci\u00f3n esencial para asegurar a los trabajadores y permitirles moverse en altura con completa flexibilidad. Gamesystem te ayudar\u00e1 a buscar una soluci\u00f3n adaptada a la situaci\u00f3n espec\u00edfica que se plantee. \u00a0<\/p>\r\n","protected":false},"excerpt":{"rendered":"<p>L\u00ednea de vida vertical SOLICITA PRESUPUESTO SI TIENES ALGUNA PREGUNTA O NECESIDAD CONTACTA CON NOSOTROS DESCRIPCI\u00d3N La l\u00ednea de vida vertical es un sistema de protecci\u00f3n antica\u00eddas seguro y fiable&hellip;<\/p>\n","protected":false},"author":2,"featured_media":0,"parent":0,"menu_order":0,"comment_status":"closed","ping_status":"closed","template":"","meta":[],"_links":{"self":[{"href":"https:\/\/gamesystem.com\/es\/wp-json\/wp\/v2\/pages\/37341"}],"collection":[{"href":"https:\/\/gamesystem.com\/es\/wp-json\/wp\/v2\/pages"}],"about":[{"href":"https:\/\/gamesystem.com\/es\/wp-json\/wp\/v2\/types\/page"}],"author":[{"embeddable":true,"href":"https:\/\/gamesystem.com\/es\/wp-json\/wp\/v2\/users\/2"}],"replies":[{"embeddable":true,"href":"https:\/\/gamesystem.com\/es\/wp-json\/wp\/v2\/comments?post=37341"}],"version-history":[{"count":0,"href":"https:\/\/gamesystem.com\/es\/wp-json\/wp\/v2\/pages\/37341\/revisions"}],"wp:attachment":[{"href":"https:\/\/gamesystem.com\/es\/wp-json\/wp\/v2\/media?parent=37341"}],"curies":[{"name":"wp","href":"https:\/\/api.w.org\/{rel}","templated":true}]}}