{"id":37336,"date":"2023-07-04T14:44:38","date_gmt":"2023-07-04T12:44:38","guid":{"rendered":"https:\/\/gamesystem.com\/?page_id=37336"},"modified":"2023-07-04T17:00:40","modified_gmt":"2023-07-04T15:00:40","slug":"punto-de-anclaje-a-la-cubierta","status":"publish","type":"page","link":"https:\/\/gamesystem.com\/es\/punto-de-anclaje-a-la-cubierta\/","title":{"rendered":"Punto de anclaje a la cubierta"},"content":{"rendered":"\n\n\t\t\t<h1>Punto de anclaje a la cubierta<\/h1>\t\t\t\n\t\t\t\t<p>Los operarios que trabajan en altura suelen estar expuestos a posibles situaciones de ca\u00edda, que en la mayor\u00eda de los casos pueden ser mortales. Por eso, es esencial garantizar la seguridad de estos trabajadores con sistemas especialmente adaptados a tus necesidades. Dise\u00f1ado para asegurar distintos tipos de trabajo en altura, el punto de anclaje para cubiertas es ideal para trabajar con seguridad en las mismas. Est\u00e1 disponible en diferentes formas para adaptarse a todas las necesidades, pero tambi\u00e9n a todos los tipos de cubiertas.<\/p>\n\t\t\t<h2>\u00bfPOR QU\u00c9 UTILIZAR ANCLAJES?<\/h2>\t\t\t\n\t\t\t\t\t\t\t\t\t<img decoding=\"async\" loading=\"lazy\" src=\"https:\/\/gamesystem.com\/wp-content\/uploads\/2021\/12\/point-ancrage-toiture4.jpg\" alt=\"point-ancrage-toiture4\" itemprop=\"image\" height=\"264\" width=\"1100\" srcset=\"https:\/\/gamesystem.com\/wp-content\/uploads\/2021\/12\/point-ancrage-toiture4.jpg 1100w, https:\/\/gamesystem.com\/wp-content\/uploads\/2021\/12\/point-ancrage-toiture4-300x72.jpg 300w, https:\/\/gamesystem.com\/wp-content\/uploads\/2021\/12\/point-ancrage-toiture4-1024x246.jpg 1024w, https:\/\/gamesystem.com\/wp-content\/uploads\/2021\/12\/point-ancrage-toiture4-768x184.jpg 768w\" sizes=\"(max-width: 1100px) 100vw, 1100px\" title=\"point-ancrage-toiture4\" onerror=\"this.style.display='none'\"  \/>\n\t\t\t\t<p>El punto de anclaje es un complemento del sistema de seguridad habitual para prevenir todos los riesgos de ca\u00edda. Es necesario siempre que un operario tenga que trabajar en una zona elevada, como cubiertas o fachadas, pero tambi\u00e9n en terrazas. Puede adaptarse a las distintas situaciones para trabajar en las mejores condiciones posibles y cumplir su misi\u00f3n. Estos sistemas son especialmente importantes cuando se trabaja en una cubierta. La instalaci\u00f3n de puntos de anclaje fijos puede ser una buena soluci\u00f3n si hay pasos frecuentes, para que los trabajadores puedan asegurarse f\u00e1cilmente cada vez que pisen la cubierta.<\/p>\n\t\t\t<h2>\u00bfD\u00d3NDE INSTALAR UN PUNTO DE ANCLAJE?<\/h2>\t\t\t\n\t\t\t\t<p>Los puntos de anclaje deben instalarse en lugares estrat\u00e9gicos de f\u00e1cil acceso para los operarios. Tambi\u00e9n deben fijarse a estructuras de recepci\u00f3n fiables. Adem\u00e1s, deben ser aptos para todo tipo de apoyos que pueda ofrecer una cubierta. Por ello, disponemos de puntos de anclaje para todo tipo de situaciones, hormig\u00f3n, panel s\u00e1ndwich, chapa met\u00e1lica, etc. Este sistema tambi\u00e9n est\u00e1 disponible para cubiertas de zinc.<\/p>\n<p>Las cubiertas de tejas tambi\u00e9n tienen su propio sistema de seguridad. El punto de anclaje proporciona un sistema de fijaci\u00f3n que busca su apoyo bajo las tejas para mayor seguridad. Del mismo modo, para cubiertas planas, el punto de anclaje es ideal y puede fijarse directamente a una losa de hormig\u00f3n compatible con diferentes tipos de cubiertas, planas e inclinadas.<\/p>\n\n","protected":false},"excerpt":{"rendered":"<p>Punto de anclaje a la cubierta Los operarios que trabajan en altura suelen estar expuestos a posibles situaciones de ca\u00edda, que en la mayor\u00eda de los casos pueden ser mortales.&hellip;<\/p>\n","protected":false},"author":2,"featured_media":0,"parent":0,"menu_order":0,"comment_status":"closed","ping_status":"closed","template":"","meta":[],"_links":{"self":[{"href":"https:\/\/gamesystem.com\/es\/wp-json\/wp\/v2\/pages\/37336"}],"collection":[{"href":"https:\/\/gamesystem.com\/es\/wp-json\/wp\/v2\/pages"}],"about":[{"href":"https:\/\/gamesystem.com\/es\/wp-json\/wp\/v2\/types\/page"}],"author":[{"embeddable":true,"href":"https:\/\/gamesystem.com\/es\/wp-json\/wp\/v2\/users\/2"}],"replies":[{"embeddable":true,"href":"https:\/\/gamesystem.com\/es\/wp-json\/wp\/v2\/comments?post=37336"}],"version-history":[{"count":0,"href":"https:\/\/gamesystem.com\/es\/wp-json\/wp\/v2\/pages\/37336\/revisions"}],"wp:attachment":[{"href":"https:\/\/gamesystem.com\/es\/wp-json\/wp\/v2\/media?parent=37336"}],"curies":[{"name":"wp","href":"https:\/\/api.w.org\/{rel}","templated":true}]}}