{"id":37330,"date":"2021-12-21T14:37:02","date_gmt":"2021-12-21T13:37:02","guid":{"rendered":"https:\/\/gamesystem.com\/reglementation-ligne-de-vie\/"},"modified":"2023-07-04T16:55:09","modified_gmt":"2023-07-04T14:55:09","slug":"normativa-sobre-lineas-de-vida","status":"publish","type":"page","link":"https:\/\/gamesystem.com\/es\/normativa-sobre-lineas-de-vida\/","title":{"rendered":"Normativa sobre l\u00edneas de vida"},"content":{"rendered":"\r\n<h1>Normativa sobre l\u00edneas de vida<\/h1>\r\n<p>El sistema de protecci\u00f3n es fundamental, ya que garantiza la seguridad de los trabajadores durante sus intervenciones. Puede ser un EPC (Equipo de Protecci\u00f3n Colectiva) o un EPI (Equipo de Protecci\u00f3n Individual, como una l\u00ednea de vida). Ambos tipos de equipos permiten a los operarios realizar su trabajo en las mejores condiciones posibles y con seguridad. Centr\u00e9monos aqu\u00ed en la l\u00ednea de vida y su normativa<\/p>\r\n<h2>\u00bfQU\u00c9 NORMATIVA SE APLICA A LA L\u00cdNEA DE VIDA?<\/h2>\r\n<p><img decoding=\"async\" loading=\"lazy\" title=\"R\u00e9glementation-ligne-de-vie\" src=\"https:\/\/gamesystem.com\/wp-content\/uploads\/2021\/12\/Reglementation-ligne-de-vie.jpg\" sizes=\"(max-width: 1100px) 100vw, 1100px\" srcset=\"https:\/\/gamesystem.com\/wp-content\/uploads\/2021\/12\/Reglementation-ligne-de-vie.jpg 1100w, https:\/\/gamesystem.com\/wp-content\/uploads\/2021\/12\/Reglementation-ligne-de-vie-300x72.jpg 300w, https:\/\/gamesystem.com\/wp-content\/uploads\/2021\/12\/Reglementation-ligne-de-vie-1024x246.jpg 1024w, https:\/\/gamesystem.com\/wp-content\/uploads\/2021\/12\/Reglementation-ligne-de-vie-768x184.jpg 768w\" alt=\"R\u00e9glementation-ligne-de-vie\" width=\"1100\" height=\"264\" \/><\/p>\r\n<p>La l\u00ednea de vida debe cumplir la norma EN 795 que define varios niveles de prestaciones. Es posible elegir diferentes modelos de l\u00ednea de vida (Ra\u00edl de tipo D o cable de tipo C). La legislaci\u00f3n sobre l\u00edneas de vida estipula que esta misma debe asegurar un n\u00famero determinado de personas.<\/p>\r\n<p>Seg\u00fan la normativa, la seguridad de las cubiertas y la de los operarios que trabajan en ella son primordiales. Para ello, los trabajadores pueden recurrir al uso de una l\u00ednea de vida de cable horizontal. Este dispositivo permite al usuario desplazarse y realizar su trabajo con seguridad mientras trabajan en altura. Gracias a este cable flexible, el usuario disfruta de movimientos suaves durante el desplazamiento. Estos sistemas antica\u00eddas pueden instalarse en distintas ubicaciones.<\/p>\r\n<p>La l\u00ednea de vida horizontal de ra\u00edl tambi\u00e9n garantiza esa suavidad de movimientos. Es un sistema que se utiliza para trabajos con desplazamientos de corta longitud.<\/p>\r\n<p>La l\u00ednea de vida vertical se utiliza para asegurar los desplazamientos verticales a lo largo de una escalera, una torre de telecomunicaciones o una pilona. El ra\u00edl vertical o la l\u00ednea de vida de cable asegura el ascenso y descenso de los operarios.<\/p>\r\n<p>La l\u00ednea de vida temporal es un sistema que asegura las intervenciones en altura y se caracteriza por su facilidad de montaje y desmontaje durante un breve periodo de tiempo.<\/p>\r\n","protected":false},"excerpt":{"rendered":"<p>Normativa sobre l\u00edneas de vida El sistema de protecci\u00f3n es fundamental, ya que garantiza la seguridad de los trabajadores durante sus intervenciones. Puede ser un EPC (Equipo de Protecci\u00f3n Colectiva)&hellip;<\/p>\n","protected":false},"author":2,"featured_media":0,"parent":0,"menu_order":0,"comment_status":"closed","ping_status":"closed","template":"","meta":[],"_links":{"self":[{"href":"https:\/\/gamesystem.com\/es\/wp-json\/wp\/v2\/pages\/37330"}],"collection":[{"href":"https:\/\/gamesystem.com\/es\/wp-json\/wp\/v2\/pages"}],"about":[{"href":"https:\/\/gamesystem.com\/es\/wp-json\/wp\/v2\/types\/page"}],"author":[{"embeddable":true,"href":"https:\/\/gamesystem.com\/es\/wp-json\/wp\/v2\/users\/2"}],"replies":[{"embeddable":true,"href":"https:\/\/gamesystem.com\/es\/wp-json\/wp\/v2\/comments?post=37330"}],"version-history":[{"count":0,"href":"https:\/\/gamesystem.com\/es\/wp-json\/wp\/v2\/pages\/37330\/revisions"}],"wp:attachment":[{"href":"https:\/\/gamesystem.com\/es\/wp-json\/wp\/v2\/media?parent=37330"}],"curies":[{"name":"wp","href":"https:\/\/api.w.org\/{rel}","templated":true}]}}