{"id":37326,"date":"2021-12-21T14:24:46","date_gmt":"2021-12-21T13:24:46","guid":{"rendered":"https:\/\/gamesystem.com\/verification-ligne-de-vie\/"},"modified":"2023-07-04T16:55:18","modified_gmt":"2023-07-04T14:55:18","slug":"revision-linea-de-vida","status":"publish","type":"page","link":"https:\/\/gamesystem.com\/es\/revision-linea-de-vida\/","title":{"rendered":"Revisi\u00f3n linea de vida"},"content":{"rendered":"\r\n<h1>Revisi\u00f3n linea de vida<\/h1>\r\n<p>Los sistemas antica\u00eddas, como las l\u00edneas de vida, se instalan de forma permanente en una estructura y permiten realizar trabajos en altura cuando no es posible instalar un sistema de protecci\u00f3n colectiva. Cualquier trabajo en altura es fuente de muchos accidentes. Por tanto, para protegerse de posibles ca\u00eddas de altura y garantizar la seguridad de los trabajadores, es obligatorio revisar peri\u00f3dicamente las l\u00edneas de vida. La verificaci\u00f3n del sistema de l\u00edneas de vida es obligatoria para cualquier responsable que requiera regularmente que los operarios trabajen en altura. De esta forma, garantizan la protecci\u00f3n de estos \u00faltimos contra ca\u00eddas y accidentes.<\/p>\r\n<h2>NUESTRO SERVICIO: REVISI\u00d3N Y MANTENIMIENTO DE L\u00cdNEAS DE VIDA<\/h2>\r\n<p><img decoding=\"async\" loading=\"lazy\" title=\"v\u00e9rification-ligne-de-vie\" src=\"https:\/\/gamesystem.com\/wp-content\/uploads\/2021\/12\/verification-ligne-de-vie.jpg\" sizes=\"(max-width: 1100px) 100vw, 1100px\" srcset=\"https:\/\/gamesystem.com\/wp-content\/uploads\/2021\/12\/verification-ligne-de-vie.jpg 1100w, https:\/\/gamesystem.com\/wp-content\/uploads\/2021\/12\/verification-ligne-de-vie-300x72.jpg 300w, https:\/\/gamesystem.com\/wp-content\/uploads\/2021\/12\/verification-ligne-de-vie-1024x246.jpg 1024w, https:\/\/gamesystem.com\/wp-content\/uploads\/2021\/12\/verification-ligne-de-vie-768x184.jpg 768w\" alt=\"v\u00e9rification-ligne-de-vie\" width=\"1100\" height=\"264\" \/><\/p>\r\n<p>Para garantizar la seguridad de los operarios, pero tambi\u00e9n para garantizar que sus sistemas de anclaje cumplen los requisitos de las normas vigentes, podemos revisar la l\u00ednea de vida de sus instalaciones.<\/p>\r\n<p>Gamesystem realiza la comprobaci\u00f3n y verificaci\u00f3n de la resistencia de la l\u00ednea de vida, que a veces puede presentar deficiencias con el tiempo. Por ello, realizamos un an\u00e1lisis y una inspecci\u00f3n de las partes de este sistema de l\u00ednea de vida. Esto incluye un examen minucioso del punto de anclaje y\/o sus componentes en busca de desgaste, deformaci\u00f3n o corrosi\u00f3n.<\/p>\r\n<p>Adem\u00e1s, nuestro servicio se extiende tambi\u00e9n al mantenimiento de las l\u00edneas de vida, sustituyendo las piezas que presenten deficiencias siempre que pueda realizarse en el mismo momento. Una vez realizada la comprobaci\u00f3n de la l\u00ednea de vida, elaboramos un informe detallado de su estado.<\/p>\r\n<h2>OBLIGATORIEDAD DE REVISAR LA L\u00cdNEA DE VIDA<\/h2>\r\n<p>Para garantizar la seguridad de los operarios, pero tambi\u00e9n para garantizar que sus sistemas de anclaje cumplen los requisitos de las normas vigentes, podemos revisar la l\u00ednea de vida de sus instalaciones.<\/p>\r\n<p>Gamesystem realiza la comprobaci\u00f3n y verificaci\u00f3n de la resistencia de la l\u00ednea de vida, que a veces puede presentar deficiencias con el tiempo. Por ello, realizamos un an\u00e1lisis y una inspecci\u00f3n de las partes de este sistema de l\u00ednea de vida. Esto incluye un examen minucioso del punto de anclaje y\/o sus componentes en busca de desgaste, deformaci\u00f3n o corrosi\u00f3n.<\/p>\r\n<p>Adem\u00e1s, nuestro servicio se extiende tambi\u00e9n al mantenimiento de las l\u00edneas de vida, sustituyendo las piezas que presenten deficiencias siempre que pueda realizarse en el mismo momento. Una vez realizada la comprobaci\u00f3n de la l\u00ednea de vida, elaboramos un informe detallado de su estado.<\/p>\r\n<h2>\u00bfPOR QU\u00c9 RECURRIR A UN EXPERTO PARA LA REVISI\u00d3N?<\/h2>\r\n<p>Se recomienda una persona capacitada para realizar un estudio completo de las l\u00edneas de vida. Este profesional debe estar capacitado para llevar a cabo una inspecci\u00f3n, no s\u00f3lo t\u00e9cnica, sino tambi\u00e9n reglamentaria. Gracias a su experiencia, puede detectar r\u00e1pidamente las anomal\u00edas y el deterioro de los componentes de una l\u00ednea de vida. Y tras una inspecci\u00f3n minuciosa del sistema de protecci\u00f3n, es capaz de determinar un plan de acci\u00f3n. Con una amplia experiencia en la materia, este profesional es capaz de realizar el mantenimiento preventivo para que la l\u00ednea de vida cumpla la norma (NF EN 795 sistema de protecci\u00f3n de tipo C).<\/p>\r\n","protected":false},"excerpt":{"rendered":"<p>Revisi\u00f3n linea de vida Los sistemas antica\u00eddas, como las l\u00edneas de vida, se instalan de forma permanente en una estructura y permiten realizar trabajos en altura cuando no es posible&hellip;<\/p>\n","protected":false},"author":2,"featured_media":0,"parent":0,"menu_order":0,"comment_status":"closed","ping_status":"closed","template":"","meta":[],"_links":{"self":[{"href":"https:\/\/gamesystem.com\/es\/wp-json\/wp\/v2\/pages\/37326"}],"collection":[{"href":"https:\/\/gamesystem.com\/es\/wp-json\/wp\/v2\/pages"}],"about":[{"href":"https:\/\/gamesystem.com\/es\/wp-json\/wp\/v2\/types\/page"}],"author":[{"embeddable":true,"href":"https:\/\/gamesystem.com\/es\/wp-json\/wp\/v2\/users\/2"}],"replies":[{"embeddable":true,"href":"https:\/\/gamesystem.com\/es\/wp-json\/wp\/v2\/comments?post=37326"}],"version-history":[{"count":0,"href":"https:\/\/gamesystem.com\/es\/wp-json\/wp\/v2\/pages\/37326\/revisions"}],"wp:attachment":[{"href":"https:\/\/gamesystem.com\/es\/wp-json\/wp\/v2\/media?parent=37326"}],"curies":[{"name":"wp","href":"https:\/\/api.w.org\/{rel}","templated":true}]}}