{"id":37322,"date":"2021-12-21T13:50:34","date_gmt":"2021-12-21T12:50:34","guid":{"rendered":"https:\/\/gamesystem.com\/ligne-de-vie-toiture\/"},"modified":"2023-07-04T14:32:12","modified_gmt":"2023-07-04T12:32:12","slug":"linea-de-vida-en-cubierta","status":"publish","type":"page","link":"https:\/\/gamesystem.com\/es\/linea-de-vida-en-cubierta\/","title":{"rendered":"L\u00ednea de vida en cubierta"},"content":{"rendered":"\n\n\t\t\t<h1>L\u00ednea de vida en cubierta<\/h1>\t\t\t\n\t\t\t\t<p>La l\u00ednea de vida en cubierta es un sistema de anclaje permanente con la que un operario puede desplazarse con seguridad por una cubierta, independientemente del tipo de tejado, ya sea de acero, hormig\u00f3n u otro. Este dispositivo de seguridad es una garant\u00eda contra posibles ca\u00eddas desde puntos elevados y tambi\u00e9n permite que una persona se desplace suavemente evitando la ca\u00edda. La l\u00ednea de vida para cubiertas est\u00e1 formada por un soporte de anclaje horizontal flexible y un cable de acero inoxidable de 8 mm de di\u00e1metro. Los anclajes estructurales intermedios y los soportes de cada extremidad sujetan la l\u00ednea de vida a la cubierta. Este sistema de protecci\u00f3n antica\u00eddas est\u00e1 equipado con un sistema de absorci\u00f3n de energ\u00eda situado en la extremidad que act\u00faa en caso de ca\u00edda absorbiendo las fuerzas producidas.<\/p>\n\t\t\t<h2>NUESTRA L\u00cdNEA DE VIDA PUEDE INSTALARSE EN DIFERENTES CUBIERTAS<\/h2>\t\t\t\n\t\t\t\t\t\t\t\t\t<img decoding=\"async\" loading=\"lazy\" src=\"https:\/\/gamesystem.com\/wp-content\/uploads\/2021\/12\/ligen-de-vie-toiture.jpg\" alt=\"ligen-de-vie-toiture\" itemprop=\"image\" height=\"264\" width=\"1100\" srcset=\"https:\/\/gamesystem.com\/wp-content\/uploads\/2021\/12\/ligen-de-vie-toiture.jpg 1100w, https:\/\/gamesystem.com\/wp-content\/uploads\/2021\/12\/ligen-de-vie-toiture-300x72.jpg 300w, https:\/\/gamesystem.com\/wp-content\/uploads\/2021\/12\/ligen-de-vie-toiture-1024x246.jpg 1024w, https:\/\/gamesystem.com\/wp-content\/uploads\/2021\/12\/ligen-de-vie-toiture-768x184.jpg 768w\" sizes=\"(max-width: 1100px) 100vw, 1100px\" title=\"ligen-de-vie-toiture\" onerror=\"this.style.display='none'\"  \/>\n\t\t\t\t<p>La l\u00ednea de vida en cubierta es un dispositivo de seguridad, fabricado en acero inoxidable, que puede adaptarse a diversas situaciones.<\/p>\n<p><strong>Cubiertas de zinc<\/strong><\/p>\n<p>La l\u00ednea de vida en una cubierta de zinc se instala mediante tornillo con taco basculante. Adem\u00e1s, se utiliza una junta de EPDM para garantizar la estanqueidad de la cubierta. El sistema se suministra completo con tornillos y dispositivo de sellado. La l\u00ednea de vida de cubierta de zinc puede utilizarse con un carro. Este sistema proporciona a los usuarios un paso f\u00e1cil, c\u00f3modo y eficaz por los puntos intermedios. La instalaci\u00f3n de la l\u00ednea de vida para cubiertas de zinc tambi\u00e9n puede realizarse mediante postes en la estructura del tejado.<\/p>\n<p><strong>Cubiertas planas e inclinadas<\/strong><\/p>\n<p>Para garantizar la seguridad de los operarios en una cubierta plana, debe instalarse una l\u00ednea de vida de cable y\/o un punto de anclaje adaptado a este tipo de cubiertas. Adem\u00e1s, para evitar ca\u00eddas cuando se trabaja en una cubierta inclinada, una l\u00ednea de vida es el sistema m\u00e1s adecuado. Este sistema de protecci\u00f3n permite a los operarios moverse con facilidad por toda la estructura evitando la ca\u00edda en altura.<\/p>\n<p><strong>Cubiertas de hormig\u00f3n<\/strong><\/p>\n<p>La l\u00ednea de vida puede instalarse en una cubierta de hormig\u00f3n mediante un soporte o una pieza con caracter\u00edsticas espec\u00edficas. Este tipo de l\u00ednea de vida en cubierta es estrictamente horizontal, con un \u00e1ngulo m\u00e1ximo admisible de 15\u00b0. Los postes se fijan a la estructura de hormig\u00f3n mediante anclajes qu\u00edmicos.<\/p>\n<p><strong>Cubiertas tipo Deck<\/strong><\/p>\n<p>La l\u00ednea de vida tambi\u00e9n puede instalarse en una cubierta tipo Deck utilizando tornillos con taco basculante, tambi\u00e9n conocidos como &#8220;paraguas&#8221;. La instalaci\u00f3n de esta l\u00ednea de vida para cubiertas tambi\u00e9n puede realizarse sobre paneles de madera conglomerada, paneles OSB o una chapa de acero, pero en este caso la instalaci\u00f3n se realiza con remaches.<\/p>\n<p><strong>Cubiertas de chapa o panel s\u00e1ndwich<\/strong><\/p>\n<p>La l\u00ednea de vida tambi\u00e9n puede instalarse en chapas de acero y paneles s\u00e1ndwich. Este tipo de sistemas de protecci\u00f3n se fija a cubiertas de acero. En este tipo de cubiertas, los soportes intermedios de la l\u00ednea de vida de vida pueden salvarse con un carro de traslaci\u00f3n.<\/p>\n\t\t\t<h2>L\u00cdNES DE VIDA A MEDIDA ADAPTADAS A LAS CUBIERTAS<\/h2>\t\t\t\n\t\t\t\t<p>Cada l\u00ednea de vida, que sirve de protecci\u00f3n contra las ca\u00eddas en altura, es diferente. Sea cual sea el tipo de cubierta, podemos dise\u00f1arlas a medida gracias a nuestra oficina t\u00e9cnica. Contacta con Gamesystem para solicitar la soluci\u00f3n espec\u00edfica de l\u00ednea de vida que necesite seg\u00fan la situaci\u00f3n.<\/p>\n<p>La instalaci\u00f3n de la l\u00ednea de vida cumplir\u00e1 con la normativa europea. Disponemos de montadores propios cualificados con gran experiencia en la instalaci\u00f3n de l\u00edneas de vida en cubierta, de modo que los operarios puedan trabajar y desplazarse por ella con total seguridad. Suministramos l\u00edneas de vida para todo tipo de cubiertas, de conformidad con los requisitos de la normativa vigente.<\/p>\n\t\t\t<h2>PUNTOS FUERTES Y VENTAJAS DE NUESTRA L\u00cdNEA DE VIDA PARA CUBIERTAS<\/h2>\t\t\t\n\t\t\t\t<p><u>Resistencia y durabilidad<\/u><\/p>\n<p>Al estar fabricadas con un material de acero inoxidable de alta calidad, nuestras l\u00edneas de vida para cubiertas tienen la ventaja principal de presentar una excelente resistencia a la corrosi\u00f3n y a la intemperie. Duraderas y resistentes, no se desgastan f\u00e1cilmente con el paso del tiempo.<\/p>\n<p><u>Fiabilidad, sencillez y seguridad \u00f3ptima<\/u><\/p>\n<p>Dise\u00f1amos una l\u00ednea de vida capaz de soportar y garantizar una seguridad \u00f3ptima para m\u00faltiples usuarios. La instalaci\u00f3n de este sistema antica\u00eddas tambi\u00e9n es sencilla y requiere pocas herramientas.<\/p>\n\n","protected":false},"excerpt":{"rendered":"<p>L\u00ednea de vida en cubierta La l\u00ednea de vida en cubierta es un sistema de anclaje permanente con la que un operario puede desplazarse con seguridad por una cubierta, independientemente&hellip;<\/p>\n","protected":false},"author":2,"featured_media":0,"parent":0,"menu_order":0,"comment_status":"closed","ping_status":"closed","template":"","meta":[],"_links":{"self":[{"href":"https:\/\/gamesystem.com\/es\/wp-json\/wp\/v2\/pages\/37322"}],"collection":[{"href":"https:\/\/gamesystem.com\/es\/wp-json\/wp\/v2\/pages"}],"about":[{"href":"https:\/\/gamesystem.com\/es\/wp-json\/wp\/v2\/types\/page"}],"author":[{"embeddable":true,"href":"https:\/\/gamesystem.com\/es\/wp-json\/wp\/v2\/users\/2"}],"replies":[{"embeddable":true,"href":"https:\/\/gamesystem.com\/es\/wp-json\/wp\/v2\/comments?post=37322"}],"version-history":[{"count":0,"href":"https:\/\/gamesystem.com\/es\/wp-json\/wp\/v2\/pages\/37322\/revisions"}],"wp:attachment":[{"href":"https:\/\/gamesystem.com\/es\/wp-json\/wp\/v2\/media?parent=37322"}],"curies":[{"name":"wp","href":"https:\/\/api.w.org\/{rel}","templated":true}]}}