{"id":37311,"date":"2023-07-04T14:23:04","date_gmt":"2023-07-04T12:23:04","guid":{"rendered":"https:\/\/gamesystem.com\/?page_id=37311"},"modified":"2023-07-04T14:26:57","modified_gmt":"2023-07-04T12:26:57","slug":"instalacion-de-una-linea-de-vida","status":"publish","type":"page","link":"https:\/\/gamesystem.com\/es\/instalacion-de-una-linea-de-vida\/","title":{"rendered":"Instalaci\u00f3n de una l\u00ednea de vida"},"content":{"rendered":"\r\n<h1>Instalaci\u00f3n de una l\u00ednea de vida<\/h1>\r\n<p>La l\u00ednea de vida es un sistema de protecci\u00f3n individual especialmente dise\u00f1ado para el desplazamiento en altura. Este sistema antica\u00eddas proporciona los medios para que un operario lleve a cabo su trabajo con total seguridad y tranquilidad en una zona desprotegida donde, sin duda, existe riesgo de ca\u00edda accidental. Ya se trate de cubiertas, puentes gr\u00faa, caminos de rodadura, maquinas o cualquier otro tipo de soluci\u00f3n o estructura, la l\u00ednea de vida de cable es un dispositivo de anclaje que se adapta a todos los tipos de soluciones. Para que sea operativa, eficaz y, sobre todo, fiable, la instalaci\u00f3n de este sistema antica\u00eddas debe realizarse de acuerdo con la norma. Por eso, es importante que la instalaci\u00f3n de este sistema de seguridad requiera la intervenci\u00f3n de un experto en la materia. Adem\u00e1s, este sistema de protecci\u00f3n debe cumplir los requisitos de la norma vigente.<\/p>\r\n<h2>QU\u00c9 HAY QUE SABER PARA INSTALAR UNA L\u00cdNEA DE VIDA DE CABLE.<\/h2>\r\n<p>Existen dos soluciones de l\u00ednea de vida: la l\u00ednea de vida horizontal o de cable y la l\u00ednea de vida vertical. Estos dos sistemas antica\u00eddas son muy diferentes por la \u00fanica raz\u00f3n de que se utilizan e instalan de forma distinta.<\/p>\r\n<p>Las l\u00edneas de vida horizontales de cable deben tener una inclinaci\u00f3n inferior a 15\u00b0 o horizontales. Tambi\u00e9n puede ser vertical, por ejemplo, a lo largo de una escalera. La l\u00ednea de vida consiste en un cable de seguridad flexible. Este cable, sujeto por anclajes fijos, es el punto de conexi\u00f3n con el EPI y constituye una garant\u00eda para que el operario se mueva con seguridad.<\/p>\r\n<p>La l\u00ednea de vida de cable est\u00e1 fabricada con materiales de calidad, con un cable de acero inoxidable de 8 \u00f3 10 mm de di\u00e1metro. Tambi\u00e9n consta de anclajes de extremidad e intermedios que difieren en funci\u00f3n del soporte base. Adem\u00e1s, este dispositivo de seguridad tambi\u00e9n est\u00e1 dise\u00f1ado con un sistema para pasar por los puntos de anclaje intermedios sin desconectarse. Y para minimizar el efecto de las fuerzas de impacto sobre el sistema en caso de ca\u00edda, la l\u00ednea de vida est\u00e1 equipada con absorbedores de energ\u00eda. Por \u00faltimo, al tratarse de una l\u00ednea de vida horizontal, debe utilizarse con un mosquet\u00f3n o carro de traslaci\u00f3n, seg\u00fan el sistema, que garantiza la conexi\u00f3n entre el sistema antica\u00eddas y la persona. El carro es autoblocante para la l\u00ednea de vida vertical.<\/p>\r\n<h2>INSTALACI\u00d3N DE LA L\u00cdNEA DE VIDA: RECURRA A EXPERTOS PARA LA INSTALACI\u00d3N<\/h2>\r\n<p>La instalaci\u00f3n de una l\u00ednea de vida es un proceso peligroso, sobre todo por el enorme riesgo de ca\u00edda. Dado que est\u00e1 en juego la seguridad de un operario que trabaja en altura, este montaje no debe tomarse a la ligera ni ser realizado por aficionados. Este proceso de instalaci\u00f3n requiere precisi\u00f3n, minuciosidad y experiencia. De ah\u00ed la necesidad de dejar esta tarea en manos de un profesional.<\/p>\r\n<p>Instalamos la l\u00ednea de vida seg\u00fan las normas. Sobre todo porque la instalaci\u00f3n de este sistema de prevenci\u00f3n de ca\u00eddas de cables requiere conocer el producto que se est\u00e1 instalando. Ponemos a disposici\u00f3n un equipo formado, cualificado y autorizado en el \u00e1mbito de los trabajos en altura para instalar la l\u00ednea de vida por cable en condiciones \u00f3ptimas de seguridad.<br \/>Sea cual sea el tipo de soporte -atornillado, sellado qu\u00edmico, perforado, embridado-, el proceso de fijaci\u00f3n de una l\u00ednea de vida se elige y se adapta a la estructura en cuesti\u00f3n. Ya se trate de una cubierta inclinada, una cubierta plana, un puente gr\u00faa o cualquier otro tipo de estructura, este sistema antica\u00eddas se adapta f\u00e1cilmente a cualquier entorno de trabajo.<\/p>\r\n<h2>UN SISTEMA DE PREVENCI\u00d3N DE CA\u00cdDAS QUE CUMPLA LAS NORMAS<\/h2>\r\n<p>La l\u00ednea de vida horizontal es un dispositivo antica\u00eddas que cumple los requisitos de la norma europea EN 795 tipo C. En otras palabras, de acuerdo con la normativa, este sistema antica\u00eddas se compone de un soporte flexible, el cable, para garantizar una fiabilidad total. La l\u00ednea de vida vertical cumple los requisitos de la norma EN 353-1. Adem\u00e1s, instalamos la l\u00ednea de vida de cable de acuerdo con la recomendaci\u00f3n R 430 y los requisitos para la instalaci\u00f3n de la l\u00ednea de vida.<\/p>\r\n","protected":false},"excerpt":{"rendered":"<p>Instalaci\u00f3n de una l\u00ednea de vida La l\u00ednea de vida es un sistema de protecci\u00f3n individual especialmente dise\u00f1ado para el desplazamiento en altura. Este sistema antica\u00eddas proporciona los medios para&hellip;<\/p>\n","protected":false},"author":2,"featured_media":0,"parent":0,"menu_order":0,"comment_status":"closed","ping_status":"closed","template":"","meta":[],"_links":{"self":[{"href":"https:\/\/gamesystem.com\/es\/wp-json\/wp\/v2\/pages\/37311"}],"collection":[{"href":"https:\/\/gamesystem.com\/es\/wp-json\/wp\/v2\/pages"}],"about":[{"href":"https:\/\/gamesystem.com\/es\/wp-json\/wp\/v2\/types\/page"}],"author":[{"embeddable":true,"href":"https:\/\/gamesystem.com\/es\/wp-json\/wp\/v2\/users\/2"}],"replies":[{"embeddable":true,"href":"https:\/\/gamesystem.com\/es\/wp-json\/wp\/v2\/comments?post=37311"}],"version-history":[{"count":0,"href":"https:\/\/gamesystem.com\/es\/wp-json\/wp\/v2\/pages\/37311\/revisions"}],"wp:attachment":[{"href":"https:\/\/gamesystem.com\/es\/wp-json\/wp\/v2\/media?parent=37311"}],"curies":[{"name":"wp","href":"https:\/\/api.w.org\/{rel}","templated":true}]}}