{"id":35542,"date":"2021-09-20T16:02:00","date_gmt":"2021-09-20T14:02:00","guid":{"rendered":"https:\/\/gamesystem.com\/equipement-protection-individuelle\/"},"modified":"2025-09-23T14:35:12","modified_gmt":"2025-09-23T12:35:12","slug":"equipos-proteccion-individual","status":"publish","type":"page","link":"https:\/\/gamesystem.com\/es\/equipos-proteccion-individual\/","title":{"rendered":"Equipos De Protecci\u00f3n Individual"},"content":{"rendered":"\n\n\t\t\t<h1>EQUIPOS DE PROTECCI\u00d3N INDIVIDUAL (EPI)<\/h1>\t\t\t\n\t\t\t<h2>ARN\u00c9S<\/h2>\t\t\t\n\t\t\t\t<img decoding=\"async\" src=\"https:\/\/gamesystem.com\/wp-content\/uploads\/2021\/09\/epi-antichute-gamesystem_0007_h1-min.jpg\" alt=\"\" title=\"\" itemprop=\"image\"\/>\n\t\t\tBEAL<h3>Arn\u00e9s HERO PRO <\/h3>\t\t\t\n\t\t\t\t<ul>\n<li>EN 361 \/ EN 358 \/ EN 813<\/li>\n<li>(Talla M\/L)<\/li>\n<li>1 punto de enganche dorsal + 1 esternal<\/li>\n<li>2 puntos laterales + 1 ventral para lasujeci\u00f3n<\/li>\n<li>Reglaje de la talla en la perneras y en los hombros<\/li>\n<li>Hebillas autom\u00e1ticas<\/li>\n<\/ul>\n\t\t\t\t<img decoding=\"async\" src=\"https:\/\/gamesystem.com\/wp-content\/uploads\/2021\/09\/epi-antichute-gamesystem_0008_h2-min.jpg\" alt=\"\" title=\"\" itemprop=\"image\"\/>\n\t\t\tBEAL<h3>Arn\u00e9s STYX FAST <\/h3>\t\t\t\n\t\t\t\t<ul>\n<li>EN 361<\/li>\n<li>1 punto de enganche dorsal + 1 esternal<\/li>\n<li>Reglaje de la talla en las perneras y en los hombros<\/li>\n<li>Hebillas semiautom\u00e1ticas<\/li>\n<\/ul>\n\t\t\t\t<img decoding=\"async\" src=\"https:\/\/gamesystem.com\/wp-content\/uploads\/2021\/09\/epi-antichute-gamesystem_0009_h3-min.jpg\" alt=\"\" title=\"\" itemprop=\"image\"\/>\n\t\t\tKRATOS SAFETY<h3>Arn\u00e9s Chaleco Naranja o Amarillo<\/h3>\t\t\t\n\t\t\t\t<ul>\n<li>EN 361<\/li>\n<li>1 punto de enganche dorsal + 1 esternal<\/li>\n<li>Reglaje de la talla en las perneras y en los hombros<\/li>\n<li>Hebillas autom\u00e1ticas<\/li>\n<\/ul>\n\t\t\t\t<img decoding=\"async\" src=\"https:\/\/gamesystem.com\/wp-content\/uploads\/2021\/09\/epi-antichute-gamesystem_0010_h4-min.jpg\" alt=\"\" title=\"\" itemprop=\"image\"\/>\n\t\t\tKRATOS SAFETY<h3>Arn\u00e9s con fijaci\u00f3n dorsal<\/h3>\t\t\t\n\t\t\t\t<ul>\n<li>EN 361<\/li>\n<li>1 punto de enganche dorsal + 1 esternal,<\/li>\n<li>Reglaje de la talla en las pernerasy en los hombros<\/li>\n<li>Hebillas autom\u00e1ticas<\/li>\n<\/ul>\n\t\t\t\t<img decoding=\"async\" src=\"https:\/\/gamesystem.com\/wp-content\/uploads\/2021\/09\/harnais-unyc-4.jpg\" alt=\"\" title=\"\" itemprop=\"image\"\/>\n\t\t\tUNYC\u00ae<h3>ARN\u00c9S BUDGET<\/h3>\t\t\t\n\t\t\t\t<ul>\n<li>EN 361<\/li>\n<li>2 en las perneras + 1 esternal<\/li>\n<li>1 anilla met\u00e1lica dorsal (A) + 2 bucles textiles cosidos esternales (A\/2)<\/li>\n<\/ul>\n\t\t\t\t<img decoding=\"async\" src=\"https:\/\/gamesystem.com\/wp-content\/uploads\/2021\/09\/harnais-unyc-2.jpg\" alt=\"\" title=\"\" itemprop=\"image\"\/>\n\t\t\tUNYC\u00ae<h3>Harnais comfort<\/h3>\t\t\t\n\t\t\t\t<ul>\n<li>EN 361 \/ EN 358<\/li>\n<li>2 en las perneras + 1 en el cintur\u00f3n + 1 esternal<\/li>\n<li>1 anilla met\u00e1lica dorsal (A) + 2 bucles textiles cosidos esternales (A\/2)<\/li>\n<\/ul>\n\t\t\t\t<img decoding=\"async\" src=\"https:\/\/gamesystem.com\/wp-content\/uploads\/2021\/09\/harnais-unyc-1.jpg\" alt=\"\" title=\"\" itemprop=\"image\"\/>\n\t\t\tUNYC\u00ae<h3>Harnais esential<\/h3>\t\t\t\n\t\t\t\t<ul>\n<li>EN 361<\/li>\n<li>2 en las perneras + 2 en las hombreras + 1 esternal<\/li>\n<li>1 anilla met\u00e1lica dorsal (A) + 1 anilla met\u00e1lica esternal (A)<\/li>\n<\/ul>\n\t\t\t\t<img decoding=\"async\" src=\"https:\/\/gamesystem.com\/wp-content\/uploads\/2021\/09\/harnais-unyc-3.jpg\" alt=\"\" title=\"\" itemprop=\"image\"\/>\n\t\t\tUNYC\u00ae<h3>Harnais expert<\/h3>\t\t\t\n\t\t\t\t<ul>\n<li>EN 361<\/li>\n<li>2 en las perneras + 2 en las hombreras + 1 esternal<\/li>\n<li>1 anilla met\u00e1lica dorsal (A) + 2 anillas met\u00e1licas esternales (A)<\/li>\n<\/ul>\n\t\t\t<h2>EQUIPOS DE AMARRE SIMPLES O DOBLES<\/h2>\t\t\t\n\t\t\t\t<img decoding=\"async\" src=\"https:\/\/gamesystem.com\/wp-content\/uploads\/2021\/09\/epi-antichute-gamesystem_0011_l1-min.jpg\" alt=\"\" title=\"\" itemprop=\"image\"\/>\n\t\t\tGAmesystem<h3>Equipo de amarre doble el\u00e1stico sin absorbedor<\/h3>\t\t\t\n\t\t\t\t<ul>\n<li>EN 354<\/li>\n<li>Conectores acero \/ Aluminio 60 mm<\/li>\n<\/ul>\n\t\t\t\t<img decoding=\"async\" src=\"https:\/\/gamesystem.com\/wp-content\/uploads\/2021\/09\/epi-antichute-gamesystem_0014_l4-min.jpg\" alt=\"\" title=\"\" itemprop=\"image\"\/>\n\t\t\tBEAL<h3>Equipo de amarre doble DYNAPRO AIR HOOK 100 <\/h3>\t\t\t\n\t\t\t\t<ul>\n<li>EN 355<\/li>\n<li>Conectores aluminio<\/li>\n<li>Longitud necesaria 5,4 m<\/li>\n<li>Absorbedor de energ\u00eda<\/li>\n<li>Long. 1m y Long. 1.5 m<\/li>\n<\/ul>\n\t\t\t\t<img decoding=\"async\" src=\"https:\/\/gamesystem.com\/wp-content\/uploads\/2021\/09\/epi-antichute-gamesystem_0015_l5-min.jpg\" alt=\"\" title=\"\" itemprop=\"image\"\/>\n\t\t\tUNYC\u00ae<h3>Equipo de amarre para posicionamiento en el trabajo con conectores<\/h3>\t\t\t\n\t\t\t\t<ul>\n<li>EN 358<\/li>\n<li>2m<\/li>\n<li>Conectores acero<\/li>\n<\/ul>\n\t\t\t\t<img decoding=\"async\" src=\"https:\/\/gamesystem.com\/wp-content\/uploads\/2021\/09\/epi-antichute-gamesystem_0012_l2-min.jpg\" alt=\"\" title=\"\" itemprop=\"image\"\/>\n\t\t\tUNYC\u00ae<h3>Equipo de amarre simple el\u00e1stico con conectores y absorbedor<\/h3>\t\t\t\n\t\t\t\t<ul>\n<li>EN 355<\/li>\n<li>1,7m<\/li>\n<li>Conectores acero<\/li>\n<li>Distancia libre requerida 6 m<\/li>\n<\/ul>\n\t\t\t\t<img decoding=\"async\" src=\"https:\/\/gamesystem.com\/wp-content\/uploads\/2021\/09\/epi-antichute-gamesystem_0013_l3-min.jpg\" alt=\"\" title=\"\" itemprop=\"image\"\/>\n\t\t\tUNYC\u00ae<h3>Equipo de amarre doble el\u00e1stico con conectores y absorbedor<\/h3>\t\t\t\n\t\t\t\t<ul>\n<li>EN 355<\/li>\n<li>1,7m<\/li>\n<li>Conectores acero<\/li>\n<li>Distancia libre requerida 6 m<\/li>\n<\/ul>\n\t\t\t\t<img decoding=\"async\" src=\"https:\/\/gamesystem.com\/wp-content\/uploads\/2021\/09\/epi-antichute-gamesystemt.jpg\" alt=\"\" title=\"\" itemprop=\"image\"\/>\n\t\t\tGAmesystem<h3>Eslinga met\u00e1lica<\/h3>\t\t\t\n\t\t\t\t<ul>\n<li>EN 362, EN 795-B<\/li>\n<li>0,5 \u00e0 2m<\/li>\n<li>Cable acero galvanizado 8 mm<\/li>\n<li>Extremidades con terminales<\/li>\n<li>Funda de protecci\u00f3n de pl\u00e1stico transparente<\/li>\n<\/ul>\n\t\t\t\t<img decoding=\"async\" src=\"https:\/\/gamesystem.com\/wp-content\/uploads\/2021\/09\/epi-antichute-gamesystem_0004_l6-min.jpg\" alt=\"\" title=\"\" itemprop=\"image\"\/>\n\t\t\tPETZL<h3>Equipo de amarre Grillon<\/h3>\t\t\t\n\t\t\t\t<ul>\n<li>EN 358, EN 12841, EN 795<\/li>\n<li>3m y 5m<\/li>\n<\/ul>\n\t\t\t<h2>ANTICA\u00cdDAS RETR\u00c1CTILES DE CINTA O DE CABLE<\/h2>\t\t\t\n\t\t\t\t<img decoding=\"async\" src=\"https:\/\/gamesystem.com\/wp-content\/uploads\/2021\/09\/ANTICHUTE-A-SANGLE-OU-CABLE_0009_FA-20-503-01-min.jpg\" alt=\"\" title=\"\" itemprop=\"image\"\/>\n\t\t\tKRATOS SAFETY<h3>Antica\u00eddas retr\u00e1ctil de cinta 1,75 m<\/h3>\t\t\t\n\t\t\t\t<ul>\n<li>EN 360<\/li>\n<li>Especial trabajo en plataformas (doble arista viva)<\/li>\n<li>Conectores acero \/ Alu 20mm<\/li>\n<li>V\u00e1lido 100 kg<\/li>\n<\/ul>\n\t\t\t\t<img decoding=\"async\" src=\"https:\/\/gamesystem.com\/wp-content\/uploads\/2021\/09\/ANTICHUTE-A-SANGLE-OU-CABLE_0008_FA-20-502-02-min.jpg\" alt=\"\" title=\"\" itemprop=\"image\"\/>\n\t\t\tKRATOS SAFETY<h3>Antica\u00eddas retr\u00e1ctil de cinta 2 m<\/h3>\t\t\t\n\t\t\t\t<ul>\n<li>EN 360<\/li>\n<li>Con absorbedor de energ\u00eda<\/li>\n<li>Conectores acero \/ Aluminio 20 mm<\/li>\n<li>V\u00e1lido 140 kg en utilizaci\u00f3n vertical y 100 kg en utilizaci\u00f3n horizontal<\/li>\n<\/ul>\n\t\t\t\t<img decoding=\"async\" src=\"https:\/\/gamesystem.com\/wp-content\/uploads\/2021\/09\/ANTICHUTE-A-SANGLE-OU-CABLE_0018_antichute-a-rappel-automatique-avec-sangle-polyester-lg-2-m-min.jpg\" alt=\"\" title=\"\" itemprop=\"image\"\/>\n\t\t\tKRATOS SAFETY<h3>Antica\u00eddas retr\u00e1ctil de cinta 2 m<\/h3>\t\t\t\n\t\t\t\t<ul>\n<li>EN 360<\/li>\n<li>Sin absorbedor de energ\u00eda<\/li>\n<li>Conectores acero<\/li>\n<li>V\u00e1lido 140 kg<\/li>\n<\/ul>\n\t\t\t\t<img decoding=\"async\" src=\"https:\/\/gamesystem.com\/wp-content\/uploads\/2021\/09\/ANTICHUTE-A-SANGLE-OU-CABLE_0003_FA-20-504-06B-min.jpg\" alt=\"\" title=\"\" itemprop=\"image\"\/>\n\t\t\tKRATOS SAFETY<h3>Antica\u00eddas retr\u00e1ctil de cinta \/ 3m \/ 6m \/ 12m<\/h3>\t\t\t\n\t\t\t\t<ul>\n<li>EN 360<\/li>\n<li>Conectores acero<\/li>\n<li>V\u00e1lido 140 kg<\/li>\n<\/ul>\n\t\t\t\t<img decoding=\"async\" src=\"https:\/\/gamesystem.com\/wp-content\/uploads\/2021\/09\/ANTICHUTE-A-SANGLE-OU-CABLE_0014_FA-20-402-10B-10S-min.jpg\" alt=\"\" title=\"\" itemprop=\"image\"\/>\n\t\t\tKRATOS SAFETY<h3>Antica\u00eddas retr\u00e1ctil de cable \/ 7m \/ 10m \/ 20m<\/h3>\t\t\t\n\t\t\t\t<ul>\n<li>EN 360<\/li>\n<li>Conectores acero<\/li>\n<li>V\u00e1lido 140 kg<\/li>\n<\/ul>\n\t\t\t\t<img decoding=\"async\" src=\"https:\/\/gamesystem.com\/wp-content\/uploads\/2021\/09\/ANTICHUTE-A-SANGLE-OU-CABLE_0007_FA-20-504-12-min.jpg\" alt=\"\" title=\"\" itemprop=\"image\"\/>\n\t\t\tKRATOS SAFETY<h3>Antica\u00eddas retr\u00e1ctil de cable \/ 15m<\/h3>\t\t\t\n\t\t\t\t<ul>\n<li>EN 360<\/li>\n<li>Conectores acero<\/li>\n<li>V\u00e1lido 140 kg<\/li>\n<\/ul>\n\t\t\t\t<img decoding=\"async\" src=\"https:\/\/gamesystem.com\/wp-content\/uploads\/2021\/09\/ANTICHUTE-A-SANGLE-OU-CABLE_0006_FA-20-600-06-10-min.jpg\" alt=\"\" title=\"\" itemprop=\"image\"\/>\n\t\t\tKRATOS SAFETY<h3>Antica\u00eddas retr\u00e1ctil de cable \/ 30m <\/h3>\t\t\t\n\t\t\t\t<ul>\n<li>Conectores acero<\/li>\n<li>V\u00e1lido 140 kg<\/li>\n<\/ul>\n\t\t\t\t<img decoding=\"async\" src=\"https:\/\/gamesystem.com\/wp-content\/uploads\/2021\/09\/epi-antichute-gamesystem_0024_a12.jpg\" alt=\"\" title=\"\" itemprop=\"image\"\/>\n\t\t\tGamesystem<h3>Protecci\u00f3n para retr\u00e1ctil<\/h3>\t\t\t\n\t\t\t\t<ul>\n<li>Protege de la intemperie<\/li>\n<\/ul>\n\t\t\t\t<img decoding=\"async\" src=\"https:\/\/gamesystem.com\/wp-content\/uploads\/2021\/09\/ANTICHUTE-A-SANGLE-OU-CABLE_0000_image_001867-removebg-preview-min.jpg\" alt=\"\" title=\"\" itemprop=\"image\"\/>\n\t\t\tIKAR<h3>Antica\u00eddas retr\u00e1ctil de cable con recuperador <br \/> 12m \/ 24m \/ 30m<\/h3>\t\t\t\n\t\t\t\t<ul>\n<li>EN 360<\/li>\n<li>Conectores aluminio<\/li>\n<li>V\u00e1lido 100 kg<\/li>\n<\/ul>\n\t\t\t<h2>CONECTOR<\/h2>\t\t\t\n\t\t\t\t<img decoding=\"async\" src=\"https:\/\/gamesystem.com\/wp-content\/uploads\/2021\/09\/epi-antichute-gamesystem_0016_c1-min.jpg\" alt=\"\" title=\"\" itemprop=\"image\"\/>\n\t\t\t<h3>Conector acero 16 mm con bloqueo autom\u00e1tico de doble acci\u00f3n<\/h3>\t\t\t\n\t\t\t\t<ul>\n<li>EN 362<\/li>\n<\/ul>\n\t\t\t\t<img decoding=\"async\" src=\"https:\/\/gamesystem.com\/wp-content\/uploads\/2021\/09\/epi-antichute-gamesystem_0018_c3-min.jpg\" alt=\"\" title=\"\" itemprop=\"image\"\/>\n\t\t\t<h3>Gancho aluminio 23 mm con bloqueo autom\u00e1tico de doble acci\u00f3n<\/h3>\t\t\t\n\t\t\t\t<ul>\n<li>EN 362<\/li>\n<\/ul>\n\t\t\t\t<img decoding=\"async\" src=\"https:\/\/gamesystem.com\/wp-content\/uploads\/2021\/09\/epi-antichute-gamesystem_0017_c2-min.jpg\" alt=\"\" title=\"\" itemprop=\"image\"\/>\n\t\t\t<h3>Conector aluminio 20 mm con bloqueo autom\u00e1tico de triple acci\u00f3n<\/h3>\t\t\t\n\t\t\t\t<ul>\n<li>EN 362<\/li>\n<\/ul>\n\t\t\t\t<img decoding=\"async\" src=\"https:\/\/gamesystem.com\/wp-content\/uploads\/2021\/09\/epi-antichute-gamesystem_0019_c4-min.jpg\" alt=\"\" title=\"\" itemprop=\"image\"\/>\n\t\t\t<h3>Gancho aluminio 60 mm con bloqueo autom\u00e1tico de doble acci\u00f3n<\/h3>\t\t\t\n\t\t\t\t<ul>\n<li>EN 362<\/li>\n<\/ul>\n\t\t\t<h2>P\u00c9RTIGA<\/h2>\t\t\t\n\t\t\t\t<img decoding=\"async\" src=\"https:\/\/gamesystem.com\/wp-content\/uploads\/2021\/09\/perche-antichute-2.jpg\" alt=\"\" title=\"\" itemprop=\"image\"\/>\n\t\t\tgamesystem<h3>P\u00e9rtiga telesc\u00f3pica <br \/> \u00abfija\u00bb<\/h3>\t\t\t\n\t\t\t\t<img decoding=\"async\" src=\"https:\/\/gamesystem.com\/wp-content\/uploads\/2021\/09\/perche-antichute-1.jpg\" alt=\"\" title=\"\" itemprop=\"image\"\/>\n\t\t\tgamesystem<h3>P\u00e9rtigas telesc\u00f3picas<br \/> \u00abcolocaci\u00f3n de gancho\u00bb:<\/h3>\t\t\t\n\t\t\t<h2>CINTAS DE ANCLAJE<\/h2>\t\t\t\n\t\t\t\t<img decoding=\"async\" src=\"https:\/\/gamesystem.com\/wp-content\/uploads\/2021\/09\/epi-antichute-gamesystem_0020_p1-min.jpg\" alt=\"\" title=\"\" itemprop=\"image\"\/>\n\t\t\tKRATOS SAFETY<h3>Cinta de anclaje de 0,8 m, anchura 20 mm<\/h3>\t\t\t\n\t\t\t\t<ul>\n<li>EN 795 tipo B<\/li>\n<\/ul>\n\t\t\t\t<img decoding=\"async\" src=\"https:\/\/gamesystem.com\/wp-content\/uploads\/2021\/09\/sangle-dancrage-kratos.jpg\" alt=\"\" title=\"\" itemprop=\"image\"\/>\n\t\t\tKRATOS SAFETY<h3>Cinta de anclaje de 1,5 m, anchura 20 mm<\/h3>\t\t\t\n\t\t\t\t<ul>\n<li>EN 795 tipo B<\/li>\n<\/ul>\n\t\t\t\t<img decoding=\"async\" src=\"https:\/\/gamesystem.com\/wp-content\/uploads\/2021\/09\/epi-antichute-gamesystem_0021_p2-min.jpg\" alt=\"\" title=\"\" itemprop=\"image\"\/>\n\t\t\tKRATOS SAFETY<h3>Cinta de anclaje de 1,2 m, anchura 20 mm<\/h3>\t\t\t\n\t\t\t\t<ul>\n<li>EN 795 tipo B<\/li>\n<\/ul>\n\t\t\t\t<img decoding=\"async\" src=\"https:\/\/gamesystem.com\/wp-content\/uploads\/2021\/09\/epi-antichute-gamesystem_0023_p4.jpg\" alt=\"\" title=\"\" itemprop=\"image\"\/>\n\t\t\t KRATOS SAFETY<h3>Cinta de anclaje de 2 m, anchura 20 mm<\/h3>\t\t\t\n\t\t\t\t<ul>\n<li>EN 795 tipo B<\/li>\n<\/ul>\n\t\t\t<h2>L\u00cdNEA DE VIDA PROVISIONAL<\/h2>\t\t\t\n\t\t\t\t<img decoding=\"async\" src=\"https:\/\/gamesystem.com\/wp-content\/uploads\/2021\/09\/epi-antichute-gamesystem_0001_LINEA-DE-VIDA-HORIZONT-COMPLET-UNYC-MUESTRA-V2_300ppp-min.jpg\" alt=\"\" title=\"\" itemprop=\"image\"\/>\n\t\t\tUNYC\u00ae<h3>L\u00cdNEA DE VIDA PROVISIONAL<\/h3>\t\t\t\n\t\t\t\t<ul>\n<li>Gran longitud: 20 m.<\/li>\n<li>Tensado simple con ayuda de un tensor de carraca.<\/li>\n<li>Uso puntual.<\/li>\n<\/ul>\n\t\t\t<h2>TR\u00cdPODE<\/h2>\t\t\t\n\t\t\t\t<img decoding=\"async\" src=\"https:\/\/gamesystem.com\/wp-content\/uploads\/2021\/09\/tripode-gamesystem-1.jpg\" alt=\"\" title=\"\" itemprop=\"image\"\/>\n\t\t\tgamesystem<h3>TR\u00cdPODE ALUMINIO<\/h3>\t\t\t\n\t\t\t\t<ul>\n<li>EN 795 TIPO B<\/li>\n<li>16kg\u00a0<\/li>\n<\/ul>\n\t\t\t\t<img decoding=\"async\" src=\"https:\/\/gamesystem.com\/wp-content\/uploads\/2021\/09\/tripode-gamesystem-2.jpg\" alt=\"\" title=\"\" itemprop=\"image\"\/>\n\t\t\tgamesystem<h3>Funda para Tr\u00edpode Aluminio<\/h3>\t\t\t\n\t\t\t<h2>EVACUADOR<\/h2>\t\t\t\n\t\t\t\t<img decoding=\"async\" src=\"https:\/\/gamesystem.com\/wp-content\/uploads\/2021\/09\/choucas-S.jpg\" alt=\"\" title=\"\" itemprop=\"image\"\/>\n\t\t\tgamesystem<h3>Descendedor Choucas S<\/h3>\t\t\t\n\t\t\t\t<blockquote>\n<h5><strong>FIN DE COMERCIALIZACI\u00d3N Y FIN DE MANTENIMIENTO<\/strong><\/h5>\n<\/blockquote>\n<ul>\n<li>EN 341<\/li>\n<li>Descendedores semiautom\u00e1ticos<\/li>\n<li>Funci\u00f3n vaiv\u00e9n<\/li>\n<\/ul>\n\t\t\t\t<img decoding=\"async\" src=\"https:\/\/gamesystem.com\/wp-content\/uploads\/2021\/09\/epi-antichute-gamesystem_0031_z7.jpg\" alt=\"\" title=\"\" itemprop=\"image\"\/>\n\t\t\tgamesystem<h3>Descendedor Choucas E\/HM <\/h3>\t\t\t\n\t\t\t\t<blockquote>\n<h5><strong>FIN DE COMERCIALIZACI\u00d3N Y FIN DE MANTENIMIENTO<\/strong><\/h5>\n<\/blockquote>\n<ul>\n<li>EN 341<\/li>\n<li>(opci\u00f3n freno manual y volante cabrestante)<\/li>\n<li>Descendedores semiautom\u00e1ticos<\/li>\n<li>Funci\u00f3n vaiv\u00e9n<\/li>\n<\/ul>\n\t\t\t\t<img decoding=\"async\" src=\"https:\/\/gamesystem.com\/wp-content\/uploads\/2021\/09\/epi-antichute-gamesystem_0033_z2.jpg\" alt=\"\" title=\"\" itemprop=\"image\"\/>\n\t\t\tCAMP<h3>Descendedor Manual Giant<\/h3>\t\t\t\n\t\t\t\t<ul>\n<li>EN 12841<\/li>\n<\/ul>\n\t\t\t\t<img decoding=\"async\" src=\"https:\/\/gamesystem.com\/wp-content\/uploads\/2021\/09\/epi-antichute-gamesystem_0036_BCSA105.B.jpg\" alt=\"\" title=\"\" itemprop=\"image\"\/>\n\t\t\tBEAL<h3>Corde Access pour Choucas<\/h3>\t\t\t\n\t\t\t\t<ul>\n<li>EN 1891 Tipo A<\/li>\n<li>10,5 mm por metros + Nudo<\/li>\n<\/ul>\n\t\t\t\t<img decoding=\"async\" src=\"https:\/\/gamesystem.com\/wp-content\/uploads\/2021\/09\/epi-antichute-gamesystem_0032_z6.jpg\" alt=\"\" title=\"\" itemprop=\"image\"\/>\n\t\t\tgamesystem<h3>Descendedor Choucas HM<\/h3>\t\t\t\n\t\t\t\t<blockquote>\n<h5><strong>FIN DE COMERCIALIZACI\u00d3N Y FIN DE MANTENIMIENTO<\/strong><\/h5>\n<\/blockquote>\n<ul>\n<li>EN 341<\/li>\n<li>(opci\u00f3n freno manual)<\/li>\n<li>Descendedores semiautom\u00e1ticos<\/li>\n<li>Funci\u00f3n vaiv\u00e9n<\/li>\n<\/ul>\n\t\t\t\t<img decoding=\"async\" src=\"https:\/\/gamesystem.com\/wp-content\/uploads\/2021\/09\/Triangle-devacuation-GAMESYSTEM.jpg\" alt=\"\" title=\"\" itemprop=\"image\"\/>\n\t\t\tgamesystem<h3>Tri\u00e1ngulo de evacuaci\u00f3n<\/h3>\t\t\t\n\t\t\t\t<img decoding=\"async\" src=\"https:\/\/gamesystem.com\/wp-content\/uploads\/2021\/09\/epi-antichute-gamesystem_0034_z3.jpg\" alt=\"\" title=\"\" itemprop=\"image\"\/>\n\t\t\tpetzl<h3>Descendedor Manual Rig<\/h3>\t\t\t\n\t\t\t\t<ul>\n<li>EN 12841<\/li>\n<\/ul>\n\t\t\t\t<img decoding=\"async\" src=\"https:\/\/gamesystem.com\/wp-content\/uploads\/2021\/09\/epi-antichute-gamesystem_0037_BCSP085.jpg\" alt=\"\" title=\"\" itemprop=\"image\"\/>\n\t\t\tBEAL<h3>Cuerda de acceso para Choucas<\/h3>\t\t\t\n\t\t\t\t<ul>\n<li>EN 1891 Tipo A<\/li>\n<li>8,5mm por metros + Nudo<\/li>\n<\/ul>\n\t\t\t<h2>EVACUADOR DE GRAN ALCANCE<\/h2>\t\t\t\n\t\t\t\t<img decoding=\"async\" src=\"https:\/\/gamesystem.com\/wp-content\/uploads\/2021\/09\/epi-antichute-gamesystem_0002_geca-min.jpg\" alt=\"\" title=\"\" itemprop=\"image\"\/>\n\t\t\tGAmesystem<h3>GECA 150<\/h3>\t\t\t\n\t\t\t\t<ul>\n<li>\n<p><strong>Auto-certificaci\u00f3n EN 341 CLASE B<\/strong><\/p>\n<\/li>\n<\/ul>\n\t\t\t\t<img decoding=\"async\" src=\"https:\/\/gamesystem.com\/wp-content\/uploads\/2021\/09\/epi-antichute-gamesystem_0026_x2.jpg\" alt=\"\" title=\"\" itemprop=\"image\"\/>\n\t\t\t<h3>Cable galvanizado, di\u00e1m. 5mm por metros<\/h3>\t\t\t\n\t\t\t\t<img decoding=\"async\" src=\"https:\/\/gamesystem.com\/wp-content\/uploads\/2021\/09\/epi-antichute-gamesystem_0025_x1.jpg\" alt=\"\" title=\"\" itemprop=\"image\"\/>\n\t\t\tGamsystem<h3>Tambor sobre pie para cable galvanizado<\/h3>\t\t\t\n\t\t\t<h2>Accessoires<\/h2>\t\t\t\n\t\t\t\t<img decoding=\"async\" src=\"https:\/\/gamesystem.com\/wp-content\/uploads\/2021\/09\/sac-ranagemenbt.jpg\" alt=\"\" title=\"\" itemprop=\"image\"\/>\n\t\t\tGAmesystem<h3>Bolsa de 10 L<\/h3>\t\t\t\n\t\t\t\t<img decoding=\"async\" src=\"https:\/\/gamesystem.com\/wp-content\/uploads\/2021\/09\/epi-antichute-gamesystem_0028_x5.jpg\" alt=\"\" title=\"\" itemprop=\"image\"\/>\n\t\t\tCAMP <h3>Casco ARES<\/h3>\t\t\t\n\t\t\t\t<ul>\n<li>EN 39<\/li>\n<li>(Blanco en stock; Rojo o Amarillo bajo pedido)<\/li>\n<\/ul>\n\t\t\t\t<img decoding=\"async\" src=\"https:\/\/gamesystem.com\/wp-content\/uploads\/2021\/09\/epi-antichute-gamesystem_0035_x7.jpg\" alt=\"\" title=\"\" itemprop=\"image\"\/>\n\t\t\tBEAL<h3>Guantes Rope Tech<\/h3>\t\t\t\n\t\t\t\t<img decoding=\"async\" src=\"https:\/\/gamesystem.com\/wp-content\/uploads\/2021\/09\/epi-antichute-gamesystem_0027_x4.jpg\" alt=\"\" title=\"\" itemprop=\"image\"\/>\n\t\t\tGamsystem<h3>Bolsa de 45 L<\/h3>\t\t\t\n\t\t\t\t<img decoding=\"async\" src=\"https:\/\/gamesystem.com\/wp-content\/uploads\/2021\/09\/epi-antichute-gamesystem_0029_x6.jpg\" alt=\"\" title=\"\" itemprop=\"image\"\/>\n\t\t\tcamp<h3>Visera para casco ARES<\/h3>\t\t\t\n\t\t\t\t<ul>\n<li>(color claro o ahumado)<\/li>\n<\/ul>\n\t\t\t<h2>ANTICA\u00cdDAS VERTICAL<\/h2>\t\t\t\n\t\t\t\t<img decoding=\"async\" src=\"https:\/\/gamesystem.com\/wp-content\/uploads\/2021\/09\/epi-antichute-gamesystem_0003_papi-min.jpg\" alt=\"\" title=\"\" itemprop=\"image\"\/>\n\t\t\tGAmesystem<h3>papillon <\/h3>\t\t\t\n\t\t\t\t<ul>\n<li>EN 353-2 : 2002<\/li>\n<\/ul>\n\t\t\t\t<img decoding=\"async\" src=\"https:\/\/gamesystem.com\/wp-content\/uploads\/2021\/09\/epi-antichute-gamesystem_0006_skc-min.jpg\" alt=\"\" title=\"\" itemprop=\"image\"\/>\n\t\t\tGamsystem<h3>SKC EVO <\/h3>\t\t\t\n\t\t\t\t<ul>\n<li>EN 353-1 : 2014 + A1 : 2017<\/li>\n<\/ul>\n\t\t\t<h2>Otros<\/h2>\t\t\t\n\t\t\t\t<img decoding=\"async\" src=\"https:\/\/gamesystem.com\/wp-content\/uploads\/2021\/09\/toucan.jpg\" alt=\"\" title=\"\" itemprop=\"image\"\/>\n\t\t\tGAmesystem<h3>ASIENTO DE TRABAJO : toucan<\/h3>\t\t\t\n\t\t\t\t<ul>\n<li>Directiva m\u00e1quinas 2006-42-CE<\/li>\n<li>Sistema de acceso vertical por cable sin fin<\/li>\n<\/ul>\n\t\t\t\t<img decoding=\"async\" src=\"https:\/\/gamesystem.com\/wp-content\/uploads\/2021\/09\/syam.jpg\" alt=\"\" title=\"\" itemprop=\"image\"\/>\n\t\t\tsyam<h3>SISTEMA DE ANCLAJE M\u00d3VIL<\/h3>\t\t\t\n\n","protected":false},"excerpt":{"rendered":"<p>EQUIPOS DE PROTECCI\u00d3N INDIVIDUAL (EPI) ARN\u00c9S BEAL Arn\u00e9s HERO PRO EN 361 \/ EN 358 \/ EN 813 (Talla M\/L) 1 punto de enganche dorsal + 1 esternal 2 puntos&hellip;<\/p>\n","protected":false},"author":2,"featured_media":0,"parent":0,"menu_order":0,"comment_status":"closed","ping_status":"closed","template":"","meta":[],"_links":{"self":[{"href":"https:\/\/gamesystem.com\/es\/wp-json\/wp\/v2\/pages\/35542"}],"collection":[{"href":"https:\/\/gamesystem.com\/es\/wp-json\/wp\/v2\/pages"}],"about":[{"href":"https:\/\/gamesystem.com\/es\/wp-json\/wp\/v2\/types\/page"}],"author":[{"embeddable":true,"href":"https:\/\/gamesystem.com\/es\/wp-json\/wp\/v2\/users\/2"}],"replies":[{"embeddable":true,"href":"https:\/\/gamesystem.com\/es\/wp-json\/wp\/v2\/comments?post=35542"}],"version-history":[{"count":6,"href":"https:\/\/gamesystem.com\/es\/wp-json\/wp\/v2\/pages\/35542\/revisions"}],"predecessor-version":[{"id":39018,"href":"https:\/\/gamesystem.com\/es\/wp-json\/wp\/v2\/pages\/35542\/revisions\/39018"}],"wp:attachment":[{"href":"https:\/\/gamesystem.com\/es\/wp-json\/wp\/v2\/media?parent=35542"}],"curies":[{"name":"wp","href":"https:\/\/api.w.org\/{rel}","templated":true}]}}