{"id":35539,"date":"2021-10-04T10:35:37","date_gmt":"2021-10-04T08:35:37","guid":{"rendered":"https:\/\/gamesystem.com\/telecom\/"},"modified":"2021-11-09T15:32:41","modified_gmt":"2021-11-09T14:32:41","slug":"telecomunicaciones","status":"publish","type":"page","link":"https:\/\/gamesystem.com\/es\/telecomunicaciones\/","title":{"rendered":"Telecomunicaciones"},"content":{"rendered":"\n\n\t\t\t<h1>TELECOMUNICACIONES<\/h1>\t\t\t\n\t\t\tGAMESYSTEM TELECOMUNICACIONES<h2>INFRAESTRUCTURAS PARA REDES<\/h2>\t\t\t\n\t\t\t\t<p>Gamesystem ofrece una gama de productos est\u00e1ndar dise\u00f1ados para al acondicionamiento de los emplazamientos de telefon\u00eda m\u00f3vil.<\/p>\n<ul>\n<li>M\u00e1stiles y estructuras<\/li>\n<li>Bridas y abrazaderas<\/li>\n<li>Accesorios<\/li>\n<li>Protecci\u00f3n colectiva<\/li>\n<\/ul>\n\t<a href=\"https:\/\/gamesystem.com\/es\/contacto\/\" target=\"_blank\" rel=\"noopener\"><\/a> \n\t\t\tSolicite nuestro Cat\u00e1logo con nuestras referencias\t\t\t\n\t<a href=\"https:\/\/gamesystem.com\/es\/contacto\/\" target=\"_blank\" rel=\"noopener\"><\/a> \n\t\t\t\u00bf Tienes alguna duda ? Pincha aqui\t\t\t\n\t\t\t<h2>SOLUCIONES INDUSTRIALES PARA RESPONDER A SUS NECESIDADES<\/h2>\t\t\t\n\t\t\t\t<p>Para responder a las necesidades que surgen en las intervenciones en los lugares de trabajo, GAMESYSTEM dispone de maquinaria industrial adaptativa capaz de fabricar tanto productos estandarizados como de responder a sus demandas de fabricaci\u00f3n espec\u00edficas. <br \/>Disponer de una unidad de galvanizaci\u00f3n integrada nos confiere una mayor capacidad de respuesta y un mejor control de la cadena de producci\u00f3n.<br \/>La presencia, a todos los niveles de la empresa de un organismo que certifica el sistema de calidad nos permite poder garantizar:<\/p>\n<p>\u2022 El cumplimiento de nuestros plazos.<br \/>\u2022 La aplicaci\u00f3n de la norma EN 1461 para la galvanizaci\u00f3n.<br \/>\u2022 El seguimiento fiel de su petici\u00f3n de fabricaci\u00f3n mediante controles individuales de calidad de cada pieza y premontaje del env\u00edo.<br \/>\u2022 La trazabilidad de nuestros productos. La presencia de este compromiso en la empresa est\u00e1 avalado por la renovaci\u00f3n de nuestra certificaci\u00f3n ISO 9001.<\/p>\n\t\t\t<h2>NUESTRA GAMA DE PRODUCTOS<\/h2>\t\t\t\n\t\t\t\t\n\t\t\t\t\t\t\t\t<!-- navigation arrows -->\n\t\t\t<button aria-label=\"Previous slide\" role=\"button\" tabindex=\"0\">\n\t\t\t<\/button>\n\t\t\t<button aria-label=\"Next slide\" role=\"button\" tabindex=\"0\">\n\t\t\t<\/button>\n\t\t\t\t\t\t<!-- pagination -->\n\t\t\t<h2>GAMEYSTEM TELECOM<\/h2>\t\t\t\n\t\t\t\t<p>GAMESYSTEM TELECOM es tambi\u00e9n una gama de productos dedicada a la seguridad de las personas que intervienen en sus instalaciones en altura :\u00a0<\/p>\n<p>\u2022 Abrazaderas de anclaje,<br \/>\u2022 L\u00edneas de vida,<br \/>\u2022 Barandillas fijas,<br \/>\u2022 Barandillas autoportantes,<br \/>\u2022 Protecci\u00f3n de claraboyas,<br \/>\u2022 Escaleras de jaulas de protecci\u00f3n,<br \/>\u2022 Saltos de lobo, balizado,<br \/>\u2022 Compatibilidad de los productos con todo tipo,<br \/>\u2022 Productos simples, r\u00e1pidos de utilizar, fiables y resistentes,<br \/>\u2022 Productos conformes con los \u00faltimo est\u00e1ndares vigentes y certificados por un organismo de control externo.<\/p>\n\n","protected":false},"excerpt":{"rendered":"<p>TELECOMUNICACIONES GAMESYSTEM TELECOMUNICACIONES INFRAESTRUCTURAS PARA REDES Gamesystem ofrece una gama de productos est\u00e1ndar dise\u00f1ados para al acondicionamiento de los emplazamientos de telefon\u00eda m\u00f3vil. M\u00e1stiles y estructuras Bridas y abrazaderas Accesorios&hellip;<\/p>\n","protected":false},"author":2,"featured_media":0,"parent":0,"menu_order":0,"comment_status":"closed","ping_status":"closed","template":"","meta":[],"_links":{"self":[{"href":"https:\/\/gamesystem.com\/es\/wp-json\/wp\/v2\/pages\/35539"}],"collection":[{"href":"https:\/\/gamesystem.com\/es\/wp-json\/wp\/v2\/pages"}],"about":[{"href":"https:\/\/gamesystem.com\/es\/wp-json\/wp\/v2\/types\/page"}],"author":[{"embeddable":true,"href":"https:\/\/gamesystem.com\/es\/wp-json\/wp\/v2\/users\/2"}],"replies":[{"embeddable":true,"href":"https:\/\/gamesystem.com\/es\/wp-json\/wp\/v2\/comments?post=35539"}],"version-history":[{"count":0,"href":"https:\/\/gamesystem.com\/es\/wp-json\/wp\/v2\/pages\/35539\/revisions"}],"wp:attachment":[{"href":"https:\/\/gamesystem.com\/es\/wp-json\/wp\/v2\/media?parent=35539"}],"curies":[{"name":"wp","href":"https:\/\/api.w.org\/{rel}","templated":true}]}}