{"id":35519,"date":"2021-10-07T14:15:34","date_gmt":"2021-10-07T12:15:34","guid":{"rendered":"https:\/\/gamesystem.com\/marchepieds\/"},"modified":"2021-11-10T11:11:11","modified_gmt":"2021-11-10T10:11:11","slug":"escalerillas","status":"publish","type":"page","link":"https:\/\/gamesystem.com\/es\/escalerillas\/","title":{"rendered":"Escalerillas"},"content":{"rendered":"\n\n\t\t\t<h1>ESCALERILLAS<\/h1>\t\t\t\n\t\t\t\t<img decoding=\"async\" src=\"https:\/\/gamesystem.com\/wp-content\/uploads\/2021\/09\/marchepied_0018_2376_506.jpg\" alt=\"Marchepieds\" title=\"Marchepieds\" itemprop=\"image\"\/>\n\t\t\tTubesca-Comabi<h3>Magnum 3<\/h3>\t\t\t\n\t\t\t\t<ul>\n<li>Altura de acceso m\u00e1xi: 4.84m<\/li>\n<li>Aluminio<\/li>\n<li>EN 131<\/li>\n<\/ul>\n\t\t\t\t<img decoding=\"async\" src=\"https:\/\/gamesystem.com\/wp-content\/uploads\/2021\/09\/marchepied_0014_02370006-MCPPRO.jpg\" alt=\"Marchepieds\" title=\"Marchepieds\" itemprop=\"image\"\/>\n\t\t\tTubesca-Comabi<h3>MP PRO<\/h3>\t\t\t\n\t\t\t\t<ul>\n<li>Altura de acceso m\u00e1xi: 4.64m<\/li>\n<li>Aluminio<\/li>\n<li>EN 131<\/li>\n<\/ul>\n\t\t\t\t<img decoding=\"async\" src=\"https:\/\/gamesystem.com\/wp-content\/uploads\/2021\/09\/marchepied_0005_MARCHEPIEDS_MAXIBAT_02375105.jpg\" alt=\"Marchepieds\" title=\"Marchepieds\" itemprop=\"image\"\/>\n\t\t\tTubesca-Comabi<h3>MAXIBAT<\/h3>\t\t\t\n\t\t\t\t<ul>\n<li>Altura de acceso m\u00e1xi: 4.28m<\/li>\n<li>Aluminio<\/li>\n<li>EN 131<\/li>\n<\/ul>\n\t\t\t\t<img decoding=\"async\" src=\"https:\/\/gamesystem.com\/wp-content\/uploads\/2021\/09\/marchepied_0012_DET3.jpg\" alt=\"Marchepieds\" title=\"Marchepieds\" itemprop=\"image\"\/>\n\t\t\tTubesca-Comabi<h3>DOBLE DE OBRA<\/h3>\t\t\t\n\t\t\t\t<ul>\n<li>Altura de acceso m\u00e1xi: 2.88m<\/li>\n<li>Aluminio<\/li>\n<li>EN 131<\/li>\n<\/ul>\n\t\t\t\t<img decoding=\"async\" src=\"https:\/\/gamesystem.com\/wp-content\/uploads\/2021\/09\/marchepied_0001_Marchepieds_Modul_3_2379833_det1_1.jpg\" alt=\"Marchepieds\" title=\"Marchepieds\" itemprop=\"image\"\/>\n\t\t\tTubesca-Comabi<h3>CONFORT<\/h3>\t\t\t\n\t\t\t\t<ul>\n<li>Altura de acceso m\u00e1xi: 3.00m<\/li>\n<li>Aluminio<\/li>\n<li>EN 131<\/li>\n<\/ul>\n\t\t\t\t<img decoding=\"async\" src=\"https:\/\/gamesystem.com\/wp-content\/uploads\/2021\/09\/marchepied_0011_DET1_3.jpg\" alt=\"Marchepieds\" title=\"Marchepieds\" itemprop=\"image\"\/>\n\t\t\tTubesca-Comabi<h3>PLEGABLE CONFORT<\/h3>\t\t\t\n\t\t\t\t<ul>\n<li>Altura de acceso m\u00e1xi: 2.94m<\/li>\n<li>Aluminio<\/li>\n<li>EN 131<\/li>\n<\/ul>\n\t\t\t\t<img decoding=\"async\" src=\"https:\/\/gamesystem.com\/wp-content\/uploads\/2021\/09\/marchepied_0013_DET1_4.jpg\" alt=\"Marchepieds\" title=\"Marchepieds\" itemprop=\"image\"\/>\n\t\t\tTubesca-Comabi<h3>CONFORT PLEGABLE XL<\/h3>\t\t\t\n\t\t\t\t<ul>\n<li>Altura de acceso m\u00e1xi: 2.70m<\/li>\n<li>Aluminio<\/li>\n<li>EN 131<\/li>\n<\/ul>\n\t\t\t\t<img decoding=\"async\" src=\"https:\/\/gamesystem.com\/wp-content\/uploads\/2021\/09\/marchepied_0015_2376_005.jpg\" alt=\"Marchepieds\" title=\"Marchepieds\" itemprop=\"image\"\/>\n\t\t\tTubesca-Comabi<h3>Probat<\/h3>\t\t\t\n\t\t\t\t<ul>\n<li>Altura de acceso m\u00e1xi: 4.84m<\/li>\n<li>Aluminio<\/li>\n<li>EN 131<\/li>\n<\/ul>\n\t\t\t\t<img decoding=\"async\" src=\"https:\/\/gamesystem.com\/wp-content\/uploads\/2021\/10\/marchepieds.jpg\" alt=\"Marchepieds\" title=\"Marchepieds\" itemprop=\"image\"\/>\n\t\t\tTubesca-Comabi<h3>Kolos<\/h3>\t\t\t\n\t\t\t\t<ul>\n<li>Altura de acceso m\u00e1xi: 3.82m<\/li>\n<li>Aluminio<\/li>\n<li>EN 131<\/li>\n<\/ul>\n\t\t\t\t<img decoding=\"async\" src=\"https:\/\/gamesystem.com\/wp-content\/uploads\/2021\/09\/marchepied_0007_MARCHEPIEDS_COMPACT-ALU_02372305.jpg\" alt=\"Marchepieds\" title=\"Marchepieds\" itemprop=\"image\"\/>\n\t\t\tTubesca-Comabi<h3>COmpact<\/h3>\t\t\t\n\t\t\t\t<ul>\n<li>Altura de acceso m\u00e1xi: 3.64m<\/li>\n<li>Aluminio<\/li>\n<li>EN 131<\/li>\n<\/ul>\n\t\t\t\t<img decoding=\"async\" src=\"https:\/\/gamesystem.com\/wp-content\/uploads\/2021\/09\/marchepied_0006_MARCHEPIEDS_COMPACT-FIBRE-DE-VERRE_04472005.jpg\" alt=\"Marchepieds\" title=\"Marchepieds\" itemprop=\"image\"\/>\n\t\t\tTubesca-Comabi<h3>COMPACTA FIBRA<\/h3>\t\t\t\n\t\t\t\t<ul>\n<li>Altura de acceso m\u00e1xi: 3.61m<\/li>\n<li>Aluminio<\/li>\n<li>EN 131<\/li>\n<\/ul>\n\t\t\t\t<img decoding=\"async\" src=\"https:\/\/gamesystem.com\/wp-content\/uploads\/2021\/09\/marchepied_0008_MARCHEPIEDS_COBRA-BANC-MULTI-USAGES_DET_1.jpg\" alt=\"Marchepieds\" title=\"Marchepieds\" itemprop=\"image\"\/>\n\t\t\tTubesca-Comabi<h3>Cobra<\/h3>\t\t\t\n\t\t\t\t<ul>\n<li>Altura de acceso m\u00e1xi: 2.50m<\/li>\n<li>Aluminio<\/li>\n<li>EN 131<\/li>\n<\/ul>\n\t\t\t\t<img decoding=\"async\" src=\"https:\/\/gamesystem.com\/wp-content\/uploads\/2021\/09\/marchepied_0002_TUBESCA-PLATFORME-3M-0005.jpg\" alt=\"Marchepieds\" title=\"Marchepieds\" itemprop=\"image\"\/>\n\t\t\tTubesca-Comabi<h3>MODUL<\/h3>\t\t\t\n\t\t\t\t<ul>\n<li>Altura de acceso m\u00e1xi: 2.98m<\/li>\n<li>Aluminio<\/li>\n<li>EN 131<\/li>\n<\/ul>\n\t\t\t\t<img decoding=\"async\" src=\"https:\/\/gamesystem.com\/wp-content\/uploads\/2021\/09\/marchepied_0003_MECAMODUL_02380023_DET1.jpg\" alt=\"Marchepieds\" title=\"Marchepieds\" itemprop=\"image\"\/>\n\t\t\tTubesca-Comabi<h3>Meca modul<\/h3>\t\t\t\n\t\t\t\t<ul>\n<li><strong>NOVEDAD<\/strong><\/li>\n<li>Aluminio<\/li>\n<li>EN 131<\/li>\n<\/ul>\n\t<a href=\"https:\/\/gamesystem.com\/es\/contacto\/\" target=\"_self\" rel=\"noopener\"><\/a> \n\t\tSolicite <br \/>una cotizaci\u00f3n\t\t\t\n\t<a href=\"https:\/\/gamesystem.com\/es\/contacto\/\" target=\"_self\" rel=\"noopener\"><\/a> \n\t\t\u00bfUna pregunta?<br \/>  Pincha aqui\t\t\t\n\n","protected":false},"excerpt":{"rendered":"<p>ESCALERILLAS Tubesca-Comabi Magnum 3 Altura de acceso m\u00e1xi: 4.84m Aluminio EN 131 Tubesca-Comabi MP PRO Altura de acceso m\u00e1xi: 4.64m Aluminio EN 131 Tubesca-Comabi MAXIBAT Altura de acceso m\u00e1xi: 4.28m&hellip;<\/p>\n","protected":false},"author":2,"featured_media":0,"parent":0,"menu_order":0,"comment_status":"closed","ping_status":"closed","template":"","meta":[],"_links":{"self":[{"href":"https:\/\/gamesystem.com\/es\/wp-json\/wp\/v2\/pages\/35519"}],"collection":[{"href":"https:\/\/gamesystem.com\/es\/wp-json\/wp\/v2\/pages"}],"about":[{"href":"https:\/\/gamesystem.com\/es\/wp-json\/wp\/v2\/types\/page"}],"author":[{"embeddable":true,"href":"https:\/\/gamesystem.com\/es\/wp-json\/wp\/v2\/users\/2"}],"replies":[{"embeddable":true,"href":"https:\/\/gamesystem.com\/es\/wp-json\/wp\/v2\/comments?post=35519"}],"version-history":[{"count":0,"href":"https:\/\/gamesystem.com\/es\/wp-json\/wp\/v2\/pages\/35519\/revisions"}],"wp:attachment":[{"href":"https:\/\/gamesystem.com\/es\/wp-json\/wp\/v2\/media?parent=35519"}],"curies":[{"name":"wp","href":"https:\/\/api.w.org\/{rel}","templated":true}]}}