{"id":35516,"date":"2021-10-07T14:17:49","date_gmt":"2021-10-07T12:17:49","guid":{"rendered":"https:\/\/gamesystem.com\/pirl\/"},"modified":"2021-11-10T11:11:43","modified_gmt":"2021-11-10T10:11:43","slug":"escaleras-de-mano","status":"publish","type":"page","link":"https:\/\/gamesystem.com\/es\/escaleras-de-mano\/","title":{"rendered":"Escaleras de mano"},"content":{"rendered":"\n\n\t\t\t<h1>ESCALERAS DE MANO<\/h1>\t\t\t\n\t\t\t\t<img decoding=\"async\" src=\"https:\/\/gamesystem.com\/wp-content\/uploads\/2021\/10\/pirl-plate-forme-15.jpg\" alt=\"PIRL\" title=\"PIRL\" itemprop=\"image\"\/>\n\t\t\tTubesca-Comabi<h3>Sherpascopic<\/h3>\t\t\t\n\t\t\t\t<ul>\n<li>Altura de acceso m\u00e1xi: 4.46m<\/li>\n<li>Aluminio<\/li>\n<li>EN 131-7<\/li>\n<\/ul>\n\t\t\t\t<img decoding=\"async\" src=\"https:\/\/gamesystem.com\/wp-content\/uploads\/2021\/10\/pirl-plate-forme-13.jpg\" alt=\"PIRL\" title=\"PIRL\" itemprop=\"image\"\/>\n\t\t\tTubesca-Comabi<h3>t\u00e9tris 100<\/h3>\t\t\t\n\t\t\t\t<ul>\n<li>Altura de acceso m\u00e1xi: 3.00m<\/li>\n<li>Acero<\/li>\n<\/ul>\n\t\t\t\t<img decoding=\"async\" src=\"https:\/\/gamesystem.com\/wp-content\/uploads\/2021\/10\/pirl-plate-forme-11.jpg\" alt=\"PIRL\" title=\"PIRL\" itemprop=\"image\"\/>\n\t\t\tTubesca-Comabi<h3>profort x&#8217;tend<\/h3>\t\t\t\n\t\t\t\t<ul>\n<li>Altura de acceso m\u00e1xi: 3.16m<\/li>\n<li>Aluminio<\/li>\n<\/ul>\n\t\t\t\t<img decoding=\"async\" src=\"https:\/\/gamesystem.com\/wp-content\/uploads\/2021\/10\/pirl-plate-forme-9.jpg\" alt=\"PIRL\" title=\"PIRL\" itemprop=\"image\"\/>\n\t\t\tTubesca-Comabi<h3>veloce<\/h3>\t\t\t\n\t\t\t\t<ul>\n<li>Altura de acceso m\u00e1xi: 3.18m<\/li>\n<li>Aluminio<\/li>\n<\/ul>\n\t\t\t\t<img decoding=\"async\" src=\"https:\/\/gamesystem.com\/wp-content\/uploads\/2021\/10\/pirl-plate-forme-5.jpg\" alt=\"PIRL\" title=\"PIRL\" itemprop=\"image\"\/>\n\t\t\tTubesca-Comabi<h3>PASARELA BLANCA<\/h3>\t\t\t\n\t\t\t\t<ul>\n<li>Altura de acceso m\u00e1xi: 3.48m<\/li>\n<li>Aluminio<\/li>\n<\/ul>\n\t\t\t\t<img decoding=\"async\" src=\"https:\/\/gamesystem.com\/wp-content\/uploads\/2021\/10\/pirl-plate-forme-1.jpg\" alt=\"PIRL\" title=\"PIRL\" itemprop=\"image\"\/>\n\t\t\tTubesca-Comabi<h3>SHERPA FIBRA<\/h3>\t\t\t\n\t\t\t\t<ul>\n<li>Altura de acceso m\u00e1xi: 3.17m<\/li>\n<li>Aluminio \/ Fibra de vidrio<\/li>\n<\/ul>\n\t\t\t\t<img decoding=\"async\" src=\"https:\/\/gamesystem.com\/wp-content\/uploads\/2021\/10\/pirl-plate-forme-2.jpg\" alt=\"PIRL\" title=\"PIRL\" itemprop=\"image\"\/>\n\t\t\tTubesca-Comabi<h3>meca modul<\/h3>\t\t\t\n\t\t\t\t<ul>\n<li><strong>NOVEDAD<\/strong><\/li>\n<li>Aluminio<\/li>\n<\/ul>\n\t\t\t\t<img decoding=\"async\" src=\"https:\/\/gamesystem.com\/wp-content\/uploads\/2021\/10\/pirl-plate-forme-14.jpg\" alt=\"PIRL\" title=\"PIRL\" itemprop=\"image\"\/>\n\t\t\tTubesca-Comabi<h3>Sherpamatic<\/h3>\t\t\t\n\t\t\t\t<ul>\n<li>Altura de acceso m\u00e1xi: 3.89m<\/li>\n<li>Aluminio<\/li>\n<li>EN 131-7<\/li>\n<\/ul>\n\t\t\t\t<img decoding=\"async\" src=\"https:\/\/gamesystem.com\/wp-content\/uploads\/2021\/10\/pirl-plate-forme-12.jpg\" alt=\"PIRL\" title=\"PIRL\" itemprop=\"image\"\/>\n\t\t\tTubesca-Comabi<h3>h\u00e9lis<\/h3>\t\t\t\n\t\t\t\t<ul>\n<li>Altura de acceso m\u00e1xi: 2.68m<\/li>\n<li>Acero<\/li>\n<\/ul>\n\t\t\t\t<img decoding=\"async\" src=\"https:\/\/gamesystem.com\/wp-content\/uploads\/2021\/10\/pirl-plate-forme-10.jpg\" alt=\"PIRL\" title=\"PIRL\" itemprop=\"image\"\/>\n\t\t\tTubesca-Comabi<h3>PROFORT BARANDILLA FIJA<\/h3>\t\t\t\n\t\t\t\t<ul>\n<li>Altura de acceso m\u00e1xi: 3.15m<\/li>\n<li>Aluminio<\/li>\n<\/ul>\n\t\t\t\t<img decoding=\"async\" src=\"https:\/\/gamesystem.com\/wp-content\/uploads\/2021\/10\/pirl-plate-forme-8.jpg\" alt=\"PIRL\" title=\"PIRL\" itemprop=\"image\"\/>\n\t\t\tTubesca-Comabi<h3>raptor<\/h3>\t\t\t\n\t\t\t\t<ul>\n<li>Altura de acceso m\u00e1xi: 3.18m<\/li>\n<li>Aluminio<\/li>\n<\/ul>\n\t\t\t\t<img decoding=\"async\" src=\"https:\/\/gamesystem.com\/wp-content\/uploads\/2021\/10\/pirl-plate-forme-6.jpg\" alt=\"PIRL\" title=\"PIRL\" itemprop=\"image\"\/>\n\t\t\tTubesca-Comabi<h3>stabil<\/h3>\t\t\t\n\t\t\t\t<ul>\n<li>Altura de acceso m\u00e1xi: 2.50m<\/li>\n<li>Aluminio<\/li>\n<\/ul>\n\t\t\t\t<img decoding=\"async\" src=\"https:\/\/gamesystem.com\/wp-content\/uploads\/2021\/10\/pirl-plate-forme-4.jpg\" alt=\"PIRL\" title=\"PIRL\" itemprop=\"image\"\/>\n\t\t\tTubesca-Comabi<h3>PASARELA DE MANTENIMIENTO 1 CARA<\/h3>\t\t\t\n\t\t\t\t<ul>\n<li>Altura de acceso m\u00e1xi: 3.78m<\/li>\n<li>Aluminio<\/li>\n<\/ul>\n\t<a href=\"https:\/\/gamesystem.com\/es\/contacto\/\" target=\"_self\" rel=\"noopener\"><\/a> \n\t\tSolicite <br \/>una cotizaci\u00f3n\t\t\t\n\t<a href=\"https:\/\/gamesystem.com\/es\/contacto\/\" target=\"_self\" rel=\"noopener\"><\/a> \n\t\t\u00bfUna pregunta?<br \/>  Pincha aqui\t\t\t\n\n","protected":false},"excerpt":{"rendered":"<p>ESCALERAS DE MANO Tubesca-Comabi Sherpascopic Altura de acceso m\u00e1xi: 4.46m Aluminio EN 131-7 Tubesca-Comabi t\u00e9tris 100 Altura de acceso m\u00e1xi: 3.00m Acero Tubesca-Comabi profort x&#8217;tend Altura de acceso m\u00e1xi: 3.16m&hellip;<\/p>\n","protected":false},"author":2,"featured_media":0,"parent":0,"menu_order":0,"comment_status":"closed","ping_status":"closed","template":"","meta":[],"_links":{"self":[{"href":"https:\/\/gamesystem.com\/es\/wp-json\/wp\/v2\/pages\/35516"}],"collection":[{"href":"https:\/\/gamesystem.com\/es\/wp-json\/wp\/v2\/pages"}],"about":[{"href":"https:\/\/gamesystem.com\/es\/wp-json\/wp\/v2\/types\/page"}],"author":[{"embeddable":true,"href":"https:\/\/gamesystem.com\/es\/wp-json\/wp\/v2\/users\/2"}],"replies":[{"embeddable":true,"href":"https:\/\/gamesystem.com\/es\/wp-json\/wp\/v2\/comments?post=35516"}],"version-history":[{"count":0,"href":"https:\/\/gamesystem.com\/es\/wp-json\/wp\/v2\/pages\/35516\/revisions"}],"wp:attachment":[{"href":"https:\/\/gamesystem.com\/es\/wp-json\/wp\/v2\/media?parent=35516"}],"curies":[{"name":"wp","href":"https:\/\/api.w.org\/{rel}","templated":true}]}}