{"id":35511,"date":"2021-11-09T14:08:09","date_gmt":"2021-11-09T13:08:09","guid":{"rendered":"https:\/\/gamesystem.com\/protection-collective\/"},"modified":"2023-07-04T17:02:27","modified_gmt":"2023-07-04T15:02:27","slug":"proteccion-colectiva","status":"publish","type":"page","link":"https:\/\/gamesystem.com\/es\/proteccion-colectiva\/","title":{"rendered":"Protecci\u00f3n Colectiva"},"content":{"rendered":"\n\n\t\t\t<h1>PROTECCI\u00d3N COLECTIVA<\/h1>\t\t\t\n\t\t<a href=\"https:\/\/gamesystem.com\/es\/barandillas\/\" target=\"_blank\" rel=\"noopener\">\n\t\t\t\t\t\t\t\t\t\t\t<img decoding=\"async\" src=\"https:\/\/gamesystem.com\/wp-content\/uploads\/2021\/09\/garde-corps-1.jpg\" alt=\"garde-corps\"\/>\n\t\t\t\t\t\t<h3>\n\t\t\t\t\t\tBARANDILLAS\t\t<\/h3>\n\t\t<\/a>\n\t\t\t\t\t\t\t\t\t\t\t<img decoding=\"async\" src=\"https:\/\/gamesystem.com\/wp-content\/uploads\/2021\/09\/protection-collectibe_0009_a1f3c7a4-6cc8-48b3-a082-55ca1a34e13f.jpg\" alt=\"protection collectibe_0009_a1f3c7a4-6cc8-48b3-a082-55ca1a34e13f\"\/>\n\t\t\t\t\t\t<h3>\n\t\t\t\t\t\tREJILLAS ANTICA\u00cdDAS\t\t<\/h3>\n\t\t\t\t\t\t\t\t\t\t\t<img decoding=\"async\" src=\"https:\/\/gamesystem.com\/wp-content\/uploads\/2021\/09\/protection-collectibe_0007_SCHNEIDER-33.jpg\" alt=\"protection collectibe_0007_SCHNEIDER 33\"\/>\n\t\t\t\t\t\t<h3>\n\t\t\t\t\t\tBALIZADO CON PINTURA\t\t<\/h3>\n\t\t\t\t\t\t\t\t\t\t\t<img decoding=\"async\" src=\"https:\/\/gamesystem.com\/wp-content\/uploads\/2021\/09\/protection-collectibe_0004_IMG_5326.jpg\" alt=\"protection collectibe_0004_IMG_5326\"\/>\n\t\t\t\t\t\t<h3>\n\t\t\t\t\t\tSOLUCIONES MODULARES\t\t<\/h3>\n\t\t\t\t\t\t\t\t\t\t\t<img decoding=\"async\" src=\"https:\/\/gamesystem.com\/wp-content\/uploads\/2021\/09\/protection-collectibe_0010_20210511_121511.jpg\" alt=\"protection collectibe_0010_20210511_121511\"\/>\n\t\t\t\t\t\t<h3>\n\t\t\t\t\t\tBARRERA ESCLUSA\t\t<\/h3>\n\t\t<a href=\"https:\/\/gamesystem.com\/es\/proteccion-de-lucernarios\/\" target=\"_blank\" rel=\"noopener\">\n\t\t\t\t\t\t\t\t\t\t\t<img decoding=\"async\" src=\"https:\/\/gamesystem.com\/wp-content\/uploads\/2021\/09\/Sans-titre-3_0001_Calque-1.jpg\" alt=\"Sans titre-3_0001_Calque 1\"\/>\n\t\t\t\t\t\t<h3>\n\t\t\t\t\t\tBARRERAS\t\t<\/h3>\n\t\t<\/a>\n\t\t\t\t\t\t\t\t\t\t\t<img decoding=\"async\" src=\"https:\/\/gamesystem.com\/wp-content\/uploads\/2021\/09\/protection-collectibe_0008_cheminement-avec-GC.jpg\" alt=\"protection collectibe_0008_cheminement avec GC\"\/>\n\t\t\t\t\t\t<h3>\n\t\t\t\t\t\tCAMINO DE CIRCULACI\u00d3N\t\t<\/h3>\n\t\t<a href=\"https:\/\/gamesystem.com\/es\/salto-de-lobo\/\" target=\"_blank\" rel=\"noopener\">\n\t\t\t\t\t\t\t\t\t\t\t<img decoding=\"async\" src=\"https:\/\/gamesystem.com\/wp-content\/uploads\/2021\/09\/protection-collectibe_0012_SAUT-DE-LOUP-ALU-ASSYMETRIQUE.jpg\" alt=\"protection collectibe_0012_SAUT DE LOUP ALU ASSYMETRIQUE\"\/>\n\t\t\t\t\t\t<h3>\n\t\t\t\t\t\tSALTO DE LOBO\t\t<\/h3>\n\t\t<\/a>\n\t\t\t\t\t\t\t\t\t\t\t<img decoding=\"async\" src=\"https:\/\/gamesystem.com\/wp-content\/uploads\/2021\/09\/protection-collectibe_0003_Escalier.jpg\" alt=\"protection collectibe_0003_Escalier\"\/>\n\t\t\t\t\t\t<h3>\n\t\t\t\t\t\tESCALERAS\t\t<\/h3>\n\t\t\t\t\t\t\t\t\t\t\t<img decoding=\"async\" src=\"https:\/\/gamesystem.com\/wp-content\/uploads\/2021\/09\/protection-collectibe_0001_Plateforme-suspendue-1.jpg\" alt=\"protection collectibe_0001_Plateforme suspendue (1)\"\/>\n\t\t\t\t\t\t<h3>\n\t\t\t\t\t\tPLATAFORMA\t\t<\/h3>\n\t\t\t\t\t\t\t\t\t\t\t<img decoding=\"async\" src=\"https:\/\/gamesystem.com\/wp-content\/uploads\/2021\/09\/Sans-titre-3_0000_Calque-3.jpg\" alt=\"Sans titre-3_0000_Calque 3\"\/>\n\t\t\t\t\t\t<h3>\n\t\t\t\t\t\tREJILLAS DE PROTECCI\u00d3N\t\t<\/h3>\n\t\t\t\t\t\t\t\t\t\t\t<img decoding=\"async\" src=\"https:\/\/gamesystem.com\/wp-content\/uploads\/2021\/09\/protection-collectibe_0006_BALISAGE-POTELET-CHAINETTE.jpg\" alt=\"protection collectibe_0006_BALISAGE POTELET CHAINETTE\"\/>\n\t\t\t\t\t\t<h3>\n\t\t\t\t\t\tBALIZADO CON CADENA\t\t<\/h3>\n\t\t<a href=\"https:\/\/gamesystem.com\/es\/escalera-de-aros\/\" target=\"_blank\" rel=\"noopener\">\n\t\t\t\t\t\t\t\t\t\t\t<img decoding=\"async\" src=\"https:\/\/gamesystem.com\/wp-content\/uploads\/2021\/09\/protection-collectibe_0011_chantier-CERNAY-005.jpg\" alt=\"protection collectibe_0011_chantier-CERNAY-005\"\/>\n\t\t\t\t\t\t<h3>\n\t\t\t\t\t\tESCALERAS CON JAULA\t\t<\/h3>\n\t\t<\/a>\n\t\t\t\t\t\t\t\t\t\t\t<img decoding=\"async\" src=\"https:\/\/gamesystem.com\/wp-content\/uploads\/2021\/09\/protection-collectibe_0002_IMGP5067.jpg\" alt=\"protection collectibe_0002_IMGP5067\"\/>\n\t\t\t\t\t\t<h3>\n\t\t\t\t\t\tPASARELA\t\t<\/h3>\n\t\t\t\t\t\t\t\t\t\t\t<img decoding=\"async\" src=\"https:\/\/gamesystem.com\/wp-content\/uploads\/2021\/09\/protection-collectibe_0000_ECHAFAUDAGES-ROULANTS-ALLUMINIUM_TOTEM-2-LINE-180_SITU_1-1.jpg\" alt=\"\"\/>\n\t\t\t\t\t\t<h3>\n\t\t\t\t\t\tANDAMIO RODANTE\t\t<\/h3>\n\n","protected":false},"excerpt":{"rendered":"<p>PROTECCI\u00d3N COLECTIVA BARANDILLAS REJILLAS ANTICA\u00cdDAS BALIZADO CON PINTURA SOLUCIONES MODULARES BARRERA ESCLUSA BARRERAS CAMINO DE CIRCULACI\u00d3N SALTO DE LOBO ESCALERAS PLATAFORMA REJILLAS DE PROTECCI\u00d3N BALIZADO CON CADENA ESCALERAS CON JAULA&hellip;<\/p>\n","protected":false},"author":2,"featured_media":0,"parent":0,"menu_order":0,"comment_status":"closed","ping_status":"closed","template":"","meta":[],"_links":{"self":[{"href":"https:\/\/gamesystem.com\/es\/wp-json\/wp\/v2\/pages\/35511"}],"collection":[{"href":"https:\/\/gamesystem.com\/es\/wp-json\/wp\/v2\/pages"}],"about":[{"href":"https:\/\/gamesystem.com\/es\/wp-json\/wp\/v2\/types\/page"}],"author":[{"embeddable":true,"href":"https:\/\/gamesystem.com\/es\/wp-json\/wp\/v2\/users\/2"}],"replies":[{"embeddable":true,"href":"https:\/\/gamesystem.com\/es\/wp-json\/wp\/v2\/comments?post=35511"}],"version-history":[{"count":0,"href":"https:\/\/gamesystem.com\/es\/wp-json\/wp\/v2\/pages\/35511\/revisions"}],"wp:attachment":[{"href":"https:\/\/gamesystem.com\/es\/wp-json\/wp\/v2\/media?parent=35511"}],"curies":[{"name":"wp","href":"https:\/\/api.w.org\/{rel}","templated":true}]}}