{"id":35499,"date":"2021-09-16T14:46:39","date_gmt":"2021-09-16T12:46:39","guid":{"rendered":"https:\/\/gamesystem.com\/portique-milieu-confine\/"},"modified":"2021-11-09T14:03:51","modified_gmt":"2021-11-09T13:03:51","slug":"portico-espacios-confinados","status":"publish","type":"page","link":"https:\/\/gamesystem.com\/es\/portico-espacios-confinados\/","title":{"rendered":"P\u00f3rtico en espacios confinados"},"content":{"rendered":"\n\n\t\t\t<h1>P\u00d3RTICO EN ESPACIOS CONFINADOS (BAJO PEDIDO)<\/h1>\t\t\t\n\t\t\t\t<img decoding=\"async\" src=\"https:\/\/gamesystem.com\/wp-content\/uploads\/2021\/09\/Capture-decran-2021-09-16-144825.jpg\" alt=\"Capture d'\u00e9cran 2021-09-16 144825\" title=\"Capture d'\u00e9cran 2021-09-16 144825\" itemprop=\"image\"\/>\n\t\t\t\t<img decoding=\"async\" src=\"https:\/\/gamesystem.com\/wp-content\/uploads\/2021\/09\/Capture-decran-2021-09-16-144825.jpg\" alt=\"Capture d'\u00e9cran 2021-09-16 144825\" title=\"Capture d'\u00e9cran 2021-09-16 144825\" itemprop=\"image\"\/>\n\t\t\t\t<img decoding=\"async\" src=\"https:\/\/gamesystem.com\/wp-content\/uploads\/2021\/09\/Capture-decran-2021-09-16-144825.jpg\" alt=\"Capture d'\u00e9cran 2021-09-16 144825\" title=\"Capture d'\u00e9cran 2021-09-16 144825\" itemprop=\"image\"\/>\n\t<a href=\"https:\/\/gamesystem.com\/es\/contacto\/\" target=\"_self\" rel=\"noopener\"><\/a> \n\t\t\tSOLICITAR UN PRESUPUESTO\t\t\t\n\t<a href=\"https:\/\/gamesystem.com\/es\/contacto\/\" target=\"_blank\" rel=\"noopener\"><\/a> \n\t\t\t \u00bf TIENES ALGUNA DUDA ? PINCHA AQUI\t\t\t\n\t\n<p>Las tolvas y los circuitos subterr\u00e1neos necesitan visitas peri\u00f3dicas, controles, mantenimiento&#8230; La trampilla de inspecci\u00f3n est\u00e1 situada, generalmente, en el suelo. Por lo que es necesario que la persona que interviene en la operaci\u00f3n pueda hacerlo de forma totalmente segura, descender en esta cavidad, subir y, eventualmente, que la persona que permanece en el exterior pueda ayudarla a salir o evacuarla. Durante los trabajos, la zona debe estar asegurada.<\/p>\n\n<p>El dise\u00f1o del pescante o de la viga, debe permitir al operario presentarse delante de la trampilla estando en seguridad. Para ello debe tener la posibilidad de conectarse al extremo de su antica\u00eddas. Podr\u00e1 entonces abrir la trampilla y comenzar su descenso. Durante la subida, consciente o no, debe poder, solo o con ayuda, salir f\u00e1cilmente. Para ello es necesaria una cierta distancia entre el extremo del antica\u00eddas y el enganche dorsal del arn\u00e9s.<\/p>\n\n<p>Se tendr\u00e1 en cuenta la naturaleza del suelo, a fin de elegir la banda de rodadura adecuada de las ruedas.<\/p>\n\n<p>El pescante o el p\u00f3rtico deben poder manipularse sin esfuerzo, posicionarse a cada lado de la trampilla delimitando la zona de riesgo cuando \u00e9sta est\u00e1 abierta. Todo ello debe ser monobloque, de forma que los esfuerzos sean m\u00ednimos para las personas que intervienen en la operaci\u00f3n y que no haya ning\u00fan olvido en el proceso de intervenci\u00f3n. Debemos garantizar \u00fanicamente, bien la funci\u00f3n \u00abseguridad\u00bb, o bien \u00abseguridad y\/o evacuaci\u00f3n\u00bb, o bien \u00abacceso y seguridad y\/o evacuaci\u00f3n\u00bb.<\/p>\n&#8211; Seguridad: si el medio de acceso ya existe, es necesario asegurar al operario durante el descenso y la subida. Esto se efectuar\u00e1 con ayuda de un antica\u00eddas cuya longitud ser\u00e1 al menos igual a la profundidad de la cuba, estando el extremo del cable o de la correa enganchado a la anilla dorsal del operario.<br \/>\n&#8211; Seguridad y\/o evacuaci\u00f3n: ciertas cubas pueden presentar problemas de toxicidad para el operario, aunque se haya tomado la precauci\u00f3n de ventilarlas. Se evita este riesgo recurriendo a un antica\u00eddas retr\u00e1ctil con funci\u00f3n de recuperador.\n<p>&#8211; \u00abAcceso y seguridad y\/o evacuaci\u00f3n\u00bb: no existe ning\u00fan acceso y\/o \u00e9ste no puede permanecer permanentemente en la cuba. En este caso es posible a\u00f1adir, en el pie del pescante, un cabrestante de cable (manual o el\u00e9ctrico), estando el usuario sentado en un sill\u00edn.<\/p>\n\n","protected":false},"excerpt":{"rendered":"<p>P\u00d3RTICO EN ESPACIOS CONFINADOS (BAJO PEDIDO) SOLICITAR UN PRESUPUESTO \u00bf TIENES ALGUNA DUDA ? PINCHA AQUI Las tolvas y los circuitos subterr\u00e1neos necesitan visitas peri\u00f3dicas, controles, mantenimiento&#8230; La trampilla de&hellip;<\/p>\n","protected":false},"author":2,"featured_media":0,"parent":0,"menu_order":0,"comment_status":"closed","ping_status":"closed","template":"","meta":[],"_links":{"self":[{"href":"https:\/\/gamesystem.com\/es\/wp-json\/wp\/v2\/pages\/35499"}],"collection":[{"href":"https:\/\/gamesystem.com\/es\/wp-json\/wp\/v2\/pages"}],"about":[{"href":"https:\/\/gamesystem.com\/es\/wp-json\/wp\/v2\/types\/page"}],"author":[{"embeddable":true,"href":"https:\/\/gamesystem.com\/es\/wp-json\/wp\/v2\/users\/2"}],"replies":[{"embeddable":true,"href":"https:\/\/gamesystem.com\/es\/wp-json\/wp\/v2\/comments?post=35499"}],"version-history":[{"count":0,"href":"https:\/\/gamesystem.com\/es\/wp-json\/wp\/v2\/pages\/35499\/revisions"}],"wp:attachment":[{"href":"https:\/\/gamesystem.com\/es\/wp-json\/wp\/v2\/media?parent=35499"}],"curies":[{"name":"wp","href":"https:\/\/api.w.org\/{rel}","templated":true}]}}