{"id":35498,"date":"2021-09-16T14:40:04","date_gmt":"2021-09-16T12:40:04","guid":{"rendered":"https:\/\/gamesystem.com\/potence-murale\/"},"modified":"2021-11-09T14:01:51","modified_gmt":"2021-11-09T13:01:51","slug":"horca-giratoria-lateral","status":"publish","type":"page","link":"https:\/\/gamesystem.com\/es\/horca-giratoria-lateral\/","title":{"rendered":"Horca giratoria lateral"},"content":{"rendered":"\n\n\t\t\t<h1>HORCA GIRATORIA LATERAL<\/h1>\t\t\t\n\t\t\t\t<img decoding=\"async\" src=\"https:\/\/gamesystem.com\/wp-content\/uploads\/2021\/09\/Capture-decran-2021-09-16-144140-1.jpg\" alt=\"Capture d'\u00e9cran 2021-09-16 144140 (1)\" title=\"Capture d'\u00e9cran 2021-09-16 144140 (1)\" itemprop=\"image\"\/>\n\t\t\t\t<img decoding=\"async\" src=\"https:\/\/gamesystem.com\/wp-content\/uploads\/2021\/09\/Capture-decran-2021-09-16-144515-1.jpg\" alt=\"Capture d'\u00e9cran 2021-09-16 144515 (1)\" title=\"Capture d'\u00e9cran 2021-09-16 144515 (1)\" itemprop=\"image\"\/>\n\t<a href=\"https:\/\/gamesystem.com\/es\/contacto\/\" target=\"_self\" rel=\"noopener\"><\/a> \n\t\t\tSOLICITAR UN PRESUPUESTO\t\t\t\n\t<a href=\"https:\/\/gamesystem.com\/es\/contacto\/\" target=\"_blank\" rel=\"noopener\"><\/a> \n\t\t\t \u00bf TIENES ALGUNA DUDA ? PINCHA AQUI\t\t\t\n\t\n<p>Cuando una estructura resistente se encuentra cerca de la zona a asegurar, la fijaci\u00f3n de un pescante mural es un medio ideal de seguridad. Fijo o pivotante, puede adaptarse a la configuraci\u00f3n del lugar (longitud, tipo de fijaci\u00f3n). El antica\u00eddas retr\u00e1ctil es ideal, con o sin sistema de recuperaci\u00f3n. .<\/p>\n\n\n","protected":false},"excerpt":{"rendered":"<p>HORCA GIRATORIA LATERAL SOLICITAR UN PRESUPUESTO \u00bf TIENES ALGUNA DUDA ? PINCHA AQUI Cuando una estructura resistente se encuentra cerca de la zona a asegurar, la fijaci\u00f3n de un pescante&hellip;<\/p>\n","protected":false},"author":2,"featured_media":0,"parent":0,"menu_order":0,"comment_status":"closed","ping_status":"closed","template":"","meta":[],"_links":{"self":[{"href":"https:\/\/gamesystem.com\/es\/wp-json\/wp\/v2\/pages\/35498"}],"collection":[{"href":"https:\/\/gamesystem.com\/es\/wp-json\/wp\/v2\/pages"}],"about":[{"href":"https:\/\/gamesystem.com\/es\/wp-json\/wp\/v2\/types\/page"}],"author":[{"embeddable":true,"href":"https:\/\/gamesystem.com\/es\/wp-json\/wp\/v2\/users\/2"}],"replies":[{"embeddable":true,"href":"https:\/\/gamesystem.com\/es\/wp-json\/wp\/v2\/comments?post=35498"}],"version-history":[{"count":0,"href":"https:\/\/gamesystem.com\/es\/wp-json\/wp\/v2\/pages\/35498\/revisions"}],"wp:attachment":[{"href":"https:\/\/gamesystem.com\/es\/wp-json\/wp\/v2\/media?parent=35498"}],"curies":[{"name":"wp","href":"https:\/\/api.w.org\/{rel}","templated":true}]}}