{"id":35496,"date":"2021-09-16T14:31:42","date_gmt":"2021-09-16T12:31:42","guid":{"rendered":"https:\/\/gamesystem.com\/potence-anjou\/"},"modified":"2021-11-09T14:02:27","modified_gmt":"2021-11-09T13:02:27","slug":"pescante-anjou","status":"publish","type":"page","link":"https:\/\/gamesystem.com\/es\/pescante-anjou\/","title":{"rendered":"Pescante Anjou"},"content":{"rendered":"\n\n\t\t\t<h1>PESCANTE ANJOU<\/h1>\t\t\t\n\t\t\t\t<img decoding=\"async\" src=\"https:\/\/gamesystem.com\/wp-content\/uploads\/2021\/09\/anjou-1.jpg\" alt=\"anjou (1)\" title=\"anjou (1)\" itemprop=\"image\"\/>\n\t<a href=\"https:\/\/gamesystem.com\/es\/contacto\/\" target=\"_self\" rel=\"noopener\"><\/a> \n\t\t\tSOLICITAR UN PRESUPUESTO\t\t\t\n\t<a href=\"https:\/\/gamesystem.com\/es\/contacto\/\" target=\"_blank\" rel=\"noopener\"><\/a> \n\t\t\t \u00bf TIENES ALGUNA DUDA ? PINCHA AQUI\t\t\t\n\t\n<p>Especialmente dise\u00f1ado para la seguridad de las estaciones de alta tensi\u00f3n, sus dos brazos de apoyo en el suelo est\u00e1n empernados en los ra\u00edles Halfen del armaz\u00f3n. El pescante telesc\u00f3pico, con una altura m\u00e1xima de 7 m, se posiciona y despliega con ayuda de un cami\u00f3n gr\u00faa. Dise\u00f1ado para dos personas, permite trabajar de forma segura en un radio de 3,5 m.<\/p>\n\n\n","protected":false},"excerpt":{"rendered":"<p>PESCANTE ANJOU SOLICITAR UN PRESUPUESTO \u00bf TIENES ALGUNA DUDA ? PINCHA AQUI Especialmente dise\u00f1ado para la seguridad de las estaciones de alta tensi\u00f3n, sus dos brazos de apoyo en el&hellip;<\/p>\n","protected":false},"author":2,"featured_media":0,"parent":0,"menu_order":0,"comment_status":"closed","ping_status":"closed","template":"","meta":[],"_links":{"self":[{"href":"https:\/\/gamesystem.com\/es\/wp-json\/wp\/v2\/pages\/35496"}],"collection":[{"href":"https:\/\/gamesystem.com\/es\/wp-json\/wp\/v2\/pages"}],"about":[{"href":"https:\/\/gamesystem.com\/es\/wp-json\/wp\/v2\/types\/page"}],"author":[{"embeddable":true,"href":"https:\/\/gamesystem.com\/es\/wp-json\/wp\/v2\/users\/2"}],"replies":[{"embeddable":true,"href":"https:\/\/gamesystem.com\/es\/wp-json\/wp\/v2\/comments?post=35496"}],"version-history":[{"count":0,"href":"https:\/\/gamesystem.com\/es\/wp-json\/wp\/v2\/pages\/35496\/revisions"}],"wp:attachment":[{"href":"https:\/\/gamesystem.com\/es\/wp-json\/wp\/v2\/media?parent=35496"}],"curies":[{"name":"wp","href":"https:\/\/api.w.org\/{rel}","templated":true}]}}