{"id":35488,"date":"2021-09-16T13:32:35","date_gmt":"2021-09-16T11:32:35","guid":{"rendered":"https:\/\/gamesystem.com\/potence-amovible\/"},"modified":"2021-11-09T13:48:49","modified_gmt":"2021-11-09T12:48:49","slug":"horca-movil","status":"publish","type":"page","link":"https:\/\/gamesystem.com\/es\/horca-movil\/","title":{"rendered":"Horca m\u00f3vil"},"content":{"rendered":"\n\n\t\t\t<h1>HORCA M\u00d3VIL <\/h1>\t\t\t\n\t\t\t\t<img decoding=\"async\" src=\"https:\/\/gamesystem.com\/wp-content\/uploads\/2021\/09\/Heronnnn.jpg\" alt=\"POTENCE AMOVIBLE\" title=\"POTENCE AMOVIBLE\" itemprop=\"image\"\/>\n                        \t<img decoding=\"async\" src=\"https:\/\/gamesystem.com\/wp-content\/uploads\/2021\/09\/POTENCE-DECLIPAGE-1.png\" alt=\"Horca m\u00f3vil + M\u00e1stil fijo\" data-no-lazy=\"1\" \/>\n                            \n                                Horca m\u00f3vil + M\u00e1stil fijo                            \n                        \t<img decoding=\"async\" src=\"https:\/\/gamesystem.com\/wp-content\/uploads\/2021\/09\/POTENCE-AVEC-ARA-1.png\" alt=\"Con antica\u00eddas + Recuperador\" data-no-lazy=\"1\" \/>\n                            \n                                Con antica\u00eddas + Recuperador                            \n                        \t<img decoding=\"async\" src=\"https:\/\/gamesystem.com\/wp-content\/uploads\/2021\/09\/POTENCE-ROTATION-1.jpg\" alt=\"Rotaci\u00f3n de 360\u00b0\" data-no-lazy=\"1\" \/>\n                            \n                                Rotaci\u00f3n de 360\u00b0                            \n                        \t<img decoding=\"async\" src=\"https:\/\/gamesystem.com\/wp-content\/uploads\/2021\/09\/POTENCE-AVEC-RECUPERATEUR-1.png\" alt=\"Avec antichute + R\u00e9cup\u00e9rateur\" data-no-lazy=\"1\" \/>\n                            \n                                Avec antichute + R\u00e9cup\u00e9rateur                            \n\t\t\t\t<img decoding=\"async\" src=\"https:\/\/gamesystem.com\/wp-content\/uploads\/2021\/09\/potence-gamesystem-1.jpg\" alt=\"potence gamesystem (1)\" title=\"potence gamesystem (1)\" itemprop=\"image\"\/>\n\t\t\t\t<img decoding=\"async\" src=\"https:\/\/gamesystem.com\/wp-content\/uploads\/2021\/09\/frourreau-gamesystem-1.jpg\" alt=\"frourreau gamesystem (1)\" title=\"frourreau gamesystem (1)\" itemprop=\"image\"\/>\n\t<a href=\"https:\/\/gamesystem.com\/es\/contacto\/\" target=\"_self\" rel=\"noopener\"><\/a> \n\t\t\t SOLICITAR UN PRESUPUESTO\t\t\t\n\t<a href=\"https:\/\/gamesystem.com\/es\/contacto\/\" target=\"_self\" rel=\"noopener\"><\/a> \n\t\t\t \u00bf TIENES ALGUNA DUDA ? PINCHA AQUI\t\t\t\n\t\n<hr \/>\n\n<p>Las cubas, circuitos subterr\u00e1neos&#8230;, necesitan inspecciones, controles y mantenimiento peri\u00f3dicamente. La trampilla de inspecci\u00f3n est\u00e1 situada, generalmente, en la parte superior de la instalaci\u00f3n. Es pues necesario que la persona que interviene en la operaci\u00f3n pueda descender en esta cavidad, subir y, eventualmente, en caso de necesidad, que la persona que permanece en el exterior pueda ayudarla a salir o evacuarla.<\/p>\n\n<p>En la mayor\u00eda de casos, la empresa debe asegurar varias cubas. Se realizar\u00e1 un estudio del conjunto y se estudiar\u00e1 la posibilidad de realizar un pescante \u00fanico que el usuario mover\u00e1 de una a otra. En cada una de las cubas se instalar\u00e1n m\u00e1stiles permanentes sobre una placa (soldadura de las placas y empernado del m\u00e1stil, o por medio de cualquier otro sistema mec\u00e1nico de fijaci\u00f3n, seg\u00fan la naturaleza del material). Si la empresa solamente posee una cuba, el pescante se instalar\u00e1, de forma permanente, con un m\u00e1stil fijo sobre una placa.<\/p>\n\nEl dise\u00f1o del pescante debe permitir al operario colocarse delante de la trampilla estando en seguridad. Para ello debe tener la posibilidad de conectarse al extremo de su antica\u00eddas. Podr\u00e1 entonces abrir la trampilla y comenzar su descenso.<br \/>\nDurante la subida, consciente o no, debe poder, solo o con ayuda, salir f\u00e1cilmente. Para ello es necesaria una cierta distancia entre el extremo del antica\u00eddas y el enganche dorsal del arn\u00e9.\n\nDebemos garantizar \u00fanicamente, bien la funci\u00f3n \u00abseguridad\u00bb, o bien \u00abseguridad y\/o evacuaci\u00f3n\u00bb, o bien \u00abacceso y seguridad y\/o evacuaci\u00f3n\u00bb.<br \/>\n\u2022 Seguridad: si el medio de acceso ya existe, es necesario asegurar al operario durante el descenso y la subida. Esto se efectuar\u00e1 con ayuda de un antica\u00eddas cuya longitud ser\u00e1 al menos igual a la profundidad de la cuba, estando el extremo del cable o de la correa enganchado a la anilla dorsal del operario.<br \/>\n\u2022 Seguridad y\/o evacuaci\u00f3n: ciertas cubas pueden presentar problemas de toxicidad para el operario, aunque se haya tomado la precauci\u00f3n de ventilarlas.\n\n<ul>\n<li>Peso: 25 kg<\/li>\n<li>Altura: de 1950 a 2140 mm<\/li>\n<li>Desviaci\u00f3n: de 580 a 1215 mm<\/li>\n<\/ul>\n\n<ul>\n<li>Un solo pescante para varios m\u00e1stiles<\/li>\n<li>Transportable manualmente por una persona<\/li>\n<li>Conexi\u00f3n con el m\u00e1stil sin herramientas<\/li>\n<li>Fijaci\u00f3n del m\u00e1stil inox por soldadura o con pernos<\/li>\n<\/ul>\n\n\t\t\t\t<img decoding=\"async\" src=\"https:\/\/gamesystem.com\/wp-content\/uploads\/2021\/09\/POTENCE-HERON-TITANE.png\" alt=\"POTENCE AMOVIBLE\" title=\"POTENCE HERON TITANE\" itemprop=\"image\"\/>\n                        \t<img decoding=\"async\" src=\"https:\/\/gamesystem.com\/wp-content\/uploads\/2021\/09\/POTENCE-TI-DOUBLE-ARA-1.png\" alt=\"Con dos antica\u00eddas retr\u00e1ctiles\" data-no-lazy=\"1\" \/>\n                            \n                                Con dos antica\u00eddas retr\u00e1ctiles                            \n                        \t<img decoding=\"async\" src=\"https:\/\/gamesystem.com\/wp-content\/uploads\/2021\/09\/POTENCE-TI-RECUPERATEUR-ARA.png\" alt=\"Con antica\u00eddas + recuperador\" data-no-lazy=\"1\" \/>\n                            \n                                Con antica\u00eddas + recuperador                            \n\t<a href=\"https:\/\/gamesystem.com\/es\/contacto\/\" target=\"_self\" rel=\"noopener\"><\/a> \n\t\t\t SOLICITAR UN PRESUPUESTO\t\t\t\n\t<a href=\"https:\/\/gamesystem.com\/es\/contacto\/\" target=\"_self\" rel=\"noopener\"><\/a> \n\t\t\t \u00bf TIENES ALGUNA DUDA ? PINCHA AQUI\t\t\t\n\t\n<hr \/>\n\n<ul>\n<li>Poids : 17 kg<\/li>\n<li>Hauteur : 1950 \u00e0 2140 mm<\/li>\n<li>D\u00e9port : 580 \u00e0 1215 mm<\/li>\n<\/ul>\n\n<ul>\n<li>Pescante inoxidable<\/li>\n<li>30% m\u00e1s ligero<\/li>\n<li>Utilizable por dos personas<\/li>\n<\/ul>\n\n\n","protected":false},"excerpt":{"rendered":"<p>HORCA M\u00d3VIL Horca m\u00f3vil + M\u00e1stil fijo Con antica\u00eddas + Recuperador Rotaci\u00f3n de 360\u00b0 Avec antichute + R\u00e9cup\u00e9rateur SOLICITAR UN PRESUPUESTO \u00bf TIENES ALGUNA DUDA ? PINCHA AQUI Las cubas,&hellip;<\/p>\n","protected":false},"author":2,"featured_media":0,"parent":0,"menu_order":0,"comment_status":"closed","ping_status":"closed","template":"","meta":[],"_links":{"self":[{"href":"https:\/\/gamesystem.com\/es\/wp-json\/wp\/v2\/pages\/35488"}],"collection":[{"href":"https:\/\/gamesystem.com\/es\/wp-json\/wp\/v2\/pages"}],"about":[{"href":"https:\/\/gamesystem.com\/es\/wp-json\/wp\/v2\/types\/page"}],"author":[{"embeddable":true,"href":"https:\/\/gamesystem.com\/es\/wp-json\/wp\/v2\/users\/2"}],"replies":[{"embeddable":true,"href":"https:\/\/gamesystem.com\/es\/wp-json\/wp\/v2\/comments?post=35488"}],"version-history":[{"count":0,"href":"https:\/\/gamesystem.com\/es\/wp-json\/wp\/v2\/pages\/35488\/revisions"}],"wp:attachment":[{"href":"https:\/\/gamesystem.com\/es\/wp-json\/wp\/v2\/media?parent=35488"}],"curies":[{"name":"wp","href":"https:\/\/api.w.org\/{rel}","templated":true}]}}