{"id":35485,"date":"2021-09-16T13:17:29","date_gmt":"2021-09-16T11:17:29","guid":{"rendered":"https:\/\/gamesystem.com\/quai-de-depotage\/"},"modified":"2021-11-09T13:39:12","modified_gmt":"2021-11-09T12:39:12","slug":"portico-de-carga-y-descarga","status":"publish","type":"page","link":"https:\/\/gamesystem.com\/es\/portico-de-carga-y-descarga\/","title":{"rendered":"P\u00f3rtico de carga y descarga"},"content":{"rendered":"\n\n\t\t\t<h1>SEGURIDAD DE LOS MUELLES DE CARGA Y DESCARGA<\/h1>\t\t\t\n                        \t<img decoding=\"async\" src=\"https:\/\/gamesystem.com\/wp-content\/uploads\/2021\/09\/quai3-min.png\" alt=\"MUELLE DE CARGA Y DESCARGA SIMPLE\" data-no-lazy=\"1\" \/>\n                            \n                                MUELLE DE CARGA Y DESCARGA SIMPLE                            \n                        \t<img decoding=\"async\" src=\"https:\/\/gamesystem.com\/wp-content\/uploads\/2021\/09\/quai4-min.png\" alt=\"MUELLE DE CARGA Y DESCARGA DOBLE\" data-no-lazy=\"1\" \/>\n                            \n                                MUELLE DE CARGA Y DESCARGA DOBLE                            \n                        \t<img decoding=\"async\" src=\"https:\/\/gamesystem.com\/wp-content\/uploads\/2021\/09\/quai6-min.png\" alt=\"MUELLE DE CARGA Y DESCARGA EN APLIQUE\" data-no-lazy=\"1\" \/>\n                            \n                                MUELLE DE CARGA Y DESCARGA EN APLIQUE                            \n                        \t<img decoding=\"async\" src=\"https:\/\/gamesystem.com\/wp-content\/uploads\/2021\/09\/Capture-decran-2021-04-01-115743-min-min.jpg\" alt=\"PESCANTE GIRATORIO PARA CARGA Y DESCARGA\" data-no-lazy=\"1\" \/>\n                            \n                                PESCANTE GIRATORIO PARA CARGA Y DESCARGA                            \n\t<a href=\"https:\/\/gamesystem.com\/es\/contacto\/\" target=\"_self\" rel=\"noopener\"><\/a> \n\t\t\t SOLICITAR UN PRESUPUESTO\t\t\t\n\t<a href=\"https:\/\/gamesystem.com\/es\/contacto\/\" target=\"_self\" rel=\"noopener\"><\/a> \n\t\t\t \u00bf TIENES ALGUNA DUDA ? PINCHA AQUI\t\t\t\n\t<p>La seguridad de un muelle de trasvase mediante un p\u00f3rtico equipado con un ra\u00edl es la soluci\u00f3n m\u00e1s segura para los operarios que participen en esta operaci\u00f3n.<\/p>\n<p><strong>Facilidad de uso:<\/strong> el ra\u00edl permite f\u00e1cilmente los desplazamientos. El carro se hace olvidar r\u00e1pidamente siguiendo al usuario, sin que \u00e9ste necesite forzar sus movimientos.<\/p>\n<p><strong>Altura \u00f3ptima y reacci\u00f3n inmediata:<\/strong> la rigidez del ra\u00edl permite obtener una flexi\u00f3n nula y reducir considerablemente la altura de ca\u00edda del usuario. El tiempo de reacci\u00f3n del antica\u00eddas permite al usuario, en el 90 % de casos, restablecerse y dejar la zona de trabajo.<\/p>\n<p><strong>Eficacia:<\/strong> equipada con un antica\u00eddas retr\u00e1ctil autom\u00e1tico, nuestra soluci\u00f3n permite mantener una tensi\u00f3n constante entre el carro y el usuario. En caso de ca\u00edda, esta tensi\u00f3n sujeta al usuario casi inmediatamente. Esta soluci\u00f3n, desarrollada por nuestra oficina t\u00e9cnica, posee un deslizamiento \u00f3ptimo. El carro Gamesystem, provisto de 4 rodillos de pl\u00e1stico montados con rodamientos impermeabilizados, permite circular en distancias sin esfuerzo. El ra\u00edl de aluminio anodizado le confiere una muy buena resistencia a la corrosi\u00f3n. Es la mejor soluci\u00f3n para asegurar las zonas con alturas reducidas.<\/p>\n\t\t\t\t\t\t\t\t<!-- navigation arrows -->\n\t\t\t<button aria-label=\"Previous slide\" role=\"button\" tabindex=\"0\">\n\t\t\t<\/button>\n\t\t\t<button aria-label=\"Next slide\" role=\"button\" tabindex=\"0\">\n\t\t\t<\/button>\n\t\t\t\t\t\t<!-- pagination -->\n\t\n","protected":false},"excerpt":{"rendered":"<p>SEGURIDAD DE LOS MUELLES DE CARGA Y DESCARGA MUELLE DE CARGA Y DESCARGA SIMPLE MUELLE DE CARGA Y DESCARGA DOBLE MUELLE DE CARGA Y DESCARGA EN APLIQUE PESCANTE GIRATORIO PARA&hellip;<\/p>\n","protected":false},"author":2,"featured_media":0,"parent":0,"menu_order":0,"comment_status":"closed","ping_status":"closed","template":"","meta":[],"_links":{"self":[{"href":"https:\/\/gamesystem.com\/es\/wp-json\/wp\/v2\/pages\/35485"}],"collection":[{"href":"https:\/\/gamesystem.com\/es\/wp-json\/wp\/v2\/pages"}],"about":[{"href":"https:\/\/gamesystem.com\/es\/wp-json\/wp\/v2\/types\/page"}],"author":[{"embeddable":true,"href":"https:\/\/gamesystem.com\/es\/wp-json\/wp\/v2\/users\/2"}],"replies":[{"embeddable":true,"href":"https:\/\/gamesystem.com\/es\/wp-json\/wp\/v2\/comments?post=35485"}],"version-history":[{"count":0,"href":"https:\/\/gamesystem.com\/es\/wp-json\/wp\/v2\/pages\/35485\/revisions"}],"wp:attachment":[{"href":"https:\/\/gamesystem.com\/es\/wp-json\/wp\/v2\/media?parent=35485"}],"curies":[{"name":"wp","href":"https:\/\/api.w.org\/{rel}","templated":true}]}}