{"id":35481,"date":"2021-09-16T13:16:23","date_gmt":"2021-09-16T11:16:23","guid":{"rendered":"https:\/\/gamesystem.com\/rail-avec-echelle-coulissante\/"},"modified":"2021-11-09T13:33:59","modified_gmt":"2021-11-09T12:33:59","slug":"rail-con-escalera-corredera","status":"publish","type":"page","link":"https:\/\/gamesystem.com\/es\/rail-con-escalera-corredera\/","title":{"rendered":"Ra\u00edl con escalera corredera"},"content":{"rendered":"\n\n\t\t\t<h1>RA\u00cdL CON ESCALERA CORREDERA<\/h1>\t\t\t\n                        \t<img decoding=\"async\" src=\"https:\/\/gamesystem.com\/wp-content\/uploads\/2021\/09\/FSET-REAL-VIEW-min.png\" alt=\"RAIL AVEC \u00c9CHELLE COULISSANTE\" data-no-lazy=\"1\" \/>\n\t<a href=\"https:\/\/gamesystem.com\/es\/contacto\/\" target=\"_self\" rel=\"noopener\"><\/a> \n\t\t\tSOLICITAR UN PRESUPUESTO\t\t\t\n\t<a href=\"https:\/\/gamesystem.com\/es\/contacto\/\" target=\"_self\" rel=\"noopener\"><\/a> \n\t\t\t \u00bf TIENES ALGUNA DUDA ? PINCHA AQUI\t\t\t\n\t\n\n<p>Un transelevador integrado en una cadena de producci\u00f3n presenta el inconveniente de que, si una de las piezas transportadas se atraviesa en la entrada o la salida, toda la cadena se bloquea. Es entonces necesaria una r\u00e1pida intervenci\u00f3n humana para reposicionar la pieza. Esta intervenci\u00f3n es de corta duraci\u00f3n y su frecuencia es aleatoria.<\/p>\n\n<p>La estructura de tales instalaciones es siempre la misma y repetitiva. Es simple crear puntos donde se fijar\u00e1 el ra\u00edl de aluminio. En el suelo se instala un ra\u00edl gu\u00eda. La escalera se fija mediante dos correderas con muelle, las cuales est\u00e1n a su vez montadas sobre dos carros unidos entre s\u00ed. Uno de los carros est\u00e1 provisto de un punto de anclaje, sobre el cual se fijar\u00e1 el antica\u00eddas. En un extremo del ra\u00edl est\u00e1 prevista una zona para almacenar la escalera durante la inactividad. Durante una intervenci\u00f3n, el usuario desbloquea la escalera, que detiene el transelevador. Conduce la escalera a la vertical de la pieza, sube para desbloquearla, baja de nuevo y desliza la escalera hasta su lugar, poniendo en marcha de nuevo la producci\u00f3n. La operaci\u00f3n ha durado menos de 2 minutos.<\/p>\n\n<p>Los transelevadores est\u00e1n integrados en una l\u00ednea de producci\u00f3n. Su bloqueo por un palet o un producto mal posicionado interrumpe el ciclo. La intervenci\u00f3n de desbloqueo debe ser lo m\u00e1s r\u00e1pida posible. Para ello, el usuario, que estar\u00e1 equipado permanentemente con su arn\u00e9s, deber\u00e1 estar formado.<\/p>\n\n<p>La soluci\u00f3n podr\u00eda ser la instalaci\u00f3n de un equipo de protecci\u00f3n colectiva: escalera o pasarela de diferentes niveles, pero esto presenta dos grandes inconvenientes: la ocupaci\u00f3n del suelo y, debido a los diferentes niveles y a la longitud de la instalaci\u00f3n, un tiempo de reacci\u00f3n demasiado largo. La intervenci\u00f3n con escalera nos ha parecido la mejor soluci\u00f3n debido a su escasa ocupaci\u00f3n del suelo, pero ser\u00eda necesario incorporar un equipo de protecci\u00f3n individual para el usuario, a fin de que la intervenci\u00f3n pueda realizarse sin riesgo.<\/p>\n\n\n","protected":false},"excerpt":{"rendered":"<p>RA\u00cdL CON ESCALERA CORREDERA SOLICITAR UN PRESUPUESTO \u00bf TIENES ALGUNA DUDA ? PINCHA AQUI Un transelevador integrado en una cadena de producci\u00f3n presenta el inconveniente de que, si una de&hellip;<\/p>\n","protected":false},"author":2,"featured_media":0,"parent":0,"menu_order":0,"comment_status":"closed","ping_status":"closed","template":"","meta":[],"_links":{"self":[{"href":"https:\/\/gamesystem.com\/es\/wp-json\/wp\/v2\/pages\/35481"}],"collection":[{"href":"https:\/\/gamesystem.com\/es\/wp-json\/wp\/v2\/pages"}],"about":[{"href":"https:\/\/gamesystem.com\/es\/wp-json\/wp\/v2\/types\/page"}],"author":[{"embeddable":true,"href":"https:\/\/gamesystem.com\/es\/wp-json\/wp\/v2\/users\/2"}],"replies":[{"embeddable":true,"href":"https:\/\/gamesystem.com\/es\/wp-json\/wp\/v2\/comments?post=35481"}],"version-history":[{"count":0,"href":"https:\/\/gamesystem.com\/es\/wp-json\/wp\/v2\/pages\/35481\/revisions"}],"wp:attachment":[{"href":"https:\/\/gamesystem.com\/es\/wp-json\/wp\/v2\/media?parent=35481"}],"curies":[{"name":"wp","href":"https:\/\/api.w.org\/{rel}","templated":true}]}}