{"id":35478,"date":"2021-09-16T12:53:03","date_gmt":"2021-09-16T10:53:03","guid":{"rendered":"https:\/\/gamesystem.com\/double-rail-de-securite\/"},"modified":"2021-11-09T13:29:00","modified_gmt":"2021-11-09T12:29:00","slug":"doble-rail-de-seguridad","status":"publish","type":"page","link":"https:\/\/gamesystem.com\/es\/doble-rail-de-seguridad\/","title":{"rendered":"Doble ra\u00edl de seguridad"},"content":{"rendered":"\n\n\t\t\t<h1>DOBLE RA\u00cdL DE SEGURIDAD<\/h1>\t\t\t\n                        \t<img decoding=\"async\" src=\"https:\/\/gamesystem.com\/wp-content\/uploads\/2021\/09\/E044893-ASMO-01-SISTEMA-DE-RAILES-min-scaled.jpg\" alt=\"double rail de s\u00e9curit\u00e9\" data-no-lazy=\"1\" \/>\n\t<a href=\"https:\/\/gamesystem.com\/es\/contacto\/\" target=\"_self\" rel=\"noopener\"><\/a> \n\t\t\t SOLICITAR UN PRESUPUESTO\t\t\t\n\t<a href=\"https:\/\/gamesystem.com\/es\/contacto\/\" target=\"_self\" rel=\"noopener\"><\/a> \n\t\t\t \u00bf TIENES ALGUNA DUDA ? PINCHA AQUI\t\t\t\n\t\n<p>El doble ra\u00edl es una combinaci\u00f3n de dos ra\u00edles longitudinales fijados bajo dos estructuras, como un puente gr\u00faa de doble viga, bajo las cuales un segundo ra\u00edl perpendicular puede trasladarse. Esta combinaci\u00f3n de dispositivos de anclaje r\u00edgidos permite aumentar considerablemente la zona de desarrollo de los operarios, gracias a la incomparable movilidad del conjunto.<\/p>\n\n\n","protected":false},"excerpt":{"rendered":"<p>DOBLE RA\u00cdL DE SEGURIDAD SOLICITAR UN PRESUPUESTO \u00bf TIENES ALGUNA DUDA ? PINCHA AQUI El doble ra\u00edl es una combinaci\u00f3n de dos ra\u00edles longitudinales fijados bajo dos estructuras, como un&hellip;<\/p>\n","protected":false},"author":2,"featured_media":0,"parent":0,"menu_order":0,"comment_status":"closed","ping_status":"closed","template":"","meta":[],"_links":{"self":[{"href":"https:\/\/gamesystem.com\/es\/wp-json\/wp\/v2\/pages\/35478"}],"collection":[{"href":"https:\/\/gamesystem.com\/es\/wp-json\/wp\/v2\/pages"}],"about":[{"href":"https:\/\/gamesystem.com\/es\/wp-json\/wp\/v2\/types\/page"}],"author":[{"embeddable":true,"href":"https:\/\/gamesystem.com\/es\/wp-json\/wp\/v2\/users\/2"}],"replies":[{"embeddable":true,"href":"https:\/\/gamesystem.com\/es\/wp-json\/wp\/v2\/comments?post=35478"}],"version-history":[{"count":0,"href":"https:\/\/gamesystem.com\/es\/wp-json\/wp\/v2\/pages\/35478\/revisions"}],"wp:attachment":[{"href":"https:\/\/gamesystem.com\/es\/wp-json\/wp\/v2\/media?parent=35478"}],"curies":[{"name":"wp","href":"https:\/\/api.w.org\/{rel}","templated":true}]}}