{"id":35472,"date":"2021-09-16T11:46:44","date_gmt":"2021-09-16T09:46:44","guid":{"rendered":"https:\/\/gamesystem.com\/rotaia-di-sicurezza\/"},"modified":"2023-07-04T14:40:24","modified_gmt":"2023-07-04T12:40:24","slug":"rail-de-seguridad","status":"publish","type":"page","link":"https:\/\/gamesystem.com\/es\/rail-de-seguridad\/","title":{"rendered":"Ra\u00edl de seguridad"},"content":{"rendered":"\n\n\t\t\t<h1>RA\u00cdL DE SEGURIDAD<\/h1>\t\t\t\n\t\t\t\t\t\t\t<img decoding=\"async\" src=\"https:\/\/gamesystem.com\/wp-content\/uploads\/2021\/09\/RAIL-CHARIOT-min.png\" alt=\"https:\/\/gamesystem.com\/wp-content\/uploads\/2021\/09\/RAIL-CHARIOT-min.png\" data-no-lazy=\"1\" \/>\n\t\t\t<a href=\"\" target=\"_self\" role=\"button\" rel=\"noopener\">\n\t\t\t\t\t\t\tNUEVO\n\t\t\t\t\t<\/a>\n\t\t\t\t\t\t\t<img decoding=\"async\" src=\"https:\/\/gamesystem.com\/wp-content\/uploads\/2021\/09\/new-rail-min.png\" alt=\"CARRO PARA RA\u00cdL\" data-no-lazy=\"1\" \/>\n                            \n                                CARRO PARA RA\u00cdL                            \n\t\t\t\t\t\t\t<img decoding=\"async\" src=\"https:\/\/gamesystem.com\/wp-content\/uploads\/2021\/09\/rail-de-securite-gamesystem-min.jpg\" alt=\"Testigo de ca\u00edda no activado\" data-no-lazy=\"1\" \/>\n                            \n                                Testigo de ca\u00edda no activado                            \n\t\t\t\t\t\t\t<img decoding=\"async\" src=\"https:\/\/gamesystem.com\/wp-content\/uploads\/2021\/09\/rail-securite-min.jpg\" alt=\"Testigo activado durante una ca\u00edda\" data-no-lazy=\"1\" \/>\n                            \n                                Testigo activado durante una ca\u00edda                            \n\t<a href=\"https:\/\/gamesystem.com\/es\/contacto\/\" target=\"_self\" aria-label=\"Go to https:\/\/gamesystem.com\/es\/contacto\/\" rel=\"noopener\"><\/a>\n\t\t\t SOLICITAR UN PRESUPUESTO\t\t\t\n\t<a href=\"https:\/\/gamesystem.com\/es\/contacto\/\" target=\"_self\" aria-label=\"Go to https:\/\/gamesystem.com\/es\/contacto\/\" rel=\"noopener\"><\/a>\n\t\t\t \u00bf TIENES ALGUNA DUDA ? PINCHA AQUI\t\t\t\n\t<p><strong>DESCRIPCI\u00d3N<\/strong><\/p>\n<p>El ra\u00edl de seguridad es de aluminio, ofreciendo una superficie de rodamiento perfecta y duradera con el tiempo. Los tramos del ra\u00edl, de hasta 6 m de longitud, est\u00e1n preparados para poder ensamblarlos a trav\u00e9s de una pieza puente interior que hace de uni\u00f3n, permitiendo de este modo la dilataci\u00f3n del ra\u00edl. Cada extremo del ra\u00edl dispone de un tope que impide la salida del carro. El carro, envolviendo una parte de la &#8220;O&#8221; del ra\u00edl, posee 4 rodamientos con protecci\u00f3n a fin de no marcar el ra\u00edl y asegurar un rodamiento perfecto. Generalmente, el carro se recoge en un extremo del ra\u00edl; una cuerda atada al extremo del cable del antica\u00eddas permite al usuario descender el conector de este \u00faltimo para engancharlo a la anilla dorsal de su arn\u00e9s.<\/p>\n<p><strong>\u00bfCU\u00c1NDO UTILIZARLO?\u00a0<\/strong><\/p>\n<p>Cuando se debe intervenir de forma regular y frecuente en operaciones que necesiten desplazamientos horizontales o una distancia importante del dispositivo de anclaje, un sistema de anclaje como el ra\u00edl de seguridad es ideal, en la medida en que, en funci\u00f3n de la frecuencia, se dar\u00e1 preferencia al rodamiento del carro para minimizar las exigencias de los operarios participantes. Debe privilegiarse igualmente cuando la distancia de ca\u00edda es peque\u00f1a. Trat\u00e1ndose de un sistema r\u00edgido, no sufre la flexi\u00f3n que puede tener un sistema flexible con cable, aumentando otro tanto la distancia de parada. El usuario conecta su sistema al carro del ra\u00edl de seguridad, una vez controlada la calidad de la instalaci\u00f3n y una vez verificado que se hayan realizado los controles anuales..<\/p>\n<p><strong>SEGURIDAD<\/strong><\/p>\n<p>Normalmente se utiliza con un antica\u00eddas retr\u00e1ctil. \u00c9ste sigue los movimientos del operario, manteniendo al mismo tiempo la tensi\u00f3n en la correa o en el cable. Tras la ca\u00edda, el equipo se bloquea.<\/p>\n<p><strong>NORMA: EN 795 TIPO D E + TS 16415 TIPO D<\/strong><\/p>\n\t\t\t\t\t\t\t\t<!-- navigation arrows -->\n\t\t\t<button aria-label=\"Previous slide\" role=\"button\" tabindex=\"0\">\n\t\t\t<\/button>\n\t\t\t<button aria-label=\"Next slide\" role=\"button\" tabindex=\"0\">\n\t\t\t<\/button>\n\t\t\t\t\t\t<!-- pagination -->\n\t\n","protected":false},"excerpt":{"rendered":"<p>RA\u00cdL DE SEGURIDAD NUEVO CARRO PARA RA\u00cdL Testigo de ca\u00edda no activado Testigo activado durante una ca\u00edda SOLICITAR UN PRESUPUESTO \u00bf TIENES ALGUNA DUDA ? PINCHA AQUI DESCRIPCI\u00d3N El ra\u00edl&hellip;<\/p>\n","protected":false},"author":2,"featured_media":0,"parent":0,"menu_order":0,"comment_status":"closed","ping_status":"closed","template":"","meta":[],"_links":{"self":[{"href":"https:\/\/gamesystem.com\/es\/wp-json\/wp\/v2\/pages\/35472"}],"collection":[{"href":"https:\/\/gamesystem.com\/es\/wp-json\/wp\/v2\/pages"}],"about":[{"href":"https:\/\/gamesystem.com\/es\/wp-json\/wp\/v2\/types\/page"}],"author":[{"embeddable":true,"href":"https:\/\/gamesystem.com\/es\/wp-json\/wp\/v2\/users\/2"}],"replies":[{"embeddable":true,"href":"https:\/\/gamesystem.com\/es\/wp-json\/wp\/v2\/comments?post=35472"}],"version-history":[{"count":0,"href":"https:\/\/gamesystem.com\/es\/wp-json\/wp\/v2\/pages\/35472\/revisions"}],"wp:attachment":[{"href":"https:\/\/gamesystem.com\/es\/wp-json\/wp\/v2\/media?parent=35472"}],"curies":[{"name":"wp","href":"https:\/\/api.w.org\/{rel}","templated":true}]}}