{"id":35464,"date":"2021-09-16T11:04:04","date_gmt":"2021-09-16T09:04:04","guid":{"rendered":"https:\/\/gamesystem.com\/ligne-de-vie\/"},"modified":"2023-07-11T14:04:20","modified_gmt":"2023-07-11T12:04:20","slug":"linea-de-vida","status":"publish","type":"page","link":"https:\/\/gamesystem.com\/es\/linea-de-vida\/","title":{"rendered":"L\u00ednea de vida"},"content":{"rendered":"\n\n\t\t\t<h1>L\u00cdNEA DE VIDA &#8211; SEGURIDAD<\/h1>\t\t\t\n\t\t\t\t\t\t\t<img decoding=\"async\" src=\"https:\/\/gamesystem.com\/wp-content\/uploads\/2021\/09\/chariot11-min.png\" alt=\"ligne de vie s\u00e9curit\u00e9\" data-no-lazy=\"1\" \/>\n\t\t\t\t\t\t\t<img decoding=\"async\" src=\"https:\/\/gamesystem.com\/wp-content\/uploads\/2021\/09\/chariot-ligne-de-vie.png\" alt=\"Testigo de ca\u00edda no activado\" data-no-lazy=\"1\" \/>\n                            \n                                Testigo de ca\u00edda no activado                            \n\t\t\t\t\t\t\t<img decoding=\"async\" src=\"https:\/\/gamesystem.com\/wp-content\/uploads\/2021\/09\/ligne-de-vie-charriot-gamesystem-min.jpg\" alt=\"Testigo activado durante una ca\u00edda\" data-no-lazy=\"1\" \/>\n                            \n                                Testigo activado durante una ca\u00edda                            \n\t<a href=\"https:\/\/gamesystem.com\/es\/contacto\/\" target=\"_self\" aria-label=\"Go to https:\/\/gamesystem.com\/es\/contacto\/\" rel=\"noopener\"><\/a>\n\t\t\t SOLICITAR UN PRESUPUESTO\t\t\t\n\t<a href=\"https:\/\/gamesystem.com\/es\/contacto\/\" target=\"_self\" aria-label=\"Go to https:\/\/gamesystem.com\/es\/contacto\/\" rel=\"noopener\"><\/a>\n\t\t\t \u00bf TIENES ALGUNA DUDA ? PINCHA AQUI\t\t\t\n\t<p><strong>DESCRIPCI\u00d3N<\/strong><\/p>\n<p>La l\u00ednea de vida necesita anclajes estructurales para fijar las piezas de extremidad a las que se unen las terminaciones del cable de 8 mm, as\u00ed como piezas intermedias que soportan, a intervalos regulares, dicho cable. Las terminaciones del cable se realizan engarzando, bien una pieza que permita introducir o liberar el carro, o bien con un extremo, conectado a su vez al cuerpo del tensor. El absorbedor de energ\u00eda permite a la instalaci\u00f3n asegurar la tensi\u00f3n correcta del cable y, en caso de ca\u00edda, limitar el pico de esfuerzo. Durante una ca\u00edda, por su deformaci\u00f3n, todo el dispositivo participa en la absorci\u00f3n de energ\u00eda, reduciendo as\u00ed los esfuerzos transmitidos a la estructura. El carro m\u00f3vil permite el paso autom\u00e1tico de las piezas intermedias en todas las posiciones.<\/p>\n<p><strong>\u00bfCU\u00c1NDO UTILIZARLO?\u00a0<\/strong><\/p>\n<p>Cuando se debe intervenir regularmente en operaciones que necesitan desplazamientos horizontales, por ejemplo, en el camino de un puente gr\u00faa, en cubiertas y cuando la estructura existente tiene un paso regular, un dispositivo de anclaje como la l\u00ednea de vida es la soluci\u00f3n. Se instalar\u00e1 de forma permanente, bien con ayuda de un anclaje estructural, o bien con una fijaci\u00f3n embridada, si es posible de 0,40 a 0,60 m por encima del punto de anclaje del arn\u00e9s. Una vez que haya verificado la calidad de la instalaci\u00f3n, as\u00ed como la validez de los controles peri\u00f3dicos, el usuario conecta su antica\u00eddas a la l\u00ednea de vida.<\/p>\n<p><strong>SEGURIDAD<\/strong><\/p>\n<p>El sistema antica\u00edda utilizado debe estar conforme obligatoriamente con las normas, a fin de no desarrollar durante una ca\u00edda, un pico de fuerza superior a los 600 daN autorizados. Una cuerda no es un dispositivo antica\u00edda, a menos que exista un riesgo de deslizamiento.<\/p>\n<p><strong>NORMA: EN 795 TIPO C<\/strong><\/p>\n<p>&nbsp;<\/p>\n<p><strong>Obtener m\u00e1s informaci\u00f3n sobre la l\u00ednea de vida :<\/strong><\/p>\n<p><a href=\"https:\/\/gamesystem.com\/es\/instalacion-de-una-linea-de-vida\/\">Instalaci\u00f3n de una l\u00ednea de vida<\/a><\/p>\n<p><a href=\"https:\/\/gamesystem.com\/es\/linea-de-vida-en-cubierta\/\">L\u00ednea de vida en cubierta<\/a><\/p>\n<p><a href=\"https:\/\/gamesystem.com\/es\/revision-linea-de-vida\/\">Revisi\u00f3n linea de vida<\/a><\/p>\n<p><a href=\"https:\/\/gamesystem.com\/es\/normativa-sobre-lineas-de-vida\/\">Normativa sobre l\u00edneas de vida<\/a><\/p>\n<p>&nbsp;<\/p>\n\t\t\t\t\t\t\t\t<!-- navigation arrows -->\n\t\t\t<button aria-label=\"Previous slide\" role=\"button\" tabindex=\"0\">\n\t\t\t<\/button>\n\t\t\t<button aria-label=\"Next slide\" role=\"button\" tabindex=\"0\">\n\t\t\t<\/button>\n\t\t\t\t\t\t<!-- pagination -->\n\t\n","protected":false},"excerpt":{"rendered":"<p>L\u00cdNEA DE VIDA &#8211; SEGURIDAD Testigo de ca\u00edda no activado Testigo activado durante una ca\u00edda SOLICITAR UN PRESUPUESTO \u00bf TIENES ALGUNA DUDA ? PINCHA AQUI DESCRIPCI\u00d3N La l\u00ednea de vida&hellip;<\/p>\n","protected":false},"author":2,"featured_media":0,"parent":0,"menu_order":0,"comment_status":"closed","ping_status":"closed","template":"","meta":[],"_links":{"self":[{"href":"https:\/\/gamesystem.com\/es\/wp-json\/wp\/v2\/pages\/35464"}],"collection":[{"href":"https:\/\/gamesystem.com\/es\/wp-json\/wp\/v2\/pages"}],"about":[{"href":"https:\/\/gamesystem.com\/es\/wp-json\/wp\/v2\/types\/page"}],"author":[{"embeddable":true,"href":"https:\/\/gamesystem.com\/es\/wp-json\/wp\/v2\/users\/2"}],"replies":[{"embeddable":true,"href":"https:\/\/gamesystem.com\/es\/wp-json\/wp\/v2\/comments?post=35464"}],"version-history":[{"count":0,"href":"https:\/\/gamesystem.com\/es\/wp-json\/wp\/v2\/pages\/35464\/revisions"}],"wp:attachment":[{"href":"https:\/\/gamesystem.com\/es\/wp-json\/wp\/v2\/media?parent=35464"}],"curies":[{"name":"wp","href":"https:\/\/api.w.org\/{rel}","templated":true}]}}