{"id":35452,"date":"2021-09-16T10:12:45","date_gmt":"2021-09-16T08:12:45","guid":{"rendered":"https:\/\/gamesystem.com\/mat-amovible\/"},"modified":"2021-11-09T09:16:20","modified_gmt":"2021-11-09T08:16:20","slug":"poste-extraible","status":"publish","type":"page","link":"https:\/\/gamesystem.com\/es\/poste-extraible\/","title":{"rendered":"Poste extra\u00edble"},"content":{"rendered":"\n\n\t\t\t<h1>POSTE EXTRA\u00cdBLE<\/h1>\t\t\t\n                        \t<img decoding=\"async\" src=\"https:\/\/gamesystem.com\/wp-content\/uploads\/2021\/09\/Potence-min.png\" alt=\"POSTE EXTRA\u00cdBLE\" data-no-lazy=\"1\" \/>\n                            \n                                POSTE EXTRA\u00cdBLE                            \n\t\t\t<a href=\"\" target=\"_self\" role=\"button\" rel=\"noopener\">\n\t\t\t\t\t\t\tNUEVO\n\t\t\t\t\t<\/a>\n                        \t<img decoding=\"async\" src=\"https:\/\/gamesystem.com\/wp-content\/uploads\/2021\/09\/nouveau-mat-dancrage2-min.png\" alt=\"POSTE EXTENSIBLE (BAJO DEMANDA)\" data-no-lazy=\"1\" \/>\n                            \n                                POSTE EXTENSIBLE (BAJO DEMANDA)                            \n\t<a href=\"https:\/\/gamesystem.com\/es\/contacto\/\" target=\"_self\" rel=\"noopener\"><\/a> \n\t\t\t SOLICITAR UN PRESUPUESTO\t\t\t\n\t<a href=\"https:\/\/gamesystem.com\/es\/contacto\/\" target=\"_self\" rel=\"noopener\"><\/a> \n\t\t\t \u00bf TIENES ALGUNA DUDA ? PINCHA AQUI\t\t\t\n\t\n<p>El poste extra\u00edble se compone de dos elementos disociables: una base inox, la cual se fija mec\u00e1nicamente o mediante soldadura, y el poste en s\u00ed. La base est\u00e1 provista de 4 orificios, a fin de que un operario trabajando bajo el punto de anclaje, pueda conectarse. El poste, con una altura total de 1,2 m est\u00e1 provisto de dos puntos de anclaje de tipo A giratorios, para una utilizaci\u00f3n simult\u00e1nea por 2 personas. Durante una ca\u00edda, gracias a su deformaci\u00f3n, participa en la absorci\u00f3n de energ\u00eda, reduciendo as\u00ed los esfuerzos transmitidos a la estructura.<\/p>\n\nCuando se debe intervenir de forma regular en un punto que no necesita desplazamientos horizontales generando un \u00e1ngulo de ca\u00edda superior a 35\u00b0.<br \/>\nEl poste extra\u00edble es ideal para asegurar zonas m\u00faltiples en las que solamente las bases inox permanecen fijas. Puede ser transportado de zona en zona por el usuario (peso 17 kg). Su altura permite al usuario trabajar con un factor de ca\u00edda 0 o 1, en una zona de 1,9 m de di\u00e1metro.<br \/>\nEl usuario conecta su antica\u00eddas a los diversos puntos de anclaje, una vez verificada la calidad de la instalaci\u00f3n y la realizaci\u00f3n de los controles anuales.\n\n<p>El sistema antica\u00eddas utilizado debe estar conforme con la norma, a fin de no desarrollar durante una ca\u00edda, un pico de fuerza superior a los 600 daN autorizados. Utilizar un sistema antica\u00eddas conforme a las normas EN 353-2, EN 355, EN 360.<\/p>\n\n\n","protected":false},"excerpt":{"rendered":"<p>POSTE EXTRA\u00cdBLE POSTE EXTRA\u00cdBLE NUEVO POSTE EXTENSIBLE (BAJO DEMANDA) SOLICITAR UN PRESUPUESTO \u00bf TIENES ALGUNA DUDA ? PINCHA AQUI El poste extra\u00edble se compone de dos elementos disociables: una base&hellip;<\/p>\n","protected":false},"author":2,"featured_media":0,"parent":0,"menu_order":0,"comment_status":"closed","ping_status":"closed","template":"","meta":[],"_links":{"self":[{"href":"https:\/\/gamesystem.com\/es\/wp-json\/wp\/v2\/pages\/35452"}],"collection":[{"href":"https:\/\/gamesystem.com\/es\/wp-json\/wp\/v2\/pages"}],"about":[{"href":"https:\/\/gamesystem.com\/es\/wp-json\/wp\/v2\/types\/page"}],"author":[{"embeddable":true,"href":"https:\/\/gamesystem.com\/es\/wp-json\/wp\/v2\/users\/2"}],"replies":[{"embeddable":true,"href":"https:\/\/gamesystem.com\/es\/wp-json\/wp\/v2\/comments?post=35452"}],"version-history":[{"count":0,"href":"https:\/\/gamesystem.com\/es\/wp-json\/wp\/v2\/pages\/35452\/revisions"}],"wp:attachment":[{"href":"https:\/\/gamesystem.com\/es\/wp-json\/wp\/v2\/media?parent=35452"}],"curies":[{"name":"wp","href":"https:\/\/api.w.org\/{rel}","templated":true}]}}