{"id":35446,"date":"2021-09-16T09:01:58","date_gmt":"2021-09-16T07:01:58","guid":{"rendered":"https:\/\/gamesystem.com\/plaquette-ancrage\/"},"modified":"2023-07-04T14:41:32","modified_gmt":"2023-07-04T12:41:32","slug":"punto-de-anclaje","status":"publish","type":"page","link":"https:\/\/gamesystem.com\/es\/punto-de-anclaje\/","title":{"rendered":"Punto de anclaje"},"content":{"rendered":"\n\n\t\t\t<h1>PLAQUETA DE ANCLAJE<\/h1>\t\t\t\n\t\t\t\t\t\t\t<img decoding=\"async\" src=\"https:\/\/gamesystem.com\/wp-content\/uploads\/2021\/09\/Visu_Plaquette-min-removebg-preview.png\" alt=\"PUNTO DE ANCLAJE CON MOSQUET\u00d3N\" data-no-lazy=\"1\" \/>\n                            \n                                PUNTO DE ANCLAJE CON MOSQUET\u00d3N                            \n\t\t\t\t\t\t\t<img decoding=\"async\" src=\"https:\/\/gamesystem.com\/wp-content\/uploads\/2021\/09\/Visu_Plaquette_GO-min-removebg-preview.png\" alt=\"PLAQUETA DE ANCLAJE GRAN ABERTURA PARA CONEXI\u00d3N A DISTANCIA\" data-no-lazy=\"1\" \/>\n                            \n                                PLAQUETA DE ANCLAJE GRAN ABERTURA PARA CONEXI\u00d3N A DISTANCIA                            \n\t\t\t\t\t\t\t<img decoding=\"async\" src=\"https:\/\/gamesystem.com\/wp-content\/uploads\/2021\/09\/point-ancrage-min.png\" alt=\"ANILLA DE ANCLAJE\" data-no-lazy=\"1\" \/>\n                            \n                                ANILLA DE ANCLAJE                            \n\t<a href=\"https:\/\/gamesystem.com\/es\/contacto\/\" target=\"_self\" aria-label=\"Go to https:\/\/gamesystem.com\/es\/contacto\/\" rel=\"noopener\"><\/a>\n\t\t\tSolicitar un presupuesto\t\t\t\n\t<a href=\"https:\/\/gamesystem.com\/es\/contacto\/\" target=\"_self\" aria-label=\"Go to https:\/\/gamesystem.com\/es\/contacto\/\" rel=\"noopener\"><\/a>\n\t\t\t\u00bf Tienes alguna duda ? Pincha aqui\t\t\t\n\t<p><strong>DESCRIPCI\u00d3N<\/strong><\/p>\n<p>La plaqueta de anclaje, realizada en acero inox 316, posee un orificio de 13 mm de di\u00e1metro para su fijaci\u00f3n, con un tornillo de 12 mm y un orificio ovalado que facilita la utilizaci\u00f3n de conectores, tales como un gancho autoblocante de 60 mm. Durante una ca\u00edda, gracias a su deformaci\u00f3n, participa en la absorci\u00f3n de energ\u00eda, reduciendo as\u00ed los esfuerzos transmitidos a la estructura<\/p>\n<p><strong>\u00bfCU\u00c1NDO UTILIZARLA?<\/strong><\/p>\n<p>Cuando se debe intervenir de forma regular en un punto que no necesita desplazamientos horizontales, por ejemplo, para el lavado de una ventana o el mantenimiento de una m\u00e1quina, un dispositivo de anclaje como la plaqueta es la soluci\u00f3n. Se instalar\u00e1 de forma permanente, bien con ayuda de un anclaje estructural, o bien con una fijaci\u00f3n embridada de forma vertical y, si es posible, de 0,40 m a 0,60 m por encima del punto de anclaje del arn\u00e9s. Una vez que haya verificado la calidad de la instalaci\u00f3n, as\u00ed como la validez de los controles peri\u00f3dicos, el usuario conecta su sistema antica\u00eddas a la plaqueta de anclaje.<\/p>\n<p><strong>SEGURIDAD<\/strong><\/p>\n<p>El antica\u00eddas utilizado debe estar obligatoriamente conforme con la norma, a fin de no desarrollar, durante una ca\u00edda, un pico de fuerza superior a los 600 daN autorizados. Una cuerda no es un dispositivo antica\u00eddas.<\/p>\n<p><strong>NORMA: EN 795 TIPO A + TS 16415 TIPO A<\/strong><\/p>\n\t\t\t\t\t\t\t\t<!-- navigation arrows -->\n\t\t\t<button aria-label=\"Previous slide\" role=\"button\" tabindex=\"0\">\n\t\t\t<\/button>\n\t\t\t<button aria-label=\"Next slide\" role=\"button\" tabindex=\"0\">\n\t\t\t<\/button>\n\t\t\t\t\t\t<!-- pagination -->\n\t\n","protected":false},"excerpt":{"rendered":"<p>PLAQUETA DE ANCLAJE PUNTO DE ANCLAJE CON MOSQUET\u00d3N PLAQUETA DE ANCLAJE GRAN ABERTURA PARA CONEXI\u00d3N A DISTANCIA ANILLA DE ANCLAJE Solicitar un presupuesto \u00bf Tienes alguna duda ? Pincha aqui&hellip;<\/p>\n","protected":false},"author":2,"featured_media":0,"parent":0,"menu_order":0,"comment_status":"closed","ping_status":"closed","template":"","meta":[],"_links":{"self":[{"href":"https:\/\/gamesystem.com\/es\/wp-json\/wp\/v2\/pages\/35446"}],"collection":[{"href":"https:\/\/gamesystem.com\/es\/wp-json\/wp\/v2\/pages"}],"about":[{"href":"https:\/\/gamesystem.com\/es\/wp-json\/wp\/v2\/types\/page"}],"author":[{"embeddable":true,"href":"https:\/\/gamesystem.com\/es\/wp-json\/wp\/v2\/users\/2"}],"replies":[{"embeddable":true,"href":"https:\/\/gamesystem.com\/es\/wp-json\/wp\/v2\/comments?post=35446"}],"version-history":[{"count":0,"href":"https:\/\/gamesystem.com\/es\/wp-json\/wp\/v2\/pages\/35446\/revisions"}],"wp:attachment":[{"href":"https:\/\/gamesystem.com\/es\/wp-json\/wp\/v2\/media?parent=35446"}],"curies":[{"name":"wp","href":"https:\/\/api.w.org\/{rel}","templated":true}]}}