{"id":35440,"date":"2021-09-16T14:52:31","date_gmt":"2021-09-16T12:52:31","guid":{"rendered":"https:\/\/gamesystem.com\/systemes-ancrage\/"},"modified":"2021-11-10T11:07:04","modified_gmt":"2021-11-10T10:07:04","slug":"sistema-de-anclaje","status":"publish","type":"page","link":"https:\/\/gamesystem.com\/es\/sistema-de-anclaje\/","title":{"rendered":"Sistema de anclaje"},"content":{"rendered":"\n\n\t\t\t<h1>SISTEMAS DE ANCLAJE<\/h1>\t\t\t\n\t\t<a href=\"https:\/\/gamesystem.com\/es\/punto-de-anclaje\/\" target=\"_self\" rel=\"noopener\">\n\t\t\t\t\t\t\t\t\t\t\t<img decoding=\"async\" src=\"https:\/\/gamesystem.com\/wp-content\/uploads\/2021\/09\/Sans-titre-2_0001_Visu-Plaquette-GO-min.jpg\" alt=\"Sans titre-2_0001_Visu Plaquette GO-min\"\/>\n\t\t\t\t\t\t<h3>\n\t\t\t\t\t\tPLAQUETA DE <br \/> ANCLAJE\t\t<\/h3>\n\t\t<\/a>\n\t\t<a href=\"https:\/\/gamesystem.com\/es\/linea-de-vida\/\" target=\"_self\" rel=\"noopener\">\n\t\t\t\t\t\t\t\t\t\t\t<img decoding=\"async\" src=\"https:\/\/gamesystem.com\/wp-content\/uploads\/2021\/09\/Sans-titre-2_0004_chariot11-min.jpg\" alt=\"Sans titre-2_0004_chariot11-min\"\/>\n\t\t\t\t\t\t<h3>\n\t\t\t\t\t\tL\u00cdNEA DE VIDA <br \/> Gamesystem\t\t<\/h3>\n\t\t<\/a>\n\t\t<a href=\"https:\/\/gamesystem.com\/es\/doble-rail-de-seguridad\/\" target=\"_self\" rel=\"noopener\">\n\t\t\t\t\t\t\t\t\t\t\t<img decoding=\"async\" src=\"https:\/\/gamesystem.com\/wp-content\/uploads\/2021\/09\/Sans-titre-2.jpg\" alt=\"Sans-titre-2\"\/>\n\t\t\t\t\t\t<h3>\n\t\t\t\t\t\tDOBLE RA\u00cdL <br \/> DE SEGURIDAD\t\t<\/h3>\n\t\t<\/a>\n\t\t<a href=\"https:\/\/gamesystem.com\/es\/horca-movil\/\" target=\"_self\" rel=\"noopener\">\n\t\t\t\t\t\t\t\t\t\t\t<img decoding=\"async\" src=\"https:\/\/gamesystem.com\/wp-content\/uploads\/2021\/09\/Sans-titre-2_0008_Heronnnn.jpg\" alt=\"Sans titre-2_0008_Heronnnn\"\/>\n\t\t\t\t\t\t<h3>\n\t\t\t\t\t\tHORCA <br \/> M\u00d3VIL\t\t<\/h3>\n\t\t<\/a>\n\t\t<a href=\"https:\/\/gamesystem.com\/es\/horca-giratoria-lateral\/\" target=\"_self\" rel=\"noopener\">\n\t\t\t\t\t\t\t\t\t\t\t<img decoding=\"async\" src=\"https:\/\/gamesystem.com\/wp-content\/uploads\/2021\/09\/potence-murale-1.jpg\" alt=\"potence-murale\"\/>\n\t\t\t\t\t\t<h3>\n\t\t\t\t\t\tHORCA <br \/>  GIRATORIA LATERAL\t\t<\/h3>\n\t\t<\/a>\n\t\t<a href=\"https:\/\/gamesystem.com\/es\/poste-extraible\/\" target=\"_self\" rel=\"noopener\">\n\t\t\t\t\t\t\t\t\t\t\t<img decoding=\"async\" src=\"https:\/\/gamesystem.com\/wp-content\/uploads\/2021\/09\/Sans-titre-2_0002_Potence-min.jpg\" alt=\"Sans titre-2_0002_Potence-min\"\/>\n\t\t\t\t\t\t<h3>\n\t\t\t\t\t\tPOSTE <br \/>EXTRA\u00cdBLE\t\t<\/h3>\n\t\t<\/a>\n\t\t<a href=\"https:\/\/gamesystem.com\/es\/cable-largo-alcance\/\" target=\"_self\" rel=\"noopener\">\n\t\t\t\t\t\t\t\t\t\t\t<img decoding=\"async\" src=\"https:\/\/gamesystem.com\/wp-content\/uploads\/2021\/09\/Sans-titre-2_0003_biroulettteeee-min.jpg\" alt=\"Sans titre-2_0003_biroulettteeee-min\"\/>\n\t\t\t\t\t\t<h3>\n\t\t\t\t\t\tCABLE <br \/> LARGO ALCANCE\t\t<\/h3>\n\t\t<\/a>\n\t\t<a href=\"https:\/\/gamesystem.com\/es\/rail-con-escalera-corredera\/\" target=\"_self\" rel=\"noopener\">\n\t\t\t\t\t\t\t\t\t\t\t<img decoding=\"async\" src=\"https:\/\/gamesystem.com\/wp-content\/uploads\/2021\/09\/Sans-titre-2_0006_FSET-REAL-VIEW-min.jpg\" alt=\"Sans titre-2_0006_FSET REAL VIEW-min\"\/>\n\t\t\t\t\t\t<h3>\n\t\t\t\t\t\tRA\u00cdL CON <br \/> ESCALERA CORREDERA\t\t<\/h3>\n\t\t<\/a>\n\t\t<a href=\"https:\/\/gamesystem.com\/es\/soporte-telescopico-movil\/\" target=\"_self\" rel=\"noopener\">\n\t\t\t\t\t\t\t\t\t\t\t<img decoding=\"async\" src=\"https:\/\/gamesystem.com\/wp-content\/uploads\/2021\/09\/Sans-titre-2_0009_potence-esp-1.jpg\" alt=\"Sans titre-2_0009_potence esp (1)\"\/>\n\t\t\t\t\t\t<h3>\n\t\t\t\t\t\tSOPORTE TELESC\u00d3PICO <br \/> M\u00d3VIL\t\t<\/h3>\n\t\t<\/a>\n\t\t<a href=\"https:\/\/gamesystem.com\/es\/portico-espacios-confinados\/\" target=\"_self\" rel=\"noopener\">\n\t\t\t\t\t\t\t\t\t\t\t<img decoding=\"async\" src=\"https:\/\/gamesystem.com\/wp-content\/uploads\/2021\/09\/portique-1.jpg\" alt=\"portique\"\/>\n\t\t\t\t\t\t<h3>\n\t\t\t\t\t\tP\u00d3RTICO <br \/> ESPACIOS CONFINADOS\t\t<\/h3>\n\t\t<\/a>\n\t\t<a href=\"https:\/\/gamesystem.com\/es\/acceso-ligero\/anclaje-cou-cou\/\" target=\"_self\" rel=\"noopener\">\n\t\t\t\t\t\t\t\t\t\t\t<img decoding=\"async\" src=\"https:\/\/gamesystem.com\/wp-content\/uploads\/2021\/09\/Sans-titre-2_0000_bc-min.jpg\" alt=\"Sans titre-2_0000_bc-min\"\/>\n\t\t\t\t\t\t<h3>\n\t\t\t\t\t\tANCLAJE <br \/> cou-cou\t\t<\/h3>\n\t\t<\/a>\n\t\t<a href=\"https:\/\/gamesystem.com\/es\/rail-de-seguridad\/\" target=\"_self\" rel=\"noopener\">\n\t\t\t\t\t\t\t\t\t\t\t<img decoding=\"async\" src=\"https:\/\/gamesystem.com\/wp-content\/uploads\/2021\/09\/Sans-titre-2_0005_RAIL-CHARIOT-min.jpg\" alt=\"Sans titre-2_0005_RAIL + CHARIOT-min\"\/>\n\t\t\t\t\t\t<h3>\n\t\t\t\t\t\tRA\u00cdL <br \/> DE SEGURIDAD\t\t<\/h3>\n\t\t<\/a>\n\t\t<a href=\"https:\/\/gamesystem.com\/es\/portico-de-carga-y-descarga\/\" target=\"_self\" rel=\"noopener\">\n\t\t\t\t\t\t\t\t\t\t\t<img decoding=\"async\" src=\"https:\/\/gamesystem.com\/wp-content\/uploads\/2021\/09\/Sans-titre-2_0007_quai4-min.jpg\" alt=\"Sans titre-2_0007_quai4-min\"\/>\n\t\t\t\t\t\t<h3>\n\t\t\t\t\t\tP\u00d3RTICO DE <br \/> CARGA Y DESCARGA\t\t<\/h3>\n\t\t<\/a>\n\t\t<a href=\"https:\/\/gamesystem.com\/es\/pescante-anjou\/\" target=\"_self\" rel=\"noopener\">\n\t\t\t\t\t\t\t\t\t\t\t<img decoding=\"async\" src=\"https:\/\/gamesystem.com\/wp-content\/uploads\/2021\/09\/anjou.jpg\" alt=\"anjou\"\/>\n\t\t\t\t\t\t<h3>\n\t\t\t\t\t\tPESCANTE <br \/> ANJOU\t\t<\/h3>\n\t\t<\/a>\n\t<a href=\"https:\/\/gamesystem.com\/es\/contacto\/\" target=\"_self\" rel=\"noopener\"><\/a> \n\t\tSolicite <br \/>una cotizaci\u00f3n\t\t\t\n\t<a href=\"https:\/\/gamesystem.com\/es\/contacto\/\" target=\"_self\" rel=\"noopener\"><\/a> \n\t\t\u00bfUna pregunta?<br \/>  Pincha aqui\t\t\t\n\n","protected":false},"excerpt":{"rendered":"<p>SISTEMAS DE ANCLAJE PLAQUETA DE ANCLAJE L\u00cdNEA DE VIDA Gamesystem DOBLE RA\u00cdL DE SEGURIDAD HORCA M\u00d3VIL HORCA GIRATORIA LATERAL POSTE EXTRA\u00cdBLE CABLE LARGO ALCANCE RA\u00cdL CON ESCALERA CORREDERA SOPORTE TELESC\u00d3PICO&hellip;<\/p>\n","protected":false},"author":2,"featured_media":0,"parent":0,"menu_order":0,"comment_status":"closed","ping_status":"closed","template":"","meta":[],"_links":{"self":[{"href":"https:\/\/gamesystem.com\/es\/wp-json\/wp\/v2\/pages\/35440"}],"collection":[{"href":"https:\/\/gamesystem.com\/es\/wp-json\/wp\/v2\/pages"}],"about":[{"href":"https:\/\/gamesystem.com\/es\/wp-json\/wp\/v2\/types\/page"}],"author":[{"embeddable":true,"href":"https:\/\/gamesystem.com\/es\/wp-json\/wp\/v2\/users\/2"}],"replies":[{"embeddable":true,"href":"https:\/\/gamesystem.com\/es\/wp-json\/wp\/v2\/comments?post=35440"}],"version-history":[{"count":0,"href":"https:\/\/gamesystem.com\/es\/wp-json\/wp\/v2\/pages\/35440\/revisions"}],"wp:attachment":[{"href":"https:\/\/gamesystem.com\/es\/wp-json\/wp\/v2\/media?parent=35440"}],"curies":[{"name":"wp","href":"https:\/\/api.w.org\/{rel}","templated":true}]}}