{"id":13927,"date":"2018-02-21T16:35:40","date_gmt":"2018-02-21T16:35:40","guid":{"rendered":"https:\/\/preprod.gamesystem.com\/produits\/harnais-de-securite\/harnais-ghs\/"},"modified":"2018-09-16T21:28:22","modified_gmt":"2018-09-16T21:28:22","slug":"arneses-de-seguridad-ghs","status":"publish","type":"page","link":"https:\/\/gamesystem.com\/es\/productos\/arnes-de-seguridad\/arneses-de-seguridad-ghs\/","title":{"rendered":"Arneses de seguridad GHS"},"content":{"rendered":"<p>\t<a href=\"https:\/\/gamesystem.com\/es\/productos\/\" target=\"_self\" ><\/a><br \/>\n\t\t<strong> TODOS NUESTROS PRODUCTOS <\/strong><br \/>\n\t<a href=\"https:\/\/gamesystem.com\/es\/productos\/arnes-de-seguridad\/\" target=\"_self\" ><\/a><br \/>\n\t\t<strong> Arn\u00e9s de seguridad<\/strong>\t\t\t<\/p>\n<h1>Arn\u00e9s GHS<\/h1>\n<p>El ARN\u00c9S GHS asegura la perfecta prensi\u00f3n ergon\u00f3mica del cuerpo. El arn\u00e9s est\u00e1 constituido de cintas de color amarilla que pasan por una anilla dorsal en acero, y por los hombros del operario, para engancharse delante por las anillas y las hebillas al nivel de la pelv\u00eds. Solo hay 2 puntos de reglaje.<\/p>\n<p>\t\t\t\t<a href=\"https:\/\/gamesystem.com\/wp-content\/uploads\/2018\/06\/Harnais-s\u00e9curit\u00e9-GHS-pour-travaux-en-hauteur.png\" target=\"_self\" itemprop=\"url\"><br \/>\n\t\t\t\t<img decoding=\"async\" loading=\"lazy\" src=\"https:\/\/gamesystem.com\/wp-content\/uploads\/2018\/06\/Harnais-s\u00e9curit\u00e9-GHS-pour-travaux-en-hauteur.png\" alt=\"harnais de s\u00e9curit\u00e9 pour le travail en hauteur\" itemprop=\"image\" height=\"600\" width=\"800\" title=\"Harnais-s\u00e9curit\u00e9-GHS-pour-travaux-en-hauteur\"  \/><br \/>\n\t\t\t\t<\/a><br \/>\n\t\t\t<a href=\"https:\/\/gamesystem.com\/wp-content\/uploads\/2018\/09\/Arnes-GHS-Gamesystem.pdf\" target=\"_self\" ><br \/>\n\t\t\t\t\t\t\t\tFicha del producto<br \/>\n\t\t\t\t\t\t\t<\/a><br \/>\n\t\t\t<a href=\"https:\/\/gamesystem.com\/wp-content\/uploads\/2018\/09\/Notice-utilisation-I-GHS-Gamesystem.pdf\" target=\"_blank\" rel=\"noopener\"><br \/>\n\t\t\t\t\t\t\t\tInstrucciones de uso<br \/>\n\t\t\t\t\t\t\t<\/a><\/p>\n<nav>\n<ul>\n<li data-index=\"0\">\n<h2>\n\t\t\t\t\t\t<a href=\"javascript:void(0);\">\u00bfCU\u00c1NDO UTILIZARLO? <\/a><br \/>\n\t\t\t\t\t<\/h2>\n<\/li>\n<li data-index=\"1\">\n<h2>\n\t\t\t\t\t\t<a href=\"javascript:void(0);\">SEGURIDAD<\/a><br \/>\n\t\t\t\t\t<\/h2>\n<\/li>\n<li data-index=\"2\">\n<h2>\n\t\t\t\t\t\t<a href=\"javascript:void(0);\">FORMACI\u00d3N<\/a><br \/>\n\t\t\t\t\t<\/h2>\n<\/li>\n<li data-index=\"3\">\n<h2>\n\t\t\t\t\t\t<a href=\"javascript:void(0);\">SE ACONSEJA LOS SIGUIENTES ELEMENTOS<\/a><br \/>\n\t\t\t\t\t<\/h2>\n<\/li>\n<\/ul>\n<\/nav>\n<h2>\n\t\t\t\t\t\t\t\t\t\t\t\t\u00bfCU\u00c1NDO UTILIZARLO?<br \/>\n\t\t\t\t\t\t\t\t\t\t\t<\/h2>\n<p>El ARN\u00c9S GHS ha sido concebido para repartir por todo el cuerpo del usuario el impacto de una eventual ca\u00edda. Est\u00e1 exclusivamente concebido solo ante un riesgo de ca\u00edda. Se adapta a todos los tipos de morfolog\u00eda. Solo dispone de un anclaje dorsal.<\/p>\n<h2>\n\t\t\t\t\t\t\t\t\t\t\t\tSEGURIDAD<br \/>\n\t\t\t\t\t\t\t\t\t\t\t<\/h2>\n<p>Un arn\u00e9s debe durante su utilizaci\u00f3n, estar siempre ajustado al cuerpo. Por lo que es muy importante elegir un buen punto de anclaje.<\/p>\n<p>En la placa dorsal se coloca la anilla de anclaje, tiene una funci\u00f3n importante cuando se produce una ca\u00edda, permitiendo con su deformaci\u00f3n y su desplazamiento frenar el impacto.<\/p>\n<p>La anilla debe colocarse en la intersecci\u00f3n del eje vertical definido por la columna vertebral y el horizontal determinado por la l\u00ednea que pasa por debajo de los hombros.<\/p>\n<h2>\n\t\t\t\t\t\t\t\t\t\t\t\tFORMACI\u00d3N<br \/>\n\t\t\t\t\t\t\t\t\t\t\t<\/h2>\n<p>La seguridad del trabajo en altura: \u00abConceptos generales\u00bb<\/p>\n<h2>\n\t\t\t\t\t\t\t\t\t\t\t\tSE ACONSEJA LOS SIGUIENTES ELEMENTOS<br \/>\n\t\t\t\t\t\t\t\t\t\t\t<\/h2>\n<p>Para la seguridad antica\u00edda: por ejemplo, un dispositivo retr\u00e1ctil conectado a la anilla dorsal.<\/p>\n<p>Para el dispositivo de anclaje: se colocar\u00e1 por encima de la cabeza del operario.<\/p>\n<p>\u00a0<\/p>\n<p>\t\t\t\t\t<!-- \/content --><br \/>\n\t<!-- \/tabs --><\/p>\n","protected":false},"excerpt":{"rendered":"<p>TODOS NUESTROS PRODUCTOS Arn\u00e9s de seguridad Arn\u00e9s GHS El ARN\u00c9S GHS asegura la perfecta prensi\u00f3n ergon\u00f3mica del cuerpo. El arn\u00e9s est\u00e1 constituido de cintas de color amarilla que pasan por&hellip;<\/p>\n","protected":false},"author":7,"featured_media":13928,"parent":13762,"menu_order":0,"comment_status":"closed","ping_status":"open","template":"","meta":[],"_links":{"self":[{"href":"https:\/\/gamesystem.com\/es\/wp-json\/wp\/v2\/pages\/13927"}],"collection":[{"href":"https:\/\/gamesystem.com\/es\/wp-json\/wp\/v2\/pages"}],"about":[{"href":"https:\/\/gamesystem.com\/es\/wp-json\/wp\/v2\/types\/page"}],"author":[{"embeddable":true,"href":"https:\/\/gamesystem.com\/es\/wp-json\/wp\/v2\/users\/7"}],"replies":[{"embeddable":true,"href":"https:\/\/gamesystem.com\/es\/wp-json\/wp\/v2\/comments?post=13927"}],"version-history":[{"count":0,"href":"https:\/\/gamesystem.com\/es\/wp-json\/wp\/v2\/pages\/13927\/revisions"}],"up":[{"embeddable":true,"href":"https:\/\/gamesystem.com\/es\/wp-json\/wp\/v2\/pages\/13762"}],"wp:featuredmedia":[{"embeddable":true,"href":"https:\/\/gamesystem.com\/es\/wp-json\/wp\/v2\/media\/13928"}],"wp:attachment":[{"href":"https:\/\/gamesystem.com\/es\/wp-json\/wp\/v2\/media?parent=13927"}],"curies":[{"name":"wp","href":"https:\/\/api.w.org\/{rel}","templated":true}]}}