{"id":13888,"date":"2018-02-21T16:00:01","date_gmt":"2018-02-21T16:00:01","guid":{"rendered":"https:\/\/preprod.gamesystem.com\/produits\/harnais-de-securite\/harnais-gh5\/"},"modified":"2019-04-09T09:19:28","modified_gmt":"2019-04-09T09:19:28","slug":"arnes-gh5","status":"publish","type":"page","link":"https:\/\/gamesystem.com\/es\/productos\/arnes-de-seguridad\/arnes-gh5\/","title":{"rendered":"Arn\u00e9s GH5"},"content":{"rendered":"\n\t<a href=\"https:\/\/gamesystem.com\/es\/productos\/\" target=\"_self\"  rel=\"noopener noreferrer\"><\/a>\n\t\t<strong> TODOS NUESTROS PRODUCTOS <\/strong>\t\t\t\n\t<a href=\"https:\/\/gamesystem.com\/es\/productos\/arnes-de-seguridad\/\" target=\"_self\"  rel=\"noopener noreferrer\"><\/a>\n\t\t<strong> Arn\u00e9s de seguridad<\/strong>\t\t\t\n\t\t\t<h1>Arn\u00e9s GH5<\/h1>\t\t\t\n\t\t\t\t<p>El ARN\u00c9S GH5 asegura la perfecta prensi\u00f3n ergon\u00f3mica del cuerpo. El arn\u00e9s est\u00e1 constituido de cintas bicolor: amarilla y negra. Las cintas negras pasan por una anilla dorsal y por los hombros del operario envolviendo el t\u00f3rax, para ajustarse al nivel del estern\u00f3n.<\/p>\n<p>Las cintas amarillas pasan por la cintura, y por la parte superior del f\u00e9mur y se ajustan a su medida. Un cintur\u00f3n de cinta amarilla sostiene una almohadilla ergon\u00f3mica en la que se han fi jado 2 anillas de anclaje a ambos lados, y dispone de 2 cordinos para enganchar las herramientas. Las cintas amarillas se ajustan a los muslos, que a su vez reduce al m\u00e1ximo la presi\u00f3n femoral con los refuerzos de la almohadilla de espuma.<\/p>\n\t\t\t\t<a href=\"https:\/\/gamesystem.com\/wp-content\/uploads\/2019\/04\/Harnais-de-s\u00e9curit\u00e9-GH5-pour-travail-en-hauteur-1.png\" target=\"_self\" itemprop=\"url\" rel=\"noopener noreferrer\">\n\t\t\t\t<img decoding=\"async\" loading=\"lazy\" src=\"https:\/\/gamesystem.com\/wp-content\/uploads\/2019\/04\/Harnais-de-s\u00e9curit\u00e9-GH5-pour-travail-en-hauteur-1.png\" alt=\"Harnais-de-s\u00e9curit\u00e9-GH5-pour-travail-en-hauteur\" itemprop=\"image\" height=\"600\" width=\"800\" title=\"Harnais-de-s\u00e9curit\u00e9-GH5-pour-travail-en-hauteur\" onerror=\"this.style.display='none'\"  \/>\n\t\t\t\t<\/a>\n\t\t\t<a href=\"https:\/\/gamesystem.com\/wp-content\/uploads\/2018\/09\/Arn\u00e9s-GH5-Gamesystem.pdf\" target=\"_blank\" rel=\"noopener noreferrer\">\n\t\t\t\t\t\t\t\tFicha del producto\n\t\t\t\t\t\t\t<\/a>\n\t\t\t<a href=\"https:\/\/gamesystem.com\/wp-content\/uploads\/2018\/09\/Notice-utilisation-F-Harnais-GH5.pdf\" target=\"_blank\" rel=\"noopener noreferrer\">\n\t\t\t\t\t\t\t\tInstrucciones de uso\n\t\t\t\t\t\t\t<\/a>\n\t\t<nav>\n\t\t\t<ul>\n\t\t\t\t\t\t\t\t<li data-index=\"0\">\n\t\t\t\t\t<h2>\n\t\t\t\t\t\t<a href=\"javascript:void(0);\">\u00bfCU\u00c1NDO UTILIZARLO? <\/a>\n\t\t\t\t\t<\/h2>\n\t\t\t\t<\/li>\n\t\t\t\t\t\t\t\t<li data-index=\"1\">\n\t\t\t\t\t<h2>\n\t\t\t\t\t\t<a href=\"javascript:void(0);\">SEGURIDAD<\/a>\n\t\t\t\t\t<\/h2>\n\t\t\t\t<\/li>\n\t\t\t\t\t\t\t\t<li data-index=\"2\">\n\t\t\t\t\t<h2>\n\t\t\t\t\t\t<a href=\"javascript:void(0);\">FORMACI\u00d3N<\/a>\n\t\t\t\t\t<\/h2>\n\t\t\t\t<\/li>\n\t\t\t\t\t\t\t\t<li data-index=\"3\">\n\t\t\t\t\t<h2>\n\t\t\t\t\t\t<a href=\"javascript:void(0);\">SE ACONSEJA LOS SIGUIENTES ELEMENTOS<\/a>\n\t\t\t\t\t<\/h2>\n\t\t\t\t<\/li>\n\t\t\t\t\t\t\t<\/ul>\n\t\t<\/nav>\n\t\t\t\t\t<h2>\n\t\t\t\t\t\t\t\t\t\t\t\t\u00bfCU\u00c1NDO UTILIZARLO? \n\t\t\t\t\t\t\t\t\t\t\t<\/h2>\n\t\t\t\t\t<p>El ARN\u00c9S GH5 es ante todo un elemento de prensi\u00f3n del cuerpo, permitiendo a quien lo lleve, trabajar y mantenerse incluso en el vac\u00edo en modo de suspensi\u00f3n, sin riesgos de oprimir las arterias femorales. Cuando surge la ca\u00edda del operario, el arn\u00e9s sirve para amortiguar el impacto en todo el cuerpo.<\/p>\n<p>Est\u00e1 destinado a los profesionales de los trabajos de altura y est\u00e1 concebido para asegurar los desplazamientos en los trabajos en torres, estando el operario totalmente en el vac\u00edo y suspensi\u00f3n. Se adapta a todos los tipos de morfolog\u00eda. Tiene un anclaje dorsal (seguridad) esternal \u201cA\u201d (seguridad y trabajo) y ventral (mantenimiento en el trabajo).<\/p>\n\t\t\t\t\t<h2>\n\t\t\t\t\t\t\t\t\t\t\t\tSEGURIDAD\n\t\t\t\t\t\t\t\t\t\t\t<\/h2>\n\t\t\t\t\t<p>Un arn\u00e9s debe durante su utilizaci\u00f3n estar siempre ajustado al cuerpo. Por lo que es muy importante realizar un ajuste correcto. Sus 6 puntos de reglaje facilitan esta operaci\u00f3n.<\/p>\n<p>En la placa dorsal est\u00e1 situada la anilla de anclaje, tiene una funci\u00f3n importante en el momento de una ca\u00edda, permitiendo con su deformaci\u00f3n y su desplazamiento, frenar el impacto. La anilla debe colocarse en la intersecci\u00f3n del eje vertical defi nido por la columna vertebral y el horizontal determinado por la l\u00ednea que pasa por debajo de los hombros. La buena colocaci\u00f3n de las cintas en las nalgas es muy importante, para no oprimir las femorales.<\/p>\n\t\t\t\t\t<h2>\n\t\t\t\t\t\t\t\t\t\t\t\tFORMACI\u00d3N\n\t\t\t\t\t\t\t\t\t\t\t<\/h2>\n\t\t\t\t\t<p>La seguridad del trabajo en altura: \u00abConceptos generales\u00bb.<\/p>\n\t\t\t\t\t<h2>\n\t\t\t\t\t\t\t\t\t\t\t\tSE ACONSEJA LOS SIGUIENTES ELEMENTOS\n\t\t\t\t\t\t\t\t\t\t\t<\/h2>\n\t\t\t\t\t<p>Para la seguridad antica\u00edda: por ejemplo, un dispositivo retr\u00e1ctil conectado a la anilla dorsal o un dispositivo anticaida deslizante sobre l\u00edneas de anclaje conectado a la anilla esternal.<\/p>\n<p>Para el dispositivo de anclaje: se colocar\u00e1 por encima de la cabeza del operario.<\/p>\n<p>\u00a0<\/p>\n\t\t\t\t\t<!-- \/content -->\n\t<!-- \/tabs -->\n","protected":false},"excerpt":{"rendered":"<p>TODOS NUESTROS PRODUCTOS Arn\u00e9s de seguridad Arn\u00e9s GH5 El ARN\u00c9S GH5 asegura la perfecta prensi\u00f3n ergon\u00f3mica del cuerpo. El arn\u00e9s est\u00e1 constituido de cintas bicolor: amarilla y negra. Las cintas&hellip;<\/p>\n","protected":false},"author":7,"featured_media":13890,"parent":13762,"menu_order":0,"comment_status":"closed","ping_status":"open","template":"","meta":[],"_links":{"self":[{"href":"https:\/\/gamesystem.com\/es\/wp-json\/wp\/v2\/pages\/13888"}],"collection":[{"href":"https:\/\/gamesystem.com\/es\/wp-json\/wp\/v2\/pages"}],"about":[{"href":"https:\/\/gamesystem.com\/es\/wp-json\/wp\/v2\/types\/page"}],"author":[{"embeddable":true,"href":"https:\/\/gamesystem.com\/es\/wp-json\/wp\/v2\/users\/7"}],"replies":[{"embeddable":true,"href":"https:\/\/gamesystem.com\/es\/wp-json\/wp\/v2\/comments?post=13888"}],"version-history":[{"count":0,"href":"https:\/\/gamesystem.com\/es\/wp-json\/wp\/v2\/pages\/13888\/revisions"}],"up":[{"embeddable":true,"href":"https:\/\/gamesystem.com\/es\/wp-json\/wp\/v2\/pages\/13762"}],"wp:featuredmedia":[{"embeddable":true,"href":"https:\/\/gamesystem.com\/es\/wp-json\/wp\/v2\/media\/13890"}],"wp:attachment":[{"href":"https:\/\/gamesystem.com\/es\/wp-json\/wp\/v2\/media?parent=13888"}],"curies":[{"name":"wp","href":"https:\/\/api.w.org\/{rel}","templated":true}]}}