{"id":13885,"date":"2018-02-21T16:15:16","date_gmt":"2018-02-21T16:15:16","guid":{"rendered":"https:\/\/preprod.gamesystem.com\/produits\/harnais-de-securite\/harnais-gh3\/"},"modified":"2018-09-16T21:28:08","modified_gmt":"2018-09-16T21:28:08","slug":"arnes-gh3","status":"publish","type":"page","link":"https:\/\/gamesystem.com\/es\/productos\/arnes-de-seguridad\/arnes-gh3\/","title":{"rendered":"Arn\u00e9s GH3"},"content":{"rendered":"<p>\t<a href=\"https:\/\/gamesystem.com\/es\/productos\/\" target=\"_self\" ><\/a><br \/>\n\t\t<strong> TODOS NUESTROS PRODUCTOS <\/strong><br \/>\n\t<a href=\"https:\/\/gamesystem.com\/es\/productos\/arnes-de-seguridad\/\" target=\"_self\" ><\/a><br \/>\n\t\t<strong> Arn\u00e9s de seguridad<\/strong>\t\t\t<\/p>\n<h1>Arn\u00e9s GH3<\/h1>\n<p>El ARN\u00c9S GH3 asegura la perfecta prensi\u00f3n ergon\u00f3mica del cuerpo. El arn\u00e9s est\u00e1 constituido de cintas bicolor: amarilla y negra. Las cintas amarillas pasan por una anilla dorsal y por los hombros del usuario envolviendo el t\u00f3rax, para ajustarse al nivel del estern\u00f3n. Las cintas negras envuelven la pelvis para regularlas al nivel adecuado; las cintas vuelven hacia el estern\u00f3n para acabar en 2 anillas unidas por un conector.<\/p>\n<p>\t\t\t\t<a href=\"https:\/\/gamesystem.com\/wp-content\/uploads\/2018\/06\/Harnais-de-securite-GH3.png\" target=\"_self\" itemprop=\"url\"><br \/>\n\t\t\t\t<img decoding=\"async\" loading=\"lazy\" src=\"https:\/\/gamesystem.com\/wp-content\/uploads\/2018\/06\/Harnais-de-securite-GH3.png\" alt=\"harnais s\u00e9curit\u00e9 pour travailleur en hauteur\" itemprop=\"image\" height=\"600\" width=\"800\" title=\"Harnais-de-securite-GH3\"  \/><br \/>\n\t\t\t\t<\/a><br \/>\n\t\t\t<a href=\"https:\/\/gamesystem.com\/wp-content\/uploads\/2018\/09\/Arn\u00e9s-GH3-Gamesystem.pdf\" target=\"_self\" ><br \/>\n\t\t\t\t\t\t\t\tFicha del producto<br \/>\n\t\t\t\t\t\t\t<\/a><br \/>\n\t\t\t<a href=\"https:\/\/gamesystem.com\/wp-content\/uploads\/2018\/09\/Notice-dutilisation-K-Harnais-GH3.pdf\" target=\"_blank\" rel=\"noopener\"><br \/>\n\t\t\t\t\t\t\t\tInstrucciones de uso<br \/>\n\t\t\t\t\t\t\t<\/a><\/p>\n<nav>\n<ul>\n<li data-index=\"0\">\n<h2>\n\t\t\t\t\t\t<a href=\"javascript:void(0);\">\u00bfCU\u00c1NDO UTILIZARLO? <\/a><br \/>\n\t\t\t\t\t<\/h2>\n<\/li>\n<li data-index=\"1\">\n<h2>\n\t\t\t\t\t\t<a href=\"javascript:void(0);\">SEGURIDAD<\/a><br \/>\n\t\t\t\t\t<\/h2>\n<\/li>\n<li data-index=\"2\">\n<h2>\n\t\t\t\t\t\t<a href=\"javascript:void(0);\">FORMACI\u00d3N<\/a><br \/>\n\t\t\t\t\t<\/h2>\n<\/li>\n<li data-index=\"3\">\n<h2>\n\t\t\t\t\t\t<a href=\"javascript:void(0);\">SE ACONSEJA LOS SIGUIENTES ELEMENTOS<\/a><br \/>\n\t\t\t\t\t<\/h2>\n<\/li>\n<\/ul>\n<\/nav>\n<h2>\n\t\t\t\t\t\t\t\t\t\t\t\t\u00bfCU\u00c1NDO UTILIZARLO?<br \/>\n\t\t\t\t\t\t\t\t\t\t\t<\/h2>\n<p>El ARN\u00c9S GH3 ha sido concebido para repartir por todo el cuerpo del operario el impacto de una eventual ca\u00edda. Para mayor confort se puede a\u00f1adir un cintur\u00f3n con almohadilla, un refuerzo bajo nalgas (GH4 confort) o un sill\u00edn de suspensi\u00f3n. Est\u00e1 destinado a operarios formados.<\/p>\n<p>Est\u00e1 concebido para asegurar los desplazamientos con riesgos y para los trabajos realizados en torres con los pies en la estructura. Se adapta a todos los tipos de morfolog\u00eda. Tiene un anclaje dorsal (seguridad) y esternal (seguridad y trabajo).<\/p>\n<h2>\n\t\t\t\t\t\t\t\t\t\t\t\tSEGURIDAD<br \/>\n\t\t\t\t\t\t\t\t\t\t\t<\/h2>\n<p>Un arn\u00e9s debe durante su utilizaci\u00f3n estar siempre ajustado al cuerpo. Por lo que es muy importante elegir un buen punto de anclaje.<\/p>\n<p>Sus 4 puntos de reglaje facilitan esta operaci\u00f3n. En la placa dorsal se coloca la anilla de anclaje, tiene una funci\u00f3n importante en el momento de una ca\u00edda, permitiendo con su deformaci\u00f3n y su desplazamiento, frenar el impacto.<\/p>\n<p>La anilla debe colocarse en la intersecci\u00f3n del eje vertical defi nido por la columna vertebral y el horizontal determinado por la l\u00ednea que pasa por debajo de los hombros. La buena colocaci\u00f3n de la banda subgl\u00fatea, por debajo del hueso pelviano es muy importante, pues en caso de ca\u00edda el impacto es reenviado mayoritariamente a ese nivel<\/p>\n<h2>\n\t\t\t\t\t\t\t\t\t\t\t\tFORMACI\u00d3N<br \/>\n\t\t\t\t\t\t\t\t\t\t\t<\/h2>\n<p>La seguridad del trabajo en altura: \u00abConceptos generales\u00bb<\/p>\n<h2>\n\t\t\t\t\t\t\t\t\t\t\t\tSE ACONSEJA LOS SIGUIENTES ELEMENTOS<br \/>\n\t\t\t\t\t\t\t\t\t\t\t<\/h2>\n<p>Para la seguridad antica\u00edda: por ejemplo, dispositivo retr\u00e1ctil conectado a la anilla dorsal o un dispositivo antica\u00edda deslizante sobre l\u00ednea de anclaje conectado a la anilla esternal.<\/p>\n<p>Para el dispositivo de anclaje: se colocar\u00e1 por encima de la cabeza del operario.<\/p>\n<p>\u00a0<\/p>\n<p>\t\t\t\t\t<!-- \/content --><br \/>\n\t<!-- \/tabs --><\/p>\n","protected":false},"excerpt":{"rendered":"<p>TODOS NUESTROS PRODUCTOS Arn\u00e9s de seguridad Arn\u00e9s GH3 El ARN\u00c9S GH3 asegura la perfecta prensi\u00f3n ergon\u00f3mica del cuerpo. El arn\u00e9s est\u00e1 constituido de cintas bicolor: amarilla y negra. Las cintas&hellip;<\/p>\n","protected":false},"author":7,"featured_media":0,"parent":13762,"menu_order":0,"comment_status":"closed","ping_status":"open","template":"","meta":[],"_links":{"self":[{"href":"https:\/\/gamesystem.com\/es\/wp-json\/wp\/v2\/pages\/13885"}],"collection":[{"href":"https:\/\/gamesystem.com\/es\/wp-json\/wp\/v2\/pages"}],"about":[{"href":"https:\/\/gamesystem.com\/es\/wp-json\/wp\/v2\/types\/page"}],"author":[{"embeddable":true,"href":"https:\/\/gamesystem.com\/es\/wp-json\/wp\/v2\/users\/7"}],"replies":[{"embeddable":true,"href":"https:\/\/gamesystem.com\/es\/wp-json\/wp\/v2\/comments?post=13885"}],"version-history":[{"count":0,"href":"https:\/\/gamesystem.com\/es\/wp-json\/wp\/v2\/pages\/13885\/revisions"}],"up":[{"embeddable":true,"href":"https:\/\/gamesystem.com\/es\/wp-json\/wp\/v2\/pages\/13762"}],"wp:attachment":[{"href":"https:\/\/gamesystem.com\/es\/wp-json\/wp\/v2\/media?parent=13885"}],"curies":[{"name":"wp","href":"https:\/\/api.w.org\/{rel}","templated":true}]}}