{"id":13851,"date":"2018-02-20T16:32:45","date_gmt":"2018-02-20T16:32:45","guid":{"rendered":"https:\/\/preprod.gamesystem.com\/produits\/harnais-de-securite\/ceinture-de-maintien\/"},"modified":"2018-09-16T21:22:02","modified_gmt":"2018-09-16T21:22:02","slug":"cinturon-de-mantenimiento","status":"publish","type":"page","link":"https:\/\/gamesystem.com\/es\/productos\/arnes-de-seguridad\/cinturon-de-mantenimiento\/","title":{"rendered":"Cintur\u00f3n de mantenimiento"},"content":{"rendered":"<p>\t<a href=\"https:\/\/gamesystem.com\/es\/productos\/\" target=\"_self\" ><\/a><br \/>\n\t\t<strong> TODOS NUESTROS PRODUCTOS <\/strong><br \/>\n\t<a href=\"https:\/\/gamesystem.com\/es\/productos\/arnes-de-seguridad\/\" target=\"_self\" ><\/a><br \/>\n\t\t<strong> Arn\u00e9s de seguridad<\/strong>\t\t\t<\/p>\n<h1>Cintur\u00f3n de mantenimiento<\/h1>\n<p>El cintur\u00f3n de mantenimiento aporta una perfecta sujeci\u00f3n ergon\u00f3mica de la espalda. El cintur\u00f3n est\u00e1 constituido de cintas bicolor: amarilla para la cinta del cintur\u00f3n sobre la que se han fi jado dos anillas de enganche a ambos lados de la cintura, azul para la almohadilla concebida en espuma comprimidas de diferentes densidades para asegurar el confort.<\/p>\n<p>\t\t\t\t<a href=\"https:\/\/gamesystem.com\/wp-content\/uploads\/2018\/05\/ceinture-de-maintien-pour-le-travail-en-hauteur.png\" target=\"_self\" itemprop=\"url\"><br \/>\n\t\t\t\t<img decoding=\"async\" loading=\"lazy\" src=\"https:\/\/gamesystem.com\/wp-content\/uploads\/2018\/05\/ceinture-de-maintien-pour-le-travail-en-hauteur.png\" alt=\"ceinture de maintien pour les op\u00e9rateurs travaillant en hauteur\" itemprop=\"image\" height=\"600\" width=\"800\" title=\"ceinture-de-maintien-pour-le-travail-en-hauteur\"  \/><br \/>\n\t\t\t\t<\/a><br \/>\n\t\t\t<a href=\"https:\/\/gamesystem.com\/wp-content\/uploads\/2018\/09\/Cinturon-Arn\u00e9s-Gamesystem.pdf\" target=\"_blank\" rel=\"noopener\"><br \/>\n\t\t\t\t\t\t\t\tFicha del producto<br \/>\n\t\t\t\t\t\t\t<\/a><br \/>\n\t\t\t<a href=\"https:\/\/gamesystem.com\/wp-content\/uploads\/2018\/09\/Notice-utilisation-H-Ceinture-travail.pdf\" target=\"_blank\" rel=\"noopener\"><br \/>\n\t\t\t\t\t\t\t\tInstrucciones de uso<br \/>\n\t\t\t\t\t\t\t<\/a><\/p>\n<nav>\n<ul>\n<li data-index=\"0\">\n<h2>\n\t\t\t\t\t\t<a href=\"javascript:void(0);\">\u00bfCU\u00c1NDO UTILIZARLO? <\/a><br \/>\n\t\t\t\t\t<\/h2>\n<\/li>\n<li data-index=\"1\">\n<h2>\n\t\t\t\t\t\t<a href=\"javascript:void(0);\">SEGURIDAD<\/a><br \/>\n\t\t\t\t\t<\/h2>\n<\/li>\n<li data-index=\"2\">\n<h2>\n\t\t\t\t\t\t<a href=\"javascript:void(0);\">FORMACI\u00d3N<\/a><br \/>\n\t\t\t\t\t<\/h2>\n<\/li>\n<\/ul>\n<\/nav>\n<h2>\n\t\t\t\t\t\t\t\t\t\t\t\t\u00bfCU\u00c1NDO UTILIZARLO?<br \/>\n\t\t\t\t\t\t\t\t\t\t\t<\/h2>\n<p>El cintur\u00f3n ofrece confort al operario para mantenerse en su puesto de trabajo. El cintur\u00f3n alivia las lumbares repartiendo el esfuerzo y tambi\u00e9n permite enganchar las herramientas o una bolsa.<\/p>\n<p>El cintur\u00f3n se coloca alrededor de la cintura y se debe utilizar siempre que el trabajo sea cotidiano. Es aconsejable si se requiere confort y si se trabaja regularmente en apoyo con los pies en la estructura. El cintur\u00f3n es un complemento en el arn\u00e9s GH1 y GH3.<\/p>\n<h2>\n\t\t\t\t\t\t\t\t\t\t\t\tSEGURIDAD<br \/>\n\t\t\t\t\t\t\t\t\t\t\t<\/h2>\n<p>Para ser efi caz, este dispositivo debe llevarse muy ajustado al cuerpo.<\/p>\n<h2>\n\t\t\t\t\t\t\t\t\t\t\t\tFORMACI\u00d3N<br \/>\n\t\t\t\t\t\t\t\t\t\t\t<\/h2>\n<p>La seguridad del trabajo en altura: \u00abConceptos generales\u00bb.<\/p>\n<p>\t\t\t\t\t<!-- \/content --><br \/>\n\t<!-- \/tabs --><\/p>\n","protected":false},"excerpt":{"rendered":"<p>TODOS NUESTROS PRODUCTOS Arn\u00e9s de seguridad Cintur\u00f3n de mantenimiento El cintur\u00f3n de mantenimiento aporta una perfecta sujeci\u00f3n ergon\u00f3mica de la espalda. El cintur\u00f3n est\u00e1 constituido de cintas bicolor: amarilla para&hellip;<\/p>\n","protected":false},"author":7,"featured_media":13468,"parent":13762,"menu_order":0,"comment_status":"closed","ping_status":"open","template":"","meta":[],"_links":{"self":[{"href":"https:\/\/gamesystem.com\/es\/wp-json\/wp\/v2\/pages\/13851"}],"collection":[{"href":"https:\/\/gamesystem.com\/es\/wp-json\/wp\/v2\/pages"}],"about":[{"href":"https:\/\/gamesystem.com\/es\/wp-json\/wp\/v2\/types\/page"}],"author":[{"embeddable":true,"href":"https:\/\/gamesystem.com\/es\/wp-json\/wp\/v2\/users\/7"}],"replies":[{"embeddable":true,"href":"https:\/\/gamesystem.com\/es\/wp-json\/wp\/v2\/comments?post=13851"}],"version-history":[{"count":0,"href":"https:\/\/gamesystem.com\/es\/wp-json\/wp\/v2\/pages\/13851\/revisions"}],"up":[{"embeddable":true,"href":"https:\/\/gamesystem.com\/es\/wp-json\/wp\/v2\/pages\/13762"}],"wp:featuredmedia":[{"embeddable":true,"href":"https:\/\/gamesystem.com\/es\/wp-json\/wp\/v2\/media\/13468"}],"wp:attachment":[{"href":"https:\/\/gamesystem.com\/es\/wp-json\/wp\/v2\/media?parent=13851"}],"curies":[{"name":"wp","href":"https:\/\/api.w.org\/{rel}","templated":true}]}}