{"id":13842,"date":"2018-07-17T14:18:45","date_gmt":"2018-07-17T14:18:45","guid":{"rendered":"https:\/\/preprod.gamesystem.com\/produits\/evacuation-sur-remontee-mecanique\/sac-epi\/"},"modified":"2018-11-14T08:14:11","modified_gmt":"2018-11-14T08:14:11","slug":"saco-40l-alta-resistencia","status":"publish","type":"page","link":"https:\/\/gamesystem.com\/es\/productos\/soluciones-para-remontes-mecanicos\/saco-40l-alta-resistencia\/","title":{"rendered":"Saco 40l  Alta resistencia"},"content":{"rendered":"<p>\t<a href=\"https:\/\/gamesystem.com\/es\/productos\/\" target=\"_self\" ><\/a><br \/>\n\t\t<strong> TODOS NUESTROS PRODUCTOS <\/strong><br \/>\n\t<a href=\"https:\/\/gamesystem.com\/es\/productos\/conexion-anticaidas\/\" target=\"_self\" ><\/a><br \/>\n\t\t<strong>Solutiones para remontes mecanicos <\/strong>\t\t\t<\/p>\n<h1>Saco 40l <br \/>Alta resistencia<\/h1>\n<p>Esta bolsa est\u00e1 especialmente dise\u00f1ada para el almacenamiento y el transporte de equipos contra ca\u00edda. Dise\u00f1ado en lona impermeable de alta resistencia, asegura protecci\u00f3n del equipo y comodidad en la parte posterior.<\/p>\n<p>Sus amplias hebillas de cierre permiten acceder c\u00f3modamente al interior y su sistema de cierre ajustable permite asegurar su contenido. Contiene ficha de instrucciones.<\/p>\n<p>\u00a0<\/p>\n<p>\t\t\t\t<a href=\"https:\/\/gamesystem.com\/wp-content\/uploads\/2018\/06\/sac-epi-gamesystem.png\" target=\"_self\" itemprop=\"url\"><br \/>\n\t\t\t\t<img decoding=\"async\" loading=\"lazy\" src=\"https:\/\/gamesystem.com\/wp-content\/uploads\/2018\/06\/sac-epi-gamesystem.png\" alt=\"sac pour travailleurs en hauteur\" itemprop=\"image\" height=\"600\" width=\"800\" title=\"sac epi gamesystem\"  \/><br \/>\n\t\t\t\t<\/a><br \/>\n\t\t\t<a href=\"https:\/\/gamesystem.com\/wp-content\/uploads\/2018\/11\/Sac-40l-ESP.pdf\" target=\"_blank\" role=\"button\" rel=\"noopener\" ><br \/>\n\t\t\t\t\t\t\tFicha del producto<br \/>\n\t\t\t\t\t<\/a><\/p>\n","protected":false},"excerpt":{"rendered":"<p>TODOS NUESTROS PRODUCTOS Solutiones para remontes mecanicos Saco 40l Alta resistencia Esta bolsa est\u00e1 especialmente dise\u00f1ada para el almacenamiento y el transporte de equipos contra ca\u00edda. Dise\u00f1ado en lona impermeable&hellip;<\/p>\n","protected":false},"author":2,"featured_media":0,"parent":13803,"menu_order":0,"comment_status":"closed","ping_status":"open","template":"","meta":[],"_links":{"self":[{"href":"https:\/\/gamesystem.com\/es\/wp-json\/wp\/v2\/pages\/13842"}],"collection":[{"href":"https:\/\/gamesystem.com\/es\/wp-json\/wp\/v2\/pages"}],"about":[{"href":"https:\/\/gamesystem.com\/es\/wp-json\/wp\/v2\/types\/page"}],"author":[{"embeddable":true,"href":"https:\/\/gamesystem.com\/es\/wp-json\/wp\/v2\/users\/2"}],"replies":[{"embeddable":true,"href":"https:\/\/gamesystem.com\/es\/wp-json\/wp\/v2\/comments?post=13842"}],"version-history":[{"count":0,"href":"https:\/\/gamesystem.com\/es\/wp-json\/wp\/v2\/pages\/13842\/revisions"}],"up":[{"embeddable":true,"href":"https:\/\/gamesystem.com\/es\/wp-json\/wp\/v2\/pages\/13803"}],"wp:attachment":[{"href":"https:\/\/gamesystem.com\/es\/wp-json\/wp\/v2\/media?parent=13842"}],"curies":[{"name":"wp","href":"https:\/\/api.w.org\/{rel}","templated":true}]}}