{"id":13824,"date":"2018-07-17T13:48:04","date_gmt":"2018-07-17T13:48:04","guid":{"rendered":"https:\/\/preprod.gamesystem.com\/produits\/evacuation-sur-remontee-mecanique\/motorgames\/"},"modified":"2018-09-24T12:21:51","modified_gmt":"2018-09-24T12:21:51","slug":"motorgames","status":"publish","type":"page","link":"https:\/\/gamesystem.com\/es\/productos\/soluciones-para-remontes-mecanicos\/motorgames\/","title":{"rendered":"Motorgames"},"content":{"rendered":"<p><strong> TOUS NOS PRODUITS <\/strong><\/p>\n<p><strong> \u00c9VACUATION SUR REMONT\u00c9E M\u00c9CANIQUE<\/strong><\/p>\n<h1>Motorgames<\/h1>\n<p>Le Motorgames est un appareil, enti\u00e8rement motoris\u00e9 et \u00e9lectrique, qui \u00e9volue sur les c\u00e2bles de 26 mm \u00e0 64 mm de diam\u00e8tre \u00e0 une <strong>vitesse moyenne de 1m\/s<\/strong>.<\/p>\n<p>Les sous-ensembles qui le composent sont :<\/p>\n<p>&#8211; le chariot qui, gr\u00e2ce \u00e0 son galet moteur, roule sur le c\u00e2ble avec son contre-galet qui lui donne l\u2019adh\u00e9rence, incluant une <strong>batterie amovible<\/strong>.<\/p>\n<p>&#8211; la poign\u00e9e de commande comportant un bouton poussoir \u00abavant\/arr\u00eat\/arri\u00e8re\u00bb.<\/p>\n<p>&#8211; la suspente, munie d\u2019une sellette et de repose pieds, offre un <strong>confort de d\u00e9placement<\/strong> au Sauveteur. Elle peut \u00eatre optionnelle dans des cas d\u2019usages pr\u00e9cis (Ex. faible distance entre si\u00e8ges ou cabines)<\/p>\n<p><a href=\"https:\/\/gamesystem.com\/wp-content\/uploads\/2018\/07\/motorgames-pour-acc\u00e8s-des-sauveteurs-en-securite.png\" target=\"_self\"><br \/>\n<img decoding=\"async\" loading=\"lazy\" title=\"motorgames-pour-acc\u00e8s-des-sauveteurs-en-securite\" src=\"https:\/\/gamesystem.com\/wp-content\/uploads\/2018\/07\/motorgames-pour-acc\u00e8s-des-sauveteurs-en-securite.png\" alt=\"\u00e9vacuation de personne t\u00e9l\u00e9port\u00e9\" width=\"800\" height=\"600\" \/><br \/>\n<\/a><br \/>\n<a href=\"https:\/\/gamesystem.com\/wp-content\/uploads\/2018\/09\/Motorgames-Gamesystem.com-.pdf\" target=\"_blank\" rel=\"noopener\"><br \/>\nFiche produit<br \/>\n<\/a><br \/>\n<a href=\"https:\/\/gamesystem.com\/wp-content\/uploads\/2018\/09\/A1349-Motorgames-A.pdf\" target=\"_blank\" rel=\"noopener\"><br \/>\nNotice d&#8217;utilisation<br \/>\n<\/a><\/p>\n<nav>\n<ul>\n<li data-index=\"0\">\n<h2><a>Quand l&#8217;utliser ? <\/a><\/h2>\n<\/li>\n<li data-index=\"1\">\n<h2><a>S\u00e9curit\u00e9<\/a><\/h2>\n<\/li>\n<li data-index=\"2\">\n<h2><a>Les + du Motorgames<\/a><\/h2>\n<\/li>\n<li data-index=\"3\">\n<h2><a>Accessoires<\/a><\/h2>\n<\/li>\n<li data-index=\"4\">\n<h2><a>Formation<\/a><\/h2>\n<\/li>\n<\/ul>\n<\/nav>\n<h2>Quand l&#8217;utliser ?<\/h2>\n<p>Lorsqu\u2019un t\u00e9l\u00e9port\u00e9 (t\u00e9l\u00e9si\u00e8ge, t\u00e9l\u00e9cabine) est bloqu\u00e9, il est imp\u00e9ratif qu\u2019un sauveteur puisse acc\u00e9der aux si\u00e8ges ou cabines a\ufb01n d\u2019\u00e9vacuer les personnes transport\u00e9es.<\/p>\n<p>Ce nouvel appareil est capable d\u2019\u00e9voluer sur des longues port\u00e9es (autonomie moyenne de 1000m par batterie), sur des pentes occasionnelles de 36% maximum.<\/p>\n<p>Le sauveteur, depuis un pyl\u00f4ne puis, par la suite, depuis le toit d\u2019une cabine, fait \u00e9voluer l\u2019appareil sur le c\u00e2ble, prend place sur la sellette, et se solidarise au plat d\u2019attache par le biais de sa longe.<\/p>\n<h2>S\u00e9curit\u00e9<\/h2>\n<p>En cas de d\u00e9faillance de l\u2019utilisateur, le dispositif de s\u00e9curit\u00e9 int\u00e9gr\u00e9 dans le moteur s\u2019enclenche automatiquement d\u00e8s rel\u00e2chement du bouton poussoir de la poign\u00e9e de commande.<\/p>\n<h2>Les + du Motorgames<\/h2>\n<p>&#8211; Moteur \u00e9l\u00e9ctrique,<\/p>\n<p>&#8211; Poid du chariot : 8,5kg,<\/p>\n<p>&#8211; Poign\u00e9e de commande avec deux sens de d\u00e9placement,<\/p>\n<p>&#8211; Batterie interchangeable pour une utilisation longue dur\u00e9e,<\/p>\n<p>&#8211; Franchissement des pinces des cabines sans le retirer du c\u00e2ble.<\/p>\n<h2>Accessoires<\/h2>\n<p>&#8211; Harnais GH3,<\/p>\n<p>&#8211; Longe d\u2019un m\u00e8tre,<\/p>\n<p>&#8211; Crochets auto-verrouillables de diam\u00e8tre 60 mm.<\/p>\n<h2>Formation<\/h2>\n<p>Module \u00ab\u00e9vacuation d\u2019un t\u00e9l\u00e9port\u00e9\u00bb.<\/p>\n<p><!-- \/content --><br \/>\n<!-- \/tabs --><\/p>\n","protected":false},"excerpt":{"rendered":"<p>TOUS NOS PRODUITS \u00c9VACUATION SUR REMONT\u00c9E M\u00c9CANIQUE Motorgames Le Motorgames est un appareil, enti\u00e8rement motoris\u00e9 et \u00e9lectrique, qui \u00e9volue sur les c\u00e2bles de 26 mm \u00e0 64 mm de diam\u00e8tre&hellip;<\/p>\n","protected":false},"author":2,"featured_media":0,"parent":13803,"menu_order":0,"comment_status":"closed","ping_status":"open","template":"","meta":[],"_links":{"self":[{"href":"https:\/\/gamesystem.com\/es\/wp-json\/wp\/v2\/pages\/13824"}],"collection":[{"href":"https:\/\/gamesystem.com\/es\/wp-json\/wp\/v2\/pages"}],"about":[{"href":"https:\/\/gamesystem.com\/es\/wp-json\/wp\/v2\/types\/page"}],"author":[{"embeddable":true,"href":"https:\/\/gamesystem.com\/es\/wp-json\/wp\/v2\/users\/2"}],"replies":[{"embeddable":true,"href":"https:\/\/gamesystem.com\/es\/wp-json\/wp\/v2\/comments?post=13824"}],"version-history":[{"count":0,"href":"https:\/\/gamesystem.com\/es\/wp-json\/wp\/v2\/pages\/13824\/revisions"}],"up":[{"embeddable":true,"href":"https:\/\/gamesystem.com\/es\/wp-json\/wp\/v2\/pages\/13803"}],"wp:attachment":[{"href":"https:\/\/gamesystem.com\/es\/wp-json\/wp\/v2\/media?parent=13824"}],"curies":[{"name":"wp","href":"https:\/\/api.w.org\/{rel}","templated":true}]}}