{"id":13803,"date":"2018-03-09T16:10:18","date_gmt":"2018-03-09T16:10:18","guid":{"rendered":"https:\/\/preprod.gamesystem.com\/produits\/evacuation-sur-remontee-mecanique\/"},"modified":"2020-01-16T10:52:20","modified_gmt":"2020-01-16T10:52:20","slug":"soluciones-para-remontes-mecanicos","status":"publish","type":"page","link":"https:\/\/gamesystem.com\/es\/productos\/soluciones-para-remontes-mecanicos\/","title":{"rendered":"Soluciones para Remontes Mec\u00e1nicos"},"content":{"rendered":"\n\t\t\t<h1>Soluciones para remontes mecanicos<\/h1>\t\t\t\n\t\t\t\t\t\t\t\t\t\t\t<img decoding=\"async\" src=\"https:\/\/gamesystem.com\/wp-content\/uploads\/2018\/07\/motorgames-pour-acc\u00e8s-des-sauveteurs-en-securite.png\" alt=\"\u00e9vacuation de personne t\u00e9l\u00e9port\u00e9\">\n\t\t\t<a href=\"https:\/\/gamesystem.com\/es\/productos\/soluciones-para-remontes-mecanicos\/motorgames\/\" target=\"_self\" role=\"button\" rel=\"noopener noreferrer\">\n\t\t\t\t\t\t\tM\u00e1s informaci\u00f3n\n\t\t<\/a>\n\t\t\t\t\t\t<h4>\n\t\t\t\t\t\tMotorgames\t\t<\/h4>\n\t\t\t\t\t\t\t\t\t\t\t<img decoding=\"async\" src=\"https:\/\/gamesystem.com\/wp-content\/uploads\/2018\/07\/H\u00e9ligames-2.png\" alt=\"travail en hauteur et \u00e9vacuation\">\n\t\t\t<a href=\"\/?page_id=13815\" target=\"_self\" role=\"button\" rel=\"noopener noreferrer\">\n\t\t\t\t\t\t\tM\u00e1s informaci\u00f3n\n\t\t<\/a>\n\t\t\t\t\t\t<h4>\n\t\t\t\t\t\tH\u00e9ligames 2\t\t<\/h4>\n\t\t\t\t\t\t\t\t\t\t\t<img decoding=\"async\" src=\"https:\/\/gamesystem.com\/wp-content\/uploads\/2018\/07\/V\u00e9ligames-2-acc\u00e9der-facilement-aux-personnes-t\u00e9l\u00e9port\u00e9s.png\" alt=\"acc\u00e8s des sauveteur au personne a \u00e9vacuer\">\n\t\t\t<a href=\"\/?page_id=13848\" target=\"_self\" role=\"button\" rel=\"noopener noreferrer\">\n\t\t\t\t\t\t\tM\u00e1s informaci\u00f3n\n\t\t<\/a>\n\t\t\t\t\t\t<h4>\n\t\t\t\t\t\tV\u00e9ligames 2\t\t<\/h4>\n\t\t\t\t\t\t\t\t\t\t\t<img decoding=\"async\" src=\"https:\/\/gamesystem.com\/wp-content\/uploads\/2018\/07\/Biroulette.png\" alt=\"secours en t\u00e9l\u00e9cabine t\u00e9l\u00e9ski\">\n\t\t\t\t\t\t<h4>\n\t\t\t\t\t\tBiroulette\t\t<\/h4>\n\t\t\t\t\t\t\t\t\t\t\t<img decoding=\"async\" src=\"https:\/\/gamesystem.com\/wp-content\/uploads\/2018\/07\/choucas-HM-pour-\u00e9vacuation-de-t\u00e9l\u00e9port\u00e9.png\" alt=\"\u00e9vacuation de t\u00e9l\u00e9poort\u00e9 dans une t\u00e9l\u00e9cabine\">\n\t\t\t<a href=\"https:\/\/gamesystem.com\/es\/productos\/especificos\/choucas\/\" target=\"_self\" role=\"button\" rel=\"noopener noreferrer\">\n\t\t\t\t\t\t\tM\u00e1s informaci\u00f3n\n\t\t<\/a>\n\t\t\t\t\t\t<h4>\n\t\t\t\t\t\tChoucas HM\t\t<\/h4>\n\t\t\t\t\t\t\t\t\t\t\t<img decoding=\"async\" src=\"https:\/\/gamesystem.com\/wp-content\/uploads\/2018\/07\/sac-devacuation-pour-t\u00e9l\u00e9port\u00e9.png\" alt=\"evcauation oblique pour t\u00e9l\u00e9port\u00e9\">\n\t\t\t<a href=\"https:\/\/gamesystem.com\/wp-content\/uploads\/2020\/01\/Bolsa-de-evacuation-ESP.pdf\" target=\"_blank\" rel=\"noopener noreferrer\" role=\"button\">\n\t\t\t\t\t\t\tM\u00e1s informaci\u00f3n\n\t\t<\/a>\n\t\t\t\t\t\t<h4>\n\t\t\t\t\t\tBolsa de evacuaci\u00f3n\t\t<\/h4>\n\t\t\t\t\t\t\t\t\t\t\t<img decoding=\"async\" src=\"https:\/\/gamesystem.com\/wp-content\/uploads\/2018\/07\/\u00e9chelle-pour-acc\u00e8s-du-sauveteur-\u00e0-la-t\u00e9l\u00e9cabine.png\" alt=\"faciliter d'acc\u00e8s \u00e0 une t\u00e9l\u00e9cabine grace \u00e0 une \u00e9chelle\">\n\t\t\t\t\t\t<h4>\n\t\t\t\t\t\tEscalera\t\t<\/h4>\n\t\t\t\t\t\t\t\t\t\t\t<img decoding=\"async\" src=\"https:\/\/gamesystem.com\/wp-content\/uploads\/2018\/07\/Monoroulette-Gamesystem.png\" alt=\"\u00e9vcauation de personne t\u00e9l\u00e9port\u00e9 dans t\u00e9l\u00e9cabine\">\n\t\t\t\t\t\t<h4>\n\t\t\t\t\t\tMonoroulette\t\t<\/h4>\n\t\t\t\t\t\t\t\t\t\t\t<img decoding=\"async\" src=\"https:\/\/gamesystem.com\/wp-content\/uploads\/2018\/07\/choucas-avec-volant-pour-\u00e9vacuation-de-personne-E-HM.png\" alt=\"\u00e9vacuation de personne bloqu\u00e9 en t\u00e9l\u00e9cabine\">\n\t\t\t<a href=\"https:\/\/gamesystem.com\/es\/productos\/especificos\/choucas\/\" target=\"_self\" role=\"button\" rel=\"noopener noreferrer\">\n\t\t\t\t\t\t\tM\u00e1s informaci\u00f3n\n\t\t<\/a>\n\t\t\t\t\t\t<h4>\n\t\t\t\t\t\tChoucas E-HM\t\t<\/h4>\n\t\t\t\t\t\t\t\t\t\t\t<img decoding=\"async\" src=\"https:\/\/gamesystem.com\/wp-content\/uploads\/2018\/06\/sac-epi-gamesystem.png\" alt=\"sac pour travailleurs en hauteur\">\n\t\t\t<a href=\"https:\/\/gamesystem.com\/es\/productos\/soluciones-para-remontes-mecanicos\/saco-40l-alta-resistencia\/\" target=\"_self\" role=\"button\" rel=\"noopener noreferrer\">\n\t\t\t\t\t\t\t M\u00e1s informaci\u00f3n\n\t\t<\/a>\n\t\t\t\t\t\t<h4>\n\t\t\t\t\t\tSaco 40l Alta resistenci\t\t<\/h4>\n\t\t\t\t\t\t\t\t\t\t\t<img decoding=\"async\" src=\"https:\/\/gamesystem.com\/wp-content\/uploads\/2018\/07\/Roulette-d\u00e9vacuation-pour-secours-de-t\u00e9l\u00e9port\u00e9.png\" alt=\"sauveteur en montagne\">\n\t\t\t\t\t\t<h4>\n\t\t\t\t\t\tRoulette \t\t<\/h4>\n\t\t\t\t\t\t\t\t\t\t\t<img decoding=\"async\" src=\"https:\/\/gamesystem.com\/wp-content\/uploads\/2018\/07\/treuil-pour-sauvetage-t\u00e9l\u00e9port\u00e9-plus-rapide.png\" alt=\"treuil pour sauvetage rapide\">\n\t\t\t\t\t\t<h4>\n\t\t\t\t\t\tCabrestante\t\t<\/h4>\n\t\t\t\t\t\t\t\t\t\t\t<img decoding=\"async\" src=\"https:\/\/gamesystem.com\/wp-content\/uploads\/2019\/04\/SKC-EVO-by-GAMESYSTEM.png\" alt=\"skc pour acc\u00e8s pylone\">\n\t\t\t<a href=\"https:\/\/gamesystem.com\/wp-content\/uploads\/2020\/01\/SKC-EVO-GAMESYSTEM-ESP.pdf\" target=\"_blank\" rel=\"noopener noreferrer\" role=\"button\">\n\t\t\t\t\t\t\t M\u00e1s informaci\u00f3n\n\t\t<\/a>\n\t\t\t\t\t\t<h4>\n\t\t\t\t\t\tSKC EVO by Gamesystem\t\t<\/h4>\n","protected":false},"excerpt":{"rendered":"<p>Soluciones para remontes mecanicos M\u00e1s informaci\u00f3n Motorgames M\u00e1s informaci\u00f3n H\u00e9ligames 2 M\u00e1s informaci\u00f3n V\u00e9ligames 2 Biroulette M\u00e1s informaci\u00f3n Choucas HM M\u00e1s informaci\u00f3n Bolsa de evacuaci\u00f3n Escalera Monoroulette M\u00e1s informaci\u00f3n Choucas&hellip;<\/p>\n","protected":false},"author":7,"featured_media":13468,"parent":13519,"menu_order":0,"comment_status":"closed","ping_status":"open","template":"","meta":[],"_links":{"self":[{"href":"https:\/\/gamesystem.com\/es\/wp-json\/wp\/v2\/pages\/13803"}],"collection":[{"href":"https:\/\/gamesystem.com\/es\/wp-json\/wp\/v2\/pages"}],"about":[{"href":"https:\/\/gamesystem.com\/es\/wp-json\/wp\/v2\/types\/page"}],"author":[{"embeddable":true,"href":"https:\/\/gamesystem.com\/es\/wp-json\/wp\/v2\/users\/7"}],"replies":[{"embeddable":true,"href":"https:\/\/gamesystem.com\/es\/wp-json\/wp\/v2\/comments?post=13803"}],"version-history":[{"count":0,"href":"https:\/\/gamesystem.com\/es\/wp-json\/wp\/v2\/pages\/13803\/revisions"}],"up":[{"embeddable":true,"href":"https:\/\/gamesystem.com\/es\/wp-json\/wp\/v2\/pages\/13519"}],"wp:featuredmedia":[{"embeddable":true,"href":"https:\/\/gamesystem.com\/es\/wp-json\/wp\/v2\/media\/13468"}],"wp:attachment":[{"href":"https:\/\/gamesystem.com\/es\/wp-json\/wp\/v2\/media?parent=13803"}],"curies":[{"name":"wp","href":"https:\/\/api.w.org\/{rel}","templated":true}]}}