{"id":13799,"date":"2018-01-30T10:39:48","date_gmt":"2018-01-30T10:39:48","guid":{"rendered":"https:\/\/preprod.gamesystem.com\/service-formation\/"},"modified":"2024-01-17T12:10:31","modified_gmt":"2024-01-17T11:10:31","slug":"servicio-formacion","status":"publish","type":"page","link":"https:\/\/gamesystem.com\/es\/servicio-formacion\/","title":{"rendered":"Servicio formaci\u00f3n"},"content":{"rendered":"\r\n<p><img decoding=\"async\" title=\"Gamesystem_white_orange_RVB\" src=\"https:\/\/gamesystem.com\/wp-content\/uploads\/2018\/08\/Gamesystem_white_orange_RVB.png\" alt=\"Gamesystem_white_orange_RVB\" \/><\/p>\r\n<h1>Entidad de formaci\u00f3n de trabajos en altura<\/h1>\r\n<p>El departamento de formaci\u00f3n pone toda su experiencia y conocimiento al servicio del cliente para ense\u00f1ar y concienciar a trabajadores, t\u00e9cnicos y responsables sobre el uso efectivo de los medios de seguridad. El trabajar con distintos sectores y diferentes niveles profesionales, nos da una visi\u00f3n global de los problemas del trabajo en altura.<\/p>\r\n<p>La experiencia directa de nuestros formadores en la realizaci\u00f3n de este tipo de trabajos y la especial atenci\u00f3n al m\u00e9todo pedag\u00f3gico hacen que la ense\u00f1anza sea realista y adaptada al alumnado.<\/p>\r\n<p>La personalizaci\u00f3n de los cursos para cada cliente, as\u00ed como la posibilidad de impartirlos en cada empresa o en abierto en cualquier punto geogr\u00e1fico y la capacidad de adaptaci\u00f3n a las necesidades organizativas de cada cliente son parte de nuestro valor a\u00f1adido.<\/p>\r\n<p>M\u00e1s de 15 programas de formaci\u00f3n dedicados a trabajos en alturas<\/p>\r\n<p><a role=\"button\" href=\"https:\/\/gamesystem.com\/wp-content\/uploads\/2023\/09\/Servicios_Gamesystem-Espana_compressed.pdf\" target=\"_blank\" rel=\"noopener\" aria-label=\" Descubre nuestras formaciones\"> Descubre nuestras formaciones <\/a><\/p>\r\n<h2>3 razones para elegir nuestras formaciones de seguridad en el trabajo en altura :<\/h2>\r\n<h3>Calidad de Formaci\u00f3n<\/h3>\r\n<p>Formaci\u00f3n inicial o reciclaje, en instalaciones Gamesystem o del cliente, programas est\u00e1ndar o a medida.<\/p>\r\n<h2>0%<\/h2>\r\n<h3>Nivel de satisfacci\u00f3n del cliente<\/h3>\r\n<p>Formadores &#8220;t\u00e9cnicos&#8221; de trabajo en altura <br \/>experimentados y en plantilla en la empresa<br \/>(garant\u00eda de homogeneidad de contenidos y\u00a0 pedagog\u00eda)<\/p>\r\n<h3>Calificaciones de formaci\u00f3n<\/h3>\r\n<p>Un certificado de aptitud se <br \/>entregar\u00e1 al trabajador una <br \/>vez superada la formaci\u00f3n.<\/p>\r\n<h2>Elija el lugar de su formaci\u00f3n :<\/h2>\r\n<h3>en tu lugar de trabajo<\/h3>\r\n<h3>en nuestro centro de formaci\u00f3n de Madrid<\/h3>\r\n<h3>en Espa\u00f1a o en el extranjero<\/h3>\r\n<h2>\u00bfNecesita un programa espec\u00edfico de trabajo en altura?<\/h2>\r\n<p><a role=\"button\" href=\"https:\/\/gamesystem.com\/es\/contacto\/\" target=\"_blank\" rel=\"noopener\" aria-label=\"Contacta con nosotros\"> Contacta con nosotros <\/a><\/p>\r\n<h2>Nuestro centro de formaci\u00f3n en Alcorc\u00f3n :<\/h2>\r\n<p><iframe loading=\"lazy\" src=\"https:\/\/www.youtube.com\/embed\/bwWPgpmjXlw?rel=0\" width=\"560\" height=\"315\" frameborder=\"0\" allowfullscreen=\"allowfullscreen\"><\/iframe><\/p>\r\n<p>&#8211; 2 aulas totalmente equipadas<br \/>&#8211; Torre de telecomunicaciones exterior<br \/>&#8211; L\u00ednea de vida en pared y escaleras verticales para acceso a la cubierta con sistema antica\u00eddas flexible<br \/>&#8211; L\u00ednea de vida fija en cubierta inclinada<br \/>&#8211; Ra\u00edl en fachada<br \/>&#8211; Torre interior<br \/>&#8211; Anclajes en fachada<br \/>&#8211; Simulador de espacios confinados<br \/>&#8211; Poste de hormig\u00f3n y poste de madera<\/p>\r\n<p><iframe loading=\"lazy\" src=\"https:\/\/www.youtube.com\/embed\/YtxvGTirp4w?rel=0\" width=\"560\" height=\"315\" frameborder=\"0\" allowfullscreen=\"allowfullscreen\"><\/iframe><\/p>\r\n<p><strong>M\u00c1S DE 75.000 ALUMNOS FORMADOS DESDE 1988<\/strong><\/p>\r\n","protected":false},"excerpt":{"rendered":"<p>Entidad de formaci\u00f3n de trabajos en altura El departamento de formaci\u00f3n pone toda su experiencia y conocimiento al servicio del cliente para ense\u00f1ar y concienciar a trabajadores, t\u00e9cnicos y responsables&hellip;<\/p>\n","protected":false},"author":7,"featured_media":0,"parent":0,"menu_order":0,"comment_status":"closed","ping_status":"open","template":"","meta":[],"_links":{"self":[{"href":"https:\/\/gamesystem.com\/es\/wp-json\/wp\/v2\/pages\/13799"}],"collection":[{"href":"https:\/\/gamesystem.com\/es\/wp-json\/wp\/v2\/pages"}],"about":[{"href":"https:\/\/gamesystem.com\/es\/wp-json\/wp\/v2\/types\/page"}],"author":[{"embeddable":true,"href":"https:\/\/gamesystem.com\/es\/wp-json\/wp\/v2\/users\/7"}],"replies":[{"embeddable":true,"href":"https:\/\/gamesystem.com\/es\/wp-json\/wp\/v2\/comments?post=13799"}],"version-history":[{"count":0,"href":"https:\/\/gamesystem.com\/es\/wp-json\/wp\/v2\/pages\/13799\/revisions"}],"wp:attachment":[{"href":"https:\/\/gamesystem.com\/es\/wp-json\/wp\/v2\/media?parent=13799"}],"curies":[{"name":"wp","href":"https:\/\/api.w.org\/{rel}","templated":true}]}}