{"id":13765,"date":"2018-01-12T10:41:03","date_gmt":"2018-01-12T10:41:03","guid":{"rendered":"https:\/\/preprod.gamesystem.com\/nous-contacter\/"},"modified":"2026-02-19T15:43:54","modified_gmt":"2026-02-19T14:43:54","slug":"contacto","status":"publish","type":"page","link":"https:\/\/gamesystem.com\/es\/contacto\/","title":{"rendered":"Contacto"},"content":{"rendered":"\n\n\t<a href=\"#\" id=\"trigger-\" data-modal=\"\" data-node=\"\">\n\t\t\t\t\t\t\t Ver el n\u00famero de tel\u00e9fono\n\t\t\t\t\t\t\t\t\t\t\t\t<\/a>\n\t\t\t\t\t\tPreview\n\t\t\tmodal-\n\t\t\t\t\t\t\t\t\t\t\t<h4 id=\"modal-title-\">Gamesystem Espa\u00f1a<\/h4>\t\t\t\t\t\t\t\t\t\t\t\t\t\t\t\t\n\t\t\t\t\t\t<p><strong>T\u00e9l : (34) 91 644 07 55<\/strong><\/p>\n\t\t\t\t<p><strong>GAMESYSTEM ESPA\u00d1A<br \/><\/strong>C\/ Alfarer\u00eda, 2<br \/>28933 M\u00f3stoles (Madrid)<br \/>Mail : <strong><a href=\"mailto:contacto@gamesystem.es\">contacto@gamesystem.es<\/a><\/strong><\/p>\n\t\t\t\t<p><em><strong>GAMESYSTEM ITALIA<\/strong><\/em><br \/><em>Via Sirtori 13\/B<\/em><br \/><em>Passirana di Rho (MI) <\/em><br \/><em><strong>T\u00e9l :<\/strong> (39) 02 33576551<\/em><\/p>\n<p><em><strong>GAMESYTEM FRANCE<\/strong><\/em><br \/><em>450 avenue de l&#8217;Europe &#8211; Inovall\u00e9e<\/em><br \/><em>38 334 Montbonnot Saint-Martin Cedex<\/em><br \/><em><strong>T\u00e9l :<\/strong>\u00a0(33) 04 76 04 16 16<\/em><\/p>\n\t\t\t<h2> \u00bfDesea que lo contactemos?<\/h2>\t\t\t\n\t<iframe loading=\"lazy\" src=\"https:\/\/www.google.com\/maps\/embed?pb=!1m14!1m8!1m3!1d12165.319861595637!2d-3.8161784!3d40.3350257!3m2!1i1024!2i768!4f13.1!3m3!1m2!1s0x0%3A0x7f0e7d777462df38!2sLinea+de+vida+-+Gamesystem+Espa%C3%B1a%2C+S.+A.!5e0!3m2!1sfr!2sfr!4v1535715539086\" width=\"1920\" height=\"450\" frameborder=\"0\" allowfullscreen><\/iframe>\n\n","protected":false},"excerpt":{"rendered":"<p>Ver el n\u00famero de tel\u00e9fono Preview modal- Gamesystem Espa\u00f1a T\u00e9l : (34) 91 644 07 55 GAMESYSTEM ESPA\u00d1AC\/ Alfarer\u00eda, 228933 M\u00f3stoles (Madrid)Mail : contacto@gamesystem.es GAMESYSTEM ITALIAVia Sirtori 13\/BPassirana di Rho&hellip;<\/p>\n","protected":false},"author":7,"featured_media":0,"parent":0,"menu_order":0,"comment_status":"closed","ping_status":"open","template":"","meta":[],"_links":{"self":[{"href":"https:\/\/gamesystem.com\/es\/wp-json\/wp\/v2\/pages\/13765"}],"collection":[{"href":"https:\/\/gamesystem.com\/es\/wp-json\/wp\/v2\/pages"}],"about":[{"href":"https:\/\/gamesystem.com\/es\/wp-json\/wp\/v2\/types\/page"}],"author":[{"embeddable":true,"href":"https:\/\/gamesystem.com\/es\/wp-json\/wp\/v2\/users\/7"}],"replies":[{"embeddable":true,"href":"https:\/\/gamesystem.com\/es\/wp-json\/wp\/v2\/comments?post=13765"}],"version-history":[{"count":1,"href":"https:\/\/gamesystem.com\/es\/wp-json\/wp\/v2\/pages\/13765\/revisions"}],"predecessor-version":[{"id":39289,"href":"https:\/\/gamesystem.com\/es\/wp-json\/wp\/v2\/pages\/13765\/revisions\/39289"}],"wp:attachment":[{"href":"https:\/\/gamesystem.com\/es\/wp-json\/wp\/v2\/media?parent=13765"}],"curies":[{"name":"wp","href":"https:\/\/api.w.org\/{rel}","templated":true}]}}