{"id":13762,"date":"2018-03-09T16:09:17","date_gmt":"2018-03-09T16:09:17","guid":{"rendered":"https:\/\/preprod.gamesystem.com\/produits\/harnais-de-securite\/"},"modified":"2018-11-14T08:05:17","modified_gmt":"2018-11-14T08:05:17","slug":"arnes-de-seguridad","status":"publish","type":"page","link":"https:\/\/gamesystem.com\/es\/productos\/arnes-de-seguridad\/","title":{"rendered":"Arn\u00e9s de seguridad"},"content":{"rendered":"<h1>Titre de la section<\/h1>\n<p>\t\t\t\t\t\t\t\t\t\t\t<img decoding=\"async\" src=\"https:\/\/gamesystem.com\/wp-content\/uploads\/2018\/06\/Harnais-s\u00e9curit\u00e9-GHS-pour-travaux-en-hauteur.png\" alt=\"harnais de s\u00e9curit\u00e9 pour le travail en hauteur\"><br \/>\n\t\t\t<a href=\"https:\/\/gamesystem.com\/es\/productos\/arnes-de-seguridad\/arneses-de-seguridad-ghs\/\" target=\"_blank\" rel=\"noopener\"  role=\"button\"><br \/>\n\t\t\t\t\t\t\t M\u00e1s informaci\u00f3n<br \/>\n\t\t<\/a><\/p>\n<h4>\n\t\t\tArn\u00e9s GHs\t\t<\/h4>\n<p>\t\t\t\t\t\t\t\t\t\t\t<img decoding=\"async\" src=\"https:\/\/gamesystem.com\/wp-content\/uploads\/2018\/06\/Harnais-de-s\u00e9curit\u00e9-GH5-pour-travail-en-hauteur.png\" alt=\"harnais de s\u00e9curit\u00e9 gamesystem\"><br \/>\n\t\t\t<a href=\"https:\/\/gamesystem.com\/es\/productos\/arnes-de-seguridad\/arnes-gh5\/\" target=\"_self\"   role=\"button\"><br \/>\n\t\t\t\t\t\t\tM\u00e1s informaci\u00f3n<br \/>\n\t\t<\/a><\/p>\n<h4>\n\t\t\tArn\u00e9s GH5\t\t<\/h4>\n<p>\t\t\t\t\t\t\t\t\t\t\t<img decoding=\"async\" src=\"https:\/\/gamesystem.com\/wp-content\/uploads\/2018\/06\/harnais-Gh1.png\" alt=\"harnais de travail gamesystem\"><br \/>\n\t\t\t<a href=\"https:\/\/gamesystem.com\/es\/productos\/arnes-de-seguridad\/arnes-gh1\/\" target=\"_self\"   role=\"button\"><br \/>\n\t\t\t\t\t\t\tM\u00e1s informaci\u00f3n<br \/>\n\t\t<\/a><\/p>\n<h4>\n\t\t\tArn\u00e9s GH1\t\t<\/h4>\n<p>\t\t\t\t\t\t\t\t\t\t\t<img decoding=\"async\" src=\"https:\/\/gamesystem.com\/wp-content\/uploads\/2018\/05\/ceinture-de-maintien-pour-le-travail-en-hauteur.png\" alt=\"ceinture de maintien pour les op\u00e9rateurs travaillant en hauteur\"><br \/>\n\t\t\t<a href=\"https:\/\/gamesystem.com\/es\/productos\/arnes-de-seguridad\/cinturon-de-mantenimiento\/\" target=\"_self\"   role=\"button\"><br \/>\n\t\t\t\t\t\t\tM\u00e1s informaci\u00f3n<br \/>\n\t\t<\/a><\/p>\n<h4>\n\t\t\tCintur\u00f3n de mantenimiento\t\t<\/h4>\n<p>\t\t\t\t\t\t\t\t\t\t\t<img decoding=\"async\" src=\"https:\/\/gamesystem.com\/wp-content\/uploads\/2018\/06\/Harnais-de-securite-GH3.png\" alt=\"harnais s\u00e9curit\u00e9 pour travailleur en hauteur\"><br \/>\n\t\t\t<a href=\"https:\/\/gamesystem.com\/es\/productos\/arnes-de-seguridad\/arnes-gh3\/\" target=\"_blank\" rel=\"noopener\"  role=\"button\"><br \/>\n\t\t\t\t\t\t\tM\u00e1s informaci\u00f3n<br \/>\n\t\t<\/a><\/p>\n<h4>\n\t\t\tArn\u00e9s GH3\t\t<\/h4>\n","protected":false},"excerpt":{"rendered":"<p>Titre de la section M\u00e1s informaci\u00f3n Arn\u00e9s GHs M\u00e1s informaci\u00f3n Arn\u00e9s GH5 M\u00e1s informaci\u00f3n Arn\u00e9s GH1 M\u00e1s informaci\u00f3n Cintur\u00f3n de mantenimiento M\u00e1s informaci\u00f3n Arn\u00e9s GH3<\/p>\n","protected":false},"author":7,"featured_media":0,"parent":13519,"menu_order":0,"comment_status":"closed","ping_status":"open","template":"","meta":[],"_links":{"self":[{"href":"https:\/\/gamesystem.com\/es\/wp-json\/wp\/v2\/pages\/13762"}],"collection":[{"href":"https:\/\/gamesystem.com\/es\/wp-json\/wp\/v2\/pages"}],"about":[{"href":"https:\/\/gamesystem.com\/es\/wp-json\/wp\/v2\/types\/page"}],"author":[{"embeddable":true,"href":"https:\/\/gamesystem.com\/es\/wp-json\/wp\/v2\/users\/7"}],"replies":[{"embeddable":true,"href":"https:\/\/gamesystem.com\/es\/wp-json\/wp\/v2\/comments?post=13762"}],"version-history":[{"count":0,"href":"https:\/\/gamesystem.com\/es\/wp-json\/wp\/v2\/pages\/13762\/revisions"}],"up":[{"embeddable":true,"href":"https:\/\/gamesystem.com\/es\/wp-json\/wp\/v2\/pages\/13519"}],"wp:attachment":[{"href":"https:\/\/gamesystem.com\/es\/wp-json\/wp\/v2\/media?parent=13762"}],"curies":[{"name":"wp","href":"https:\/\/api.w.org\/{rel}","templated":true}]}}