{"id":13759,"date":"2018-01-30T13:43:31","date_gmt":"2018-01-30T13:43:31","guid":{"rendered":"https:\/\/preprod.gamesystem.com\/notre-vision-metier-historique\/"},"modified":"2024-08-30T11:57:45","modified_gmt":"2024-08-30T09:57:45","slug":"nuestra-vision-empresarial","status":"publish","type":"page","link":"https:\/\/gamesystem.com\/es\/nuestra-vision-empresarial\/","title":{"rendered":"Nuestra &#8220;visi\u00f3n empresarial&#8221;"},"content":{"rendered":"\n\n\t\t\t<h1>Fr\u00e9n\u00e9hard &#038; Michaux<\/h1>\t\t\t\n\t\t\t\t<img decoding=\"async\" loading=\"lazy\" src=\"https:\/\/gamesystem.com\/wp-content\/uploads\/2024\/05\/Carte-site-27mai2024-1024x1024px.png\" alt=\"Carte site 27mai2024 1024x1024px\" itemprop=\"image\" height=\"1024\" width=\"1024\" title=\"Carte site 27mai2024 1024x1024px\" onerror=\"this.style.display='none'\"  \/>\n\t\t\t<h2>NUESTRO GRUPO<\/h2>\t\t\t\n\t\t\t\t<p>Fr\u00e9n\u00e9hard &amp; Michaux es un grupo industrial familiar con m\u00e1s de 1 200 trabajadores en todo el mundo. Nuestras empresas ofrecen soluciones a los especialistas para ayudarles a trabajar de forma segura y eficaz a diario, con productos y servicios que satisfacen todas sus necesidades en materia de cubiertas, canalones y trabajos en altura. Nos comprometemos a ofrecer a nuestros clientes la mejor calidad y servicio. Con m\u00e1s de 100 a\u00f1os de experiencia, estamos orgullosos de ser el proveedor elegido por los profesionales de todo el mundo.<\/p>\n\t\t\t<h2>LA ALTURA EN CONFIANZA\u00ae<\/h2>\t\t\t\n\t\t\t\t<p>Altrex, Artub, FMS Ringue, Fr\u00e9n\u00e9hard, Gamesystem, MA Estructuras, Securigard, Skyworks, Syam, Tendo, Tubesca-Comabi&#8230; La familia Fr\u00e9n\u00e9hard &amp; Michaux es un grupo unido que comparte los mismos valores, entre ellos, los relacionados con la protecci\u00f3n en el contexto de los trabajos en altura. Trabajamos juntos para proveer andamios y escaleras para techos u otros equipos de protecci\u00f3n necesarios, con una \u00fanica prioridad: \u00a1garantizar la seguridad de todos nuestros usuarios.<\/p>\n<p>La seguridad del trabajo en altura es una preocupaci\u00f3n en todas nuestras actividades y, a diario, orienta las acciones de nuestro grupo.<\/p>\n\t\t\t<h2>Nuestros valores<\/h2>\n\t<a href=\"https:\/\/gamesystem.com\/audit-accompagnement\/\" target=\"_self\" aria-label=\"Go to https:\/\/gamesystem.com\/audit-accompagnement\/\" rel=\"noopener\"><\/a>\n\t\t\t\t<img decoding=\"async\" src=\"https:\/\/gamesystem.com\/wp-content\/uploads\/2023\/01\/ecouter-150x150.png\" alt=\"\u00e9couter\" title=\"\u00e9couter\" itemprop=\"image\"\/>\n\t\t<h3> Escuchar<\/h3>\n\t\t\t\t<p>En Gamesystem, cumplir los compromisos es fundamental para todos.<\/p>\n<p>Proponemos una cultura de la iniciativa de responsabilizaci\u00f3n que va acompa\u00f1ada de un deber de cumplir los compromisos asumidos, tanto entre colaboradores como ante clientes y socios.<\/p>\n\t<a href=\"https:\/\/gamesystem.com\/ingenierie\/\" target=\"_self\" aria-label=\"Go to https:\/\/gamesystem.com\/ingenierie\/\" rel=\"noopener\"><\/a>\n\t\t\t\t<img decoding=\"async\" src=\"https:\/\/gamesystem.com\/wp-content\/uploads\/2023\/01\/innover.png\" alt=\"innover\" title=\"innover\" itemprop=\"image\"\/>\n\t\t<h3>Innovar<\/h3>\n\t\t\t\t<p>En Gamesystem trabajamos mano a mano con nuestros clientes y nuestro entorno para mejorar nuestros productos y nuestros procesos.<\/p>\n<p>Respaldando la iniciativa, nos replanteamos, tanto a nivel del Grupo como a t\u00edtulo individual, desarrollar nuevas ideas.<\/p>\n\t<a href=\"https:\/\/gamesystem.com\/controle-et-maintenance-des-systemes-anti-chute\/\" target=\"_self\" aria-label=\"Go to https:\/\/gamesystem.com\/controle-et-maintenance-des-systemes-anti-chute\/\" rel=\"noopener\"><\/a>\n\t\t\t\t<img decoding=\"async\" src=\"https:\/\/gamesystem.com\/wp-content\/uploads\/2023\/01\/selever.png\" alt=\"s&#039;\u00e9lever\" title=\"s&#039;\u00e9lever\" itemprop=\"image\"\/>\n\t\t<h3>Elevarse<\/h3>\n\t\t\t\t<p>En Gamesystem, creemos en nuestros empleados. Cuidar el desarrollo personal, las competencias, los comportamientos positivos y el trabajo en equipo forma parte de nuestra cultura.<\/p>\n<p>Este orgullo, lo compartimos con el exterior valorizando nuestras marcas, nuestra imagen, nuestras f\u00e1bricas y a los hombres y mujeres que las llevan.<\/p>\n\t<a href=\"https:\/\/gamesystem.com\/fabrication-montage\/\" target=\"_self\" aria-label=\"Go to https:\/\/gamesystem.com\/fabrication-montage\/\" rel=\"noopener\"><\/a>\n\t\t\t<h3>Comprometerse<\/h3>\t\t\n\t\t\t\t<img decoding=\"async\" src=\"https:\/\/gamesystem.com\/wp-content\/uploads\/2023\/01\/sengager.png\" alt=\"s&#039;engager\" title=\"s&#039;engager\" itemprop=\"image\"\/>\n\t\t\t\t<p>En Gamesystem, cumplir los compromisos es fundamental para todos.<\/p>\n<p>Proponemos una cultura de la iniciativa de responsabilizaci\u00f3n que va acompa\u00f1ada de un deber de cumplir los compromisos asumidos, tanto entre colaboradores como ante clientes y socios.<\/p>\n\t<a href=\"https:\/\/gamesystem.com\/fabrication-montage\/\" target=\"_self\" aria-label=\"Go to https:\/\/gamesystem.com\/fabrication-montage\/\" rel=\"noopener\"><\/a>\n\t\t\t<h3>Proteger<\/h3>\t\t\n\t\t\t\t<img decoding=\"async\" src=\"https:\/\/gamesystem.com\/wp-content\/uploads\/2023\/01\/proteger.png\" alt=\"prot\u00e9ger\" title=\"prot\u00e9ger\" itemprop=\"image\"\/>\n\t\t\t\t<p>En Gamesystem, damos prioridad a la calidad para garantizar procesos y productos al servicio de la seguridad de los usuarios o que garantizan la sostenibilidad de las estructuras.<\/p>\n<p>La salud y la seguridad de nuestros empleados es nuestra m\u00e1xima prioridad<\/p>\n\t\t\t<h2>Nuestro m\u00e9todo : <\/h2>\n\t<p>Trabajamos d\u00eda a d\u00eda para ser expertos en todos los aspectos relacionados con la seguridad del trabajo en altura. GAMESYSTEM es de las pocas empresas del mercado que integra internamente los 4 puntos de la seguridad en altura.<\/p>\n\t\t<h3>AUDITOR\u00cdA IN SITU<\/h3>\n\t\t<h3>SISTEMAS ANTICA\u00cdDAS<\/h3>\n\t\t<h3>CONTROL Y MANTENIMIENTO<\/h3>\n\t\t\t<h3>EQUIPOS DE  PROTECCI\u00d3N INDIVIDUAL<\/h3>\t\t\t\t\n\t\t\t<h3>Instalaci\u00f3n y montaje<\/h3>\t\t\t\t\n\t\t\t<h3>FORMACI\u00d3N TRABAJO EN ALTURA<\/h3>\t\t\t\t\n\t\t\t<h2>Historico<\/h2>\n\t<ul>\n\t\t<li>\t\t\t\t\n\t\t<p>1979Creaci\u00f3n de Gamesystem Francia<\/p><\/li><li>\t\t\t\t\n\t\t<p>1980Presentaci\u00f3n del antica\u00edda vertical PAPILLON durante el Sal\u00f3n de lnnovaci\u00f3n de Par\u00eds, \u00fanico antica\u00edda a d\u00eda de hoy que bloquea en un cable de 5mm mediante las poleas.<\/p><\/li><li>\t\t\t\t\n\t\t<p>1984Primer ensayo en Francia en una L\u00ednea de Vida horizontal con l&#8217;INRS au CEBTP.<\/p><\/li><li>\t\t\t\t\n\t\t<p>1986Creaci\u00f3n de Gamestream, primer organismo de formaci\u00f3n en los trabajos en altura de Francia.<\/p><\/li>\t<\/ul>\n\t<ul>\n\t\t<li>\t\t\t\t\n\t\t<p>1987Integraci\u00f3n en Gamesystem Francia de los dispositivos de evacuaci\u00f3n de remontes mec\u00e1nicos de Pomagalski.<\/p><\/li><li>\t\t\t\t\n\t\t<p>1988Creaci\u00f3n de Gamesystem Espa\u00f1a.<\/p><\/li><li>\t\t\t\t\n\t\t<p>1992Creaci\u00f3n de Gamesystem Italia.<\/p><\/li><li>\t\t\t\t\n\t\t<p>2005Absorci\u00f3n de Gamestream en Gamesystem Francia.<\/p><\/li><li>\t\t\t\t\n\t\t<p>2009Ceaci\u00f3n de una soluci\u00f3n modular de barandilla de aluminio.<\/p><\/li><li>\t\t\t\t\n\t\t<p>2021Adquisici\u00f3n de Gamesystem por Fr\u00e9n\u00e9hard &amp; Michaux<\/p><\/li>\t<\/ul>\n\n","protected":false},"excerpt":{"rendered":"<p>Fr\u00e9n\u00e9hard &#038; Michaux NUESTRO GRUPO Fr\u00e9n\u00e9hard &amp; Michaux es un grupo industrial familiar con m\u00e1s de 1 200 trabajadores en todo el mundo. Nuestras empresas ofrecen soluciones a los especialistas&hellip;<\/p>\n","protected":false},"author":7,"featured_media":0,"parent":0,"menu_order":0,"comment_status":"closed","ping_status":"open","template":"","meta":[],"_links":{"self":[{"href":"https:\/\/gamesystem.com\/es\/wp-json\/wp\/v2\/pages\/13759"}],"collection":[{"href":"https:\/\/gamesystem.com\/es\/wp-json\/wp\/v2\/pages"}],"about":[{"href":"https:\/\/gamesystem.com\/es\/wp-json\/wp\/v2\/types\/page"}],"author":[{"embeddable":true,"href":"https:\/\/gamesystem.com\/es\/wp-json\/wp\/v2\/users\/7"}],"replies":[{"embeddable":true,"href":"https:\/\/gamesystem.com\/es\/wp-json\/wp\/v2\/comments?post=13759"}],"version-history":[{"count":0,"href":"https:\/\/gamesystem.com\/es\/wp-json\/wp\/v2\/pages\/13759\/revisions"}],"wp:attachment":[{"href":"https:\/\/gamesystem.com\/es\/wp-json\/wp\/v2\/media?parent=13759"}],"curies":[{"name":"wp","href":"https:\/\/api.w.org\/{rel}","templated":true}]}}