{"id":13755,"date":"2018-03-09T16:05:37","date_gmt":"2018-03-09T16:05:37","guid":{"rendered":"https:\/\/preprod.gamesystem.com\/liaisons-antichute\/"},"modified":"2018-10-19T13:43:19","modified_gmt":"2018-10-19T13:43:19","slug":"conexion-anticaidas","status":"publish","type":"page","link":"https:\/\/gamesystem.com\/es\/productos\/conexion-anticaidas\/","title":{"rendered":"Conexi\u00f3n antica\u00eddas"},"content":{"rendered":"<h1>Titre de la section<\/h1>\n<p>\t\t\t\t\t\t\t\t\t\t\t<img decoding=\"async\" src=\"https:\/\/gamesystem.com\/wp-content\/uploads\/2018\/05\/Longe-double-pour-travaux-en-hauteur.png\" alt=\"longe double pour interventions en hauteur\"><br \/>\n\t\t\t<a href=\"https:\/\/gamesystem.com\/es\/productos\/conexion-anticaidas\/elemento-de-doble-amarre-fijo\/\" target=\"_self\"   role=\"button\"><br \/>\n\t\t\t\t\t\t\tM\u00e1s informaci\u00f3n<br \/>\n\t\t<\/a><\/p>\n<h4>\n\t\t\tElemento de doble amarre fijo\t\t<\/h4>\n<p>\t\t\t\t\t\t\t\t\t\t\t<img decoding=\"async\" src=\"https:\/\/gamesystem.com\/wp-content\/uploads\/2018\/07\/enrouleur-\u00e0-rappel-automatique-stop-chute.png\" alt=\"enrouleur pour travail en hauteur\"><\/p>\n<h4>\n\t\t\tRetr\u00e1ctil \t\t<\/h4>\n<p>\t\t\t\t\t\t\t\t\t\t\t<img decoding=\"async\" src=\"https:\/\/gamesystem.com\/wp-content\/uploads\/2018\/07\/Longe-simple-Gamesystem.png\" alt=\"lponge pour travail en hauteur\"><br \/>\n\t\t\t<a href=\"https:\/\/gamesystem.com\/es\/productos\/conexion-anticaidas\/elemento-de-amarre-fijo\/\" target=\"_self\"   role=\"button\"><br \/>\n\t\t\t\t\t\t\tM\u00e1s informaci\u00f3n<br \/>\n\t\t<\/a><\/p>\n<h4>\n\t\t\tElemento de amarre fijo\t\t<\/h4>\n<p>\t\t\t\t\t\t\t\t\t\t\t<img decoding=\"async\" src=\"https:\/\/gamesystem.com\/wp-content\/uploads\/2018\/05\/Sangle-dancrage-pour-travaux-en-hauteur.png\" alt=\"sangle d'ancrage sp\u00e9cifique au travaux en hauteur et aux interventions en s\u00e9curit\u00e9\"><br \/>\n\t\t\t<a href=\"https:\/\/gamesystem.com\/es\/productos\/conexion-anticaidas\/la-cinta-de-anclaj\/\" target=\"_self\"   role=\"button\"><br \/>\n\t\t\t\t\t\t\tM\u00e1s informaci\u00f3n<br \/>\n\t\t<\/a><\/p>\n<h4>\n\t\t\tLa cinta de anclaje\t\t<\/h4>\n<p>\t\t\t\t\t\t\t\t\t\t\t<img decoding=\"async\" src=\"https:\/\/gamesystem.com\/wp-content\/uploads\/2018\/05\/Systeme-papillon-pour-travaux-en-hauteur.png\" alt=\"system de protection vertcial papillon gamesystem\"><br \/>\n\t\t\t<a href=\"https:\/\/gamesystem.com\/es\/productos\/conexion-anticaidas\/papillon\/\" target=\"_self\"   role=\"button\"><br \/>\n\t\t\t\t\t\t\tM\u00e1s informaci\u00f3n<br \/>\n\t\t<\/a><\/p>\n<h4>\n\t\t\tPapillon\t\t<\/h4>\n<p>\t\t\t\t\t\t\t\t\t\t\t<img decoding=\"async\" src=\"https:\/\/gamesystem.com\/wp-content\/uploads\/2018\/07\/connecteurs-Gamesystem.png\" alt=\"connceteurs : crochets et mousqueton pour travail en hauteur\"><br \/>\n\t\t\t<a href=\"https:\/\/gamesystem.com\/es\/productos\/conexion-anticaidas\/conectores\/\" target=\"_self\"   role=\"button\"><br \/>\n\t\t\t\t\t\t\tM\u00e1s informaci\u00f3n<br \/>\n\t\t<\/a><\/p>\n<h4>\n\t\t\tConectores\t\t<\/h4>\n<p>\t\t\t\t\t\t\t\t\t\t\t<img decoding=\"async\" src=\"https:\/\/gamesystem.com\/wp-content\/uploads\/2018\/05\/Moduleur-corde-pour-toiture-plate-ou-pente.png\" alt=\"evoluer en s\u00e9curit\u00e9 en toiture\"><br \/>\n\t\t\t<a href=\"https:\/\/gamesystem.com\/es\/productos\/conexion-anticaidas\/el-modulador\/\" target=\"_self\"   role=\"button\"><br \/>\n\t\t\t\t\t\t\tEn savoir +<br \/>\n\t\t<\/a><\/p>\n<h4>\n\t\t\tEl modulador \t\t<\/h4>\n<p>\t\t\t\t\t\t\t\t\t\t\t<img decoding=\"async\" src=\"https:\/\/gamesystem.com\/wp-content\/uploads\/2018\/05\/Perche-t\u00e9l\u00e9scopique.png\" alt=\"perche pour travail en hauteur\"><\/p>\n<h4>\n\t\t\tP\u00e9rtiga telesc\u00f3pica\t\t<\/h4>\n","protected":false},"excerpt":{"rendered":"<p>Titre de la section M\u00e1s informaci\u00f3n Elemento de doble amarre fijo Retr\u00e1ctil M\u00e1s informaci\u00f3n Elemento de amarre fijo M\u00e1s informaci\u00f3n La cinta de anclaje M\u00e1s informaci\u00f3n Papillon M\u00e1s informaci\u00f3n Conectores&hellip;<\/p>\n","protected":false},"author":7,"featured_media":0,"parent":13519,"menu_order":0,"comment_status":"closed","ping_status":"open","template":"","meta":[],"_links":{"self":[{"href":"https:\/\/gamesystem.com\/es\/wp-json\/wp\/v2\/pages\/13755"}],"collection":[{"href":"https:\/\/gamesystem.com\/es\/wp-json\/wp\/v2\/pages"}],"about":[{"href":"https:\/\/gamesystem.com\/es\/wp-json\/wp\/v2\/types\/page"}],"author":[{"embeddable":true,"href":"https:\/\/gamesystem.com\/es\/wp-json\/wp\/v2\/users\/7"}],"replies":[{"embeddable":true,"href":"https:\/\/gamesystem.com\/es\/wp-json\/wp\/v2\/comments?post=13755"}],"version-history":[{"count":0,"href":"https:\/\/gamesystem.com\/es\/wp-json\/wp\/v2\/pages\/13755\/revisions"}],"up":[{"embeddable":true,"href":"https:\/\/gamesystem.com\/es\/wp-json\/wp\/v2\/pages\/13519"}],"wp:attachment":[{"href":"https:\/\/gamesystem.com\/es\/wp-json\/wp\/v2\/media?parent=13755"}],"curies":[{"name":"wp","href":"https:\/\/api.w.org\/{rel}","templated":true}]}}