{"id":13747,"date":"2018-07-27T08:51:44","date_gmt":"2018-07-27T08:51:44","guid":{"rendered":"https:\/\/preprod.gamesystem.com\/connecteurs\/"},"modified":"2018-09-16T21:26:07","modified_gmt":"2018-09-16T21:26:07","slug":"conectores","status":"publish","type":"page","link":"https:\/\/gamesystem.com\/es\/productos\/conexion-anticaidas\/conectores\/","title":{"rendered":"Conectores"},"content":{"rendered":"<p>\t<a href=\"https:\/\/gamesystem.com\/es\/productos\/\" target=\"_self\" ><\/a><br \/>\n\t\t<strong> TODOS NUESTROS PRODUCTOS <\/strong><br \/>\n\t<a href=\"https:\/\/gamesystem.com\/es\/productos\/conexion-anticaidas\/\" target=\"_self\" ><\/a><br \/>\n\t\t<strong>Conexi\u00f3n antica\u00eddas <\/strong>\t\t\t<\/p>\n<h1>Conectores<\/h1>\n<p>Para abrir o cerrar un CONECTOR, se procede con 2 acciones diferentes: el desbloqueo o bloqueo, y el cierre o apertura del trinquete de seguridad. Se distinguen 3 tipos de conectores:<\/p>\n<p>-Eslabones r\u00e1pidos de acero zincado o inox, con bloqueo de rosca para atornillar con llave<\/p>\n<p>-El de bloqueo manual, como el conector de acero o aluminio con bloqueo de rosca.<\/p>\n<p>-El de bloqueo autom\u00e1tico, como el gancho auto<\/p>\n<p>&#8211; Bloqueo de aluminio en el que se debe presionar simult\u00e1neamente sobre las 2 palancas para proceder a la apertura, cuando se deja de presionar se cierra autom\u00e1ticamente.<\/p>\n<p>\t\t\t\t<a href=\"https:\/\/gamesystem.com\/wp-content\/uploads\/2018\/07\/connecteurs-Gamesystem.png\" target=\"_self\" itemprop=\"url\"><br \/>\n\t\t\t\t<img decoding=\"async\" loading=\"lazy\" src=\"https:\/\/gamesystem.com\/wp-content\/uploads\/2018\/07\/connecteurs-Gamesystem.png\" alt=\"connceteurs : crochets et mousqueton pour travail en hauteur\" itemprop=\"image\" height=\"600\" width=\"800\" title=\"connecteurs-Gamesystem\"  \/><br \/>\n\t\t\t\t<\/a><br \/>\n\t\t\t<a href=\"https:\/\/gamesystem.com\/wp-content\/uploads\/2018\/09\/Conectores-Gamesystem-ESP.pdf\" target=\"_blank\" role=\"button\" rel=\"noopener\" ><br \/>\n\t\t\t\t\t\t\tFicha del producto<br \/>\n\t\t\t\t\t<\/a><\/p>\n<nav>\n<ul>\n<li data-index=\"0\">\n<h2>\n\t\t\t\t\t\t<a href=\"javascript:void(0);\">\u00bfCU\u00c1NDO UTILIZARLO? <\/a><br \/>\n\t\t\t\t\t<\/h2>\n<\/li>\n<li data-index=\"1\">\n<h2>\n\t\t\t\t\t\t<a href=\"javascript:void(0);\">SEGURIDAD<\/a><br \/>\n\t\t\t\t\t<\/h2>\n<\/li>\n<li data-index=\"2\">\n<h2>\n\t\t\t\t\t\t<a href=\"javascript:void(0);\">FORMACI\u00d3N<\/a><br \/>\n\t\t\t\t\t<\/h2>\n<\/li>\n<li data-index=\"3\">\n<h2>\n\t\t\t\t\t\t<a href=\"javascript:void(0);\">SE ACONSEJA LOS SIGUIENTES ELEMENTOS<\/a><br \/>\n\t\t\t\t\t<\/h2>\n<\/li>\n<\/ul>\n<\/nav>\n<h2>\n\t\t\t\t\t\t\t\t\t\t\t\t\u00bfCU\u00c1NDO UTILIZARLO?<br \/>\n\t\t\t\t\t\t\t\t\t\t\t<\/h2>\n<p>Un CONECTOR es un componente del sistema de conexi\u00f3n, en un sistema contra ca\u00eddas. Es un elemento indispensable, sirve para hacer de uni\u00f3n entre el antica\u00edda y el arn\u00e9s y el dispositivo antica\u00edda y el dispositivo de anclaje.<\/p>\n<p>Se elegir\u00e1 funci\u00f3n de las condiciones de utilizaci\u00f3n. En el est\u00e1ndar disponemos de unos eslabones r\u00e1pidos de 8 o 10 mm, unos conectores de acero o de inox, unos ganchos con auto-bloqueo de 20 mm, 60mm de aluminio.<\/p>\n<h2>\n\t\t\t\t\t\t\t\t\t\t\t\tSEGURIDAD<br \/>\n\t\t\t\t\t\t\t\t\t\t\t<\/h2>\n<p>Para su utilizaci\u00f3n cotidiana, elegir con preferencia los conectores con auto-bloqueo: un \u201cclic\u201d y estaremos en seguridad. No existe el riesgo de olvidarse de atornillar el bloqueo. Para una conexi\u00f3n permanente, es preferible el eslab\u00f3n r\u00e1pido.<\/p>\n<h2>\n\t\t\t\t\t\t\t\t\t\t\t\tFORMACI\u00d3N<br \/>\n\t\t\t\t\t\t\t\t\t\t\t<\/h2>\n<p>M\u00f3dulos \u00ab Formaci\u00f3n de trabajos en altura: conceptos generales \u00bb.<\/p>\n<h2>\n\t\t\t\t\t\t\t\t\t\t\t\tSE ACONSEJA LOS SIGUIENTES ELEMENTOS<br \/>\n\t\t\t\t\t\t\t\t\t\t\t<\/h2>\n<p>Para el usuario: Arn\u00e9s GH1 \u00f3 GH3.<br \/>Para el sistema de conexi\u00f3n antica\u00eddas: un dispositivo retr\u00e1ctil de cable o cinta<\/p>\n<p>\u00a0<\/p>\n<p>\t\t\t\t\t<!-- \/content --><br \/>\n\t<!-- \/tabs --><\/p>\n","protected":false},"excerpt":{"rendered":"<p>TODOS NUESTROS PRODUCTOS Conexi\u00f3n antica\u00eddas Conectores Para abrir o cerrar un CONECTOR, se procede con 2 acciones diferentes: el desbloqueo o bloqueo, y el cierre o apertura del trinquete de&hellip;<\/p>\n","protected":false},"author":2,"featured_media":0,"parent":13755,"menu_order":0,"comment_status":"closed","ping_status":"open","template":"","meta":[],"_links":{"self":[{"href":"https:\/\/gamesystem.com\/es\/wp-json\/wp\/v2\/pages\/13747"}],"collection":[{"href":"https:\/\/gamesystem.com\/es\/wp-json\/wp\/v2\/pages"}],"about":[{"href":"https:\/\/gamesystem.com\/es\/wp-json\/wp\/v2\/types\/page"}],"author":[{"embeddable":true,"href":"https:\/\/gamesystem.com\/es\/wp-json\/wp\/v2\/users\/2"}],"replies":[{"embeddable":true,"href":"https:\/\/gamesystem.com\/es\/wp-json\/wp\/v2\/comments?post=13747"}],"version-history":[{"count":0,"href":"https:\/\/gamesystem.com\/es\/wp-json\/wp\/v2\/pages\/13747\/revisions"}],"up":[{"embeddable":true,"href":"https:\/\/gamesystem.com\/es\/wp-json\/wp\/v2\/pages\/13755"}],"wp:attachment":[{"href":"https:\/\/gamesystem.com\/es\/wp-json\/wp\/v2\/media?parent=13747"}],"curies":[{"name":"wp","href":"https:\/\/api.w.org\/{rel}","templated":true}]}}