{"id":13741,"date":"2018-02-20T13:12:29","date_gmt":"2018-02-20T13:12:29","guid":{"rendered":"https:\/\/preprod.gamesystem.com\/moduleur\/"},"modified":"2018-09-16T21:27:15","modified_gmt":"2018-09-16T21:27:15","slug":"el-modulador","status":"publish","type":"page","link":"https:\/\/gamesystem.com\/es\/productos\/conexion-anticaidas\/el-modulador\/","title":{"rendered":"El modulador"},"content":{"rendered":"<p>\t<a href=\"https:\/\/gamesystem.com\/es\/productos\/\" target=\"_self\" ><\/a><br \/>\n\t\t<strong> TODOS NUESTROS PRODUCTOS <\/strong><br \/>\n\t<a href=\"https:\/\/gamesystem.com\/es\/productos\/conexion-anticaidas\/\" target=\"_self\" ><\/a><br \/>\n\t\t<strong>Conexi\u00f3n antica\u00eddas <\/strong>\t\t\t<\/p>\n<h1>El modulador <\/h1>\n<p>Est\u00e1 compuesto de 2 discos de acero inoxidable, unidos por un eje. Entre estos 2 discos se encuentra una palanca con una empu\u00f1adura que presiona sobre una polea exc\u00e9ntrica.<\/p>\n<p>La tensi\u00f3n ejercida por el peso del operario sobre la polea, bloque la cuerda, que s\u00f3lo se libera presionando la empu\u00f1adura<\/p>\n<p>\t\t\t\t<a href=\"https:\/\/gamesystem.com\/wp-content\/uploads\/2018\/05\/Moduleur-corde-pour-toiture-plate-ou-pente.png\" target=\"_self\" itemprop=\"url\"><br \/>\n\t\t\t\t<img decoding=\"async\" loading=\"lazy\" src=\"https:\/\/gamesystem.com\/wp-content\/uploads\/2018\/05\/Moduleur-corde-pour-toiture-plate-ou-pente.png\" alt=\"evoluer en s\u00e9curit\u00e9 en toiture\" itemprop=\"image\" height=\"600\" width=\"800\" title=\"Moduleur-corde-pour-toiture-plate-ou-pente\"  \/><br \/>\n\t\t\t\t<\/a><br \/>\n\t\t\t<a href=\"https:\/\/gamesystem.com\/wp-content\/uploads\/2018\/09\/El-modulador-Gamesystem.pdf\" target=\"_blank\" rel=\"noopener\"><br \/>\n\t\t\t\t\t\t\t\tFicha del producto<br \/>\n\t\t\t\t\t\t\t<\/a><br \/>\n\t\t\t<a href=\"https:\/\/gamesystem.com\/wp-content\/uploads\/2018\/09\/Notice-dutilisation-I-Moduleur.pdf\" target=\"_blank\" rel=\"noopener\"><br \/>\n\t\t\t\t\t\t\t\tInstrucciones de uso<br \/>\n\t\t\t\t\t\t\t<\/a><\/p>\n<nav>\n<ul>\n<li data-index=\"0\">\n<h2>\n\t\t\t\t\t\t<a href=\"javascript:void(0);\">\u00bfCU\u00c1NDO UTILIZARLO? <\/a><br \/>\n\t\t\t\t\t<\/h2>\n<\/li>\n<li data-index=\"1\">\n<h2>\n\t\t\t\t\t\t<a href=\"javascript:void(0);\">SEGURIDAD<\/a><br \/>\n\t\t\t\t\t<\/h2>\n<\/li>\n<li data-index=\"2\">\n<h2>\n\t\t\t\t\t\t<a href=\"javascript:void(0);\">FORMACI\u00d3N<\/a><br \/>\n\t\t\t\t\t<\/h2>\n<\/li>\n<\/ul>\n<\/nav>\n<h2>\n\t\t\t\t\t\t\t\t\t\t\t\t\u00bfCU\u00c1NDO UTILIZARLO?<br \/>\n\t\t\t\t\t\t\t\t\t\t\t<\/h2>\n<p>El MODULADOR es un aparato que tiene diferentes aplicaciones:<\/p>\n<p>\u2022 Verticalmente: fAsegurando la extremidad de la cuerda en un punto fijo y el modulador al anclaje esternal del arn\u00e9s mediante un conector, permite al operario trabajar en seguridad en cualquier estructura.<\/p>\n<p>\u2022 Sobre un plano inclinado y accionando la empu\u00f1adura, le permite alejarse del dispositivo de anclaje. Tirando sobre el extremo sobrante de la cuerda, se acerca. En caso de ca\u00edda se bloquea inmediatamente.<\/p>\n<p>\u2022 En poste permite al operario trabajar en tensi\u00f3n y regular perfectamente su distancia.<\/p>\n<p>\u2022 Cuando el aparato est\u00e1 situado en un punto fijo, tras la ca\u00edda del operario, permite bajarlo al suelo. El operario coge su antica\u00edda MODULADOR, coloca la cuerda alrededor de la polea cierra y bloquea los 2 discos, introduciendo su mosquet\u00f3n en el orificio previsto para ello. Conecta el conjunto en el punto esternal de enganche de su arn\u00e9s.<\/p>\n<h2>\n\t\t\t\t\t\t\t\t\t\t\t\tSEGURIDAD<br \/>\n\t\t\t\t\t\t\t\t\t\t\t<\/h2>\n<p>El MODULADOR es un aparato que en la medida que no se presiona la empu\u00f1adura, la cuerda se encuentra bloqueada. Hace falta una acci\u00f3n de presi\u00f3n voluntaria sobre la empu\u00f1adura para el desplazamiento.<\/p>\n<p>La cuerda es espec\u00edfica de 12 mm de di\u00e1metro. Para la prensi\u00f3n del cuerpo del operario: Un Arn\u00e9s GH3 o GHS.<\/p>\n<h2>\n\t\t\t\t\t\t\t\t\t\t\t\tFORMACI\u00d3N<br \/>\n\t\t\t\t\t\t\t\t\t\t\t<\/h2>\n<p>La Seguridad de trabajos en altura: \u00abConceptos generales\u00bb, \u00abtrabajos en cubiertas\u00bb.<\/p>\n<p>\t\t\t\t\t<!-- \/content --><br \/>\n\t<!-- \/tabs --><\/p>\n","protected":false},"excerpt":{"rendered":"<p>TODOS NUESTROS PRODUCTOS Conexi\u00f3n antica\u00eddas El modulador Est\u00e1 compuesto de 2 discos de acero inoxidable, unidos por un eje. Entre estos 2 discos se encuentra una palanca con una empu\u00f1adura&hellip;<\/p>\n","protected":false},"author":7,"featured_media":0,"parent":13755,"menu_order":0,"comment_status":"closed","ping_status":"open","template":"","meta":[],"_links":{"self":[{"href":"https:\/\/gamesystem.com\/es\/wp-json\/wp\/v2\/pages\/13741"}],"collection":[{"href":"https:\/\/gamesystem.com\/es\/wp-json\/wp\/v2\/pages"}],"about":[{"href":"https:\/\/gamesystem.com\/es\/wp-json\/wp\/v2\/types\/page"}],"author":[{"embeddable":true,"href":"https:\/\/gamesystem.com\/es\/wp-json\/wp\/v2\/users\/7"}],"replies":[{"embeddable":true,"href":"https:\/\/gamesystem.com\/es\/wp-json\/wp\/v2\/comments?post=13741"}],"version-history":[{"count":0,"href":"https:\/\/gamesystem.com\/es\/wp-json\/wp\/v2\/pages\/13741\/revisions"}],"up":[{"embeddable":true,"href":"https:\/\/gamesystem.com\/es\/wp-json\/wp\/v2\/pages\/13755"}],"wp:attachment":[{"href":"https:\/\/gamesystem.com\/es\/wp-json\/wp\/v2\/media?parent=13741"}],"curies":[{"name":"wp","href":"https:\/\/api.w.org\/{rel}","templated":true}]}}