{"id":13738,"date":"2018-02-21T14:57:55","date_gmt":"2018-02-21T14:57:55","guid":{"rendered":"https:\/\/preprod.gamesystem.com\/papillon\/"},"modified":"2020-01-28T07:45:06","modified_gmt":"2020-01-28T07:45:06","slug":"papillon","status":"publish","type":"page","link":"https:\/\/gamesystem.com\/es\/productos\/conexion-anticaidas\/papillon\/","title":{"rendered":"Papillon"},"content":{"rendered":"\n\t<a href=\"https:\/\/gamesystem.com\/es\/productos\/\" target=\"_self\" rel=\"noopener noreferrer\"><\/a>\n\t\t<strong> TODOS NUESTROS PRODUCTOS <\/strong>\t\t\t\n\t<a href=\"https:\/\/gamesystem.com\/es\/productos\/especificos\/\" target=\"_self\" rel=\"noopener noreferrer\"><\/a>\n\t\t<strong>Espec\u00edficos <\/strong>\t\t\t\n\t\t\t<h1>Papillon<\/h1>\t\t\t\n\t\t\t\t<p>Se compone de un mono-bloque en aluminio unido por una bisagra. Sobre uno de los carters, se sit\u00faan 2 poleas externas y una polea principal, por donde se redirecciona el cable. Las gargantas de las poleas tienen un perfil especial en forma de V. La polea principal est\u00e1 provista de levas, las cuales se bloquean por sobre velocidad en caso de ca\u00edda.<\/p>\n<p>La introducci\u00f3n y el deslizamiento del cable en la garganta de las poleas, permite absorber el impacto del pico de fuerza en la parada de una ca\u00edda. Un pestillo de seguridad situado en el segundo carter del mono-bloque hace funci\u00f3n de cierre total.<\/p>\n\t\t\t\t<a href=\"https:\/\/gamesystem.com\/wp-content\/uploads\/2018\/05\/Systeme-papillon-pour-travaux-en-hauteur.png\" target=\"_self\" itemprop=\"url\" rel=\"noopener noreferrer\">\n\t\t\t\t<img decoding=\"async\" loading=\"lazy\" src=\"https:\/\/gamesystem.com\/wp-content\/uploads\/2018\/05\/Systeme-papillon-pour-travaux-en-hauteur.png\" alt=\"system de protection vertcial papillon gamesystem\" itemprop=\"image\" height=\"600\" width=\"800\" title=\"Systeme-papillon-pour-travaux-en-hauteur\" onerror=\"this.style.display='none'\"  \/>\n\t\t\t\t<\/a>\n\t\t\t<a href=\"https:\/\/gamesystem.com\/wp-content\/uploads\/2018\/09\/Papillon-Gamesystem-ESP.pdf\" target=\"_blank\" rel=\"noopener noreferrer\">\n\t\t\t\t\t\t\t\tFicha del producto\n\t\t\t\t\t\t\t<\/a>\n\t\t\t<a href=\"https:\/\/gamesystem.com\/wp-content\/uploads\/2020\/01\/E1538-Antica\u00eddas-Papill\u00f3n-II.pdf\" target=\"_blank\" rel=\"noopener noreferrer\">\n\t\t\t\t\t\t\t\tInstrucciones de uso\n\t\t\t\t\t\t\t<\/a>\n\t\t\t<a href=\"https:\/\/gamesystem.com\/wp-content\/uploads\/2018\/09\/Papill\u00f3n-Componentes-Gamesystem-ESP.pdf\" target=\"_blank\" role=\"button\" rel=\"noopener noreferrer\">\n\t\t\t\t\t\t\tEl cable y sus componentes\n\t\t\t\t\t<\/a>\n\t\t<nav>\n\t\t\t<ul>\n\t\t\t\t\t\t\t\t<li data-index=\"0\">\n\t\t\t\t\t<h2>\n\t\t\t\t\t\t<a href=\"javascript:void(0);\">\u00bfCU\u00c1NDO UTILIZARLO? <\/a>\n\t\t\t\t\t<\/h2>\n\t\t\t\t<\/li>\n\t\t\t\t\t\t\t\t<li data-index=\"1\">\n\t\t\t\t\t<h2>\n\t\t\t\t\t\t<a href=\"javascript:void(0);\">SEGURIDAD<\/a>\n\t\t\t\t\t<\/h2>\n\t\t\t\t<\/li>\n\t\t\t\t\t\t\t\t<li data-index=\"2\">\n\t\t\t\t\t<h2>\n\t\t\t\t\t\t<a href=\"javascript:void(0);\">FORMACI\u00d3N<\/a>\n\t\t\t\t\t<\/h2>\n\t\t\t\t<\/li>\n\t\t\t\t\t\t\t<\/ul>\n\t\t<\/nav>\n\t\t\t\t\t<h2>\n\t\t\t\t\t\t\t\t\t\t\t\t\u00bfCU\u00c1NDO UTILIZARLO? \n\t\t\t\t\t\t\t\t\t\t\t<\/h2>\n\t\t\t\t\t<p>El acceso en altura se realiza normalmente por una escalera vertical. Durante la ascensi\u00f3n el operario puede sufrir un mareo o aturdimiento por fatiga provocando la ca\u00edda. El PAPILLON es un antica\u00edda deslizante a cable y en caso de ca\u00edda bloque inmediatamente evitando la ca\u00edda. El operario provisto de su antica\u00edda PAPILLON, lo posicionar\u00e1 sobre el cable alrededor de las poleas. A continuaci\u00f3n cierra, coloca el pestillo e introduce un conector. en el orificio previsto para ello. Colocar\u00e1 el dispositivo en el punto esternal del anclaje del arn\u00e9s. El operario se podr\u00e1 desplazar sin impedimento, el antica\u00edda PAPILLON lo seguir\u00e1 libremente rodando sobre el cable.<\/p>\n\t\t\t\t\t<h2>\n\t\t\t\t\t\t\t\t\t\t\t\tSEGURIDAD\n\t\t\t\t\t\t\t\t\t\t\t<\/h2>\n\t\t\t\t\t<p>El Papillon trabaja en los 2 sentidos, no existe el riesgo de una posici\u00f3n err\u00f3nea sobre el cable. Por el principio de bloqueo por sobre velocidad, permite todos los desplazamientos, vertical, lateral y horizontal, al poder bloquearse manualmente. El recorrido de ca\u00edda es muy corto, entre 0,30 y 0,50 m. Para la presi\u00f3n del cuerpo del operario: un arn\u00e9s GH3 o GH5.<\/p>\n\t\t\t\t\t<h2>\n\t\t\t\t\t\t\t\t\t\t\t\tFORMACI\u00d3N\n\t\t\t\t\t\t\t\t\t\t\t<\/h2>\n\t\t\t\t\t<p>La seguridad del trabajo en altura \u00abTorres de telecomunicaciones\u00bb.<\/p>\n\t\t\t\t\t<!-- \/content -->\n\t<!-- \/tabs -->\n","protected":false},"excerpt":{"rendered":"<p>TODOS NUESTROS PRODUCTOS Espec\u00edficos Papillon Se compone de un mono-bloque en aluminio unido por una bisagra. Sobre uno de los carters, se sit\u00faan 2 poleas externas y una polea principal,&hellip;<\/p>\n","protected":false},"author":7,"featured_media":0,"parent":13755,"menu_order":0,"comment_status":"closed","ping_status":"open","template":"","meta":[],"_links":{"self":[{"href":"https:\/\/gamesystem.com\/es\/wp-json\/wp\/v2\/pages\/13738"}],"collection":[{"href":"https:\/\/gamesystem.com\/es\/wp-json\/wp\/v2\/pages"}],"about":[{"href":"https:\/\/gamesystem.com\/es\/wp-json\/wp\/v2\/types\/page"}],"author":[{"embeddable":true,"href":"https:\/\/gamesystem.com\/es\/wp-json\/wp\/v2\/users\/7"}],"replies":[{"embeddable":true,"href":"https:\/\/gamesystem.com\/es\/wp-json\/wp\/v2\/comments?post=13738"}],"version-history":[{"count":0,"href":"https:\/\/gamesystem.com\/es\/wp-json\/wp\/v2\/pages\/13738\/revisions"}],"up":[{"embeddable":true,"href":"https:\/\/gamesystem.com\/es\/wp-json\/wp\/v2\/pages\/13755"}],"wp:attachment":[{"href":"https:\/\/gamesystem.com\/es\/wp-json\/wp\/v2\/media?parent=13738"}],"curies":[{"name":"wp","href":"https:\/\/api.w.org\/{rel}","templated":true}]}}