{"id":13732,"date":"2018-02-21T14:53:43","date_gmt":"2018-02-21T14:53:43","guid":{"rendered":"https:\/\/preprod.gamesystem.com\/sangle-dancrage\/"},"modified":"2018-09-16T21:27:25","modified_gmt":"2018-09-16T21:27:25","slug":"la-cinta-de-anclaj","status":"publish","type":"page","link":"https:\/\/gamesystem.com\/es\/productos\/conexion-anticaidas\/la-cinta-de-anclaj\/","title":{"rendered":"La cinta de anclaje"},"content":{"rendered":"<p>\t<a href=\"https:\/\/gamesystem.com\/es\/productos\/\" target=\"_self\" ><\/a><br \/>\n\t\t<strong> TODOS NUESTROS PRODUCTOS <\/strong><br \/>\n\t<a href=\"https:\/\/gamesystem.com\/es\/productos\/conexion-anticaidas\/\" target=\"_self\" ><\/a><br \/>\n\t\t<strong>Conexi\u00f3n antica\u00eddas <\/strong>\t\t\t<\/p>\n<p>La CINTA DE ANCLAJE est\u00e1 fabricada en fibra sint\u00e9tica de 30mm de ancho, cosida de forma que permite disponer de una apertura grande y otra m\u00e1s peque\u00f1a para posicionar el conector. Las longitudes est\u00e1ndar son de 0,80m, 1m, y 1,20 m. con posibilidad de hasta 2m.<\/p>\n<p>Cuando se produce una ca\u00edda, el apriete del dispositivo alrededor de la estructura participa en la absorci\u00f3n de energ\u00eda, reduciendo la transmisi\u00f3n de los esfuerzos.<\/p>\n<p>\t\t\t\t<a href=\"https:\/\/gamesystem.com\/wp-content\/uploads\/2018\/05\/Sangle-dancrage-pour-travaux-en-hauteur.png\" target=\"_self\" itemprop=\"url\"><br \/>\n\t\t\t\t<img decoding=\"async\" loading=\"lazy\" src=\"https:\/\/gamesystem.com\/wp-content\/uploads\/2018\/05\/Sangle-dancrage-pour-travaux-en-hauteur.png\" alt=\"sangle d'ancrage sp\u00e9cifique au travaux en hauteur et aux interventions en s\u00e9curit\u00e9\" itemprop=\"image\" height=\"600\" width=\"800\" title=\"Sangle-dancrage-pour-travaux-en-hauteur\"  \/><br \/>\n\t\t\t\t<\/a><br \/>\n\t\t\t<a href=\"https:\/\/gamesystem.com\/wp-content\/uploads\/2018\/09\/La-cinta-de-anclaj-Gamesystem.pdf\" target=\"_blank\" rel=\"noopener\"><br \/>\n\t\t\t\t\t\t\t\tFicha del producto<br \/>\n\t\t\t\t\t\t\t<\/a><br \/>\n\t\t\t<a href=\"https:\/\/gamesystem.com\/wp-content\/uploads\/2018\/09\/Notice-dutilisation-Sangle-ancrage-Gamesystem.pdf\" target=\"_blank\" rel=\"noopener\"><br \/>\n\t\t\t\t\t\t\t\tInstrucciones de uso<br \/>\n\t\t\t\t\t\t\t<\/a><\/p>\n<nav>\n<ul>\n<li data-index=\"0\">\n<h2>\n\t\t\t\t\t\t<a href=\"javascript:void(0);\">\u00bfCU\u00c1NDO UTILIZARLO? <\/a><br \/>\n\t\t\t\t\t<\/h2>\n<\/li>\n<li data-index=\"1\">\n<h2>\n\t\t\t\t\t\t<a href=\"javascript:void(0);\">SEGURIDAD<\/a><br \/>\n\t\t\t\t\t<\/h2>\n<\/li>\n<li data-index=\"2\">\n<h2>\n\t\t\t\t\t\t<a href=\"javascript:void(0);\">FORMACI\u00d3N<\/a><br \/>\n\t\t\t\t\t<\/h2>\n<\/li>\n<\/ul>\n<\/nav>\n<h2>\n\t\t\t\t\t\t\t\t\t\t\t\t\u00bfCU\u00c1NDO UTILIZARLO?<br \/>\n\t\t\t\t\t\t\t\t\t\t\t<\/h2>\n<p>Cuando la intervenci\u00f3n es temporal y el lugar aleatorio como una estructura: intervenci\u00f3n en una torre o una armadura, un dispositivo de anclaje como la CINTA DE ANCLAJE es la soluci\u00f3n.<\/p>\n<p>Tendremos en cuenta colocar la CINTA DE ANCLAJE lo m\u00e1s pr\u00f3ximo a un nudo de la armadura, girando la cinta alrededor de la estructura y volviendo a pasarla por el interior de la apertura grande.<\/p>\n<p>Tirando de la cinta, el dispositivo de anclaje est\u00e1 listo para ser utilizado. El operario conectar\u00e1 su antica\u00edda deslizante o dispositivo retr\u00e1ctil a la CINTA DE ANCLAJE<\/p>\n<h2>\n\t\t\t\t\t\t\t\t\t\t\t\tSEGURIDAD<br \/>\n\t\t\t\t\t\t\t\t\t\t\t<\/h2>\n<p>El antica\u00edda utilizado deber\u00e1 necesariamente que estar conforme a las normas con el fin de no desarrollar, cuando se produzca una ca\u00edda, un pico de fuerza superior a los 600 daN autorizados. Una cuerda no es un dispositivo antica\u00edda.<\/p>\n<h2>\n\t\t\t\t\t\t\t\t\t\t\t\tFORMACI\u00d3N<br \/>\n\t\t\t\t\t\t\t\t\t\t\t<\/h2>\n<p>Protecci\u00f3n Individual contra las ca\u00eddas : \u00abElecci\u00f3n de anclajes\u00bb.<\/p>\n<p>\t\t\t\t\t<!-- \/content --><br \/>\n\t<!-- \/tabs --><\/p>\n","protected":false},"excerpt":{"rendered":"<p>TODOS NUESTROS PRODUCTOS Conexi\u00f3n antica\u00eddas La CINTA DE ANCLAJE est\u00e1 fabricada en fibra sint\u00e9tica de 30mm de ancho, cosida de forma que permite disponer de una apertura grande y otra&hellip;<\/p>\n","protected":false},"author":7,"featured_media":0,"parent":13755,"menu_order":0,"comment_status":"closed","ping_status":"open","template":"","meta":[],"_links":{"self":[{"href":"https:\/\/gamesystem.com\/es\/wp-json\/wp\/v2\/pages\/13732"}],"collection":[{"href":"https:\/\/gamesystem.com\/es\/wp-json\/wp\/v2\/pages"}],"about":[{"href":"https:\/\/gamesystem.com\/es\/wp-json\/wp\/v2\/types\/page"}],"author":[{"embeddable":true,"href":"https:\/\/gamesystem.com\/es\/wp-json\/wp\/v2\/users\/7"}],"replies":[{"embeddable":true,"href":"https:\/\/gamesystem.com\/es\/wp-json\/wp\/v2\/comments?post=13732"}],"version-history":[{"count":0,"href":"https:\/\/gamesystem.com\/es\/wp-json\/wp\/v2\/pages\/13732\/revisions"}],"up":[{"embeddable":true,"href":"https:\/\/gamesystem.com\/es\/wp-json\/wp\/v2\/pages\/13755"}],"wp:attachment":[{"href":"https:\/\/gamesystem.com\/es\/wp-json\/wp\/v2\/media?parent=13732"}],"curies":[{"name":"wp","href":"https:\/\/api.w.org\/{rel}","templated":true}]}}