{"id":13729,"date":"2018-03-09T16:07:33","date_gmt":"2018-03-09T16:07:33","guid":{"rendered":"https:\/\/preprod.gamesystem.com\/produits\/protection-collective\/"},"modified":"2018-09-16T20:10:19","modified_gmt":"2018-09-16T20:10:19","slug":"proteccion-colectiva","status":"publish","type":"page","link":"https:\/\/gamesystem.com\/es\/productos\/proteccion-colectiva\/","title":{"rendered":"Protecci\u00f3n colectiva"},"content":{"rendered":"<h1>Titre de la section<\/h1>\n<p>\t\t\t\t\t\t\t\t\t\t\t<img decoding=\"async\" src=\"https:\/\/gamesystem.com\/wp-content\/uploads\/2018\/05\/Garde-corp-amovible-pour-exterieur-et-toit-terasse-1.jpg\" alt=\"garde corps exterieur toiture terrasse\"><br \/>\n\t\t\t<a href=\"https:\/\/gamesystem.com\/es\/productos\/proteccion-colectiva\/barandillas\/\" target=\"_self\"   role=\"button\"><br \/>\n\t\t\t\t\t\t\tM\u00e1s informaci\u00f3n<br \/>\n\t\t<\/a><\/p>\n<h3>\n\t\t\tBarandillas\t\t<\/h3>\n<p>\t\t\t\t\t\t\t\t\t\t\t<img decoding=\"async\" src=\"https:\/\/gamesystem.com\/wp-content\/uploads\/2018\/05\/Escalier-en-milieu-industriel.png\" alt=\"escalier avec garde corps\"><\/p>\n<h3>\n\t\t\tEscalera \t\t<\/h3>\n<p>\t\t\t\t\t\t\t\t\t\t\t<img decoding=\"async\" src=\"https:\/\/gamesystem.com\/wp-content\/uploads\/2018\/05\/echelle-a-crinole-pour-acc\u00e8s-sur-toit.jpg\" alt=\"acc\u00e8s a la toiture par le biais d'une \u00e9chelle \u00e0 crinoline\"><br \/>\n\t\t\t<a href=\"https:\/\/gamesystem.com\/es\/productos\/proteccion-colectiva\/escalera-fija-y-de-gato\/\" target=\"_self\"   role=\"button\"><br \/>\n\t\t\t\t\t\t\tM\u00e1s informaci\u00f3n<br \/>\n\t\t<\/a><\/p>\n<h3>\n\t\t\tEscalera de gato\t\t<\/h3>\n<p>\t\t\t\t\t\t\t\t\t\t\t<img decoding=\"async\" src=\"https:\/\/gamesystem.com\/wp-content\/uploads\/2018\/05\/balisage-de-toiture-et-chemin-de-circulation.jpg\" alt=\"chemin d'acc\u00e8s pour travailleur sur toitute\"><\/p>\n<h3>\n\t\t\tCamino de circulaci\u00f3n\t\t<\/h3>\n<p>\t\t\t\t\t\t\t\t\t\t\t<img decoding=\"async\" src=\"https:\/\/gamesystem.com\/wp-content\/uploads\/2018\/05\/plateforme-et-patelage-pour-s\u00e9curiser-une-toiture-pente.jpg\" alt=\"patelage sur toiture pour s\u00e9curiser les interventions en hauteur\"><\/p>\n<h3>\n\t\t\tPasarela\t\t<\/h3>\n<p>\t\t\t\t\t\t\t\t\t\t\t<img decoding=\"async\" src=\"https:\/\/gamesystem.com\/wp-content\/uploads\/2018\/05\/Saut-de-loup-pour-s\u00e9curisation-dacc\u00e8s-sur-toiture-plate.jpg\" alt=\"toiture plate s\u00e9curis\u00e9e avec une solution antichute\"><\/p>\n<h3>\n\t\t\tSalto de lobo\t\t<\/h3>\n","protected":false},"excerpt":{"rendered":"<p>Titre de la section M\u00e1s informaci\u00f3n Barandillas Escalera M\u00e1s informaci\u00f3n Escalera de gato Camino de circulaci\u00f3n Pasarela Salto de lobo<\/p>\n","protected":false},"author":7,"featured_media":13468,"parent":13519,"menu_order":0,"comment_status":"closed","ping_status":"open","template":"","meta":[],"_links":{"self":[{"href":"https:\/\/gamesystem.com\/es\/wp-json\/wp\/v2\/pages\/13729"}],"collection":[{"href":"https:\/\/gamesystem.com\/es\/wp-json\/wp\/v2\/pages"}],"about":[{"href":"https:\/\/gamesystem.com\/es\/wp-json\/wp\/v2\/types\/page"}],"author":[{"embeddable":true,"href":"https:\/\/gamesystem.com\/es\/wp-json\/wp\/v2\/users\/7"}],"replies":[{"embeddable":true,"href":"https:\/\/gamesystem.com\/es\/wp-json\/wp\/v2\/comments?post=13729"}],"version-history":[{"count":0,"href":"https:\/\/gamesystem.com\/es\/wp-json\/wp\/v2\/pages\/13729\/revisions"}],"up":[{"embeddable":true,"href":"https:\/\/gamesystem.com\/es\/wp-json\/wp\/v2\/pages\/13519"}],"wp:featuredmedia":[{"embeddable":true,"href":"https:\/\/gamesystem.com\/es\/wp-json\/wp\/v2\/media\/13468"}],"wp:attachment":[{"href":"https:\/\/gamesystem.com\/es\/wp-json\/wp\/v2\/media?parent=13729"}],"curies":[{"name":"wp","href":"https:\/\/api.w.org\/{rel}","templated":true}]}}